{"id":920,"date":"2016-09-03T16:04:22","date_gmt":"2016-09-03T16:04:22","guid":{"rendered":"http:\/\/moverdb.com\/?page_id=920"},"modified":"2026-01-08T14:47:54","modified_gmt":"2026-01-08T14:47:54","slug":"burke-bros","status":"publish","type":"page","link":"https:\/\/moverdb.com\/nb\/burke-bros\/","title":{"rendered":"Burke Bros Moving Group: Internasjonale flyttevurderinger"},"content":{"rendered":"<p>Burke Bros er verdensomspennende flyttebyr\u00e5er, lagerholdere, spedit\u00f8rer og globale flytteeksperter. Nedenfor er tjenestene de tilbyr, etterfulgt av en selskapsprofil og ulike vurderinger.<\/p>\n<p><strong>Bedrifter og privatpersoner <a href=\"https:\/\/moverdb.com\/nb\/international-removals\/\" data-internallinksmanager029f6b8e52c=\"27\" title=\"De 36 beste internasjonale flyttebyr\u00e5ene i Storbritannia\">Internasjonale flyttinger<\/a><\/strong><\/p>\n<ul>\n<li> Dedikert bedriftsteam<\/li>\n<li> Omfattende d\u00f8r til d\u00f8r-tjeneste<\/li>\n<li> Gratis flytteunders\u00f8kelse<\/li>\n<li> Nettverk av anerkjente flytteeksperter over hele verden<\/li>\n<li> Dedikert team for eksportpakking<\/li>\n<li> Internasjonale karantener\u00e5d<\/li>\n<li> Internasjonal toll- og avgiftsinformasjon<\/li>\n<li> <a href=\"https:\/\/moverdb.com\/nb\/moving-to-the-uk\/\" data-internallinksmanager029f6b8e52c=\"93\" title=\"Flytte til Storbritannia? 2023 Levekostnader og flyttetips\">STORBRITANNIA<\/a> lagring - f\u00f8r forsendelse<\/li>\n<li> Forsikring ordnet<\/li>\n<li> Bistand til fortolling<\/li>\n<\/ul>\n<p><strong>Europeiske bevegelser<\/strong><\/p>\n<ul>\n<li> Omfattende d\u00f8r til d\u00f8r-tjeneste<\/li>\n<li> Dedikert pakketeam<\/li>\n<li> Forsikring ordnet<\/li>\n<li> Ukentlige avganger<\/li>\n<li> Toll- og avgiftsbistand hvis aktuelt<\/li>\n<\/ul>\n<p><strong>Flytting innenlands i Storbritannia - bedrifter og privatpersoner<\/strong><\/p>\n<ul>\n<li> Personlig bes\u00f8k fra konsulent<\/li>\n<li> Prosjektledelsestjeneste for bedrifter<\/li>\n<li> Omfattende d\u00f8r til d\u00f8r-tjeneste<\/li>\n<li> Dedikert pakketeam<\/li>\n<li> Forsikring ordnet<\/li>\n<li> Spesialemballasje<\/li>\n<li> Leie av kontorkasser<\/li>\n<\/ul>\n<p><strong>Lagring<\/strong><\/p>\n<ul>\n<li> Self-lagring - Wolverhampton <\/li>\n<li> Ubegrenset tilgang i \u00e5pningstiden<\/li>\n<li> Utvalg av bokser kan kj\u00f8pes<\/li>\n<li> D\u00f8gn\u00e5pen kameraoverv\u00e5king<\/li>\n<li> Dokument- og arkivlagring<\/li>\n<\/ul>\n<p><strong>Spesielle tjenester under flytting<\/strong><\/p>\n<ul>\n<li> Makulering av dokumenter<\/li>\n<li> Lagring av dokumenter<\/li>\n<li> Gjenvinning av gamle m\u00f8bler og IT-utstyr<\/li>\n<li> Ta ned og sette opp datasystemer<\/li>\n<li> Spesialemballasje for IT-utstyr<\/li>\n<\/ul>\n<h2>Burke Bros Moving Group Bedriftsprofil<\/h2>\n<p>Burke Bros ble etablert i 1982 og har flyttet over 49 000 kunder i l\u00f8pet av denne tiden. De har registrert nesten en halv million timer med pakking, flytting og utpakking. Selskapet ligger i det sentrale England og har syv kontorer og et sikkert lageromr\u00e5de p\u00e5 52 000 kvadratmeter.<\/p>\n<p>Burke Bros er familiedrevet av br\u00f8drene Gary og Chris Burke. Mange av de ansatte har v\u00e6rt hos dem i over 20 \u00e5r. Selskapet sier det er stolt av sin omsorgsfulle tiln\u00e6rming til hvert eneste trekk.<\/p>\n<p>Gr\u00f8nne sp\u00f8rsm\u00e5l er en stor del av selskapet, og Burke Bros har innf\u00f8rt resirkulering og avfallsh\u00e5ndtering for kundene for \u00e5 redusere karbonavtrykket.<\/p>\n<p>Burke Bros tilknytninger og akkrediteringer:<\/p>\n<ul>\n<li> <a href=\"https:\/\/moverdb.com\/nb\/british-association-of-removers\/\">British Association of Removers<\/a> (<a href=\"https:\/\/moverdb.com\/nb\/british-association-of-removers\/\" data-internallinksmanager029f6b8e52c=\"9\" title=\"British Association of Removers (BAR) Forklart (p\u00e5 engelsk)\">BAR<\/a>)<\/li>\n<li> <a href=\"https:\/\/moverdb.com\/nb\/fidi-faim\/\">F\u00e9d\u00e9ration Internationale des D\u00e9m\u00e9nageurs Internationaux (Den internasjonale f\u00f8derasjonen av internasjonale d\u00e9m\u00e9nageurs)<\/a> (<a href=\"https:\/\/moverdb.com\/nb\/fidi-faim\/\" data-internallinksmanager029f6b8e52c=\"16\" title=\"FIDI &amp; FAIM (FIDI-akkreditert internasjonal spedit\u00f8r) forklart\">FIDI<\/a>)<\/li>\n<li> <a href=\"https:\/\/moverdb.com\/nb\/iam\/\">International Association of Movers<\/a> (<a href=\"https:\/\/moverdb.com\/nb\/iam\/\" data-internallinksmanager029f6b8e52c=\"23\" title=\"International Association of Movers (IAM) Forklaret\">IAM<\/a>)<\/li>\n<li> Den panamerikanske internasjonale flytteorganisasjonen (PAIMA)<\/li>\n<li> Den <a href=\"https:\/\/moverdb.com\/nb\/bar-overseas\/\">British Removings Association Overseas<\/a><\/li>\n<li> BS5750<\/li>\n<li> TSI<\/li>\n<\/ul>\n<p><strong>Burke Bros anmeldelser<\/strong><\/p>\n<p><strong>Positiv<\/strong><\/p>\n<ul>\n<li> <em>\"Vi \u00f8nsket \u00e5 sende en takk for den fantastiske servicen vi nettopp har opplevd under flyttingen v\u00e5r fra England til <a href=\"https:\/\/moverdb.com\/nb\/moving-to-france\/\" data-internallinksmanager029f6b8e52c=\"315\" title=\"Flytte til Frankrike? 2023 Levekostnader og flyttetips\">Frankrike<\/a>. Vi kunne ikke ha \u00f8nsket oss et bedre sett med gutter til \u00e5 pakke last og lossing for <a href=\"https:\/\/moverdb.com\/nb\/moving-to-the-united-states\/\" data-internallinksmanager029f6b8e52c=\"94\" title=\"Flytte til USA? 2023 Levekostnader og flyttetips\">oss<\/a>.\"<\/em> - Sue &amp; David via Burke Bros <a href=\"http:\/\/burkebros.co.uk\/about_us\/testimonials\/\" target=\"_blank\" rel=\"noopener\">vitnesbyrd-side<\/a><\/li>\n<li> <em>\"Vi brukte Burke Bros til \u00e5 flytte oss fra Storbritannia til Dordogne i Frankrike, ikke fordi de var rimelige med sine kostnader, det var de, men den profesjonelle m\u00e5ten de h\u00e5ndterte jobben p\u00e5 fra start til slutt.\"<\/em> - Malcolm via <a href=\"https:\/\/www.yell.com\/biz\/burke-bros-worldwide-moving-group-wolverhampton-900810900\/\" target=\"_blank\" rel=\"noopener\">Yell<\/a><\/li>\n<\/ul>\n<p><strong>Negativ <\/strong><\/p>\n<ul>\n<li> <em>Den d\u00e5rligste flytteopplevelsen p\u00e5 35 \u00e5r (8 flyttinger)<\/em> - Mr D Neal via <a href=\"http:\/\/www.removalreviews.co.uk\/movingreviews\/appalling-12193\" target=\"_blank\" rel=\"noopener\">Vurderinger av fjerning<\/a><\/li>\n<li> \"Ikke kast bort pengene dine.\" - Thibit via <a href=\"https:\/\/www.yell.com\/biz\/burke-bros-worldwide-moving-group-wolverhampton-900810900\/\" target=\"_blank\" rel=\"noopener\">Yell<\/a><\/li>\n<\/li> <\/li>.\n<\/ul>\n<div itemprop=\"review\" itemscope itemtype=\"http:\/\/schema.org\/Review\">\n<span itemprop=\"author\" itemscope=\"\" itemtype=\"http:\/\/schema.org\/Organization\"><span itemprop=\"name\">MoverDB.com<\/span><\/span> Nettstedsgjennomgang for <span itemprop=\"itemreviewed\" itemscope=\"\" itemtype=\"http:\/\/schema.org\/Brand\"><span itemprop=\"name\">Burke Bros Moving Group<\/span><\/span>:<\/p>\n<ol>\n<li> Tydelige kontaktopplysninger p\u00e5 nettstedet (inkludert telefonnummer): <strong>Ja<\/strong><\/li>\n<li> Lett \u00e5 f\u00e5 tak i <a href=\"https:\/\/moverdb.com\/nb\/sitater\/\">tilbud p\u00e5 internasjonale flyttinger<\/a>? (skjema for foresp\u00f8rsel om prisoverslag p\u00e5 nett): <strong>Ja<\/strong><\/li>\n<li> Tydelig informasjon p\u00e5 nettstedet: <strong>Ja,<\/strong> inkludert veiledninger til de ulike landene de betjener.<\/li>\n<li> Medlemskap i internasjonalt anerkjente flytteorganisasjoner: <strong>Ja<\/strong>se ovenfor.<\/li>\n<li> Liste over kunder og\/eller tidligere kundeuttalelser: <strong>Noen,<\/strong> de har et utvalgt antall attester p\u00e5 nettstedet sitt, med generelt sett positive anmeldelser p\u00e5 andre nettsteder.<\/li>\n<\/ol>\n<div itemprop=\"reviewRating\" itemscope itemtype=\"http:\/\/schema.org\/Rating\"><meta itemprop=\"worstRating\" content = \"0\" \/><meta itemprop=\"bestRating\" content=\"5\" \/><meta itemprop=\"ratingValue\" content=\"4.5\"><\/div>\n<p><strong>Samlet poengsum: 4.5\/5<\/strong><br \/>\n<strong>Dato for gjennomgang:<\/strong> <span itemprop=\"datePublished\" content=\"2016-09-03\">03\/09\/2016<\/span>\n<\/div>\n<p>Les mer om <a href=\"https:\/\/moverdb.com\/nb\/internasjonale-flyttinger\/\">internasjonale flyttinger<\/a> og v\u00e5r <a href=\"https:\/\/moverdb.com\/nb\/vurderinger\/\">gjennomgangsprosessen.<\/a>.<\/p>\n<p><strong>Nettsted:<\/strong> <a href=\"http:\/\/burkebros.co.uk\/\" target=\"_blank\" rel=\"noopener\">http:\/\/burkebros.co.uk<\/a><\/p>","protected":false},"excerpt":{"rendered":"<p>Burke Bros are worldwide movers, storers, shippers and global relocation experts. Listed below are the services they offer, followed by a company profile and various reviews. Corporate and Personal International Removals Dedicated corporate team Comprehensive door to door service Free moving survey Network of reputable relocation experts world wide Dedicated export packing team International quarantine [&hellip;]<\/p>\n","protected":false},"author":1,"featured_media":0,"parent":0,"menu_order":0,"comment_status":"closed","ping_status":"closed","template":"","meta":{"_genesis_hide_title":false,"_genesis_hide_breadcrumbs":false,"_genesis_hide_singular_image":false,"_genesis_hide_footer_widgets":false,"_genesis_custom_body_class":"","_genesis_custom_post_class":"","_genesis_layout":"","footnotes":""},"class_list":{"0":"post-920","1":"page","2":"type-page","3":"status-publish","5":"entry"},"_links":{"self":[{"href":"https:\/\/moverdb.com\/nb\/wp-json\/wp\/v2\/pages\/920","targetHints":{"allow":["GET"]}}],"collection":[{"href":"https:\/\/moverdb.com\/nb\/wp-json\/wp\/v2\/pages"}],"about":[{"href":"https:\/\/moverdb.com\/nb\/wp-json\/wp\/v2\/types\/page"}],"author":[{"embeddable":true,"href":"https:\/\/moverdb.com\/nb\/wp-json\/wp\/v2\/users\/1"}],"replies":[{"embeddable":true,"href":"https:\/\/moverdb.com\/nb\/wp-json\/wp\/v2\/comments?post=920"}],"version-history":[{"count":5,"href":"https:\/\/moverdb.com\/nb\/wp-json\/wp\/v2\/pages\/920\/revisions"}],"predecessor-version":[{"id":6189,"href":"https:\/\/moverdb.com\/nb\/wp-json\/wp\/v2\/pages\/920\/revisions\/6189"}],"wp:attachment":[{"href":"https:\/\/moverdb.com\/nb\/wp-json\/wp\/v2\/media?parent=920"}],"curies":[{"name":"wp","href":"https:\/\/api.w.org\/{rel}","templated":true}]}}