{"id":908,"date":"2016-10-12T05:28:52","date_gmt":"2016-10-12T05:28:52","guid":{"rendered":"http:\/\/moverdb.com\/?page_id=908"},"modified":"2026-01-08T14:47:34","modified_gmt":"2026-01-08T14:47:34","slug":"arpin-international","status":"publish","type":"page","link":"https:\/\/moverdb.com\/nb\/arpin-international\/","title":{"rendered":"Arpin International: Flytting og flytting Anmeldelser"},"content":{"rendered":"<p>Arpin International er et globalt <a href=\"https:\/\/moverdb.com\/nb\/international-removals\/\" data-internallinksmanager029f6b8e52c=\"27\" title=\"De 36 beste internasjonale flyttebyr\u00e5ene i Storbritannia\">flyttebyr\u00e5<\/a> og med mange tjenester som er oppf\u00f8rt nedenfor. Les ogs\u00e5 deres bedriftsprofil og anmeldelser. V\u00e6r oppmerksom p\u00e5 at det er den internasjonale avdelingen av American <a href=\"https:\/\/moverdb.com\/nb\/moving-companies\/\" data-internallinksmanager029f6b8e52c=\"79\" title=\"Topp 25 internasjonale flyttebyr\u00e5er p\u00e5 nettet\">flyttefirma<\/a> <a href=\"https:\/\/moverdb.com\/nb\/arpin-van-lines\/\">Arpin Van Lines<\/a>.<\/p>\n<p><strong>Internasjonale bevegelser<\/strong><\/p>\n<ul>\n<li> D\u00f8r til d\u00f8r-tjeneste<\/li>\n<li> Pakking og utpakking<\/li>\n<li> Dedikert internasjonal flyttekoordinator (IMC)<\/li>\n<li> IMC er tilgjengelig p\u00e5 telefon, faks eller e-post til enhver tid.<\/li>\n<li> IMC-er er alle <a href=\"https:\/\/moverdb.com\/nb\/fidi-faim\/\" data-internallinksmanager029f6b8e52c=\"16\" title=\"FIDI &amp; FAIM (FIDI-akkreditert internasjonal spedit\u00f8r) forklart\">FIDI<\/a> oppl\u00e6rt<\/li>\n<li> ArpinTRAC gj\u00f8r det mulig for kunder \u00e5 spore forsendelsen sin 24\/7<\/li>\n<li> Bedrifts-, privat-, myndighets- og milit\u00e6re tiltak<\/li>\n<li> Tollklarering<\/li>\n<li> Flytting av kj\u00e6ledyr<\/li>\n<li> Biltransport<\/li>\n<li> Hjelp til \u00e5 finne bolig<\/li>\n<li> Bistand til skoler<\/li>\n<li> Bistand til medisinsk<\/li>\n<\/ul>\n<p><strong>Lagring<\/strong><\/p>\n<ul>\n<li> Langtids- eller korttidslagring arrangert over hele verden<\/li>\n<li> Kameraoverv\u00e5king<\/li>\n<\/ul>\n<h2>Arpin International Selskapsprofil<\/h2>\n<p>Arpin International er en del av Arpin International Group, som ble grunnlagt i 1900. Dagens konserndirekt\u00f8r, Peter Arpin, er fjerde generasjon som leder selskapet. Arpin International ble grunnlagt i 1989, og hovedkontoret ligger i <a href=\"https:\/\/moverdb.com\/nb\/moving-to-the-united-states\/moving-to-rhode-island\/\" data-internallinksmanager029f6b8e52c=\"450\" title=\"Flytter du til Rhode Island? 2024 Levekostnader og flyttetips\">Rhode Island<\/a>, <a href=\"https:\/\/moverdb.com\/nb\/moving-to-the-united-states\/\" data-internallinksmanager029f6b8e52c=\"94\" title=\"Flytte til USA? 2023 Levekostnader og flyttetips\">USA<\/a>. <\/p>\n<p>Selskapet har 385 agenter i USA og kontorer i EMEA og APAC. Ledelsen i selskapet har over 25 \u00e5rs erfaring med \u00e5 flytte mennesker over hele verden.<\/p>\n<p>Arpin Internationals visjon er \u00e5 gi den beste kombinasjonen av service og pris til sine kunder. Mange av deres ansatte har v\u00e6rt utvandret p\u00e5 et eller annet tidspunkt i l\u00f8pet av livet og forst\u00e5r derfor utfordringene familier st\u00e5r overfor n\u00e5r de flytter til et annet land. <\/p>\n<p>Arpin Internationals ansatte pr\u00f8ver \u00e5 gj\u00f8re flyttingen s\u00e5 smertefri som mulig ved \u00e5 ta seg av de sm\u00e5 og store problemene som kan oppst\u00e5.<\/p>\n<p>Selskapet har opprettet en b\u00e6rekraftkomit\u00e9 i et fors\u00f8k p\u00e5 \u00e5 \"bygge en gr\u00f8nnere fremtid\" for kommende generasjoner. De \u00f8nsker \u00e5 gi tilbake til lokalsamfunnet, industrien og verden, langt mer enn de har tatt.<\/p>\n<p>Arpin International har f\u00f8lgende akkrediteringer og tilknytninger:<\/p>\n<ul>\n<li> <a href=\"https:\/\/moverdb.com\/nb\/fidi-faim\/\">FIDI<\/a><\/li>\n<li> <a href=\"https:\/\/moverdb.com\/nb\/fidi-faim\/\">FAIM<\/a><\/li>\n<li> <a href=\"https:\/\/moverdb.com\/nb\/british-association-of-removers\/\">Den britiske foreningen for flytting<\/a> (<a href=\"https:\/\/moverdb.com\/nb\/british-association-of-removers\/\" data-internallinksmanager029f6b8e52c=\"9\" title=\"British Association of Removers (BAR) Forklart (p\u00e5 engelsk)\">BAR<\/a>)<\/li>\n<li> <a href=\"https:\/\/moverdb.com\/nb\/iam\/\">The International Movers Association<\/a> (IMA)<\/li>\n<li> Toll- og handelspartnerskap mot terrorisme<\/li>\n<li> <a href=\"https:\/\/moverdb.com\/nb\/lacma\/\">LACMA<\/a><\/li>\n<li> <a href=\"https:\/\/moverdb.com\/nb\/arbeidstaker-flytting-rad\/\">ERC p\u00e5 verdensbasis<\/a><\/li>\n<li> <a href=\"https:\/\/moverdb.com\/nb\/eura\/\">EuRA<\/a><\/li>\n<\/ul>\n<h2>Arpin internasjonale vurderinger<\/h2>\n<p><em>Selv om det ikke er noen anmeldelser for Arpin International p\u00e5 nettet, kan du lese <a href=\"https:\/\/moverdb.com\/nb\/arpin-van-lines\/\">anmeldelser av Arpin Van Lines her<\/a>.<\/em><\/p>\n<div itemprop=\"review\" itemscope itemtype=\"http:\/\/schema.org\/Review\">\n<span itemprop=\"author\" itemscope=\"\" itemtype=\"http:\/\/schema.org\/Organization\"><span itemprop=\"name\">MoverDB.com<\/span><\/span> Nettstedsgjennomgang for <span itemprop=\"itemreviewed\" itemscope=\"\" itemtype=\"http:\/\/schema.org\/Brand\"><span itemprop=\"name\">Arpin International<\/span><\/span>:<\/p>\n<ol>\n<li> Tydelige kontaktopplysninger p\u00e5 nettstedet (inkludert telefonnummer): <strong>Ja<\/strong><\/li>\n<li> Lett \u00e5 f\u00e5 tak i <a href=\"https:\/\/moverdb.com\/nb\/sitater\/\">tilbud p\u00e5 internasjonale flyttinger<\/a>? (skjema for foresp\u00f8rsel om prisoverslag p\u00e5 nett): <strong>Nei<\/strong><\/li>\n<li> Tydelig informasjon p\u00e5 nettstedet: <strong>Egentlig ikke<\/strong>nettstedet er tregt og inneholder lite informasjon.<\/li>\n<li> Medlemskap i internasjonalt anerkjente flytteorganisasjoner: <strong>Ja<\/strong><\/li>\n<li> Liste over kunder og\/eller tidligere kundeuttalelser: <strong>Nei,<\/strong> og vi kunne ikke finne noen anmeldelser p\u00e5 nettet.<\/li>\n<\/ol>\n<div itemprop=\"reviewRating\" itemscope itemtype=\"http:\/\/schema.org\/Rating\"><meta itemprop=\"worstRating\" content = \"0\" \/><meta itemprop=\"bestRating\" content=\"5\" \/><meta itemprop=\"ratingValue\" content=\"4\"><\/div>\n<p><strong>Samlet poengsum: 4\/5<\/strong> - <em>V\u00e6r oppmerksom p\u00e5 at denne poengsummen gjenspeiler Arpin Van Lines, da det er for lite informasjon til \u00e5 foreta en separat vurdering for Arpin International. <\/em><br \/>\n<strong>Dato for gjennomgang:<\/strong> <span itemprop=\"datePublished\" content=\"2016-10-12\">12\/10\/16<\/span>\n<\/div>\n<p>Les mer om <a href=\"https:\/\/moverdb.com\/nb\/flyttefirmaer\/\" target=\"_blank\" rel=\"noopener\">internasjonale flyttebyr\u00e5er<\/a>, <a href=\"https:\/\/moverdb.com\/nb\/internasjonale-flyttinger\/\">flyttebyr\u00e5er<\/a> og v\u00e5r <a href=\"https:\/\/moverdb.com\/nb\/vurderinger\/\">gjennomgangsprosessen<\/a>.<\/p>\n<p><strong>Nettsted:<\/strong> <a href=\"http:\/\/www.arpinintl.com\/\" target=\"_blank\" rel=\"noopener\">http:\/\/www.arpinintl.com\/<\/a><\/p>","protected":false},"excerpt":{"rendered":"<p>Arpin International is a global removals company and with many services which are listed below. Also read their company profile and reviews. Please note that it&#8217;s the international branch of American moving company Arpin Van Lines. International Moves Door to door service Packing and unpacking Dedicated International Move Coordinator (IMC) IMC available by telephone, fax [&hellip;]<\/p>\n","protected":false},"author":1,"featured_media":0,"parent":0,"menu_order":0,"comment_status":"closed","ping_status":"closed","template":"","meta":{"_genesis_hide_title":false,"_genesis_hide_breadcrumbs":false,"_genesis_hide_singular_image":false,"_genesis_hide_footer_widgets":false,"_genesis_custom_body_class":"","_genesis_custom_post_class":"","_genesis_layout":"","footnotes":""},"class_list":{"0":"post-908","1":"page","2":"type-page","3":"status-publish","5":"entry"},"_links":{"self":[{"href":"https:\/\/moverdb.com\/nb\/wp-json\/wp\/v2\/pages\/908","targetHints":{"allow":["GET"]}}],"collection":[{"href":"https:\/\/moverdb.com\/nb\/wp-json\/wp\/v2\/pages"}],"about":[{"href":"https:\/\/moverdb.com\/nb\/wp-json\/wp\/v2\/types\/page"}],"author":[{"embeddable":true,"href":"https:\/\/moverdb.com\/nb\/wp-json\/wp\/v2\/users\/1"}],"replies":[{"embeddable":true,"href":"https:\/\/moverdb.com\/nb\/wp-json\/wp\/v2\/comments?post=908"}],"version-history":[{"count":4,"href":"https:\/\/moverdb.com\/nb\/wp-json\/wp\/v2\/pages\/908\/revisions"}],"predecessor-version":[{"id":6175,"href":"https:\/\/moverdb.com\/nb\/wp-json\/wp\/v2\/pages\/908\/revisions\/6175"}],"wp:attachment":[{"href":"https:\/\/moverdb.com\/nb\/wp-json\/wp\/v2\/media?parent=908"}],"curies":[{"name":"wp","href":"https:\/\/api.w.org\/{rel}","templated":true}]}}