{"id":906,"date":"2018-01-30T05:37:29","date_gmt":"2018-01-30T05:37:29","guid":{"rendered":"http:\/\/moverdb.com\/?page_id=906"},"modified":"2026-01-08T14:48:24","modified_gmt":"2026-01-08T14:48:24","slug":"reveflytting","status":"publish","type":"page","link":"https:\/\/moverdb.com\/nb\/fox-moving\/","title":{"rendered":"Fox Moving &amp; Storage: Internasjonale flytteanmeldelser"},"content":{"rendered":"<p>Fox Moving &amp; Storage er basert i Cwmbran, Wales. Nedenfor finner du en liste over deres tjenester b\u00e5de internasjonalt og lokalt, sammen med en selskapsprofil og anmeldelser.<\/p>\n<p><strong>Flytte internasjonalt - bedrifter og enkeltpersoner<\/strong><\/p>\n<ul>\n<li> Personlig <a href=\"https:\/\/moverdb.com\/nb\/international-removals\/\" data-internallinksmanager029f6b8e52c=\"27\" title=\"De 36 beste internasjonale flyttebyr\u00e5ene i Storbritannia\">internasjonale flyttinger<\/a> agent<\/li>\n<li> Omfattende tilbud, flytteplan og tidsplan<\/li>\n<li> Ekspertteam for pakking<\/li>\n<li> Gir toll- og avgiftsdokumentasjon<\/li>\n<li> Lokale agenter tilgjengelig for \u00e5 hjelpe til i bestemmelseslandet<\/li>\n<\/ul>\n<p><strong>Flytte til Europa - bedrifter og enkeltpersoner<\/strong><\/p>\n<ul>\n<li> Personlig europeisk flytteteam<\/li>\n<li> Omfattende tilbud og flytteplan<\/li>\n<li> Ekspertteam for pakking<\/li>\n<li> Sm\u00e5 laster aksepteres <\/li>\n<li> Leveranser til det europeiske fastlandet med bil<\/li>\n<li> Leveranser til \u00f8yer utenfor kysten med ferge eller sj\u00f8container<\/li>\n<li> Leveranser til \u00d8st-Europa med sj\u00f8container og\/eller lastebil<\/li>\n<li> Import- og tollinformasjon der det er aktuelt<\/li>\n<\/ul>\n<p><strong>Internasjonale og lokale handels- og kontorflyttespesialister<\/strong><\/p>\n<ul>\n<li> En ledende kommersiell representant tildeles<\/li>\n<li> Detaljert tilbud og arbeidsplan<\/li>\n<li> Spesialdesignede kasser for papirarbeid og fjerning av sm\u00e5 gjenstander<\/li>\n<li> Komplett utvalg av kasser (forseglede og med lokk), pakkemateriell, traller, beskyttelsesdeksler og traller.<\/li>\n<li> IT-utstyr fullt beskyttet<\/li>\n<li> IT-personell tilgjengelig for demontering og montering av datamaskiner<\/li>\n<li> Arkiv- og dokumentlagringsanlegg<\/li>\n<li> Demontering og remontering av pulter, arbeidsstasjoner og reoler<\/li>\n<li> Komplett verdensomspennende og europeisk frakttjeneste pluss IT- og kommunikasjonstjenester.<\/li>\n<\/ul>\n<p><strong>\u00c5 bevege seg innenfor <a href=\"https:\/\/moverdb.com\/nb\/moving-to-the-uk\/\" data-internallinksmanager029f6b8e52c=\"93\" title=\"Flytte til Storbritannia? 2023 Levekostnader og flyttetips\">STORBRITANNIA<\/a><\/strong><\/p>\n<ul>\n<li> Tildelt en personlig flytteagent i Storbritannia<\/li>\n<li> Detaljert skriftlig tilbud gitt<\/li>\n<li> D\u00f8r til d\u00f8r-tjeneste<\/li>\n<li> Ekspertpakkere<\/li>\n<li> Emballasjemateriell kan leveres<\/li>\n<li> Forsikring ordnet<\/li>\n<li> Lagring ordnet<\/li>\n<\/ul>\n<p><strong>Lagringsl\u00f8sninger<\/strong><\/p>\n<ul>\n<li> Forretningsmessige, kommersielle og private enheter for selvlagring<\/li>\n<li> Oppbevaring av containere<\/li>\n<li> Lagring av studenter<\/li>\n<li> Lagring for bedrifter<\/li>\n<li> Lagring av arkiv<\/li>\n<li> Kameraoverv\u00e5king 24 timer i d\u00f8gnet<\/li>\n<li> Tilgang i arbeidstiden<\/li>\n<\/ul>\n<p>De er ogs\u00e5 <a href=\"https:\/\/moverdb.com\/nb\/atlas-van-lines-international\/\" rel=\"noopener\" target=\"_blank\">Atlas Van Lines<\/a> agent i Storbritannia.<\/p>\n<h2>Fox Moving &amp; Storage<\/h2>\n<p>Fox Moving &amp; Storage ble grunnlagt av Roy Fox i 1971. Familien hans hadde v\u00e6rt i flytte- og lagringsbransjen siden 1920-tallet. Siden oppstarten har selskapet vokst fra en liten familiebedrift som betjente S\u00f8r-Wales, til et selskap som n\u00e5 dekker behovene til internasjonale og lokale bedrifts- og privatkunder. Selskapet drives n\u00e5 av Roy Fox' s\u00f8nn og to s\u00f8nnes\u00f8nner. <\/p>\n<p>Fox Moving &amp; Storage forplikter seg til \u00e5 drive sin virksomhet p\u00e5 en m\u00e5te som viser full respekt for milj\u00f8et, sine ansatte og, viktigst av alt, sine kunder. De forplikter seg ogs\u00e5 til \u00e5 s\u00f8rge for et trygt og effektivt arbeidsmilj\u00f8 som ikke bare kommer de ansatte, men ogs\u00e5 kundene til gode.<\/p>\n<p>Fox Movings tilknytninger og akkrediteringer:<\/p>\n<ul>\n<li> <a href=\"https:\/\/moverdb.com\/nb\/british-association-of-removers\/\">Den britiske sammenslutningen av flyttemenn<\/a> (<a href=\"https:\/\/moverdb.com\/nb\/british-association-of-removers\/\" data-internallinksmanager029f6b8e52c=\"9\" title=\"British Association of Removers (BAR) Forklart (p\u00e5 engelsk)\">BAR<\/a>)<\/li>\n<li> Institutt for handelsstandarder (TSI)<\/li>\n<li> <a href=\"https:\/\/moverdb.com\/nb\/bar-overseas\/\">British Association of Removers Overseas Group<\/a><\/li>\n<li> <a href=\"https:\/\/moverdb.com\/nb\/fidi-faim\/\">F\u00e9d\u00e9ration Internationale des D\u00e9m\u00e9nageurs Internationaux (Den internasjonale f\u00f8derasjonen av internasjonale d\u00e9m\u00e9nageurs)<\/a> (<a href=\"https:\/\/moverdb.com\/nb\/fidi-faim\/\" data-internallinksmanager029f6b8e52c=\"16\" title=\"FIDI &amp; FAIM (FIDI-akkreditert internasjonal spedit\u00f8r) forklart\">FIDI<\/a>)<\/li>\n<li> <a href=\"https:\/\/moverdb.com\/nb\/fidi-faim\/\">FIDI-akkreditert internasjonal flyttemann<\/a> (FAIM)<\/li>\n<li> Kvalitetssikret tjenestestandard - kommersiell flytting<\/li>\n<li> Kvalitetssikret tjenestestandard - kvalitetsstyringssystemer<\/li>\n<li> Kvalitetssikret tjenestestandard - milj\u00f8ledelsessystemer<\/li>\n<\/ul>\n<h2>Fox Moving &amp; Storage Anmeldelser<\/h2>\n<p><strong>Positiv<\/strong><\/p>\n<ul>\n<li> <em>\"Vennlig og effektivt flytteteam.\"<\/em> - Herr Hamer via <a href=\"http:\/\/www.fox-moving.com\/reviews\/\" target=\"_blank\" rel=\"noopener\">Fox Moving anmeldelser side<\/a><\/li>\n<li> <em>\"Utmerket, profesjonell og h\u00f8flig service. Ingen klager i det hele tatt; alt gikk etter planen. Foxes er ikke 'de billigste', men du f\u00e5r det du betaler for - kvalitet!\"<\/em> - Patricia via <a href=\"http:\/\/ww2.feefo.com\/en-us\/reviews\/fox-moving\/571f3e07498e08d16aafb163\/customer-review-top-notch-service\" target=\"_blank\" rel=\"noopener\">Feefo<\/a><\/li>\n<li> <em>\"Tjenesten jeg fikk fra Fox var uten sidestykke - fra min f\u00f8rste henvendelse til ferdigstillelse. Jeg m\u00e5 ogs\u00e5 rette en spesiell takk til flyttefolkene mine p\u00e5 dagen.\"<\/em> - Beverley via <a href=\"http:\/\/trustedtraders.which.co.uk\/businesses\/fox-moving-storage-cwmbran\/\" target=\"_blank\" rel=\"noopener\">P\u00e5litelige forhandlere<\/a><\/li>\n<li> <em>\"Vi har byttet land seks ganger p\u00e5 like mange \u00e5r. V\u00e5r siste flytting var fra Wien til <a href=\"https:\/\/moverdb.com\/nb\/moving-to-london\/\">London<\/a> Det var den beste flyttingen vi noen gang har opplevd, og vi kan ikke takke Fox nok.\"<\/em> - Sarah via Facebook.<\/li>\n<\/ul>\n<p><strong>Negativ<\/strong><\/p>\n<ul>\n<li> <em>\"Min kone og jeg var sjokkert over hvor d\u00e5rlig service vi fikk. Mannskapet var uforsiktig med eiendelene v\u00e5re og gjorde ingenting for \u00e5 beskytte oss mot det forferdelige v\u00e6ret de aktuelle dagene.\"<\/em> - Anthony via  <a href=\"http:\/\/ww2.feefo.com\/en-us\/reviews\/fox-moving\/571f3e07498e08d16aafb1a9\/customer-review-a-shockingly-bad-service\" target=\"_blank\" rel=\"noopener\">Feefo<\/a><\/li>\n<li> <em>\"Mye skade p\u00e5 varer for\u00e5rsaket av flyttemenn. Ikke mye forsiktighet tatt. Gjenstander etterlatt over alt, inkludert gjenstander som er etterlatt utenfor.\"<\/em> - Paul via <a href=\"http:\/\/trustedtraders.which.co.uk\/businesses\/fox-moving-storage-cwmbran\/\" target=\"_blank\" rel=\"noopener\">P\u00e5litelige forhandlere<\/a><\/li>\n<li> <em>\"Sjokkerende selskap. Flyttemennene kranglet hele dagen, kranglet og bannet til hverandre og gjorde hele den allerede stressende flyttingen til et mareritt.\"<\/em> - Mike via <a href=\"https:\/\/www.yell.com\/biz\/fox-moving-and-storage-ltd-cwmbran-6113370\/\" target=\"_blank\" rel=\"noopener\">Yell<\/a><\/li>\n<\/ul>\n<div itemprop=\"review\" itemscope itemtype=\"http:\/\/schema.org\/Review\">\n<span itemprop=\"author\" itemscope=\"\" itemtype=\"http:\/\/schema.org\/Organization\"><span itemprop=\"name\">MoverDB.com<\/span><\/span> Nettstedsgjennomgang for <span itemprop=\"itemreviewed\" itemscope=\"\" itemtype=\"http:\/\/schema.org\/Brand\"><span itemprop=\"name\">Fox Moving &amp; Storage<\/span><\/span>:<\/p>\n<ol>\n<li> Tydelige kontaktopplysninger p\u00e5 nettstedet (inkludert telefonnummer): <strong>Ja<\/strong><\/li>\n<li> Lett \u00e5 f\u00e5 tak i <a href=\"https:\/\/moverdb.com\/nb\/sitater\/\">tilbud p\u00e5 internasjonale flyttinger<\/a>? (skjema for foresp\u00f8rsel om prisoverslag p\u00e5 nett): <strong>Ja<\/strong><\/li>\n<li> Tydelig informasjon p\u00e5 nettstedet: <strong>Ja<\/strong>Nettstedet er fullt av nyttig informasjon og har en informativ blogg.<\/li>\n<li> Medlemskap i internasjonalt anerkjente flytteorganisasjoner: <strong>Ja<\/strong>, se ovenfor<\/li>\n<li> Liste over kunder og\/eller tidligere kundeuttalelser: <strong>Ja<\/strong>Det er en side som er dedikert til kundeuttalelser p\u00e5 nettstedet, og anmeldelser fra hele nettet er generelt veldig positive med bare noen f\u00e5 negative anmeldelser.<\/li>\n<\/ol>\n<div itemprop=\"reviewRating\" itemscope itemtype=\"http:\/\/schema.org\/Rating\"><meta itemprop=\"worstRating\" content = \"0\" \/><meta itemprop=\"bestRating\" content=\"5\" \/><meta itemprop=\"ratingValue\" content=\"5\"><\/div>\n<p><strong>Samlet poengsum: 5\/5<\/strong><br \/>\n<strong>Dato for gjennomgang:<\/strong> <span itemprop=\"datePublished\" content=\"2018-01-30\">30\/01\/18<\/span>\n<\/div>\n<p>Les mer om <a href=\"https:\/\/moverdb.com\/nb\/internasjonale-flyttinger\/\">internasjonale flyttinger<\/a> og v\u00e5r <a href=\"https:\/\/moverdb.com\/nb\/vurderinger\/\">gjennomgangsprosessen<\/a>.<\/p>\n<p><strong>Nettsted:<\/strong> <a href=\"http:\/\/www.fox-moving.com\/\" target=\"_blank\" rel=\"noopener\">http:\/\/www.fox-moving.com\/<\/a><\/p>","protected":false},"excerpt":{"rendered":"<p>Fox Moving &#038; Storage is based in Cwmbran, Wales. Below you will find a list of their services both internationally and locally, together with a company profile and reviews. Moving Internationally &#8211; Corporate and Individual Personal international removals agent Comprehensive quotation, moving schedule and timescale Expert packing team Provides customs and excise documentation Local agents [&hellip;]<\/p>\n","protected":false},"author":1,"featured_media":0,"parent":0,"menu_order":0,"comment_status":"closed","ping_status":"closed","template":"","meta":{"_genesis_hide_title":false,"_genesis_hide_breadcrumbs":false,"_genesis_hide_singular_image":false,"_genesis_hide_footer_widgets":false,"_genesis_custom_body_class":"","_genesis_custom_post_class":"","_genesis_layout":"","footnotes":""},"class_list":{"0":"post-906","1":"page","2":"type-page","3":"status-publish","5":"entry"},"_links":{"self":[{"href":"https:\/\/moverdb.com\/nb\/wp-json\/wp\/v2\/pages\/906","targetHints":{"allow":["GET"]}}],"collection":[{"href":"https:\/\/moverdb.com\/nb\/wp-json\/wp\/v2\/pages"}],"about":[{"href":"https:\/\/moverdb.com\/nb\/wp-json\/wp\/v2\/types\/page"}],"author":[{"embeddable":true,"href":"https:\/\/moverdb.com\/nb\/wp-json\/wp\/v2\/users\/1"}],"replies":[{"embeddable":true,"href":"https:\/\/moverdb.com\/nb\/wp-json\/wp\/v2\/comments?post=906"}],"version-history":[{"count":9,"href":"https:\/\/moverdb.com\/nb\/wp-json\/wp\/v2\/pages\/906\/revisions"}],"predecessor-version":[{"id":6211,"href":"https:\/\/moverdb.com\/nb\/wp-json\/wp\/v2\/pages\/906\/revisions\/6211"}],"wp:attachment":[{"href":"https:\/\/moverdb.com\/nb\/wp-json\/wp\/v2\/media?parent=906"}],"curies":[{"name":"wp","href":"https:\/\/api.w.org\/{rel}","templated":true}]}}