{"id":895,"date":"2016-10-11T05:16:54","date_gmt":"2016-10-11T05:16:54","guid":{"rendered":"http:\/\/moverdb.com\/?page_id=895"},"modified":"2026-01-08T14:48:03","modified_gmt":"2026-01-08T14:48:03","slug":"konstant-bevegelig","status":"publish","type":"page","link":"https:\/\/moverdb.com\/nb\/constantine-moving\/","title":{"rendered":"Konstantin Flytting: Internasjonale flytteanmeldelser"},"content":{"rendered":"<p>Tjenestene til Constantine Moving er oppf\u00f8rt nedenfor, etterfulgt av en firmaprofil og anmeldelser.<\/p>\n<p><strong>Internasjonal flytting av hjem<\/strong><\/p>\n<ul>\n<li> Avtale f\u00f8r flytting<\/li>\n<li> Gratis tilbud, flytteplan og tidsplan<\/li>\n<li> Profesjonelt utdannet pakkemannskap med lang erfaring<\/li>\n<li> Lagring tilgjengelig<\/li>\n<li> Sj\u00f8transport<\/li>\n<li> Lufttransport<\/li>\n<li> Veitransport<\/li>\n<li> Tollklarering<\/li>\n<li> Levering til nytt hjem<\/li>\n<li> Pakking ut og montering av m\u00f8bler<\/li>\n<li> Fjerning av all emballasje for gjenvinning<\/li>\n<\/ul>\n<p><strong>Kunst i bevegelse<\/strong><\/p>\n<ul>\n<li> Design og stoffvesker for gjenstander i alle st\u00f8rrelser<\/li>\n<li> Dedikert prosjektkoordinator<\/li>\n<li> Spesialiserte emballasjematerialer<\/li>\n<li> Profesjonelt utdannede, sv\u00e6rt erfarne pakketeknikere<\/li>\n<li> Transport p\u00e5 vei, i luften eller til sj\u00f8s<\/li>\n<li> Installere alt fra sm\u00e5, delikate gjenstander til store museumsgjenstander.<\/li>\n<li> Teknikere b\u00e6rer h\u00e5ndteringsutstyr som stillas, stiger osv.<\/li>\n<li> Lagring i et fuktighetsregulert milj\u00f8 med d\u00f8gnkontinuerlig kameraoverv\u00e5king.<\/li>\n<li> Museet dekanterer<\/li>\n<li> Galleri-installasjoner<\/li>\n<li> Flytting av hele samlinger<\/li>\n<\/ul>\n<p><strong>Lagring<\/strong><\/p>\n<ul>\n<li> Lagringsanlegg beskyttet av omfattende sikkerhetstiltak<\/li>\n<li> Fuktighetskontrollert milj\u00f8 for \u00e5 beskytte lagrede skatter<\/li>\n<\/ul>\n<p><strong>Tilleggstjenester<\/strong><\/p>\n<ul>\n<li> <a href=\"https:\/\/moverdb.com\/nb\/car-transport-shipping\/\" data-internallinksmanager029f6b8e52c=\"2\" title=\"2026 Internasjonal biltransport og tilbud p\u00e5 frakt av kj\u00f8ret\u00f8y\">Biltransport<\/a> og lagring<\/li>\n<li> Transport av kj\u00e6ledyr<\/li>\n<li> H\u00e5ndverker (demontering og remontering av spesialm\u00f8bler, utstyr osv.)<\/li>\n<li> Bildeoppheng\/kunstinstallasjon<\/li>\n<li> Spesialkasser (for skj\u00f8re eller verdifulle gjenstander)<\/li>\n<li> Rengj\u00f8ring av hus<\/li>\n<li> Rengj\u00f8ring (vasking, rydding av kl\u00e6r og <a href=\"https:\/\/moverdb.com\/nb\/moving-to-china\/\" data-internallinksmanager029f6b8e52c=\"357\" title=\"Flytter du til Kina? 2023 Levekostnader og flyttetips\">Kina<\/a>, glassvarer, kl\u00e6r osv.)<\/li>\n<li> Elektriker eller r\u00f8rlegger<\/li>\n<li> Frakobling og reinstallering av satellitt-TV-antenne<\/li>\n<li> Spesialisert \"sikker\" fjerning<\/li>\n<li> Fjerning og reinstallering av vindus- og d\u00f8rkarmer<\/li>\n<li> Utvendig heis (spesialheis) for \u00e5 f\u00e5 tilgang til boligen via \u00f8vre etasjer.<\/li>\n<li> Leie av m\u00f8bler<\/li>\n<li> Restaurering og reparasjon av m\u00f8bler<\/li>\n<\/ul>\n<h2>Constantine Moving Company Profil<\/h2>\n<p>Constantine-konsernet startet p\u00e5 midten av 1800-tallet da Joseph Constantine og andre familiemedlemmer kj\u00f8pte seg inn i et selskap som eide seilskip. Da dampen tok over for seilet, hadde Constantine-konsernet ekspandert i en slik grad at det var en av de st\u00f8rste skipseierne i USA. <a href=\"https:\/\/moverdb.com\/nb\/moving-to-the-uk\/\" data-internallinksmanager029f6b8e52c=\"93\" title=\"Flytte til Storbritannia? 2023 Levekostnader og flyttetips\">STORBRITANNIA<\/a>.<\/p>\n<p>F\u00f8rste og andre verdenskrig tok dessverre skipene deres, s\u00e5 gruppen begynte \u00e5 reise, <a href=\"https:\/\/moverdb.com\/nb\/speditor\/\">spedisjon<\/a> og eiendomsinvesteringer. I dag konsentrerer Constantine Moving seg om \u00e5 flytte mennesker og kunst rundt om i verden. De er stolte av \u00e5 ha en Royal Warrant of Appointment som anerkjennelse for sine tjenester til dronning Elizabeth II.<\/p>\n<p>Constantine Moving tilknytninger og akkrediteringer:<\/p>\n<ul>\n<li> <a href=\"https:\/\/moverdb.com\/nb\/british-association-of-removers\/\">Den britiske sammenslutningen av flyttemenn<\/a> (<a href=\"https:\/\/moverdb.com\/nb\/british-association-of-removers\/\" data-internallinksmanager029f6b8e52c=\"9\" title=\"British Association of Removers (BAR) Forklart (p\u00e5 engelsk)\">BAR<\/a>)<\/li>\n<li> <a href=\"https:\/\/moverdb.com\/nb\/fidi-faim\/\">FIDI<\/a><\/li>\n<li> <a href=\"https:\/\/moverdb.com\/nb\/fidi-faim\/\">FAIM<\/a><\/li>\n<li> Institutt for handelsstandarder (TSI)<\/li>\n<li> <a href=\"https:\/\/moverdb.com\/nb\/iam\/\">International Association of Movers<\/a> (<a href=\"https:\/\/moverdb.com\/nb\/iam\/\" data-internallinksmanager029f6b8e52c=\"23\" title=\"International Association of Movers (IAM) Forklaret\">IAM<\/a>)<\/li>\n<li> Internasjonalt m\u00f8te for kunsttransport\u00f8rer (ARTIM)<\/li>\n<li> Etter utnevnelse av Hennes Majestet Dronningen<\/li>\n<\/ul>\n<h2>Konstantin flytteanmeldelser<\/h2>\n<p><em>Det er for \u00f8yeblikket ingen positive eller negative anmeldelser av for Constantine Moving online.<\/em><\/p>\n<div itemprop=\"review\" itemscope itemtype=\"http:\/\/schema.org\/Review\">\n<span itemprop=\"author\" itemscope=\"\" itemtype=\"http:\/\/schema.org\/Organization\"><span itemprop=\"name\">MoverDB.com<\/span><\/span> Nettstedsgjennomgang for <span itemprop=\"itemreviewed\" itemscope=\"\" itemtype=\"http:\/\/schema.org\/Brand\"><span itemprop=\"name\">Konstantin flytter<\/span><\/span>:<\/p>\n<ol>\n<li> Tydelige kontaktopplysninger p\u00e5 nettstedet (inkludert telefonnummer): <strong>Ja<\/strong><\/li>\n<li> Lett \u00e5 f\u00e5 tak i <a href=\"https:\/\/moverdb.com\/nb\/sitater\/\">tilbud p\u00e5 internasjonale flyttinger<\/a>? (skjema for foresp\u00f8rsel om prisoverslag p\u00e5 nett): <strong>Nei<\/strong><\/li>\n<li> Tydelig informasjon p\u00e5 nettstedet: <strong>Noen,<\/strong> Nettstedet inneholder ikke mye detaljert informasjon. Dette leveres i planleggingsfasen.<\/li>\n<li> Medlemskap i internasjonalt anerkjente flytteorganisasjoner: <strong>Ja<\/strong>se ovenfor.<\/li>\n<li> Liste over kunder og\/eller tidligere kundeuttalelser: <strong>Nei<\/strong>Selv om dronning Elizabeth II og kongefamilien er blant kundene deres.<\/li>\n<\/ol>\n<div itemprop=\"reviewRating\" itemscope itemtype=\"http:\/\/schema.org\/Rating\"><meta itemprop=\"worstRating\" content = \"0\" \/><meta itemprop=\"bestRating\" content=\"5\" \/><meta itemprop=\"ratingValue\" content=\"4\"><\/div>\n<p><strong>Samlet poengsum: 4\/5<\/strong><br \/>\n<strong>Dato for gjennomgang:<\/strong> <span itemprop=\"datePublished\" content=\"2016-10-11\">11\/10\/16<\/span>\n<\/div>\n<p>Les mer om <a href=\"https:\/\/moverdb.com\/nb\/internasjonale-flyttinger\/\">internasjonale flyttebyr\u00e5er<\/a> og v\u00e5r <a href=\"https:\/\/moverdb.com\/nb\/vurderinger\/\">gjennomgangsprosessen<\/a>.<\/p>\n<p><strong>Nettsted:<\/strong> <a href=\"http:\/\/www.constantinemoving.com\/\" target=\"_blank\" rel=\"noopener\">http:\/\/www.constantinemoving.com\/<\/a><\/p>","protected":false},"excerpt":{"rendered":"<p>The services of Constantine Moving are listed below, following by a company profile and reviews. International Home Moving Pre-move appointment Free quote, move plan and timetable Highly experienced professionally trained packing crew Storage available Sea shipment Air shipment Road transportation Customs clearance Delivery to new home Unpacking and reassembling of furniture Removal of all packing [&hellip;]<\/p>\n","protected":false},"author":1,"featured_media":0,"parent":0,"menu_order":0,"comment_status":"closed","ping_status":"closed","template":"","meta":{"_genesis_hide_title":false,"_genesis_hide_breadcrumbs":false,"_genesis_hide_singular_image":false,"_genesis_hide_footer_widgets":false,"_genesis_custom_body_class":"","_genesis_custom_post_class":"","_genesis_layout":"","footnotes":""},"class_list":{"0":"post-895","1":"page","2":"type-page","3":"status-publish","5":"entry"},"_links":{"self":[{"href":"https:\/\/moverdb.com\/nb\/wp-json\/wp\/v2\/pages\/895","targetHints":{"allow":["GET"]}}],"collection":[{"href":"https:\/\/moverdb.com\/nb\/wp-json\/wp\/v2\/pages"}],"about":[{"href":"https:\/\/moverdb.com\/nb\/wp-json\/wp\/v2\/types\/page"}],"author":[{"embeddable":true,"href":"https:\/\/moverdb.com\/nb\/wp-json\/wp\/v2\/users\/1"}],"replies":[{"embeddable":true,"href":"https:\/\/moverdb.com\/nb\/wp-json\/wp\/v2\/comments?post=895"}],"version-history":[{"count":3,"href":"https:\/\/moverdb.com\/nb\/wp-json\/wp\/v2\/pages\/895\/revisions"}],"predecessor-version":[{"id":6195,"href":"https:\/\/moverdb.com\/nb\/wp-json\/wp\/v2\/pages\/895\/revisions\/6195"}],"wp:attachment":[{"href":"https:\/\/moverdb.com\/nb\/wp-json\/wp\/v2\/media?parent=895"}],"curies":[{"name":"wp","href":"https:\/\/api.w.org\/{rel}","templated":true}]}}