{"id":893,"date":"2016-09-28T05:29:53","date_gmt":"2016-09-28T05:29:53","guid":{"rendered":"http:\/\/moverdb.com\/?page_id=893"},"modified":"2026-01-08T14:40:01","modified_gmt":"2026-01-08T14:40:01","slug":"john-mason","status":"publish","type":"page","link":"https:\/\/moverdb.com\/nb\/john-mason\/","title":{"rendered":"John Mason International Movers: Flytting Anmeldelser"},"content":{"rendered":"<p>John Mason International Movers tilbyr kunder ulike flyttetjenester som er listet opp nedenfor. Det f\u00f8lger ogs\u00e5 en firmaprofil og anmeldelser.<\/p>\n<p><strong><a href=\"https:\/\/moverdb.com\/nb\/container-shipping\/\" data-internallinksmanager029f6b8e52c=\"3\" title=\"Diagram over internasjonale fraktrater for containere: April 2026\">Internasjonal skipsfart<\/a> Tjenester - Til og fra <a href=\"https:\/\/moverdb.com\/nb\/moving-to-the-uk\/\" data-internallinksmanager029f6b8e52c=\"93\" title=\"Flytte til Storbritannia? 2023 Levekostnader og flyttetips\">STORBRITANNIA<\/a><\/strong><\/p>\n<ul>\n<li> D\u00f8r til d\u00f8r-tjeneste<\/li>\n<li> Dedikert flytteansvarlig<\/li>\n<li> Profesjonell eksportpakking hjemme<\/li>\n<li> Frakt med fly eller b\u00e5t<\/li>\n<li> <a href=\"https:\/\/moverdb.com\/nb\/containertransport\/\">Full containerlast eller delt container<\/a><\/li>\n<li> Bagasjetjeneste for enkeltgjenstander<\/li>\n<li> Nettverk av profesjonelle agenter over hele verden<\/li>\n<li> Tollklarering<\/li>\n<li> Levering og utpakking i nytt hjem<\/li>\n<li> Lagring p\u00e5 opprinnelses- og bestemmelsesstedet<\/li>\n<li> Allrisiko sj\u00f8forsikring<\/li>\n<li> Rengj\u00f8rings- og h\u00e5ndverkertjenester<\/li>\n<\/ul>\n<p><strong>Internasjonale flyttetjenester<\/strong><\/p>\n<ul>\n<li> Bistand ved boligsalg<\/li>\n<li> Avreisetjeneste - rydde opp i l\u00f8se tr\u00e5der, f.eks. mindre reparasjoner og rengj\u00f8ring.<\/li>\n<li> H\u00e5ndtering av flytting<\/li>\n<li> Orienteringsturer - inkludert visning av eiendom og skoler<\/li>\n<li> Kultur- og spr\u00e5koppl\u00e6ring<\/li>\n<li> Finne seg til rette - \u00e5pne bankkontoer, registrere seg hos lege og tannlege og et utall andre oppgaver for \u00e5 gj\u00f8re livet enklere.<\/li>\n<li> Flytting av kj\u00e6ledyr<\/li>\n<\/ul>\n<p><strong>Europeisk skipsfart og flytting<\/strong><\/p>\n<ul>\n<li> Spesialbygd europeisk kj\u00f8ret\u00f8ypark<\/li>\n<li> Dedikerte flytteledere<\/li>\n<li> D\u00f8r til d\u00f8r-tjeneste<\/li>\n<li> Dedikert tjeneste - kj\u00f8ret\u00f8yet vil inneholde \u00e9n persons\/bedrifts varer.<\/li>\n<li> Delelasttjeneste<\/li>\n<li> Emballasjealternativer - eierpakket, utvalgte varer profesjonelt pakket, full profesjonell pakke<\/li>\n<li> Toll- og avgiftsbistand hvis aktuelt<\/li>\n<li> Lagring <\/li>\n<li> Forsikring<\/li>\n<li> Luftfrakt kan ordnes<\/li>\n<\/ul>\n<p><strong>Handel med skipsfartstjenester<\/strong><\/p>\n<ul>\n<li> Luftfrakt<\/li>\n<li> FCL<\/li>\n<li> LCL<\/li>\n<li> Gruppetransport<\/li>\n<li> Europeiske veitjenester<\/li>\n<\/ul>\n<p><strong>Lagringstjenester<\/strong><\/p>\n<ul>\n<li> Lagring av arkiv<\/li>\n<li> Lagring av b\u00e5ter<\/li>\n<li> Lagring av campingvogner<\/li>\n<li> Kommersiell lagring<\/li>\n<li> Lagring i husholdninger<\/li>\n<li> Oppbevaring av motorsykler<\/li>\n<li> Selvlagring<\/li>\n<li> Lagring av studenter<\/li>\n<li> Lagring av kj\u00f8ret\u00f8y<\/li>\n<\/ul>\n<h2>John Mason International Movers Bedriftsprofil<\/h2>\n<p>John Mason International Movers ble startet av Mary Mason i 1884. Hun fikk selskap av s\u00f8nnen John Mason i 1887, da deres hovedvirksomhet var transport av kull. John Mason overtok virksomheten fra sin mor i 1890 og startet en generell transport- og flyttevirksomhet. <a href=\"https:\/\/moverdb.com\/nb\/moving-companies\/\" data-internallinksmanager029f6b8e52c=\"79\" title=\"Topp 25 internasjonale flyttebyr\u00e5er p\u00e5 nettet\">flyttefirma<\/a>. Selskapet fortsatte \u00e5 ekspandere og blomstre, og i 1955 startet det en daglig flyttingstjeneste til <a href=\"https:\/\/moverdb.com\/nb\/moving-to-ireland\/\" data-internallinksmanager029f6b8e52c=\"320\" title=\"Flytte til Irland? 2023 Levekostnader og flyttetips\">Irland<\/a>. <\/p>\n<p>John Mason har fortsatt \u00e5 vokse og utf\u00f8rer n\u00e5 i gjennomsnitt 8 000 flyttinger over hele verden hvert \u00e5r. Internasjonale flyttinger, bedrifts- og kommersielle flyttinger og husholdningsflyttinger og lagring er grunnlaget for denne familiedrevne virksomheten. Deres visjon er \u00e5 ha en fullstendig fleksibel flyttetjeneste med vekt p\u00e5 familieverdier og integritet.<\/p>\n<p>John Masons tilknytninger og akkrediteringer:<\/p>\n<ul>\n<li> <a href=\"https:\/\/moverdb.com\/nb\/british-association-of-removers\/\">Den britiske sammenslutningen av flyttemenn<\/a> (<a href=\"https:\/\/moverdb.com\/nb\/british-association-of-removers\/\" data-internallinksmanager029f6b8e52c=\"9\" title=\"British Association of Removers (BAR) Forklart (p\u00e5 engelsk)\">BAR<\/a>)<\/li>\n<li> <a href=\"https:\/\/moverdb.com\/nb\/bar-overseas\/\">British Association of Removers Overseas Remover (den britiske sammenslutningen av flyttemenn)<\/a><\/li>\n<li> Overseas Moving Network International (OMNI)<\/li>\n<li> <a href=\"https:\/\/moverdb.com\/nb\/fidi-faim\/\">Den internasjonale sammenslutningen av internasjonale flyttebyr\u00e5er<\/a> (<a href=\"https:\/\/moverdb.com\/nb\/fidi-faim\/\" data-internallinksmanager029f6b8e52c=\"16\" title=\"FIDI &amp; FAIM (FIDI-akkreditert internasjonal spedit\u00f8r) forklart\">FIDI<\/a>)<\/li>\n<li> <a href=\"https:\/\/moverdb.com\/nb\/fidi-faim\/\">FAIM<\/a><\/li>\n<li> <a href=\"https:\/\/moverdb.com\/nb\/mtc\/\">The Movers Trading Club<\/a> (<a href=\"https:\/\/moverdb.com\/nb\/mtc\/\" data-internallinksmanager029f6b8e52c=\"30\" title=\"Movers Trading Club (MTC) forklart\">MTC<\/a>)<\/li>\n<li> Institutt for handelsstandarder<\/li>\n<li> <a href=\"https:\/\/moverdb.com\/nb\/lacma\/\">Latin-American and Caribbean International Movers Association<\/a> (<a href=\"https:\/\/moverdb.com\/nb\/lacma\/\" data-internallinksmanager029f6b8e52c=\"28\" title=\"Latinamerikanske og karibiske internasjonale flyttebyr\u00e5ers forening (LACMA)\">LACMA<\/a>)<\/li>\n<\/ul>\n<h2>John Mason International Movers Anmeldelser<\/h2>\n<p><strong>Positiv<\/strong><\/p>\n<ul>\n<li> <em>\"Hele min erfaring med John Mason's har v\u00e6rt veldig bra, fra \u00e5 ha Tony p\u00e5 oppm\u00e5ling til i dag med containeren pakket, jeg vil definitivt anbefale John Mason til \u00e5 tilby flyttetjenester.\"<\/em> - M.H. South Shields fra <a href=\"http:\/\/www.johnmason.com\/about-us\/\" target=\"_blank\" rel=\"noopener\">John Mason-nettstedet<\/a>.<\/li>\n<li> <em>\"Jeg syntes teamet hos John Masons var eksepsjonelt. Fra hjemmebes\u00f8ket, deres hyppige oppdateringer, flyttefolkene, alt var fantastisk.\"<\/em> - Jaclyn via <a href=\"https:\/\/www.facebook.com\/johnmasoninternational\/reviews\/\" target=\"_blank\" rel=\"noopener\">Facebook-anmeldelse<\/a><\/li>\n<li><em>\"Vi gjorde den samme flyttingen for 3 m\u00e5neder siden, brukte John Masons internasjonale flyttebyr\u00e5. De gjorde pakking og utpakking ogs\u00e5. Jeg kan ikke anbefale dem sterkt nok, ikke en eneste ting ble \u00f8delagt eller mistet.\"<\/em> - via <a href=\"http:\/\/www.mumsnet.com\/Talk\/living_overseas\/1535416-Shipping-to-Australia\" target=\"_blank\" rel=\"noopener\">Mumsnet<\/a><\/li>\n<\/ul>\n<p><strong>Negativ<\/strong><\/p>\n<p>Bare <strong>6%<\/strong> av deres anmeldelser p\u00e5 Trustpilot er 1 eller 2 stjerner mot <strong>93%<\/strong> som har 4 eller 5 stjerner. Du kan lese alle disse vurderingene <a href=\"https:\/\/uk.trustpilot.com\/review\/www.johnmason.com\" rel=\"noopener\" target=\"_blank\">her<\/a>.  <\/p>\n<div itemprop=\"review\" itemscope itemtype=\"http:\/\/schema.org\/Review\">\n<span itemprop=\"author\" itemscope=\"\" itemtype=\"http:\/\/schema.org\/Organization\"><span itemprop=\"name\">MoverDB.com<\/span><\/span> Nettstedsgjennomgang for <span itemprop=\"itemreviewed\" itemscope=\"\" itemtype=\"http:\/\/schema.org\/Brand\"><span itemprop=\"name\">John Mason International Movers<\/span><\/span>:<\/p>\n<ol>\n<li> Tydelige kontaktopplysninger p\u00e5 nettstedet (inkludert telefonnummer): <strong>Ja<\/strong><\/li>\n<li> Lett \u00e5 f\u00e5 tak i <a href=\"https:\/\/moverdb.com\/nb\/sitater\/\">tilbud p\u00e5 internasjonale flyttinger<\/a>? (skjema for foresp\u00f8rsel om prisoverslag p\u00e5 nett): <strong>Ja<\/strong><\/li>\n<li> Tydelig informasjon p\u00e5 nettstedet: <strong>Ja,<\/strong> Nettstedet er ganske omfattende, men mer detaljert informasjon vil bli gitt p\u00e5 foresp\u00f8rsel.<\/li>\n<li> Medlemskap i internasjonale anerkjente flytteorganisasjoner: <strong>Ja<\/strong>se ovenfor.<\/li>\n<li> Liste over kunder og\/eller tidligere kundeuttalelser: <strong>Noen,<\/strong> det er kundeanmeldelser nederst p\u00e5 hver side, men ingen egen side for dem. Selv om de for det meste har positive anmeldelser p\u00e5 nettet, er det ogs\u00e5 noen f\u00e5 negative.<\/li>\n<\/ol>\n<div itemprop=\"reviewRating\" itemscope itemtype=\"http:\/\/schema.org\/Rating\"><meta itemprop=\"worstRating\" content = \"0\" \/><meta itemprop=\"bestRating\" content=\"5\" \/><meta itemprop=\"ratingValue\" content=\"4\"><\/div>\n<p><strong>Samlet poengsum: 4\/5<\/strong><br \/>\n<strong>Dato for gjennomgang:<\/strong> <span itemprop=\"datePublished\" content=\"2019-01-18\">18\/01\/2019<\/span>\n<\/div>\n<p>Les mer om <a href=\"https:\/\/moverdb.com\/nb\/internasjonale-flyttinger\/\">internasjonale flyttebyr\u00e5er<\/a> og v\u00e5r <a href=\"https:\/\/moverdb.com\/nb\/vurderinger\/\">gjennomgangsprosessen<\/a>.<\/p>\n<p><strong>Nettsted:<\/strong> <a href=\"http:\/\/www.johnmason.com\/\" target=\"_blank\" rel=\"noopener\">http:\/\/www.johnmason.com\/<\/a><\/p>","protected":false},"excerpt":{"rendered":"<p>John Mason International Movers offers clients various removal services which are listed below. There also follows a company profile and reviews. International Shipping Services &#8211; To and From the UK Door to door service Dedicated move manager Professional export packing at home Shipping by air or sea Full container load or shared container Baggage service [&hellip;]<\/p>\n","protected":false},"author":1,"featured_media":0,"parent":0,"menu_order":0,"comment_status":"closed","ping_status":"closed","template":"","meta":{"_genesis_hide_title":false,"_genesis_hide_breadcrumbs":false,"_genesis_hide_singular_image":false,"_genesis_hide_footer_widgets":false,"_genesis_custom_body_class":"","_genesis_custom_post_class":"","_genesis_layout":"","footnotes":""},"class_list":{"0":"post-893","1":"page","2":"type-page","3":"status-publish","5":"entry"},"_links":{"self":[{"href":"https:\/\/moverdb.com\/nb\/wp-json\/wp\/v2\/pages\/893","targetHints":{"allow":["GET"]}}],"collection":[{"href":"https:\/\/moverdb.com\/nb\/wp-json\/wp\/v2\/pages"}],"about":[{"href":"https:\/\/moverdb.com\/nb\/wp-json\/wp\/v2\/types\/page"}],"author":[{"embeddable":true,"href":"https:\/\/moverdb.com\/nb\/wp-json\/wp\/v2\/users\/1"}],"replies":[{"embeddable":true,"href":"https:\/\/moverdb.com\/nb\/wp-json\/wp\/v2\/comments?post=893"}],"version-history":[{"count":8,"href":"https:\/\/moverdb.com\/nb\/wp-json\/wp\/v2\/pages\/893\/revisions"}],"predecessor-version":[{"id":13168,"href":"https:\/\/moverdb.com\/nb\/wp-json\/wp\/v2\/pages\/893\/revisions\/13168"}],"wp:attachment":[{"href":"https:\/\/moverdb.com\/nb\/wp-json\/wp\/v2\/media?parent=893"}],"curies":[{"name":"wp","href":"https:\/\/api.w.org\/{rel}","templated":true}]}}