{"id":892,"date":"2016-10-03T05:36:50","date_gmt":"2016-10-03T05:36:50","guid":{"rendered":"http:\/\/moverdb.com\/?page_id=892"},"modified":"2026-01-08T14:48:20","modified_gmt":"2026-01-08T14:48:20","slug":"fn-fjernelser","status":"publish","type":"page","link":"https:\/\/moverdb.com\/nb\/fn-removals\/","title":{"rendered":"F&amp;N Flytting over hele verden: Internasjonale flytteanmeldelser"},"content":{"rendered":"<p>F&amp;N Worldwide Removings tjenester er oppf\u00f8rt nedenfor, sammen med deres firmaprofil og anmeldelser.<\/p>\n<p><strong>Internasjonale og europeiske flyttinger<\/strong><\/p>\n<ul>\n<li> D\u00f8r til d\u00f8r-tjeneste<\/li>\n<li> Ekspertpakking<\/li>\n<li> Skreddersydde kasser hvis aktuelt<\/li>\n<li> Lagring ved behov<\/li>\n<li> Organisere transport til lands, til vanns eller i luften<\/li>\n<li> Ordne <a href=\"https:\/\/moverdb.com\/nb\/bil-transport-frakt\/\">frakt av kj\u00f8ret\u00f8y<\/a><\/li>\n<li> Utpakking ved ankomst til bestemmelsesstedet<\/li>\n<li> Eksperter tilgjengelig i <a href=\"https:\/\/moverdb.com\/nb\/moving-to-the-uk\/\" data-internallinksmanager029f6b8e52c=\"93\" title=\"Flytte til Storbritannia? 2023 Levekostnader og flyttetips\">STORBRITANNIA<\/a> og bestemmelsesland<\/li>\n<li> Kontakt med tollmyndigheter og rederier<\/li>\n<li> Organisert forsikring<\/li>\n<li> Organisere transport fra bestemmelsesstedet <a href=\"https:\/\/moverdb.com\/nb\/top-49-container-ports\/\" data-internallinksmanager029f6b8e52c=\"80\" title=\"De 49 st\u00f8rste og travleste containerhavnene i 2025\">port<\/a><\/li>\n<\/ul>\n<p><strong>Internasjonal bedriftsflytting<\/strong><\/p>\n<ul>\n<li> Kartleggingsbes\u00f8k for \u00e5 diskutere logistikk<\/li>\n<li> D\u00f8r til d\u00f8r-tjeneste<\/li>\n<li> Profesjonell pakking og utpakking<\/li>\n<li> <a href=\"https:\/\/moverdb.com\/nb\/car-transport-shipping\/\" data-internallinksmanager029f6b8e52c=\"2\" title=\"2026 Internasjonal biltransport og tilbud p\u00e5 frakt av kj\u00f8ret\u00f8y\">Frakt av kj\u00f8ret\u00f8y<\/a><\/li>\n<li> IT-tjenester for demontering og remontering av datanettverk<\/li>\n<li> Arrangere skole- og huss\u00f8k for ansatte<\/li>\n<li> Leie av m\u00f8bler<\/li>\n<li> Arrangementer for expat-klubber<\/li>\n<li> Kulturelle akklimatiseringsm\u00f8ter<\/li>\n<li> H\u00e5ndtering av toll og <a href=\"https:\/\/moverdb.com\/nb\/rederier\/\">rederier<\/a><\/li>\n<li> Forsikring ordnet<\/li>\n<li> Transport fra bestemmelseshavn<\/li>\n<\/ul>\n<p><strong>Flytting fra Storbritannia<\/strong><\/p>\n<ul>\n<li> 25 moderne flyttebiler<\/li>\n<li> D\u00f8r til d\u00f8r-tjeneste<\/li>\n<li> Profesjonell pakking og utpakking om n\u00f8dvendig<\/li>\n<li> Esker og pakkemateriell tilgjengelig<\/li>\n<li> Lagring ved behov<\/li>\n<li> Forsikringsordninger<\/li>\n<\/ul>\n<p><strong>Lagring<\/strong><\/p>\n<ul>\n<li> Self-lagring med 24-timers tilgang og CCTV-skjermer<\/li>\n<li> Dokument- og arkivlagring<\/li>\n<li> Langtidslagring i containere<\/li>\n<\/ul>\n<h2>F&amp;N Worldwide Removings selskapsprofil<\/h2>\n<p>F&amp;N Worldwide Removals startet i 1980 i Berlin, men flyttet kort tid etter til England. F&amp;N flyttet opprinnelig milit\u00e6rt gods og kom gradvis inn p\u00e5 det britiske flyttemarkedet. Selskapet ekspanderte og inkluderte privat- og forretningsflytting til Europa. Selskapet fortsatte \u00e5 vokse ved \u00e5 introdusere selvlagringsfasiliteter, kontorflytting og en importavdeling.<\/p>\n<p>F&amp;N Worldwide Removals flytter n\u00e5 mennesker, selskaper og varer over hele verden. Selskapet har et sterkt milj\u00f8engasjement gjennom implementering av mange gr\u00f8nne initiativer. Det har stor tro p\u00e5 utmerket kundeservice og kundetilfredshet.<\/p>\n<p>F&amp;N Worldwide Removals tilknytninger og akkrediteringer:<\/p>\n<ul>\n<li> <a href=\"https:\/\/moverdb.com\/nb\/british-association-of-removers\/\">Den britiske sammenslutningen av flyttemenn<\/a> (<a href=\"https:\/\/moverdb.com\/nb\/british-association-of-removers\/\" data-internallinksmanager029f6b8e52c=\"9\" title=\"British Association of Removers (BAR) Forklart (p\u00e5 engelsk)\">BAR<\/a>)<\/li>\n<li> <a href=\"https:\/\/moverdb.com\/nb\/fidi-faim\/\">FIDI<\/a><\/li>\n<li> <a href=\"https:\/\/moverdb.com\/nb\/fidi-faim\/\">FAIM<\/a><\/li>\n<li> <a href=\"https:\/\/moverdb.com\/nb\/iam\/\">International Association of Movers<\/a> (<a href=\"https:\/\/moverdb.com\/nb\/iam\/\" data-internallinksmanager029f6b8e52c=\"23\" title=\"International Association of Movers (IAM) Forklaret\">IAM<\/a>)<\/li>\n<li> <a href=\"https:\/\/moverdb.com\/nb\/fedemac\/\">Sammenslutningen av europeiske flyttebyr\u00e5er<\/a> (<a href=\"https:\/\/moverdb.com\/nb\/fedemac\/\" data-internallinksmanager029f6b8e52c=\"15\" title=\"Federation of European Movers Association (FEDEMAC) Forklares (p\u00e5 engelsk)\">FEDEMAC<\/a>)<\/li>\n<li> Eurovan<\/li>\n<li> Institutt for handelsstandarder<\/li>\n<li> <a href=\"https:\/\/moverdb.com\/nb\/hgfaa\/\">Household Goods Forwarders Association of America<\/a> (HHGFAA)<\/li>\n<li> Kvalitetssikret tjenestestandard - Flytting av husholdningsm\u00f8bler<\/li>\n<\/ul>\n<p><strong>F&amp;N verdensomspennende vurderinger av flyttinger<\/strong><\/p>\n<p><strong>Positiv<\/strong><\/p>\n<ul>\n<li> <em>\"Jeg vil bare si at du har gjort en f\u00f8rsteklasses innsats for <a href=\"https:\/\/moverdb.com\/nb\/moving-to-the-united-states\/\" data-internallinksmanager029f6b8e52c=\"94\" title=\"Flytte til USA? 2023 Levekostnader og flyttetips\">oss<\/a> fra start til slutt. Takk til alle involverte...\"<\/em> - Peter Hollingsworth via <a href=\"http:\/\/www.fnworldwide.com\/testimonials\/\" target=\"_blank\" rel=\"noopener\">side med kundeuttalelser<\/a><\/li>\n<li> <em>\"Jeg har lett etter en <a href=\"https:\/\/moverdb.com\/nb\/international-removals\/\" data-internallinksmanager029f6b8e52c=\"27\" title=\"De 36 beste internasjonale flyttebyr\u00e5ene i Storbritannia\">flyttefirma<\/a> som jeg kan bruke til en jobb jeg har p\u00e5 gang, og jeg fant FN Worldwide Logistics Ltd. Nettstedet deres er flott, og jeg kommer definitivt til \u00e5 vurdere dem n\u00e5r jeg skal flytte. Jeg var ogs\u00e5 veldig imponert over den raske responsen p\u00e5 e-posten min.\"<\/em> - via <a href=\"http:\/\/removal-company-reviews.com\/view-removal-company-review.php?c=F+N%20Worldwide%20Logistics%20Ltd&#038;id=532\" target=\"_blank\" rel=\"noopener\">Removal-Company-Reviews.com<\/a><\/li>\n<\/ul>\n<p><strong>Negativ<\/strong><\/p>\n<ul>\n<li> <em>\"F&amp;N tok imot betaling fra meg for en internasjonal flytting fra Storbritannia til <a href=\"https:\/\/moverdb.com\/nb\/moving-to-bermuda\/\" data-internallinksmanager029f6b8e52c=\"421\" title=\"Flytter du til Bermuda? 2023 Levekostnader og flyttetips\">Bermuda<\/a>. Selskapet jeg jobber for betalte ogs\u00e5 ved en feiltakelse. F&amp;N innr\u00f8mmet feil flere ganger og lovet \u00e5 betale tilbake pengene gang p\u00e5 gang. Det gjorde de ikke.\"<\/em> - via <a href=\"http:\/\/removal-company-reviews.com\/view-removal-company-review.php?c=F+N%20Worldwide%20Logistics%20Ltd&#038;id=532\" target=\"_blank\" rel=\"noopener\">Removal-Company-Reviews.com<\/a>\n<\/ul>\n<div itemprop=\"review\" itemscope itemtype=\"http:\/\/schema.org\/Review\">\n<span itemprop=\"author\" itemscope=\"\" itemtype=\"http:\/\/schema.org\/Organization\"><span itemprop=\"name\">MoverDB.com<\/span><\/span> Nettstedsgjennomgang for <span itemprop=\"itemreviewed\" itemscope=\"\" itemtype=\"http:\/\/schema.org\/Brand\"><span itemprop=\"name\">F&amp;N verdensomspennende flyttinger<\/span><\/span>:<\/p>\n<ol>\n<li> Tydelige kontaktopplysninger p\u00e5 nettstedet (inkludert telefonnummer): <strong>Ja<\/strong><\/li>\n<li> Lett \u00e5 f\u00e5 tak i <a href=\"https:\/\/moverdb.com\/nb\/sitater\/\">tilbud p\u00e5 internasjonale flyttinger<\/a>? (skjema for foresp\u00f8rsel om prisoverslag p\u00e5 nett): <strong>Ja<\/strong><\/li>\n<li> Tydelig informasjon p\u00e5 nettstedet: <strong>Noen<\/strong>Nettstedet inneholder ikke mye detaljert informasjon.<\/li>\n<li> Medlemskap i internasjonalt anerkjente flytteorganisasjoner: <strong>Ja<\/strong>, se ovenfor<\/li>\n<li> Liste over kunder og\/eller tidligere kundeuttalelser: <strong>Noen<\/strong> Det finnes kundeuttalelser p\u00e5 nettstedet, men f\u00e5 anmeldelser andre steder p\u00e5 nettet.<\/li>\n<\/ol>\n<div itemprop=\"reviewRating\" itemscope itemtype=\"http:\/\/schema.org\/Rating\"><meta itemprop=\"worstRating\" content = \"0\" \/><meta itemprop=\"bestRating\" content=\"5\" \/><meta itemprop=\"ratingValue\" content=\"4\"><\/div>\n<p><strong>Samlet poengsum: 4\/5<\/strong><br \/>\n<strong>Dato for gjennomgang:<\/strong> <span itemprop=\"datePublished\" content=\"2016-10-03\">03\/10\/16<\/span>\n<\/div>\n<p>Les mer om <a href=\"https:\/\/moverdb.com\/nb\/internasjonale-flyttinger\/\">internasjonale flyttinger<\/a> og v\u00e5r <a href=\"https:\/\/moverdb.com\/nb\/vurderinger\/\">flytting av evalueringsprosessen<\/a>.<\/p>\n<p><strong>Nettsted:<\/strong> <a href=\"http:\/\/www.fnworldwide.com\" target=\"_blank\" rel=\"noopener\">http:\/\/www.fnworldwide.com<\/a><\/p>","protected":false},"excerpt":{"rendered":"<p>F&#038;N Worldwide Removals services are listed below, together with their company profile and reviews. International and European Removals Door to door service Expert packing Custom made crates if applicable Storage if needed Organise transport by land, sea or air Arrange shipping of vehicles Unpacking on arrival at destination Experts available in the UK and country [&hellip;]<\/p>\n","protected":false},"author":1,"featured_media":0,"parent":0,"menu_order":0,"comment_status":"closed","ping_status":"closed","template":"","meta":{"_genesis_hide_title":false,"_genesis_hide_breadcrumbs":false,"_genesis_hide_singular_image":false,"_genesis_hide_footer_widgets":false,"_genesis_custom_body_class":"","_genesis_custom_post_class":"","_genesis_layout":"","footnotes":""},"class_list":{"0":"post-892","1":"page","2":"type-page","3":"status-publish","5":"entry"},"_links":{"self":[{"href":"https:\/\/moverdb.com\/nb\/wp-json\/wp\/v2\/pages\/892","targetHints":{"allow":["GET"]}}],"collection":[{"href":"https:\/\/moverdb.com\/nb\/wp-json\/wp\/v2\/pages"}],"about":[{"href":"https:\/\/moverdb.com\/nb\/wp-json\/wp\/v2\/types\/page"}],"author":[{"embeddable":true,"href":"https:\/\/moverdb.com\/nb\/wp-json\/wp\/v2\/users\/1"}],"replies":[{"embeddable":true,"href":"https:\/\/moverdb.com\/nb\/wp-json\/wp\/v2\/comments?post=892"}],"version-history":[{"count":5,"href":"https:\/\/moverdb.com\/nb\/wp-json\/wp\/v2\/pages\/892\/revisions"}],"predecessor-version":[{"id":6208,"href":"https:\/\/moverdb.com\/nb\/wp-json\/wp\/v2\/pages\/892\/revisions\/6208"}],"wp:attachment":[{"href":"https:\/\/moverdb.com\/nb\/wp-json\/wp\/v2\/media?parent=892"}],"curies":[{"name":"wp","href":"https:\/\/api.w.org\/{rel}","templated":true}]}}