{"id":8914,"date":"2023-04-27T14:27:27","date_gmt":"2023-04-27T14:27:27","guid":{"rendered":"https:\/\/moverdb.com\/?page_id=8914"},"modified":"2026-01-08T15:24:51","modified_gmt":"2026-01-08T15:24:51","slug":"moving-companies-poland","status":"publish","type":"page","link":"https:\/\/moverdb.com\/nb\/moving-companies\/moving-companies-poland\/","title":{"rendered":"4 beste internasjonale flyttefirmaer i Polen"},"content":{"rendered":"<p>Hvis du skal flytte hjem eller bedrift, kan det v\u00e6re lurt \u00e5 benytte deg av en flyttebyr\u00e5. <a href=\"https:\/\/moverdb.com\/nb\/moving-companies\/\" data-internallinksmanager029f6b8e52c=\"79\" title=\"Topp 25 internasjonale flyttebyr\u00e5er p\u00e5 nettet\">flyttefirma<\/a> for \u00e5 redusere stress og arbeidsmengde. Hvis du skal flytte innenfor, til eller fra <a href=\"https:\/\/moverdb.com\/nb\/moving-to-poland\/\" data-internallinksmanager029f6b8e52c=\"378\" title=\"Flytter du til Polen? 2023 Levekostnader og flyttetips\">Polen<\/a>, s\u00e5 er nedenst\u00e5ende polske <a href=\"https:\/\/moverdb.com\/nb\/international-removals\/\" data-internallinksmanager029f6b8e52c=\"27\" title=\"De 36 beste internasjonale flyttebyr\u00e5ene i Storbritannia\">flyttebyr\u00e5er<\/a> som er medlemmer av <a href=\"https:\/\/moverdb.com\/nb\/iam\/\" data-internallinksmanager029f6b8e52c=\"23\" title=\"International Association of Movers (IAM) Forklaret\">International Association of Movers<\/a> (IAM) og\/eller <a href=\"https:\/\/moverdb.com\/nb\/fidi-faim\/\" data-internallinksmanager029f6b8e52c=\"16\" title=\"FIDI &amp; FAIM (FIDI-akkreditert internasjonal spedit\u00f8r) forklart\">FIDI<\/a> Accredited International Mover (FAIM) kan hjelpe deg med flyttingen.<\/p>\n<div id=\"ez-toc-container\" class=\"ez-toc-v2_0_82_2 ez-toc-wrap-left counter-hierarchy ez-toc-counter ez-toc-transparent ez-toc-container-direction\">\n<div class=\"ez-toc-title-container\">\n<p class=\"ez-toc-title\" style=\"cursor:inherit\">Seksjoner<\/p>\n<span class=\"ez-toc-title-toggle\"><a href=\"#\" class=\"ez-toc-pull-right ez-toc-btn ez-toc-btn-xs ez-toc-btn-default ez-toc-toggle\" aria-label=\"Bytt innholdsfortegnelse\"><span class=\"ez-toc-js-icon-con\"><span class=\"\"><span class=\"eztoc-hide\" style=\"display:none;\">Toggle<\/span><span class=\"ez-toc-icon-toggle-span\"><svg style=\"fill: #999;color:#999\" xmlns=\"http:\/\/www.w3.org\/2000\/svg\" class=\"list-377408\" width=\"20px\" height=\"20px\" viewbox=\"0 0 24 24\" fill=\"none\"><path d=\"M6 6H4v2h2V6zm14 0H8v2h12V6zM4 11h2v2H4v-2zm16 0H8v2h12v-2zM4 16h2v2H4v-2zm16 0H8v2h12v-2z\" fill=\"currentColor\"><\/path><\/svg><svg style=\"fill: #999;color:#999\" class=\"arrow-unsorted-368013\" xmlns=\"http:\/\/www.w3.org\/2000\/svg\" width=\"10px\" height=\"10px\" viewbox=\"0 0 24 24\" version=\"1.2\" baseprofile=\"tiny\"><path d=\"M18.2 9.3l-6.2-6.3-6.2 6.3c-.2.2-.3.4-.3.7s.1.5.3.7c.2.2.4.3.7.3h11c.3 0 .5-.1.7-.3.2-.2.3-.5.3-.7s-.1-.5-.3-.7zM5.8 14.7l6.2 6.3 6.2-6.3c.2-.2.3-.5.3-.7s-.1-.5-.3-.7c-.2-.2-.4-.3-.7-.3h-11c-.3 0-.5.1-.7.3-.2.2-.3.5-.3.7s.1.5.3.7z\"\/><\/svg><\/span><\/span><\/span><\/a><\/span><\/div>\n<nav><ul class='ez-toc-list ez-toc-list-level-1 eztoc-toggle-hide-by-default' ><li class='ez-toc-page-1 ez-toc-heading-level-2'><a class=\"ez-toc-link ez-toc-heading-1\" href=\"https:\/\/moverdb.com\/nb\/moving-companies\/moving-companies-poland\/#1_AGS_Group\" >1. AGS-gruppen<\/a><\/li><li class='ez-toc-page-1 ez-toc-heading-level-2'><a class=\"ez-toc-link ez-toc-heading-2\" href=\"https:\/\/moverdb.com\/nb\/moving-companies\/moving-companies-poland\/#2_MK_Relocation\" >2. MK Flytting<\/a><\/li><li class='ez-toc-page-1 ez-toc-heading-level-2'><a class=\"ez-toc-link ez-toc-heading-3\" href=\"https:\/\/moverdb.com\/nb\/moving-companies\/moving-companies-poland\/#3_Santa_Fe_Relocation\" >3. Flytting av Santa Fe<\/a><\/li><li class='ez-toc-page-1 ez-toc-heading-level-2'><a class=\"ez-toc-link ez-toc-heading-4\" href=\"https:\/\/moverdb.com\/nb\/moving-companies\/moving-companies-poland\/#4_Universal_Express_Worldwide_Movers\" >4. Universal Express Worldwide Movers<\/a><\/li><li class='ez-toc-page-1 ez-toc-heading-level-2'><a class=\"ez-toc-link ez-toc-heading-5\" href=\"https:\/\/moverdb.com\/nb\/moving-companies\/moving-companies-poland\/#Other_Useful_Guides_to_Poland\" >Andre nyttige guider til Polen<\/a><\/li><\/ul><\/nav><\/div>\n<h2><span class=\"ez-toc-section\" id=\"1_AGS_Group\"><\/span><strong>1. AGS-gruppen<\/strong><span class=\"ez-toc-section-end\"><\/span><\/h2>\n<p><img loading=\"lazy\" decoding=\"async\" class=\"alignnone size-full wp-image-8915\" src=\"https:\/\/moverdb.com\/wp-content\/uploads\/AGS-Global-Solutions-Poland-international-moving-company.png\" alt=\"AGS Global Solutions Polen internasjonalt flyttebyr\u00e5\" width=\"1440\" height=\"710\" data-wp-pid=\"8915\" srcset=\"https:\/\/moverdb.com\/wp-content\/uploads\/AGS-Global-Solutions-Poland-international-moving-company.png 1440w, https:\/\/moverdb.com\/wp-content\/uploads\/AGS-Global-Solutions-Poland-international-moving-company-300x148.png 300w, https:\/\/moverdb.com\/wp-content\/uploads\/AGS-Global-Solutions-Poland-international-moving-company-1024x505.png 1024w, https:\/\/moverdb.com\/wp-content\/uploads\/AGS-Global-Solutions-Poland-international-moving-company-18x9.png 18w, https:\/\/moverdb.com\/wp-content\/uploads\/AGS-Global-Solutions-Poland-international-moving-company-600x296.png 600w\" sizes=\"auto, (max-width: 1440px) 100vw, 1440px\" \/><\/p>\n<ul>\n<li>Nasjonale tiltak<\/li>\n<li>Internasjonale flyttinger<\/li>\n<li>Flytting av boliger<\/li>\n<li>Virksomheten flytter<\/li>\n<li>Pakketjeneste<\/li>\n<li>Land-, sj\u00f8- og lufttransport<\/li>\n<li>Online sporing<\/li>\n<li>H\u00e5ndtering av kunst<\/li>\n<li>Overf\u00f8ring av kj\u00f8ret\u00f8y<\/li>\n<li>Sikker lagring<\/li>\n<\/ul>\n<p>AGS Group er et internasjonalt flytte- og relokaliseringsselskap som har v\u00e6rt i drift siden 1974 med 146 kontorer i 97 land over hele verden, inkludert Warszawa i Polen som ble etablert i 1992. De er akkreditert av FIDI.<\/p>\n<p>AGS Group tilbyr hjemmebes\u00f8k og personlig tilbud basert p\u00e5 dine behov. De har utviklet innovative pakkematerialer og metoder for \u00e5 beskytte eiendelene dine og er ogs\u00e5 milj\u00f8vennlige. De ordner transport til lands, i luften eller til sj\u00f8s, og du kan f\u00f8lge fremdriften p\u00e5 nettet. De tilbyr tilleggstjenester som inkluderer h\u00e5ndtering av kunst, kj\u00f8ret\u00f8yoverf\u00f8ring og sikker lagring.<\/p>\n<p>Nettsted: <a href=\"https:\/\/www.ags-globalsolutions.com\/\" target=\"_blank\" rel=\"noopener\">https:\/\/www.ags-globalsolutions.com\/<\/a><\/p>\n<h2><span class=\"ez-toc-section\" id=\"2_MK_Relocation\"><\/span><strong>2. MK Flytting<\/strong><span class=\"ez-toc-section-end\"><\/span><\/h2>\n<p><img loading=\"lazy\" decoding=\"async\" class=\"alignnone size-full wp-image-8825\" src=\"https:\/\/moverdb.com\/wp-content\/uploads\/MK-Relocations-international-moving-company.png\" alt=\"MK Relocations internasjonalt flyttebyr\u00e5\" width=\"1440\" height=\"679\" data-wp-pid=\"8825\" srcset=\"https:\/\/moverdb.com\/wp-content\/uploads\/MK-Relocations-international-moving-company.png 1440w, https:\/\/moverdb.com\/wp-content\/uploads\/MK-Relocations-international-moving-company-300x141.png 300w, https:\/\/moverdb.com\/wp-content\/uploads\/MK-Relocations-international-moving-company-1024x483.png 1024w, https:\/\/moverdb.com\/wp-content\/uploads\/MK-Relocations-international-moving-company-18x8.png 18w, https:\/\/moverdb.com\/wp-content\/uploads\/MK-Relocations-international-moving-company-600x283.png 600w\" sizes=\"auto, (max-width: 1440px) 100vw, 1440px\" \/><\/p>\n<ul>\n<li>Nasjonale tiltak<\/li>\n<li>Internasjonale flyttinger<\/li>\n<li>Flytting av husholdninger<\/li>\n<li>Flytting av kontor og lager<\/li>\n<li>D\u00f8r-til-d\u00f8r-tjeneste<\/li>\n<li>Pakketjeneste<\/li>\n<li>Tilrettelegging av transport<\/li>\n<li>Tollklarering<\/li>\n<li>Forsikring<\/li>\n<li>Lagringsanlegg<\/li>\n<\/ul>\n<p>MK Relocation er en flytte- og relokaliseringsspesialist med base i Warszawa. De tilbyr flyttetjenester i, til og fra Polen. De er akkreditert av FIDI, noe som gir dem tilgang til et internasjonalt nettverk av flyttebyr\u00e5er som st\u00f8tter dem.<\/p>\n<p>MK Relocation tilbyr et personlig m\u00f8te for \u00e5 diskutere dine behov og tilbyr en d\u00f8r-til-d\u00f8r-tjeneste. De tilbyr en pakketjeneste for \u00e5 beskytte eiendelene dine som inkluderer en rekke pakkematerialer som dedikerte esker, innpakning, deksler, forseglede plastbeholdere og fuktighetsabsorbenter. De tilbyr tilleggstjenester som inkluderer transport av kj\u00e6ledyr, h\u00e5ndtering av antikviteter og kunst og lagringsfasiliteter.<\/p>\n<p>Nettsted: <a href=\"https:\/\/www.mkrelocation.pl\/\" target=\"_blank\" rel=\"noopener\">https:\/\/www.mkrelocation.pl\/<\/a><\/p>\n<h2><span class=\"ez-toc-section\" id=\"3_Santa_Fe_Relocation\"><\/span><strong>3. Flytting av Santa Fe<\/strong><span class=\"ez-toc-section-end\"><\/span><\/h2>\n<p><img loading=\"lazy\" decoding=\"async\" class=\"alignnone size-full wp-image-8851\" src=\"https:\/\/moverdb.com\/wp-content\/uploads\/Santa-Fe-Relocation-Poland-international-moving-company.png\" alt=\"Santa Fe Relocation Polen internasjonalt flyttefirma\" width=\"1440\" height=\"679\" data-wp-pid=\"8851\" srcset=\"https:\/\/moverdb.com\/wp-content\/uploads\/Santa-Fe-Relocation-Poland-international-moving-company.png 1440w, https:\/\/moverdb.com\/wp-content\/uploads\/Santa-Fe-Relocation-Poland-international-moving-company-300x141.png 300w, https:\/\/moverdb.com\/wp-content\/uploads\/Santa-Fe-Relocation-Poland-international-moving-company-1024x483.png 1024w, https:\/\/moverdb.com\/wp-content\/uploads\/Santa-Fe-Relocation-Poland-international-moving-company-18x8.png 18w, https:\/\/moverdb.com\/wp-content\/uploads\/Santa-Fe-Relocation-Poland-international-moving-company-600x283.png 600w\" sizes=\"auto, (max-width: 1440px) 100vw, 1440px\" \/><\/p>\n<ul>\n<li>Lokale og nasjonale tiltak<\/li>\n<li>Internasjonale flyttinger<\/li>\n<li>Flytting av husholdninger<\/li>\n<li>Flytting av kontorer<\/li>\n<li>Flyttetjenester<\/li>\n<li>Pakketjeneste<\/li>\n<li>Luft-, sj\u00f8- og landtransport<\/li>\n<li>Tollklarering<\/li>\n<li>Transport av kj\u00e6ledyr og kj\u00f8ret\u00f8y<\/li>\n<li>Lagringsanlegg<\/li>\n<\/ul>\n<p>Santa Fe Relocation er et internasjonalt flytte- og relokaliseringsselskap som har 64 kontorer i 38 land, inkludert ett i Warszawa som \u00e5pnet i 1991. De er medlem av IAM med 32 \u00e5rs fartstid og er akkreditert av FIDI.<\/p>\n<p>Santa Fe Relocation tilbyr en konsultasjon f\u00f8r flytting og hjemme- eller videounders\u00f8kelse for \u00e5 vurdere dine behov. De tilbyr en komplett pakketjeneste for eiendelene dine for sikker transport med fly, sj\u00f8 og land med fortolling. Flyttetjenestene deres omfatter bolig- og skoles\u00f8k, bosettingstjenester, avreisest\u00f8tte, visum- og immigrasjonsst\u00f8tte. De tilbyr ogs\u00e5 <a href=\"https:\/\/moverdb.com\/nb\/car-transport-shipping\/\" data-internallinksmanager029f6b8e52c=\"2\" title=\"2026 Internasjonal biltransport og tilbud p\u00e5 frakt av kj\u00f8ret\u00f8y\">frakt av kj\u00f8ret\u00f8y<\/a> og omplassering av kj\u00e6ledyr.<\/p>\n<p>Nettsted: <a href=\"https:\/\/www.santaferelo.com\/en\/contact\/our-offices\/poland-warsaw\/\" target=\"_blank\" rel=\"noopener\">https:\/\/www.santaferelo.com\/en\/contact\/our-offices\/poland-warsaw\/<\/a><\/p>\n<h2><span class=\"ez-toc-section\" id=\"4_Universal_Express_Worldwide_Movers\"><\/span><strong>4. Universal Express Worldwide Movers<\/strong><span class=\"ez-toc-section-end\"><\/span><\/h2>\n<p><img loading=\"lazy\" decoding=\"async\" class=\"alignnone size-full wp-image-8868\" src=\"https:\/\/moverdb.com\/wp-content\/uploads\/Universal-Express-Worldwide-Movers-international-moving-company.png\" alt=\"Universal Express Worldwide Movers internasjonalt flyttebyr\u00e5\" width=\"1440\" height=\"679\" data-wp-pid=\"8868\" srcset=\"https:\/\/moverdb.com\/wp-content\/uploads\/Universal-Express-Worldwide-Movers-international-moving-company.png 1440w, https:\/\/moverdb.com\/wp-content\/uploads\/Universal-Express-Worldwide-Movers-international-moving-company-300x141.png 300w, https:\/\/moverdb.com\/wp-content\/uploads\/Universal-Express-Worldwide-Movers-international-moving-company-1024x483.png 1024w, https:\/\/moverdb.com\/wp-content\/uploads\/Universal-Express-Worldwide-Movers-international-moving-company-18x8.png 18w, https:\/\/moverdb.com\/wp-content\/uploads\/Universal-Express-Worldwide-Movers-international-moving-company-600x283.png 600w\" sizes=\"auto, (max-width: 1440px) 100vw, 1440px\" \/><\/p>\n<ul>\n<li>Landsomfattende tiltak<\/li>\n<li>Internasjonale flyttinger<\/li>\n<li>Flytting av boliger<\/li>\n<li>Kontor- og industriflytting<\/li>\n<li>D\u00f8r-til-d\u00f8r-tjeneste<\/li>\n<li>Pakketjeneste<\/li>\n<li>Land-, luft- og sj\u00f8transport<\/li>\n<li>Tollklarering<\/li>\n<li>Forsikring<\/li>\n<li>Lagringsanlegg<\/li>\n<\/ul>\n<p>Universal Express Worldwide Movers er et flyttebyr\u00e5 som har filialer i Krakow, Wroclaw, Poznan og Gdynia. De har et internasjonalt nettverk av flytteagenter som hjelper dem med flyttinger over hele verden. De er medlem av IAM med 33 \u00e5rs erfaring og er akkreditert av FIDI.<\/p>\n<p>Universal Express Worldwide Movers tilbyr en forh\u00e5ndsunders\u00f8kelse for \u00e5 diskutere flyttingen din og tilpasse flytteplanen din. Flyttelederen deres vil hjelpe deg med en d\u00f8r-til-d\u00f8r-tjeneste som inkluderer trygg pakking av eiendelene dine for transport. De ordner transporten av eiendelene dine p\u00e5 land, i luften eller til sj\u00f8s med fortolling og gir r\u00e5d om forsikring.<\/p>\n<p>Nettsted: <a href=\"http:\/\/www.uer.pl\/\" target=\"_blank\" rel=\"noopener\">http:\/\/www.uer.pl\/<\/a><\/p>\n<h2><span class=\"ez-toc-section\" id=\"Other_Useful_Guides_to_Poland\"><\/span>Andre nyttige guider til Polen<span class=\"ez-toc-section-end\"><\/span><\/h2>\n<ul>\n<li> <a href=\"https:\/\/moverdb.com\/nb\/containertransport\/polen\/\">2024 Fraktpriser for containerfrakt til og fra Polen<\/a><\/li>\n<li> <a href=\"https:\/\/moverdb.com\/nb\/internasjonale-pengeoverforingstjenester\/money-transfer-companies-poland\/\">De 10 beste pengeoverf\u00f8ringsselskapene i Polen<\/a><\/li>\n<li> <a href=\"https:\/\/moverdb.com\/nb\/moving-to-poland\/\">Flytter du til Polen? 2023 Levekostnader og flyttetips<\/a><\/li>\n<li> <a href=\"https:\/\/moverdb.com\/nb\/moving-to-poland\/best-places-to-live-poland\/\">De 12 beste stedene \u00e5 bo i Polen<\/a><\/li>\n<li> <a href=\"https:\/\/moverdb.com\/nb\/moving-to-poland\/living-in-poland\/\">21 hemmeligheter om \u00e5 bo i Polen du b\u00f8r vite f\u00f8r du flytter<\/a><\/li>\n<li> <a href=\"https:\/\/moverdb.com\/nb\/moving-to-poland\/moving-to-poland-from-the-uk\/\">Flytte til Polen fra Storbritannia<\/a><\/li>\n<\/ul>","protected":false},"excerpt":{"rendered":"<p>If you are moving home or business, you may want to employ the services of a moving company to reduce the stress and workload involved. If you are moving within, to or from Poland, then the below Polish removal companies that are members of the International Association of Movers (IAM) and\/or FIDI Accredited International Mover [&hellip;]<\/p>\n","protected":false},"author":4,"featured_media":0,"parent":190,"menu_order":0,"comment_status":"closed","ping_status":"closed","template":"","meta":{"_genesis_hide_title":false,"_genesis_hide_breadcrumbs":false,"_genesis_hide_singular_image":false,"_genesis_hide_footer_widgets":false,"_genesis_custom_body_class":"","_genesis_custom_post_class":"","_genesis_layout":"","footnotes":""},"class_list":{"0":"post-8914","1":"page","2":"type-page","3":"status-publish","5":"entry","6":"has-post-thumbnail"},"_links":{"self":[{"href":"https:\/\/moverdb.com\/nb\/wp-json\/wp\/v2\/pages\/8914","targetHints":{"allow":["GET"]}}],"collection":[{"href":"https:\/\/moverdb.com\/nb\/wp-json\/wp\/v2\/pages"}],"about":[{"href":"https:\/\/moverdb.com\/nb\/wp-json\/wp\/v2\/types\/page"}],"author":[{"embeddable":true,"href":"https:\/\/moverdb.com\/nb\/wp-json\/wp\/v2\/users\/4"}],"replies":[{"embeddable":true,"href":"https:\/\/moverdb.com\/nb\/wp-json\/wp\/v2\/comments?post=8914"}],"version-history":[{"count":5,"href":"https:\/\/moverdb.com\/nb\/wp-json\/wp\/v2\/pages\/8914\/revisions"}],"predecessor-version":[{"id":17127,"href":"https:\/\/moverdb.com\/nb\/wp-json\/wp\/v2\/pages\/8914\/revisions\/17127"}],"up":[{"embeddable":true,"href":"https:\/\/moverdb.com\/nb\/wp-json\/wp\/v2\/pages\/190"}],"wp:attachment":[{"href":"https:\/\/moverdb.com\/nb\/wp-json\/wp\/v2\/media?parent=8914"}],"curies":[{"name":"wp","href":"https:\/\/api.w.org\/{rel}","templated":true}]}}