{"id":8910,"date":"2023-04-27T14:29:00","date_gmt":"2023-04-27T14:29:00","guid":{"rendered":"https:\/\/moverdb.com\/?page_id=8910"},"modified":"2026-01-08T15:29:43","modified_gmt":"2026-01-08T15:29:43","slug":"moving-companies-peru","status":"publish","type":"page","link":"https:\/\/moverdb.com\/nb\/moving-companies\/moving-companies-peru\/","title":{"rendered":"9 beste internasjonale flyttefirmaer i Peru"},"content":{"rendered":"<p>\u00c5 flytte kan v\u00e6re en hektisk tid med mye \u00e5 organisere, s\u00e6rlig hvis du flytter til et annet land og m\u00e5 fylle ut papirer. Det er her en <a href=\"https:\/\/moverdb.com\/nb\/moving-companies\/\" data-internallinksmanager029f6b8e52c=\"79\" title=\"Topp 25 internasjonale flyttebyr\u00e5er p\u00e5 nettet\">flyttefirma<\/a> kan bidra til \u00e5 gj\u00f8re flyttingen enklere. Nedenfor har vi samlet en liste over peruanske <a href=\"https:\/\/moverdb.com\/nb\/international-removals\/\" data-internallinksmanager029f6b8e52c=\"27\" title=\"De 36 beste internasjonale flyttebyr\u00e5ene i Storbritannia\">flyttebyr\u00e5er<\/a> som er medlemmer av <a href=\"https:\/\/moverdb.com\/nb\/iam\/\" data-internallinksmanager029f6b8e52c=\"23\" title=\"International Association of Movers (IAM) Forklaret\">International Association of Movers<\/a> (IAM) og\/eller <a href=\"https:\/\/moverdb.com\/nb\/fidi-faim\/\" data-internallinksmanager029f6b8e52c=\"16\" title=\"FIDI &amp; FAIM (FIDI-akkreditert internasjonal spedit\u00f8r) forklart\">FIDI<\/a> Accredited International Mover (FAIM) som kan hjelpe deg med flyttingen.<\/p>\n<div id=\"ez-toc-container\" class=\"ez-toc-v2_0_82_2 ez-toc-wrap-left counter-hierarchy ez-toc-counter ez-toc-transparent ez-toc-container-direction\">\n<div class=\"ez-toc-title-container\">\n<p class=\"ez-toc-title\" style=\"cursor:inherit\">Seksjoner<\/p>\n<span class=\"ez-toc-title-toggle\"><a href=\"#\" class=\"ez-toc-pull-right ez-toc-btn ez-toc-btn-xs ez-toc-btn-default ez-toc-toggle\" aria-label=\"Bytt innholdsfortegnelse\"><span class=\"ez-toc-js-icon-con\"><span class=\"\"><span class=\"eztoc-hide\" style=\"display:none;\">Toggle<\/span><span class=\"ez-toc-icon-toggle-span\"><svg style=\"fill: #999;color:#999\" xmlns=\"http:\/\/www.w3.org\/2000\/svg\" class=\"list-377408\" width=\"20px\" height=\"20px\" viewbox=\"0 0 24 24\" fill=\"none\"><path d=\"M6 6H4v2h2V6zm14 0H8v2h12V6zM4 11h2v2H4v-2zm16 0H8v2h12v-2zM4 16h2v2H4v-2zm16 0H8v2h12v-2z\" fill=\"currentColor\"><\/path><\/svg><svg style=\"fill: #999;color:#999\" class=\"arrow-unsorted-368013\" xmlns=\"http:\/\/www.w3.org\/2000\/svg\" width=\"10px\" height=\"10px\" viewbox=\"0 0 24 24\" version=\"1.2\" baseprofile=\"tiny\"><path d=\"M18.2 9.3l-6.2-6.3-6.2 6.3c-.2.2-.3.4-.3.7s.1.5.3.7c.2.2.4.3.7.3h11c.3 0 .5-.1.7-.3.2-.2.3-.5.3-.7s-.1-.5-.3-.7zM5.8 14.7l6.2 6.3 6.2-6.3c.2-.2.3-.5.3-.7s-.1-.5-.3-.7c-.2-.2-.4-.3-.7-.3h-11c-.3 0-.5.1-.7.3-.2.2-.3.5-.3.7s.1.5.3.7z\"\/><\/svg><\/span><\/span><\/span><\/a><\/span><\/div>\n<nav><ul class='ez-toc-list ez-toc-list-level-1 eztoc-toggle-hide-by-default' ><li class='ez-toc-page-1 ez-toc-heading-level-2'><a class=\"ez-toc-link ez-toc-heading-1\" href=\"https:\/\/moverdb.com\/nb\/moving-companies\/moving-companies-peru\/#1_Atlas\" >1. Atlas<\/a><\/li><li class='ez-toc-page-1 ez-toc-heading-level-2'><a class=\"ez-toc-link ez-toc-heading-2\" href=\"https:\/\/moverdb.com\/nb\/moving-companies\/moving-companies-peru\/#2_Class_International_Movers\" >2. Klasse internasjonale flyttelass<\/a><\/li><li class='ez-toc-page-1 ez-toc-heading-level-2'><a class=\"ez-toc-link ez-toc-heading-3\" href=\"https:\/\/moverdb.com\/nb\/moving-companies\/moving-companies-peru\/#3_Door_to_Door_Transports\" >3. D\u00f8r til d\u00f8r-transport<\/a><\/li><li class='ez-toc-page-1 ez-toc-heading-level-2'><a class=\"ez-toc-link ez-toc-heading-4\" href=\"https:\/\/moverdb.com\/nb\/moving-companies\/moving-companies-peru\/#4_Express_Transports\" >4. Ekspresstransport<\/a><\/li><li class='ez-toc-page-1 ez-toc-heading-level-2'><a class=\"ez-toc-link ez-toc-heading-5\" href=\"https:\/\/moverdb.com\/nb\/moving-companies\/moving-companies-peru\/#5_Gil_International_Movers\" >5. Gil International Movers<\/a><\/li><li class='ez-toc-page-1 ez-toc-heading-level-2'><a class=\"ez-toc-link ez-toc-heading-6\" href=\"https:\/\/moverdb.com\/nb\/moving-companies\/moving-companies-peru\/#6_Global_Moving\" >6. Global flytting<\/a><\/li><li class='ez-toc-page-1 ez-toc-heading-level-2'><a class=\"ez-toc-link ez-toc-heading-7\" href=\"https:\/\/moverdb.com\/nb\/moving-companies\/moving-companies-peru\/#7_Moving_Systems\" >7. Systemer i bevegelse<\/a><\/li><li class='ez-toc-page-1 ez-toc-heading-level-2'><a class=\"ez-toc-link ez-toc-heading-8\" href=\"https:\/\/moverdb.com\/nb\/moving-companies\/moving-companies-peru\/#8_Security_International_Moving\" >8. Sikkerhet Internasjonal flytting<\/a><\/li><li class='ez-toc-page-1 ez-toc-heading-level-2'><a class=\"ez-toc-link ez-toc-heading-9\" href=\"https:\/\/moverdb.com\/nb\/moving-companies\/moving-companies-peru\/#9_World_Shipping_The_Movers\" >9. World Shipping The Movers<\/a><\/li><\/ul><\/nav><\/div>\n<h2><span class=\"ez-toc-section\" id=\"1_Atlas\"><\/span><strong>1. Atlas<\/strong><span class=\"ez-toc-section-end\"><\/span><\/h2>\n<p><img loading=\"lazy\" decoding=\"async\" class=\"alignnone size-full wp-image-8763\" src=\"https:\/\/moverdb.com\/wp-content\/uploads\/Atlas-international-moving-company-1.png\" alt=\"Atlas internasjonale flyttebyr\u00e5\" width=\"1440\" height=\"683\" data-wp-pid=\"8763\" srcset=\"https:\/\/moverdb.com\/wp-content\/uploads\/Atlas-international-moving-company-1.png 1440w, https:\/\/moverdb.com\/wp-content\/uploads\/Atlas-international-moving-company-1-300x142.png 300w, https:\/\/moverdb.com\/wp-content\/uploads\/Atlas-international-moving-company-1-1024x486.png 1024w, https:\/\/moverdb.com\/wp-content\/uploads\/Atlas-international-moving-company-1-18x9.png 18w, https:\/\/moverdb.com\/wp-content\/uploads\/Atlas-international-moving-company-1-600x285.png 600w\" sizes=\"auto, (max-width: 1440px) 100vw, 1440px\" \/><\/p>\n<ul>\n<li>Lokale og nasjonale flyttinger<\/li>\n<li>Internasjonale flyttinger<\/li>\n<li>Flytting av boliger<\/li>\n<li>Flytting av selskaper<\/li>\n<li>D\u00f8r-til-d\u00f8r-tjeneste<\/li>\n<li>Pakketjeneste<\/li>\n<li>Tollklarering<\/li>\n<li>H\u00e5ndtering av kunstverk<\/li>\n<li>Forsikring<\/li>\n<li>Lagringsanlegg<\/li>\n<\/ul>\n<p>Atlas er et flyttebyr\u00e5 med base i Chorrillos som har over 30 \u00e5rs erfaring med \u00e5 betjene privat- og bedriftskunder. De samarbeider med internasjonale foreninger og flyttebyr\u00e5er for \u00e5 levere tjenester internasjonalt etter h\u00f8ye standarder, og de er medlem av IAM med 34 \u00e5rs erfaring.<\/p>\n<p>Atlas tilbyr flyttetjenester i hele Peru og til og fra Peru. De vil gj\u00f8re de n\u00f8dvendige arrangementene for flyttingen din, inkludert transport av eiendelene dine og fortolling. De tilbyr h\u00f8yt utdannet personale og spesialisert emballasje for \u00e5 beskytte eiendelene dine under transport. De har spesialiserte flyttebiler utstyrt med GPS-satellittsporing for \u00e5 gi oversikt over hvor eiendelene dine befinner seg.<\/p>\n<p>Nettsted: <a href=\"http:\/\/www.atlasperucorp.com\" target=\"_blank\" rel=\"noopener\">http:\/\/www.atlasperucorp.com<\/a><\/p>\n<h2><span class=\"ez-toc-section\" id=\"2_Class_International_Movers\"><\/span><strong>2. Klasse internasjonale flyttelass<\/strong><span class=\"ez-toc-section-end\"><\/span><\/h2>\n<p><img loading=\"lazy\" decoding=\"async\" class=\"alignnone size-full wp-image-8774\" src=\"https:\/\/moverdb.com\/wp-content\/uploads\/Class-International-Movers-moving-company.png\" alt=\"Class International Movers flyttebyr\u00e5\" width=\"1440\" height=\"671\" data-wp-pid=\"8774\" srcset=\"https:\/\/moverdb.com\/wp-content\/uploads\/Class-International-Movers-moving-company.png 1440w, https:\/\/moverdb.com\/wp-content\/uploads\/Class-International-Movers-moving-company-300x140.png 300w, https:\/\/moverdb.com\/wp-content\/uploads\/Class-International-Movers-moving-company-1024x477.png 1024w, https:\/\/moverdb.com\/wp-content\/uploads\/Class-International-Movers-moving-company-18x8.png 18w, https:\/\/moverdb.com\/wp-content\/uploads\/Class-International-Movers-moving-company-600x280.png 600w\" sizes=\"auto, (max-width: 1440px) 100vw, 1440px\" \/><\/p>\n<ul>\n<li>Lokale og nasjonale flyttinger<\/li>\n<li>Internasjonale flyttinger<\/li>\n<li>Flytting av husholdninger<\/li>\n<li>Flytting av kontorer<\/li>\n<li>Flyttetjenester<\/li>\n<li>Pakketjeneste<\/li>\n<li>Tollprosedyrer<\/li>\n<li>Overf\u00f8ring av kunstverk<\/li>\n<li>Overf\u00f8ring av kj\u00e6ledyr<\/li>\n<li>Lagringsanlegg<\/li>\n<\/ul>\n<p>Class International Movers er et flytte- og transportfirma grunnlagt i 1996 og basert i Lima. De samarbeider med utvalgte agenter over hele verden for \u00e5 levere sine tjenester internasjonalt. De er medlem av IAM med 27 \u00e5rs erfaring og er akkreditert av FIDI.<\/p>\n<p>Class International Movers tilbyr flytte- og relokaliseringstjenester til husholdninger og kontorer i, til og fra Peru. Tjenestene deres inkluderer pakking av eiendelene dine trygt for transport, og for internasjonale flyttinger vil de hjelpe deg med tollprosedyrer. De tilbyr tilleggstjenester, inkludert flytting av kunstverk og kj\u00e6ledyr, og lagringsfasiliteter.<\/p>\n<p>Nettsted: <a href=\"http:\/\/www.classmoving.com\" target=\"_blank\" rel=\"noopener\">http:\/\/www.classmoving.com<\/a><\/p>\n<h2><span class=\"ez-toc-section\" id=\"3_Door_to_Door_Transports\"><\/span><strong>3. D\u00f8r til d\u00f8r-transport<\/strong><span class=\"ez-toc-section-end\"><\/span><\/h2>\n<p><img loading=\"lazy\" decoding=\"async\" class=\"alignnone size-full wp-image-8790\" src=\"https:\/\/moverdb.com\/wp-content\/uploads\/Door-to-Door-Transports-international-moving-company.png\" alt=\"Internasjonalt flyttebyr\u00e5 for d\u00f8r til d\u00f8r-transport\" width=\"1440\" height=\"681\" data-wp-pid=\"8790\" srcset=\"https:\/\/moverdb.com\/wp-content\/uploads\/Door-to-Door-Transports-international-moving-company.png 1440w, https:\/\/moverdb.com\/wp-content\/uploads\/Door-to-Door-Transports-international-moving-company-300x142.png 300w, https:\/\/moverdb.com\/wp-content\/uploads\/Door-to-Door-Transports-international-moving-company-1024x484.png 1024w, https:\/\/moverdb.com\/wp-content\/uploads\/Door-to-Door-Transports-international-moving-company-18x9.png 18w, https:\/\/moverdb.com\/wp-content\/uploads\/Door-to-Door-Transports-international-moving-company-600x284.png 600w\" sizes=\"auto, (max-width: 1440px) 100vw, 1440px\" \/><\/p>\n<ul>\n<li>Nasjonale og lokale tiltak<\/li>\n<li>Internasjonale flyttinger<\/li>\n<li>Flytting av husholdninger<\/li>\n<li>Flytting av kontorer<\/li>\n<li>Flyttetjenester<\/li>\n<li>Pakketjeneste<\/li>\n<li>Flytting av kj\u00e6ledyr<\/li>\n<li>H\u00e5ndtering av kunstverk<\/li>\n<li>Forsikring<\/li>\n<li>Lagringsanlegg<\/li>\n<\/ul>\n<p>Door to Door Transports er et internasjonalt flytte- og logistikkselskap med base i Callao. De har et team av kvalifiserte fagfolk og strategiske avtaler med agenter over hele verden for \u00e5 levere tjenester sammen med dem. De er medlem av IAM med 25 \u00e5rs fartstid.<\/p>\n<p>Door to Door Transports tilbyr en skreddersydd d\u00f8r-til-d\u00f8r-flyttetjeneste for husholdninger og kontorer med en detaljert logistikkplan for kontorflytting. De tilbyr en pakketjeneste som bruker innovative materialer som vil sikre eiendelene dine under overf\u00f8ring eller lagring. Flyttetjenestene deres inkluderer s\u00f8k etter bolig og skole, klargj\u00f8ring av hjemmet ditt og orientering.<\/p>\n<p>Nettsted: <a href=\"http:\/\/www.doortodoor.com.pe\" target=\"_blank\" rel=\"noopener\">http:\/\/www.doortodoor.com.pe<\/a><\/p>\n<h2><span class=\"ez-toc-section\" id=\"4_Express_Transports\"><\/span><strong>4. Ekspresstransport<\/strong><span class=\"ez-toc-section-end\"><\/span><\/h2>\n<p><img loading=\"lazy\" decoding=\"async\" class=\"alignnone size-full wp-image-8794\" src=\"https:\/\/moverdb.com\/wp-content\/uploads\/Express-Transports-international-moving-company.png\" alt=\"Express Transports internasjonale flyttebyr\u00e5\" width=\"1440\" height=\"683\" data-wp-pid=\"8794\" srcset=\"https:\/\/moverdb.com\/wp-content\/uploads\/Express-Transports-international-moving-company.png 1440w, https:\/\/moverdb.com\/wp-content\/uploads\/Express-Transports-international-moving-company-300x142.png 300w, https:\/\/moverdb.com\/wp-content\/uploads\/Express-Transports-international-moving-company-1024x486.png 1024w, https:\/\/moverdb.com\/wp-content\/uploads\/Express-Transports-international-moving-company-18x9.png 18w, https:\/\/moverdb.com\/wp-content\/uploads\/Express-Transports-international-moving-company-600x285.png 600w\" sizes=\"auto, (max-width: 1440px) 100vw, 1440px\" \/><\/p>\n<ul>\n<li>Lokale og nasjonale flyttinger<\/li>\n<li>Internasjonale flyttinger<\/li>\n<li>Flytting av boliger<\/li>\n<li>Flytting av kontorer<\/li>\n<li>Pakketjeneste<\/li>\n<li>Tilrettelegging av transport<\/li>\n<li>Tollklarering<\/li>\n<li>H\u00e5ndtering av kunstverk<\/li>\n<li>Overf\u00f8ring av kj\u00e6ledyr<\/li>\n<li>Lagringsanlegg<\/li>\n<\/ul>\n<p>Express Transports er et flyttefirma i Peru som ble grunnlagt i 1975 og er basert i Chorrillos. De har et nettverk av agenter over hele verden som hjelper dem med \u00e5 levere internasjonale tjenester. De er medlem av IAM med 48 \u00e5rs erfaring og er akkreditert av FIDI.<\/p>\n<p>Express Transports tilbyr en flytteplanleggingstjeneste som er skreddersydd til dine behov. De vil koordinere flyttingen din, inkludert pakking, lage en inventarliste, arrangere transport og fortolling. Pakketjenesten deres inkluderer sikker pakking av eiendelene dine med n\u00f8ye utvalgte materialer, og de pakker ut ved ankomst og kontrollerer innholdets tilstand.<\/p>\n<p>Nettsted: <a href=\"http:\/\/www.express.com.pe\" target=\"_blank\" rel=\"noopener\">http:\/\/www.express.com.pe<\/a><\/p>\n<h2><span class=\"ez-toc-section\" id=\"5_Gil_International_Movers\"><\/span><strong>5. Gil International Movers<\/strong><span class=\"ez-toc-section-end\"><\/span><\/h2>\n<p><img loading=\"lazy\" decoding=\"async\" class=\"alignnone size-full wp-image-8803\" src=\"https:\/\/moverdb.com\/wp-content\/uploads\/Gil-International-Movers-international-moving-company.png\" alt=\"Gil International Movers internasjonalt flyttebyr\u00e5\" width=\"1440\" height=\"680\" data-wp-pid=\"8803\" srcset=\"https:\/\/moverdb.com\/wp-content\/uploads\/Gil-International-Movers-international-moving-company.png 1440w, https:\/\/moverdb.com\/wp-content\/uploads\/Gil-International-Movers-international-moving-company-300x142.png 300w, https:\/\/moverdb.com\/wp-content\/uploads\/Gil-International-Movers-international-moving-company-1024x484.png 1024w, https:\/\/moverdb.com\/wp-content\/uploads\/Gil-International-Movers-international-moving-company-18x9.png 18w, https:\/\/moverdb.com\/wp-content\/uploads\/Gil-International-Movers-international-moving-company-600x283.png 600w\" sizes=\"auto, (max-width: 1440px) 100vw, 1440px\" \/><\/p>\n<ul>\n<li>Lokale og nasjonale flyttinger<\/li>\n<li>Internasjonale flyttinger<\/li>\n<li>Flytting av husholdninger<\/li>\n<li>Flytting av kontorer<\/li>\n<li>D\u00f8r-til-d\u00f8r-tjeneste<\/li>\n<li>Pakketjeneste<\/li>\n<li>Tilrettelegging av transport<\/li>\n<li>H\u00e5ndtering av kunstverk<\/li>\n<li>Transport av kj\u00e6ledyr og kj\u00f8ret\u00f8y<\/li>\n<li>Anlegg for kort- og langtidslagring<\/li>\n<\/ul>\n<p>Gil International Movers er et flytte- og logistikkselskap grunnlagt i 2014 og basert i Lima. De er medlem av IAM med ni \u00e5rs fartstid, noe som gir dem tilgang til et internasjonalt nettverk av flyttebyr\u00e5er som kan st\u00f8tte deres tjenester.<\/p>\n<p>Gil International Movers tilbyr en d\u00f8r-til-d\u00f8r-tjeneste som inkluderer en profesjonell emballasjetjeneste av oppl\u00e6rt personale som vil beskytte eiendelene dine etter h\u00f8ye standarder med spesiell forsiktighet med skj\u00f8re gjenstander. De tilbyr en rekke tilleggstjenester, blant annet h\u00e5ndtering av kunstverk, transport av kj\u00e6ledyr, flytting av kj\u00f8ret\u00f8y, midlertidig m\u00f8belutleie og kort- og langtidslagring.<\/p>\n<p>Nettsted: <a href=\"http:\/\/www.gilmovers.com\" target=\"_blank\" rel=\"noopener\">http:\/\/www.gilmovers.com<\/a><\/p>\n<h2><span class=\"ez-toc-section\" id=\"6_Global_Moving\"><\/span><strong>6. Global flytting<\/strong><span class=\"ez-toc-section-end\"><\/span><\/h2>\n<p><img loading=\"lazy\" decoding=\"async\" class=\"alignnone size-full wp-image-8808\" src=\"https:\/\/moverdb.com\/wp-content\/uploads\/Global-Moving-international-moving-company-1.png\" alt=\"Global Moving internasjonalt flyttebyr\u00e5\" width=\"1440\" height=\"681\" data-wp-pid=\"8808\" srcset=\"https:\/\/moverdb.com\/wp-content\/uploads\/Global-Moving-international-moving-company-1.png 1440w, https:\/\/moverdb.com\/wp-content\/uploads\/Global-Moving-international-moving-company-1-300x142.png 300w, https:\/\/moverdb.com\/wp-content\/uploads\/Global-Moving-international-moving-company-1-1024x484.png 1024w, https:\/\/moverdb.com\/wp-content\/uploads\/Global-Moving-international-moving-company-1-18x9.png 18w, https:\/\/moverdb.com\/wp-content\/uploads\/Global-Moving-international-moving-company-1-600x284.png 600w\" sizes=\"auto, (max-width: 1440px) 100vw, 1440px\" \/><\/p>\n<ul>\n<li>Nasjonale og lokale tiltak<\/li>\n<li>Internasjonale flyttinger<\/li>\n<li>Flytting av boliger<\/li>\n<li>Flytting av kontorer<\/li>\n<li>Internasjonal koordinator<\/li>\n<li>Pakketjeneste<\/li>\n<li>Koordinering av transport<\/li>\n<li>Tollprosedyrer<\/li>\n<li>Forsikring<\/li>\n<li>Lagringsanlegg<\/li>\n<\/ul>\n<p>Global Moving er et internasjonalt flyttebyr\u00e5 med base i Lima. De har kvalifisert personell og infrastruktur til \u00e5 levere internasjonale flyttinger ettersom de har et nettverk av agenter over hele verden. De er medlem av IAM med syv \u00e5rs fartstid.<\/p>\n<p>Global Moving tilbyr flyttetjenester til bolig- og kontorkunder nasjonalt og internasjonalt. De tilbyr en pakketjeneste som bruker n\u00f8ye utvalgte materialer og vil utarbeide en pakkeliste og inventarliste. De vil utf\u00f8re de n\u00f8dvendige tollprosedyrene og fortollingen. Ved ankomst pakker de ut og plasserer m\u00f8bler.<\/p>\n<p>Nettsted: <a href=\"http:\/\/www.globalperumoving.com\" target=\"_blank\" rel=\"noopener\">http:\/\/www.globalperumoving.com<\/a><\/p>\n<h2><span class=\"ez-toc-section\" id=\"7_Moving_Systems\"><\/span><strong>7. Systemer i bevegelse<\/strong><span class=\"ez-toc-section-end\"><\/span><\/h2>\n<p><img loading=\"lazy\" decoding=\"async\" class=\"alignnone size-full wp-image-8830\" src=\"https:\/\/moverdb.com\/wp-content\/uploads\/Moving-Systems-international-moving-company.png\" alt=\"Moving Systems internasjonalt flyttebyr\u00e5\" width=\"1440\" height=\"680\" data-wp-pid=\"8830\" srcset=\"https:\/\/moverdb.com\/wp-content\/uploads\/Moving-Systems-international-moving-company.png 1440w, https:\/\/moverdb.com\/wp-content\/uploads\/Moving-Systems-international-moving-company-300x142.png 300w, https:\/\/moverdb.com\/wp-content\/uploads\/Moving-Systems-international-moving-company-1024x484.png 1024w, https:\/\/moverdb.com\/wp-content\/uploads\/Moving-Systems-international-moving-company-18x9.png 18w, https:\/\/moverdb.com\/wp-content\/uploads\/Moving-Systems-international-moving-company-600x283.png 600w\" sizes=\"auto, (max-width: 1440px) 100vw, 1440px\" \/><\/p>\n<ul>\n<li>Lokale og nasjonale flyttinger<\/li>\n<li>Internasjonale flyttinger<\/li>\n<li>Flytting av husholdninger<\/li>\n<li>Flytting av kontorer<\/li>\n<li>Pakketjeneste<\/li>\n<li>Planlegging av transport<\/li>\n<li>Tollst\u00f8tte<\/li>\n<li>Overf\u00f8ring av kj\u00f8ret\u00f8y<\/li>\n<li>Transport av kj\u00e6ledyr<\/li>\n<li>Lagringsanlegg<\/li>\n<\/ul>\n<p>Moving Systems tilbyr flytte-, pakke- og lagringstjenester i, til og fra Peru. De har over 20 \u00e5rs erfaring og holder til i Lima. De er medlem av IAM, som gir dem tilgang til et internasjonalt nettverk av flyttebyr\u00e5er som hjelper dem med \u00e5 levere sine tjenester over hele verden.<\/p>\n<p>Moving Systems tilbyr lokale, nasjonale og internasjonale flyttinger for husholdninger og kontorer. De vil n\u00f8ye planlegge flyttingen din, inkludert valg av den beste ruten og optimale forhold for transport av eiendelene dine. De hjelper deg med tollbestemmelser og s\u00f8rger for at eiendelene dine kommer trygt frem.<\/p>\n<p>Nettsted: <a href=\"http:\/\/www.movisystems.com\" target=\"_blank\" rel=\"noopener\">http:\/\/www.movisystems.com<\/a><\/p>\n<h2><span class=\"ez-toc-section\" id=\"8_Security_International_Moving\"><\/span><strong>8. Sikkerhet Internasjonal flytting<\/strong><span class=\"ez-toc-section-end\"><\/span><\/h2>\n<p><img loading=\"lazy\" decoding=\"async\" class=\"alignnone size-full wp-image-8854\" src=\"https:\/\/moverdb.com\/wp-content\/uploads\/Security-International-Moving-company.png\" alt=\"Sikkerhet Internasjonalt flyttefirma\" width=\"1440\" height=\"685\" data-wp-pid=\"8854\" srcset=\"https:\/\/moverdb.com\/wp-content\/uploads\/Security-International-Moving-company.png 1440w, https:\/\/moverdb.com\/wp-content\/uploads\/Security-International-Moving-company-300x143.png 300w, https:\/\/moverdb.com\/wp-content\/uploads\/Security-International-Moving-company-1024x487.png 1024w, https:\/\/moverdb.com\/wp-content\/uploads\/Security-International-Moving-company-18x9.png 18w, https:\/\/moverdb.com\/wp-content\/uploads\/Security-International-Moving-company-600x285.png 600w\" sizes=\"auto, (max-width: 1440px) 100vw, 1440px\" \/><\/p>\n<ul>\n<li>Nasjonale tiltak<\/li>\n<li>Internasjonale flyttinger<\/li>\n<li>Flytting av husholdninger<\/li>\n<li>Bedriftsbevegelser<\/li>\n<li>Flyttetjenester<\/li>\n<li>Tilrettelegging av transport<\/li>\n<li>St\u00f8tte med dokumentasjon<\/li>\n<li>H\u00e5ndtering av kunst og antikviteter<\/li>\n<li>Overf\u00f8ring av kj\u00e6ledyr<\/li>\n<li>Sikre lagringsfasiliteter<\/li>\n<\/ul>\n<p>Security International Moving er en nasjonal og internasjonal leverand\u00f8r av flyttetjenester som ble grunnlagt i Lima i 1969. De samarbeider med et nettverk av agenter som kan hjelpe deg med \u00e5 flytte til og fra alle destinasjoner i verden. De er medlem av IAM med 54 \u00e5rs erfaring og er akkreditert av FIDI.<\/p>\n<p>Security International Moving tilbyr flytte- og relokaliseringstjenester innen, til og fra Peru. De vil s\u00f8rge for sikker transport av eiendelene dine til bestemmelsesstedet og gi r\u00e5d om n\u00f8dvendig dokumentasjon. De tilbyr flyttetjenester som gir veiledning og hjelp til \u00e5 hjelpe folk med \u00e5 flytte og bosette seg i sitt nye hjem.<\/p>\n<p>Nettsted: <a href=\"http:\/\/www.simoving.com.pe\" target=\"_blank\" rel=\"noopener\">http:\/\/www.simoving.com.pe<\/a><\/p>\n<h2><span class=\"ez-toc-section\" id=\"9_World_Shipping_The_Movers\"><\/span><strong>9. World Shipping The Movers<\/strong><span class=\"ez-toc-section-end\"><\/span><\/h2>\n<p><img loading=\"lazy\" decoding=\"async\" class=\"alignnone size-full wp-image-8878\" src=\"https:\/\/moverdb.com\/wp-content\/uploads\/World-Shipping-international-moving-company.png\" alt=\"World Shipping internasjonalt flyttebyr\u00e5\" width=\"1440\" height=\"681\" data-wp-pid=\"8878\" srcset=\"https:\/\/moverdb.com\/wp-content\/uploads\/World-Shipping-international-moving-company.png 1440w, https:\/\/moverdb.com\/wp-content\/uploads\/World-Shipping-international-moving-company-300x142.png 300w, https:\/\/moverdb.com\/wp-content\/uploads\/World-Shipping-international-moving-company-1024x484.png 1024w, https:\/\/moverdb.com\/wp-content\/uploads\/World-Shipping-international-moving-company-18x9.png 18w, https:\/\/moverdb.com\/wp-content\/uploads\/World-Shipping-international-moving-company-600x284.png 600w\" sizes=\"auto, (max-width: 1440px) 100vw, 1440px\" \/><\/p>\n<ul>\n<li>Lokale og nasjonale flyttinger<\/li>\n<li>Internasjonale flyttinger<\/li>\n<li>Flytting av boliger<\/li>\n<li>Flytting av kontorer<\/li>\n<li>Pakketjeneste<\/li>\n<li>Fortegnelse og sporing<\/li>\n<li>Land-, sj\u00f8- og lufttransport<\/li>\n<li>Tollbehandling ved eksport og import<\/li>\n<li>Kunstverk i bevegelse<\/li>\n<li>Lagringsanlegg<\/li>\n<\/ul>\n<p>World Shipping The Movers er et flytte- og relokaliseringsselskap som har over 47 \u00e5rs erfaring og er basert i San Isidro. De samarbeider med 1 000 kvalifiserte agenter over hele verden for \u00e5 hjelpe dem med flytting til alle land, og de er medlem av IAM.<\/p>\n<p>World Shipping The Movers tilbyr en pakketjeneste med oppl\u00e6rt personale og spesialiserte materialer, inkludert beskyttelse av skj\u00f8re gjenstander. De vil forberede alle dokumenter for forsendelser, inkludert tollprosedyrer. De sporer forsendelsen din og gir deg oppdateringer. Ved ankomst pakker de ut eiendelene dine og fjerner eventuelt avfall.<\/p>\n<p>Nettsted: <a href=\"http:\/\/www.wsthemovers.com.pe\" target=\"_blank\" rel=\"noopener\">http:\/\/www.wsthemovers.com.pe<\/a><\/p>","protected":false},"excerpt":{"rendered":"<p>Moving can be a hectic time with so much to organise especially if you are moving countries and have paperwork to complete. This is where a moving company can assist in making the move easier. Below we have compiled a list of Peruvian removal companies that are members of the International Association of Movers (IAM) [&hellip;]<\/p>\n","protected":false},"author":4,"featured_media":0,"parent":190,"menu_order":0,"comment_status":"closed","ping_status":"closed","template":"","meta":{"_genesis_hide_title":false,"_genesis_hide_breadcrumbs":false,"_genesis_hide_singular_image":false,"_genesis_hide_footer_widgets":false,"_genesis_custom_body_class":"","_genesis_custom_post_class":"","_genesis_layout":"","footnotes":""},"class_list":{"0":"post-8910","1":"page","2":"type-page","3":"status-publish","5":"entry","6":"has-post-thumbnail"},"_links":{"self":[{"href":"https:\/\/moverdb.com\/nb\/wp-json\/wp\/v2\/pages\/8910","targetHints":{"allow":["GET"]}}],"collection":[{"href":"https:\/\/moverdb.com\/nb\/wp-json\/wp\/v2\/pages"}],"about":[{"href":"https:\/\/moverdb.com\/nb\/wp-json\/wp\/v2\/types\/page"}],"author":[{"embeddable":true,"href":"https:\/\/moverdb.com\/nb\/wp-json\/wp\/v2\/users\/4"}],"replies":[{"embeddable":true,"href":"https:\/\/moverdb.com\/nb\/wp-json\/wp\/v2\/comments?post=8910"}],"version-history":[{"count":1,"href":"https:\/\/moverdb.com\/nb\/wp-json\/wp\/v2\/pages\/8910\/revisions"}],"predecessor-version":[{"id":8911,"href":"https:\/\/moverdb.com\/nb\/wp-json\/wp\/v2\/pages\/8910\/revisions\/8911"}],"up":[{"embeddable":true,"href":"https:\/\/moverdb.com\/nb\/wp-json\/wp\/v2\/pages\/190"}],"wp:attachment":[{"href":"https:\/\/moverdb.com\/nb\/wp-json\/wp\/v2\/media?parent=8910"}],"curies":[{"name":"wp","href":"https:\/\/api.w.org\/{rel}","templated":true}]}}