{"id":891,"date":"2016-09-03T21:06:56","date_gmt":"2016-09-03T21:06:56","guid":{"rendered":"http:\/\/moverdb.com\/?page_id=891"},"modified":"2026-01-08T14:47:50","modified_gmt":"2026-01-08T14:47:50","slug":"bournes","status":"publish","type":"page","link":"https:\/\/moverdb.com\/nb\/bournes\/","title":{"rendered":"Bournes Flytter: Internasjonal flytting og flytting Anmeldelser"},"content":{"rendered":"<p>Bournes tilbyr sine kunder et utvalg av <a href=\"https:\/\/moverdb.com\/nb\/international-removals\/\" data-internallinksmanager029f6b8e52c=\"27\" title=\"De 36 beste internasjonale flyttebyr\u00e5ene i Storbritannia\">internasjonale flyttinger<\/a> tjenester for flytting til utlandet som er oppf\u00f8rt nedenfor. Det f\u00f8lger ogs\u00e5 en selskapsprofil og vurderinger.<\/p>\n<p><strong>Internasjonal flytting<\/strong><\/p>\n<ul>\n<li> Full pakkeservice<\/li>\n<li> Tjeneste for pakking av deler<\/li>\n<li> Selvpakking<\/li>\n<li> Spesialinnpakning av m\u00f8bler for eksport<\/li>\n<li> Bistand til dokumentasjon<\/li>\n<li> Innsamling<\/li>\n<li> Transport med skip <a href=\"https:\/\/moverdb.com\/nb\/containertransport\/\">full containertransport<\/a>, dellast, trecontainer<\/li>\n<li> Luftfrakt<\/li>\n<li> Flytting av kj\u00e6ledyr<\/li>\n<li> <a href=\"https:\/\/moverdb.com\/nb\/bil-transport-frakt\/\">Flytting av kj\u00f8ret\u00f8y<\/a><\/li>\n<li> Rengj\u00f8ring<\/li>\n<li> H\u00e5ndverkertjeneste<\/li>\n<li> Forsikring ordnet<\/li>\n<\/ul>\n<p><strong>Hjelp til flytting<\/strong><\/p>\n<ul>\n<li> Planlegging f\u00f8r avreise omfatter en behovsvurdering (skoler osv.).<\/li>\n<li> Tverrkulturell oppl\u00e6ring<\/li>\n<li> Se programmet<\/li>\n<li> Tjeneste for boligs\u00f8king og orientering<\/li>\n<li> Skoles\u00f8k<\/li>\n<li> Bosetting i tjeneste<\/li>\n<li> Forretningspraksis<\/li>\n<li> Bistand til repatriering<\/li>\n<\/ul>\n<p><strong>Kommersielle flyttinger<\/strong><\/p>\n<ul>\n<li> Prosjektledelse<\/li>\n<li> Planlegging f\u00f8r flytting<\/li>\n<li> Pakke- og utpakkingstjenester<\/li>\n<li> Lagring<\/li>\n<li> Transport over hele verden<\/li>\n<li> Innvendig levering<\/li>\n<li> Installasjon og montering<\/li>\n<li> Omvendt logistikk og avvikling<\/li>\n<\/ul>\n<p><strong>Lagring<\/strong><\/p>\n<ul>\n<li> Over 1200 steder p\u00e5 6 kontinenter<\/li>\n<li> Langsiktig og kortsiktig<\/li>\n<li> CCTV 24\/7 eller sikkerhetsteam<\/li>\n<li> Alle sikre steder<\/li>\n<\/ul>\n<h2>Bournes bedriftsprofil<\/h2>\n<p>Bournes ble etablert i 1875 av Thomas Bourne som et generelt transportfirma som leverte varer og kull. Etter andre verdenskrig ekspanderte selskapet til flytting og lagring. P\u00e5 1960- og 70-tallet vokste selskapet betydelig, kj\u00f8pte opp mindre firmaer og bygde egne lagerfasiliteter.<\/p>\n<p>Bournes begynte \u00e5 bevege seg i Europa i 1993, og i 2001 begynte de med <a href=\"https:\/\/moverdb.com\/nb\/flyttefirmaer\/\">flytte internasjonalt<\/a>. De var n\u00e5 i stand til \u00e5 flytte mennesker og selskaper til 1500 steder i over 120 land.<\/p>\n<p>Selskapet er fortsatt familiedrevet i dag av femte generasjon Bournes, hvis familie- og forretningsverdier er \u00e6rlighet, integritet og \u00e5penhet. Bournes har dedikerte, velutdannede medarbeidere som samarbeider med hundrevis av globale flytteeksperter over hele verden.<\/p>\n<p>Bournes har f\u00f8lgende akkrediteringer og tilknytninger:<\/p>\n<ul>\n<li> <a href=\"https:\/\/moverdb.com\/nb\/harmony-relocation-network\/\">Harmony Relocation Network<\/a><\/li>\n<li> Et britisk standard ISO 9001:2008-flyttefirma<\/li>\n<li> <a href=\"https:\/\/moverdb.com\/nb\/british-association-of-removers\/\">Den britiske sammenslutningen av flyttemenn<\/a> (<a href=\"https:\/\/moverdb.com\/nb\/british-association-of-removers\/\" data-internallinksmanager029f6b8e52c=\"9\" title=\"British Association of Removers (BAR) Forklart (p\u00e5 engelsk)\">BAR<\/a>)<\/li>\n<li> <a href=\"https:\/\/moverdb.com\/nb\/bar-overseas\/\">British Association of Removers Overseas Group<\/a><\/li>\n<li> Hvilken? P\u00e5litelig forhandler<\/li>\n<li> <a href=\"https:\/\/moverdb.com\/nb\/fidi-faim\/\">FIDI<\/a><\/li>\n<li> <a href=\"https:\/\/moverdb.com\/nb\/fidi-faim\/\" data-internallinksmanager029f6b8e52c=\"16\" title=\"FIDI &amp; FAIM (FIDI-akkreditert internasjonal spedit\u00f8r) forklart\">FAIM<\/a><\/li>\n<li> Den <a href=\"https:\/\/moverdb.com\/nb\/iam\/\">International Association of Movers<\/a> (<a href=\"https:\/\/moverdb.com\/nb\/iam\/\" data-internallinksmanager029f6b8e52c=\"23\" title=\"International Association of Movers (IAM) Forklaret\">IAM<\/a>)<\/li>\n<li> <a href=\"https:\/\/moverdb.com\/nb\/eura\/\">European Relocation Association<\/a> (<a href=\"https:\/\/moverdb.com\/nb\/eura\/\" data-internallinksmanager029f6b8e52c=\"13\" title=\"European Relocation Association (EuRA) Forklaret\">EuRA<\/a>)<\/li>\n<li> <a href=\"https:\/\/moverdb.com\/nb\/mtc\/\">The Movers Trading Club<\/a> (<a href=\"https:\/\/moverdb.com\/nb\/mtc\/\" data-internallinksmanager029f6b8e52c=\"30\" title=\"Movers Trading Club (MTC) forklart\">MTC<\/a>)<\/li>\n<\/ul>\n<h2>Anmeldelser av Bournes Moves<\/h2>\n<p><strong>Positiv<\/strong><\/p>\n<ul>\n<li> <em>\"Bournes var fantastiske fra den opprinnelige vurderingen av hva jeg burde og ikke burde sende til <a href=\"https:\/\/moverdb.com\/nb\/moving-to-australia\/living-in-australia\/\" data-internallinksmanager029f6b8e52c=\"240\" title=\"21 hemmeligheter om \u00e5 bo i Australia for \u00e5 vite f\u00f8r du flytter\">Australia<\/a>, pakkingen og utpakkingen i Australia. Tjenesten gjorde flyttingen s\u00e5 stressfri som en slik flytting kan v\u00e6re, og jeg kan ikke anbefale dem sterkt nok.\"<\/em> - via <a href=\"http:\/\/bournesmoves.com\/international-removals\/international-customer-reviews.htm\" target=\"_blank\" rel=\"noopener\">Bournes Review-side<\/a><\/li>\n<li> <em>\"Rask service med konkurransedyktige priser. Teamet var veldig h\u00f8flige og hjelpsomme og h\u00e5ndterte endringene i ferdigstillelsesdatoene v\u00e5re godt. Ekstra lagring ble enkelt gitt over natten slik at vi kunne rengj\u00f8re den nye eiendommen f\u00f8r vi flyttet inn. Alt i alt god service.\"<\/em> - via <a href=\"https:\/\/www.trustedmover.org\/questionnaire\/4587\" target=\"_blank\" rel=\"noopener\">BAR-gjennomgangsside<\/a><\/li>\n<li> <em>\"Utmerket service fra kunnskapsrik og betryggende tilbud til hjelpsomt og vennlig team som hjalp til <a href=\"https:\/\/moverdb.com\/nb\/moving-to-the-united-states\/\" data-internallinksmanager029f6b8e52c=\"94\" title=\"Flytte til USA? 2023 Levekostnader og flyttetips\">oss<\/a> med flyttingen\"<\/em> - Susanna via <a href=\"http:\/\/trustedtraders.which.co.uk\/businesses\/bournes-moves\/#reviews\" target=\"_blank\" rel=\"noopener\">Hvilke?<\/a><\/li>\n<li> <em>\"Jeg var veldig forn\u00f8yd. Spesielt da forsendelsen min ankom trygt hjem til meg i den <a href=\"https:\/\/moverdb.com\/nb\/moving-to-the-uk\/\" data-internallinksmanager029f6b8e52c=\"93\" title=\"Flytte til Storbritannia? 2023 Levekostnader og flyttetips\">STORBRITANNIA<\/a> da mannskapet var ekstremt h\u00f8flige og sv\u00e6rt hjelpsomme.\"<\/em> - Susan via <a href=\"https:\/\/www.facebook.com\/BournesRemovals\/reviews\/\" target=\"_blank\" rel=\"noopener\">Facebook<\/a><\/li>\n<\/ul>\n<p><strong>Negativ<\/strong><\/p>\n<ul>\n<li> \"Vi var s\u00e5 uheldige \u00e5 velge Bournes, som var v\u00e5r f\u00f8rste flytting p\u00e5 19 \u00e5r, s\u00e5 derfor var det en stor ting for hele familien. V\u00e6r veldig oppmerksom n\u00e5r du velger dette selskapet.\" - Ali via <a href=\"http:\/\/www.removalreviews.co.uk\/movingreviews\/miserable-move-12090\" target=\"_blank\" rel=\"noopener\">Vurderinger av fjerning<\/a><\/li>\n<\/ul>\n<div itemprop=\"review\" itemscope itemtype=\"http:\/\/schema.org\/Review\">\n<span itemprop=\"author\" itemscope=\"\" itemtype=\"http:\/\/schema.org\/Organization\"><span itemprop=\"name\">MoverDB.com<\/span><\/span> Nettstedsgjennomgang for <span itemprop=\"itemreviewed\" itemscope=\"\" itemtype=\"http:\/\/schema.org\/Brand\"><span itemprop=\"name\">Bournes beveger seg<\/span><\/span>:<\/p>\n<ol>\n<li> Tydelige kontaktopplysninger p\u00e5 nettstedet (inkludert telefonnummer): <strong>Ja<\/strong><\/li>\n<li> Lett \u00e5 f\u00e5 tak i <a href=\"https:\/\/moverdb.com\/nb\/sitater\/\">tilbud p\u00e5 internasjonale flyttinger<\/a>? (skjema for foresp\u00f8rsel om prisoverslag p\u00e5 nett): <strong>Ja<\/strong><\/li>\n<li> Tydelig informasjon p\u00e5 nettstedet: <strong>Ja,<\/strong> Nettstedet inneholder mye nyttig informasjon.<\/li>\n<li> Medlemskap i internasjonalt anerkjente flytteorganisasjoner: <strong>Ja<\/strong>se ovenfor.<\/li>\n<li> Liste over kunder og\/eller tidligere kundeuttalelser: <strong>Noen,<\/strong> det er kundeanmeldelser p\u00e5 nettstedet, men de er ikke de enkleste \u00e5 finne, noe som er rart, fordi de er veldig positive.<\/li>\n<\/ol>\n<div itemprop=\"reviewRating\" itemscope itemtype=\"http:\/\/schema.org\/Rating\"><meta itemprop=\"worstRating\" content = \"0\" \/><meta itemprop=\"bestRating\" content=\"5\" \/><meta itemprop=\"ratingValue\" content=\"4.5\"><\/div>\n<p><strong>Samlet poengsum: 4.5\/5<\/strong><br \/>\n<strong>Dato for gjennomgang:<\/strong> <span itemprop=\"datePublished\" content=\"2016-09-03\">03\/09\/2016<\/span>\n<\/div>\n<p>Les om andre <a href=\"https:\/\/moverdb.com\/nb\/internasjonale-flyttinger\/\">flyttebyr\u00e5er<\/a> og mer p\u00e5 v\u00e5r <a href=\"https:\/\/moverdb.com\/nb\/vurderinger\/\">gjennomgangsprosessen<\/a>.<\/p>\n<p><strong>Nettsted:<\/strong> <a href=\"http:\/\/bournesmoves.com\" target=\"_blank\" rel=\"noopener\">http:\/\/bournesmoves.com<\/a><\/p>","protected":false},"excerpt":{"rendered":"<p>Bournes offers its clients a selection of international removals services for moving overseas which are listed below. There also follows a company profile and reviews. International Moving Full packing service Part packing service Self-packing Special care furniture export wrapping Assistance with documentation Collection Transport by ship &#8211; full container shipping, part load, wooden container Airfreight [&hellip;]<\/p>\n","protected":false},"author":1,"featured_media":0,"parent":0,"menu_order":0,"comment_status":"closed","ping_status":"closed","template":"","meta":{"_genesis_hide_title":false,"_genesis_hide_breadcrumbs":false,"_genesis_hide_singular_image":false,"_genesis_hide_footer_widgets":false,"_genesis_custom_body_class":"","_genesis_custom_post_class":"","_genesis_layout":"","footnotes":""},"class_list":{"0":"post-891","1":"page","2":"type-page","3":"status-publish","5":"entry"},"_links":{"self":[{"href":"https:\/\/moverdb.com\/nb\/wp-json\/wp\/v2\/pages\/891","targetHints":{"allow":["GET"]}}],"collection":[{"href":"https:\/\/moverdb.com\/nb\/wp-json\/wp\/v2\/pages"}],"about":[{"href":"https:\/\/moverdb.com\/nb\/wp-json\/wp\/v2\/types\/page"}],"author":[{"embeddable":true,"href":"https:\/\/moverdb.com\/nb\/wp-json\/wp\/v2\/users\/1"}],"replies":[{"embeddable":true,"href":"https:\/\/moverdb.com\/nb\/wp-json\/wp\/v2\/comments?post=891"}],"version-history":[{"count":6,"href":"https:\/\/moverdb.com\/nb\/wp-json\/wp\/v2\/pages\/891\/revisions"}],"predecessor-version":[{"id":6185,"href":"https:\/\/moverdb.com\/nb\/wp-json\/wp\/v2\/pages\/891\/revisions\/6185"}],"wp:attachment":[{"href":"https:\/\/moverdb.com\/nb\/wp-json\/wp\/v2\/media?parent=891"}],"curies":[{"name":"wp","href":"https:\/\/api.w.org\/{rel}","templated":true}]}}