{"id":8906,"date":"2023-04-27T14:30:32","date_gmt":"2023-04-27T14:30:32","guid":{"rendered":"https:\/\/moverdb.com\/?page_id=8906"},"modified":"2026-01-08T15:24:24","modified_gmt":"2026-01-08T15:24:24","slug":"moving-companies-paraguay","status":"publish","type":"page","link":"https:\/\/moverdb.com\/nb\/moving-companies\/moving-companies-paraguay\/","title":{"rendered":"3 beste internasjonale flyttefirmaer i Paraguay"},"content":{"rendered":"<p>Planlegger du \u00e5 flytte i, til eller fra Paraguay? Hvis du trenger hjelp til \u00e5 pakke og organisere flyttingen din, spesielt hvis du flytter land og trenger \u00e5 fylle ut import- \/ eksportpapirene. Nedenfor har vi samlet en liste over Paraguay baserte <a href=\"https:\/\/moverdb.com\/nb\/international-removals\/\" data-internallinksmanager029f6b8e52c=\"27\" title=\"De 36 beste internasjonale flyttebyr\u00e5ene i Storbritannia\">flyttebyr\u00e5er<\/a> som er medlemmer av <a href=\"https:\/\/moverdb.com\/nb\/iam\/\" data-internallinksmanager029f6b8e52c=\"23\" title=\"International Association of Movers (IAM) Forklaret\">International Association of Movers<\/a> (IAM) og\/eller <a href=\"https:\/\/moverdb.com\/nb\/fidi-faim\/\" data-internallinksmanager029f6b8e52c=\"16\" title=\"FIDI &amp; FAIM (FIDI-akkreditert internasjonal spedit\u00f8r) forklart\">FIDI<\/a> Accredited International Mover (FAIM) som kan hjelpe deg med flyttingen.<\/p>\n<h2><strong>1. Servimex<\/strong><\/h2>\n<p><img loading=\"lazy\" decoding=\"async\" class=\"alignnone size-full wp-image-8856\" src=\"https:\/\/moverdb.com\/wp-content\/uploads\/Servimex-international-moving-company.png\" alt=\"Servimex internasjonalt flyttebyr\u00e5\" width=\"1440\" height=\"674\" data-wp-pid=\"8856\" srcset=\"https:\/\/moverdb.com\/wp-content\/uploads\/Servimex-international-moving-company.png 1440w, https:\/\/moverdb.com\/wp-content\/uploads\/Servimex-international-moving-company-300x140.png 300w, https:\/\/moverdb.com\/wp-content\/uploads\/Servimex-international-moving-company-1024x479.png 1024w, https:\/\/moverdb.com\/wp-content\/uploads\/Servimex-international-moving-company-18x8.png 18w, https:\/\/moverdb.com\/wp-content\/uploads\/Servimex-international-moving-company-600x281.png 600w\" sizes=\"auto, (max-width: 1440px) 100vw, 1440px\" \/><\/p>\n<ul>\n<li>Lokale nasjonale flyttinger<\/li>\n<li>Internasjonale flyttinger<\/li>\n<li>Flytting av boliger<\/li>\n<li>Flytting av kontorer<\/li>\n<li>D\u00f8r-til-d\u00f8r-tjenester<\/li>\n<li>Pakketjeneste<\/li>\n<li>Vei-, sj\u00f8- og lufttransport<\/li>\n<li>Tollklarering<\/li>\n<li>Forsikring<\/li>\n<li>Lagringsanlegg<\/li>\n<\/ul>\n<p>Servimex er en <a href=\"https:\/\/moverdb.com\/nb\/moving-companies\/\" data-internallinksmanager029f6b8e52c=\"79\" title=\"Topp 25 internasjonale flyttebyr\u00e5er p\u00e5 nettet\">flyttefirma<\/a> som ble grunnlagt i 1979 og er basert i Asuncion. De er medlem av IAM med 44 \u00e5rs erfaring og er akkreditert av FIDI, noe som gir dem tilgang til et internasjonalt nettverk av flytteagenter.<\/p>\n<p>Servimex tilbyr en pakketjeneste for husholdningsvarer og kunstverk som pakkes i industriell emballasje for \u00e5 beskytte dem under transport. De tilbyr multimodale transportl\u00f8sninger, inkludert vei-, sj\u00f8- og lufttransport med containere, og de bist\u00e5r med eksport- og importfortolling. De tilbyr relokaliseringstjenester, inkludert innvandring, orientering, bosettingshjelp, hus- og skoles\u00f8k og avreisebistand.<\/p>\n<p>Nettsted: <a href=\"http:\/\/www.servimex.com.py\" target=\"_blank\" rel=\"noopener\">http:\/\/www.servimex.com.py<\/a><\/p>\n<h2><strong>2. Benkovics<\/strong><\/h2>\n<p><img loading=\"lazy\" decoding=\"async\" class=\"alignnone size-full wp-image-8766\" src=\"https:\/\/moverdb.com\/wp-content\/uploads\/Benkovics-international-moving-company.png\" alt=\"Benkovics internasjonale flyttebyr\u00e5\" width=\"1440\" height=\"679\" data-wp-pid=\"8766\" srcset=\"https:\/\/moverdb.com\/wp-content\/uploads\/Benkovics-international-moving-company.png 1440w, https:\/\/moverdb.com\/wp-content\/uploads\/Benkovics-international-moving-company-300x141.png 300w, https:\/\/moverdb.com\/wp-content\/uploads\/Benkovics-international-moving-company-1024x483.png 1024w, https:\/\/moverdb.com\/wp-content\/uploads\/Benkovics-international-moving-company-18x8.png 18w, https:\/\/moverdb.com\/wp-content\/uploads\/Benkovics-international-moving-company-600x283.png 600w\" sizes=\"auto, (max-width: 1440px) 100vw, 1440px\" \/><\/p>\n<ul>\n<li>Nasjonale flyttinger<\/li>\n<li>Internasjonale flyttinger<\/li>\n<li>Flytting av husholdninger<\/li>\n<li>Sp\u00f8rreunders\u00f8kelse f\u00f8r flytting<\/li>\n<li>Veiledning om flytting<\/li>\n<li>Pakketjeneste<\/li>\n<li>Land-, luft- og sj\u00f8transport<\/li>\n<li>Eksportklarering<\/li>\n<li>Forsikring<\/li>\n<li>Kort- og langtidslagring<\/li>\n<\/ul>\n<p>Benkovics er et flyttebyr\u00e5 med base i Asuncion. De samarbeider med internasjonalt akkrediterte flyttebyr\u00e5er over hele verden for \u00e5 levere sine tjenester internasjonalt. De er medlem av IAM med 64 \u00e5rs fartstid.<\/p>\n<p>Benkovics tilbyr en unders\u00f8kelse f\u00f8r flytting for \u00e5 vurdere omfanget av flyttebehovene dine og gi deg et estimat. De tilbyr en pakketjeneste som bruker pakkematerialer av beste kvalitet, inkludert treskjelett og solide esker for \u00e5 beskytte eiendelene dine. Logistikkekspertene deres ordner transport p\u00e5 vei, med fly eller b\u00e5t og hjelper deg med eksportklarering. Ved ankomst pakker de ut og fjerner alt avfall.<\/p>\n<p>Nettsted: <a href=\"http:\/\/www.benkovics.com.py\" target=\"_blank\" rel=\"noopener\">http:\/\/www.benkovics.com.py<\/a><\/p>\n<h2><strong>3. Asuncion Vanpack<\/strong><\/h2>\n<p><img loading=\"lazy\" decoding=\"async\" class=\"alignnone size-full wp-image-8761\" src=\"https:\/\/moverdb.com\/wp-content\/uploads\/Asuncion-Vanpack-international-moving-company.png\" alt=\"Asuncion Vanpack internasjonalt flyttebyr\u00e5\" width=\"1440\" height=\"677\" data-wp-pid=\"8761\" srcset=\"https:\/\/moverdb.com\/wp-content\/uploads\/Asuncion-Vanpack-international-moving-company.png 1440w, https:\/\/moverdb.com\/wp-content\/uploads\/Asuncion-Vanpack-international-moving-company-300x141.png 300w, https:\/\/moverdb.com\/wp-content\/uploads\/Asuncion-Vanpack-international-moving-company-1024x481.png 1024w, https:\/\/moverdb.com\/wp-content\/uploads\/Asuncion-Vanpack-international-moving-company-18x8.png 18w, https:\/\/moverdb.com\/wp-content\/uploads\/Asuncion-Vanpack-international-moving-company-600x282.png 600w\" sizes=\"auto, (max-width: 1440px) 100vw, 1440px\" \/><\/p>\n<ul>\n<li>Nasjonale tiltak<\/li>\n<li>Internasjonale flyttinger<\/li>\n<li>Flytting av husholdninger<\/li>\n<li>Sp\u00f8rreunders\u00f8kelse i hjemmet<\/li>\n<li>Pakketjeneste<\/li>\n<li>Spesialemballasje<\/li>\n<li>Tilrettelegging av transport<\/li>\n<li>Forsikring<\/li>\n<li>H\u00e5ndtering av filer<\/li>\n<li>Lagringsanlegg<\/li>\n<\/ul>\n<p>Asuncion Vanpack er et transport- og logistikkselskap med mer enn 30 \u00e5rs erfaring og er basert i Asuncion. De er medlem av IAM med 35 \u00e5rs erfaring, noe som gir dem tilgang til et internasjonalt nettverk av flytteagenter som st\u00f8tter dem utenfor Paraguay.<\/p>\n<p>Asuncion Vanpack gjennomf\u00f8rer en unders\u00f8kelse for \u00e5 fastsl\u00e5 volumet p\u00e5 flyttingen din for \u00e5 anbefale de beste alternativene for flyttingen din og sette sammen et tilbud. De tilbyr en pakketjeneste som gir de beste emballasjematerialene for \u00e5 beskytte gjenstandene dine under transport, og de bruker spesifikk emballasjedesign for hver gjenstand og har snekring for spesialkrav.<\/p>\n<p>Nettsted: <a href=\"http:\/\/www.asuncionvanpack.com\" target=\"_blank\" rel=\"noopener\">http:\/\/www.asuncionvanpack.com<\/a><\/p>","protected":false},"excerpt":{"rendered":"<p>Are you planning a move within, to or from Paraguay? If you need help with packing and organising your move especially if you are moving countries and need to complete import\/export paperwork. Below we have compiled a list of Paraguay based removal companies that are members of the International Association of Movers (IAM) and\/or FIDI [&hellip;]<\/p>\n","protected":false},"author":4,"featured_media":0,"parent":190,"menu_order":0,"comment_status":"closed","ping_status":"closed","template":"","meta":{"_genesis_hide_title":false,"_genesis_hide_breadcrumbs":false,"_genesis_hide_singular_image":false,"_genesis_hide_footer_widgets":false,"_genesis_custom_body_class":"","_genesis_custom_post_class":"","_genesis_layout":"","footnotes":""},"class_list":{"0":"post-8906","1":"page","2":"type-page","3":"status-publish","5":"entry","6":"has-post-thumbnail"},"_links":{"self":[{"href":"https:\/\/moverdb.com\/nb\/wp-json\/wp\/v2\/pages\/8906","targetHints":{"allow":["GET"]}}],"collection":[{"href":"https:\/\/moverdb.com\/nb\/wp-json\/wp\/v2\/pages"}],"about":[{"href":"https:\/\/moverdb.com\/nb\/wp-json\/wp\/v2\/types\/page"}],"author":[{"embeddable":true,"href":"https:\/\/moverdb.com\/nb\/wp-json\/wp\/v2\/users\/4"}],"replies":[{"embeddable":true,"href":"https:\/\/moverdb.com\/nb\/wp-json\/wp\/v2\/comments?post=8906"}],"version-history":[{"count":1,"href":"https:\/\/moverdb.com\/nb\/wp-json\/wp\/v2\/pages\/8906\/revisions"}],"predecessor-version":[{"id":8907,"href":"https:\/\/moverdb.com\/nb\/wp-json\/wp\/v2\/pages\/8906\/revisions\/8907"}],"up":[{"embeddable":true,"href":"https:\/\/moverdb.com\/nb\/wp-json\/wp\/v2\/pages\/190"}],"wp:attachment":[{"href":"https:\/\/moverdb.com\/nb\/wp-json\/wp\/v2\/media?parent=8906"}],"curies":[{"name":"wp","href":"https:\/\/api.w.org\/{rel}","templated":true}]}}