{"id":8897,"date":"2023-04-27T14:33:01","date_gmt":"2023-04-27T14:33:01","guid":{"rendered":"https:\/\/moverdb.com\/?page_id=8897"},"modified":"2026-01-08T15:29:01","modified_gmt":"2026-01-08T15:29:01","slug":"moving-companies-norway","status":"publish","type":"page","link":"https:\/\/moverdb.com\/nb\/moving-companies\/moving-companies-norway\/","title":{"rendered":"De 5 beste internasjonale flyttebyr\u00e5ene i Norge"},"content":{"rendered":"<p>Hvis du flytter hjem eller virksomhet i, til eller fra <a href=\"https:\/\/moverdb.com\/nb\/moving-to-norway\/\" data-internallinksmanager029f6b8e52c=\"325\" title=\"Flytte til Norge? 2023 Levekostnader og flyttetips\">Norge<\/a> da kan det v\u00e6re lurt \u00e5 benytte seg av tjenestene til en <a href=\"https:\/\/moverdb.com\/nb\/moving-companies\/\" data-internallinksmanager029f6b8e52c=\"79\" title=\"Topp 25 internasjonale flyttebyr\u00e5er p\u00e5 nettet\">flyttefirma<\/a> for \u00e5 hjelpe deg. De kan hjelpe deg med \u00e5 pakke, organisere transport og ordne papirarbeid. Nedenfor har vi satt sammen en liste over Norge-baserte <a href=\"https:\/\/moverdb.com\/nb\/international-removals\/\" data-internallinksmanager029f6b8e52c=\"27\" title=\"De 36 beste internasjonale flyttebyr\u00e5ene i Storbritannia\">flyttebyr\u00e5er<\/a> som er medlemmer av <a href=\"https:\/\/moverdb.com\/nb\/iam\/\" data-internallinksmanager029f6b8e52c=\"23\" title=\"International Association of Movers (IAM) Forklaret\">International Association of Movers<\/a> (IAM) og\/eller <a href=\"https:\/\/moverdb.com\/nb\/fidi-faim\/\" data-internallinksmanager029f6b8e52c=\"16\" title=\"FIDI &amp; FAIM (FIDI-akkreditert internasjonal spedit\u00f8r) forklart\">FIDI<\/a> Accredited International Mover (FAIM) som kan hjelpe deg med flyttingen.<\/p>\n<div id=\"ez-toc-container\" class=\"ez-toc-v2_0_82_2 ez-toc-wrap-left counter-hierarchy ez-toc-counter ez-toc-transparent ez-toc-container-direction\">\n<div class=\"ez-toc-title-container\">\n<p class=\"ez-toc-title\" style=\"cursor:inherit\">Seksjoner<\/p>\n<span class=\"ez-toc-title-toggle\"><a href=\"#\" class=\"ez-toc-pull-right ez-toc-btn ez-toc-btn-xs ez-toc-btn-default ez-toc-toggle\" aria-label=\"Bytt innholdsfortegnelse\"><span class=\"ez-toc-js-icon-con\"><span class=\"\"><span class=\"eztoc-hide\" style=\"display:none;\">Toggle<\/span><span class=\"ez-toc-icon-toggle-span\"><svg style=\"fill: #999;color:#999\" xmlns=\"http:\/\/www.w3.org\/2000\/svg\" class=\"list-377408\" width=\"20px\" height=\"20px\" viewbox=\"0 0 24 24\" fill=\"none\"><path d=\"M6 6H4v2h2V6zm14 0H8v2h12V6zM4 11h2v2H4v-2zm16 0H8v2h12v-2zM4 16h2v2H4v-2zm16 0H8v2h12v-2z\" fill=\"currentColor\"><\/path><\/svg><svg style=\"fill: #999;color:#999\" class=\"arrow-unsorted-368013\" xmlns=\"http:\/\/www.w3.org\/2000\/svg\" width=\"10px\" height=\"10px\" viewbox=\"0 0 24 24\" version=\"1.2\" baseprofile=\"tiny\"><path d=\"M18.2 9.3l-6.2-6.3-6.2 6.3c-.2.2-.3.4-.3.7s.1.5.3.7c.2.2.4.3.7.3h11c.3 0 .5-.1.7-.3.2-.2.3-.5.3-.7s-.1-.5-.3-.7zM5.8 14.7l6.2 6.3 6.2-6.3c.2-.2.3-.5.3-.7s-.1-.5-.3-.7c-.2-.2-.4-.3-.7-.3h-11c-.3 0-.5.1-.7.3-.2.2-.3.5-.3.7s.1.5.3.7z\"\/><\/svg><\/span><\/span><\/span><\/a><\/span><\/div>\n<nav><ul class='ez-toc-list ez-toc-list-level-1 eztoc-toggle-hide-by-default' ><li class='ez-toc-page-1 ez-toc-heading-level-2'><a class=\"ez-toc-link ez-toc-heading-1\" href=\"https:\/\/moverdb.com\/nb\/moving-companies\/moving-companies-norway\/#1_Adams_Express\" >1. Adams Express<\/a><\/li><li class='ez-toc-page-1 ez-toc-heading-level-2'><a class=\"ez-toc-link ez-toc-heading-2\" href=\"https:\/\/moverdb.com\/nb\/moving-companies\/moving-companies-norway\/#2_Hakull\" >2. Hakull<\/a><\/li><li class='ez-toc-page-1 ez-toc-heading-level-2'><a class=\"ez-toc-link ez-toc-heading-3\" href=\"https:\/\/moverdb.com\/nb\/moving-companies\/moving-companies-norway\/#3_NFB_International_Relocations\" >3. NFB International Relocations<\/a><\/li><li class='ez-toc-page-1 ez-toc-heading-level-2'><a class=\"ez-toc-link ez-toc-heading-4\" href=\"https:\/\/moverdb.com\/nb\/moving-companies\/moving-companies-norway\/#4_SIRVA\" >4. SIRVA<\/a><\/li><li class='ez-toc-page-1 ez-toc-heading-level-2'><a class=\"ez-toc-link ez-toc-heading-5\" href=\"https:\/\/moverdb.com\/nb\/moving-companies\/moving-companies-norway\/#5_Vinjes\" >5. Vinjes<\/a><\/li><li class='ez-toc-page-1 ez-toc-heading-level-2'><a class=\"ez-toc-link ez-toc-heading-6\" href=\"https:\/\/moverdb.com\/nb\/moving-companies\/moving-companies-norway\/#Other_Useful_Guides_to_Norway\" >Andre nyttige guider til Norge<\/a><\/li><\/ul><\/nav><\/div>\n<h2><span class=\"ez-toc-section\" id=\"1_Adams_Express\"><\/span><strong>1. Adams Express<\/strong><span class=\"ez-toc-section-end\"><\/span><\/h2>\n<p><img loading=\"lazy\" decoding=\"async\" class=\"alignnone size-full wp-image-8750\" src=\"https:\/\/moverdb.com\/wp-content\/uploads\/Adams-Express-international-moving-company.png\" alt=\"Adams Express internasjonalt flyttebyr\u00e5\" width=\"1440\" height=\"674\" data-wp-pid=\"8750\" srcset=\"https:\/\/moverdb.com\/wp-content\/uploads\/Adams-Express-international-moving-company.png 1440w, https:\/\/moverdb.com\/wp-content\/uploads\/Adams-Express-international-moving-company-300x140.png 300w, https:\/\/moverdb.com\/wp-content\/uploads\/Adams-Express-international-moving-company-1024x479.png 1024w, https:\/\/moverdb.com\/wp-content\/uploads\/Adams-Express-international-moving-company-18x8.png 18w, https:\/\/moverdb.com\/wp-content\/uploads\/Adams-Express-international-moving-company-600x281.png 600w\" sizes=\"auto, (max-width: 1440px) 100vw, 1440px\" \/><\/p>\n<ul>\n<li>Nasjonale tiltak<\/li>\n<li>Internasjonale flyttinger<\/li>\n<li>Flytting av husholdninger<\/li>\n<li>Flytting av kontorer<\/li>\n<li>Pakketjeneste<\/li>\n<li>Tilrettelegging av transport<\/li>\n<li>Tollklarering<\/li>\n<li>H\u00e5ndtering av kunst<\/li>\n<li>Forsikring<\/li>\n<li>Kort- og langtidslagring<\/li>\n<\/ul>\n<p>Adams Express er et flytte-, lagrings- og logistikkselskap som har avdelinger i Bergen, Oslo og Stavanger. De har et omfattende nettverk av agenter over hele verden som kan bist\u00e5 dem med internasjonale tjenester. De er medlem av IAM med 125 \u00e5rs erfaring og er akkreditert av FIDI.<\/p>\n<p>Adams Express tilbyr flyttetjenester fra sm\u00e5 forsendelser til store kontrakter. De tilbyr en d\u00f8r-til-d\u00f8r-tjeneste som inkluderer inspeksjon av gjenstandene dine og planlegging av flyttingen. De tilbyr en pakketjeneste for \u00e5 beskytte eiendelene dine og pakker ut ved ankomst. De transporterer eiendelene dine til bestemmelsesstedet og hjelper deg med fortolling og forsikring.<\/p>\n<p>Nettsted: <a href=\"http:\/\/www.adamsexpress.no\" target=\"_blank\" rel=\"noopener\">http:\/\/www.adamsexpress.no<\/a><\/p>\n<h2><span class=\"ez-toc-section\" id=\"2_Hakull\"><\/span><strong>2. Hakull<\/strong><span class=\"ez-toc-section-end\"><\/span><\/h2>\n<p><img loading=\"lazy\" decoding=\"async\" class=\"alignnone size-full wp-image-8812\" src=\"https:\/\/moverdb.com\/wp-content\/uploads\/Hakull-international-moving-company.png\" alt=\"Hakull internasjonalt flyttebyr\u00e5\" width=\"1440\" height=\"680\" data-wp-pid=\"8812\" srcset=\"https:\/\/moverdb.com\/wp-content\/uploads\/Hakull-international-moving-company.png 1440w, https:\/\/moverdb.com\/wp-content\/uploads\/Hakull-international-moving-company-300x142.png 300w, https:\/\/moverdb.com\/wp-content\/uploads\/Hakull-international-moving-company-1024x484.png 1024w, https:\/\/moverdb.com\/wp-content\/uploads\/Hakull-international-moving-company-18x9.png 18w, https:\/\/moverdb.com\/wp-content\/uploads\/Hakull-international-moving-company-600x283.png 600w\" sizes=\"auto, (max-width: 1440px) 100vw, 1440px\" \/><\/p>\n<ul>\n<li>Lokale og nasjonale flyttinger<\/li>\n<li>Internasjonale flyttinger<\/li>\n<li>Flytting av husholdninger<\/li>\n<li>Flytting av kontorer<\/li>\n<li>Flyttetjenester<\/li>\n<li>D\u00f8r-til-d\u00f8r-tjeneste<\/li>\n<li>Pakketjeneste<\/li>\n<li>Vei-, sj\u00f8- og luftfrakt<\/li>\n<li>Tollklarering<\/li>\n<li>Lagringsanlegg<\/li>\n<\/ul>\n<p>Hakull er et internasjonalt transport- og flyttebyr\u00e5 grunnlagt i 1946 med avdelinger i Sandes, Kristiansand, Oslo og Norresundby. De er medlem av IAM med 77 \u00e5rs fartstid og er akkreditert av FIDI.<\/p>\n<p>Hakull tilbyr flyttetjenester for en rekke varer, inkludert m\u00f8bler og alt annet i hjemmet ditt med en d\u00f8r-til-d\u00f8r-tjeneste. De tilbyr en pakketjeneste for \u00e5 beskytte eiendelene dine under transport. De tilbyr transport p\u00e5 vei, sj\u00f8- eller luftfrakt som inkluderer et utvalg av containere som fulle og mindre enn fulle containerlaster. De hjelper deg med fortolling og kan tilby lagring om n\u00f8dvendig med forsikring.<\/p>\n<p>Nettsted: <a href=\"http:\/\/www.haakull.no\" target=\"_blank\" rel=\"noopener\">http:\/\/www.haakull.no<\/a><\/p>\n<h2><span class=\"ez-toc-section\" id=\"3_NFB_International_Relocations\"><\/span><strong>3. NFB International Relocations<\/strong><span class=\"ez-toc-section-end\"><\/span><\/h2>\n<p><img loading=\"lazy\" decoding=\"async\" class=\"alignnone size-full wp-image-8837\" src=\"https:\/\/moverdb.com\/wp-content\/uploads\/NFB-International-Relocations-company.png\" alt=\"Selskapet NFB International Relocations\" width=\"1440\" height=\"677\" data-wp-pid=\"8837\" srcset=\"https:\/\/moverdb.com\/wp-content\/uploads\/NFB-International-Relocations-company.png 1440w, https:\/\/moverdb.com\/wp-content\/uploads\/NFB-International-Relocations-company-300x141.png 300w, https:\/\/moverdb.com\/wp-content\/uploads\/NFB-International-Relocations-company-1024x481.png 1024w, https:\/\/moverdb.com\/wp-content\/uploads\/NFB-International-Relocations-company-18x8.png 18w, https:\/\/moverdb.com\/wp-content\/uploads\/NFB-International-Relocations-company-600x282.png 600w\" sizes=\"auto, (max-width: 1440px) 100vw, 1440px\" \/><\/p>\n<ul>\n<li>Nasjonale tiltak<\/li>\n<li>Internasjonale flyttinger<\/li>\n<li>Flytting av husholdninger<\/li>\n<li>Bedriften flytter<\/li>\n<li>Pakketjeneste<\/li>\n<li>Vei-, sj\u00f8- og lufttransport<\/li>\n<li>H\u00e5ndverker- og rengj\u00f8ringstjenester<\/li>\n<li>Hjem- og skoles\u00f8k<\/li>\n<li>Transittforsikring<\/li>\n<li>Kort- og langtidslagring<\/li>\n<\/ul>\n<p>NFB International Relocations er et internasjonalt flyttebyr\u00e5 med base i Skui. De samarbeider med et globalt nettverk av profesjonelle flyttebyr\u00e5er over hele verden i 150 land for \u00e5 tilby internasjonale tjenester. De er medlem av IAM med 15 \u00e5rs erfaring og er akkreditert av FIDI.<\/p>\n<p>NFB International Relocations tilbyr d\u00f8r-til-d\u00f8r-flyttetjenester som starter med en befaring f\u00f8r flyttingen. De tilbyr et bredt spekter av flyttetjenester, inkludert pakking, transport i Norge, Europa og internasjonalt, flytteadministrasjon, h\u00e5ndverker- og rengj\u00f8ringstjenester, lagring og forsikring. De tilbyr flyttetjenester som inkluderer bolig- og skoles\u00f8k, immigrasjon og visum, orientering og hjelp til \u00e5 registrere seg hos lokale tjenester.<\/p>\n<p>Nettsted: <a href=\"http:\/\/www.nfbir.com\" target=\"_blank\" rel=\"noopener\">http:\/\/www.nfbir.com<\/a><\/p>\n<h2><span class=\"ez-toc-section\" id=\"4_SIRVA\"><\/span><strong>4. SIRVA<\/strong><span class=\"ez-toc-section-end\"><\/span><\/h2>\n<p><img loading=\"lazy\" decoding=\"async\" class=\"alignnone size-full wp-image-8859\" src=\"https:\/\/moverdb.com\/wp-content\/uploads\/SIRVA-Norway-international-moving-company.png\" alt=\"SIRVA Norge internasjonalt flyttebyr\u00e5\" width=\"1440\" height=\"681\" data-wp-pid=\"8859\" srcset=\"https:\/\/moverdb.com\/wp-content\/uploads\/SIRVA-Norway-international-moving-company.png 1440w, https:\/\/moverdb.com\/wp-content\/uploads\/SIRVA-Norway-international-moving-company-300x142.png 300w, https:\/\/moverdb.com\/wp-content\/uploads\/SIRVA-Norway-international-moving-company-1024x484.png 1024w, https:\/\/moverdb.com\/wp-content\/uploads\/SIRVA-Norway-international-moving-company-18x9.png 18w, https:\/\/moverdb.com\/wp-content\/uploads\/SIRVA-Norway-international-moving-company-600x284.png 600w\" sizes=\"auto, (max-width: 1440px) 100vw, 1440px\" \/><\/p>\n<ul>\n<li>Nasjonale tiltak<\/li>\n<li>Internasjonale flyttinger<\/li>\n<li>Flytting av husholdninger<\/li>\n<li>Kommersielle tiltak<\/li>\n<li>Gjennomg\u00e5ende forvaltning<\/li>\n<li>Flytteeksperter for \u00e5 veilede deg<\/li>\n<li>Felles kontaktpunkt<\/li>\n<li>Valg av emballasjealternativer<\/li>\n<li>Tilrettelegging av transport<\/li>\n<li>Lagringsanlegg<\/li>\n<\/ul>\n<p>SIRVA er en global leverand\u00f8r av flytte- og relokaliseringstjenester som har 77 lokasjoner i over 190 land med kontorer i Oslo og Stavanger. Deres flyttemerker inkluderer SIRVA, Allied, North American Van Lines, SMARTBOX og flere. De er medlem av IAM med 46 \u00e5rs erfaring og er akkreditert av FIDI.<\/p>\n<p>SIRVA bruker banebrytende verkt\u00f8y og l\u00f8sninger for \u00e5 levere sine tjenester. De tilbyr komplette flyttetjenester eller gj\u00f8r-det-selv-flyttetjenester. De spesialiserer seg p\u00e5 \u00e5 tilby tjenester til bedrifter som flytter ansatte individuelt eller i grupper. De tilbyr flytteeksperter som kan veilede deg gjennom prosessen og v\u00e6re et enkelt kontaktpunkt.<\/p>\n<p>Nettsted: <a href=\"http:\/\/www.teamrelocations.com\" target=\"_blank\" rel=\"noopener\">http:\/\/www.teamrelocations.com<\/a><\/p>\n<h2><span class=\"ez-toc-section\" id=\"5_Vinjes\"><\/span><strong>5. Vinjes<\/strong><span class=\"ez-toc-section-end\"><\/span><\/h2>\n<p><img loading=\"lazy\" decoding=\"async\" class=\"alignnone size-full wp-image-8874\" src=\"https:\/\/moverdb.com\/wp-content\/uploads\/Vinjes-international-moving-company.png\" alt=\"Vinjes internasjonale flyttebyr\u00e5\" width=\"1440\" height=\"681\" data-wp-pid=\"8874\" srcset=\"https:\/\/moverdb.com\/wp-content\/uploads\/Vinjes-international-moving-company.png 1440w, https:\/\/moverdb.com\/wp-content\/uploads\/Vinjes-international-moving-company-300x142.png 300w, https:\/\/moverdb.com\/wp-content\/uploads\/Vinjes-international-moving-company-1024x484.png 1024w, https:\/\/moverdb.com\/wp-content\/uploads\/Vinjes-international-moving-company-18x9.png 18w, https:\/\/moverdb.com\/wp-content\/uploads\/Vinjes-international-moving-company-600x284.png 600w\" sizes=\"auto, (max-width: 1440px) 100vw, 1440px\" \/><\/p>\n<ul>\n<li>Nasjonale tiltak<\/li>\n<li>Internasjonale flyttinger<\/li>\n<li>Flytting av husholdninger<\/li>\n<li>Flytting av kontorer<\/li>\n<li>Valg av emballasjealternativer<\/li>\n<li>Pakketjeneste<\/li>\n<li>Tilrettelegging av transport<\/li>\n<li>Leie av tilhengere<\/li>\n<li>Forsikring<\/li>\n<li>Lagringsanlegg<\/li>\n<\/ul>\n<p>Vinjes er en transportbedrift grunnlagt i 1889 som tilbyr flytte- og lagringstjenester med base i Tiller. De samarbeider med andre p\u00e5litelige flyttebyr\u00e5er for \u00e5 hjelpe dem med \u00e5 tilby internasjonale tjenester. De er medlem av IAM med 134 \u00e5rs fartstid.<\/p>\n<p>Vinjes tilbyr et utvalg av flyttealternativer som inkluderer gj\u00f8r-det-selv-pakking og leie av tilhenger, delvis pakking og full pakking. Pakketjenesten deres inkluderer sikker pakking av eiendelene dine i egnede pakkematerialer og utpakking p\u00e5 den nye adressen din. De tilbyr ogs\u00e5 forsikring for innholdet under flyttingen og lagringsfasiliteter om n\u00f8dvendig.<\/p>\n<p>Nettsted: <a href=\"http:\/\/www.vinjes.no\" target=\"_blank\" rel=\"noopener\">http:\/\/www.vinjes.no<\/a><\/p>\n<h2><span class=\"ez-toc-section\" id=\"Other_Useful_Guides_to_Norway\"><\/span>Andre nyttige guider til Norge<span class=\"ez-toc-section-end\"><\/span><\/h2>\n<ul>\n<li> <a href=\"https:\/\/moverdb.com\/nb\/containertransport\/norge\/\">2024 Fraktpriser for containerfrakt til og fra Norge<\/a><\/li>\n<li> <a href=\"https:\/\/moverdb.com\/nb\/moving-to-norway\/\">Flytte til Norge? 2023 Levekostnader og flyttetips<\/a><\/li>\n<li> <a href=\"https:\/\/moverdb.com\/nb\/moving-to-norway\/best-places-to-live-norway\/\">De 13 beste stedene \u00e5 bo i Norge<\/li>\n<li> <a href=\"https:\/\/moverdb.com\/nb\/moving-to-norway\/living-in-norway\/\">21 hemmeligheter om \u00e5 bo i Norge du b\u00f8r vite f\u00f8r du flytter<\/a><\/li>\n<\/ul>","protected":false},"excerpt":{"rendered":"<p>If you are moving home or business within, to or from Norway then you may want to employ the services of a moving company to assist you. They can help you with packing, organising transportation and sorting out paperwork. Below we have compiled a list of Norway based removal companies that are members of the [&hellip;]<\/p>\n","protected":false},"author":4,"featured_media":0,"parent":190,"menu_order":0,"comment_status":"closed","ping_status":"closed","template":"","meta":{"_genesis_hide_title":false,"_genesis_hide_breadcrumbs":false,"_genesis_hide_singular_image":false,"_genesis_hide_footer_widgets":false,"_genesis_custom_body_class":"","_genesis_custom_post_class":"","_genesis_layout":"","footnotes":""},"class_list":{"0":"post-8897","1":"page","2":"type-page","3":"status-publish","5":"entry","6":"has-post-thumbnail"},"_links":{"self":[{"href":"https:\/\/moverdb.com\/nb\/wp-json\/wp\/v2\/pages\/8897","targetHints":{"allow":["GET"]}}],"collection":[{"href":"https:\/\/moverdb.com\/nb\/wp-json\/wp\/v2\/pages"}],"about":[{"href":"https:\/\/moverdb.com\/nb\/wp-json\/wp\/v2\/types\/page"}],"author":[{"embeddable":true,"href":"https:\/\/moverdb.com\/nb\/wp-json\/wp\/v2\/users\/4"}],"replies":[{"embeddable":true,"href":"https:\/\/moverdb.com\/nb\/wp-json\/wp\/v2\/comments?post=8897"}],"version-history":[{"count":2,"href":"https:\/\/moverdb.com\/nb\/wp-json\/wp\/v2\/pages\/8897\/revisions"}],"predecessor-version":[{"id":17049,"href":"https:\/\/moverdb.com\/nb\/wp-json\/wp\/v2\/pages\/8897\/revisions\/17049"}],"up":[{"embeddable":true,"href":"https:\/\/moverdb.com\/nb\/wp-json\/wp\/v2\/pages\/190"}],"wp:attachment":[{"href":"https:\/\/moverdb.com\/nb\/wp-json\/wp\/v2\/media?parent=8897"}],"curies":[{"name":"wp","href":"https:\/\/api.w.org\/{rel}","templated":true}]}}