{"id":889,"date":"2016-09-03T15:17:39","date_gmt":"2016-09-03T15:17:39","guid":{"rendered":"http:\/\/moverdb.com\/?page_id=889"},"modified":"2026-01-08T15:20:33","modified_gmt":"2026-01-08T15:20:33","slug":"pss-fjerninger","status":"publish","type":"page","link":"https:\/\/moverdb.com\/nb\/pss-removals\/","title":{"rendered":"PSS internasjonale flyttinger: Flyttetjenester og anmeldelser"},"content":{"rendered":"<p>PSS <a href=\"https:\/\/moverdb.com\/nb\/international-removals\/\" data-internallinksmanager029f6b8e52c=\"27\" title=\"De 36 beste internasjonale flyttebyr\u00e5ene i Storbritannia\">Internasjonale flyttinger<\/a> har flyttet folk til utlandet i over 34 \u00e5r. Nedenfor finner du en liste over de ulike tjenestene de tilbyr.<\/p>\n<p><strong>Internasjonale flyttinger<\/strong><\/p>\n<ul>\n<li> Skreddersydd tjeneste til de fleste land<\/li>\n<li> Utpekt internasjonal flyttekoordinator<\/li>\n<li> Profesjonelle pakkere eller alternativ for selvpakking<\/li>\n<li> D\u00f8r til d\u00f8r-tjeneste<\/li>\n<li> Forsikring ordnet<\/li>\n<li> R\u00e5d om alle aspekter ved destinasjonslandet<\/li>\n<\/ul>\n<p><strong>Migrasjonstjenester<\/strong><br \/>\n<strong>Tollinformasjon\/dokumentasjon<\/strong><\/p>\n<p><strong><a href=\"https:\/\/moverdb.com\/nb\/containertransport\/\">Internasjonal skipsfart<\/a><\/strong><\/p>\n<ul>\n<li> Sj\u00f8frakt eller ekspressflyfrakt<\/li>\n<li> Forsikring ordnet<\/li>\n<\/ul>\n<p><strong>Ekspress oversj\u00f8isk pakketjeneste<\/strong><\/p>\n<ul>\n<li> Ekspresslevering fra d\u00f8r til d\u00f8r for pakker som haster \u00e5 f\u00e5 levert<\/li>\n<\/ul>\n<p><strong>Overskytende bagasje<\/strong><\/p>\n<ul>\n<li> Veifrakt (innen Europa) Sj\u00f8frakt eller ekspressflyfrakt<\/li>\n<li> Selvpakke<\/li>\n<li> Pakket for deg<\/li>\n<li> Forsikring ordnet<\/li>\n<\/ul>\n<p><strong><a href=\"https:\/\/moverdb.com\/nb\/car-transport-shipping\/\" data-internallinksmanager029f6b8e52c=\"2\" title=\"2026 Internasjonal biltransport og tilbud p\u00e5 frakt av kj\u00f8ret\u00f8y\">Biltransport<\/a><\/strong><\/p>\n<ul>\n<li> Send bil separat<\/li>\n<li> Send bil i samme container som eiendeler<\/li>\n<li> Forsikring ordnet<\/li>\n<\/ul>\n<h2>PSS International Removings selskapsprofil<\/h2>\n<p>PSS International Removals har drevet med utenlandsflytting i over 34 \u00e5r. Selskapet konsentrerer seg om flyttinger til utlandet og utf\u00f8rer ikke flyttinger innen EU. <a href=\"https:\/\/moverdb.com\/nb\/moving-to-the-uk\/\" data-internallinksmanager029f6b8e52c=\"93\" title=\"Flytte til Storbritannia? 2023 Levekostnader og flyttetips\">STORBRITANNIA<\/a>. <\/p>\n<p>PSS International Removings sender gjenstander fra en enkelt kartong til en stor husholdning eller til og med store bedriftsflyttinger. Ingen flytting er for komplisert eller for stor eller liten.<\/p>\n<p>Alle ansatte er oppl\u00e6rt i eksportprosedyrer, og de samarbeider bare med de beste profesjonelle flyttebyr\u00e5ene i utlandet for \u00e5 kunne levere de skreddersydde tjenestene de lover. De er en av Storbritannias st\u00f8rste <a href=\"https:\/\/moverdb.com\/nb\/internasjonale-flyttinger\/\">internasjonale flyttebyr\u00e5er<\/a> og flyttet 4 536 kunder til utlandet i l\u00f8pet av 2015.<\/p>\n<p>PSS International har f\u00f8lgende akkrediteringer og tilknytninger:<\/p>\n<ul>\n<li> <a href=\"https:\/\/moverdb.com\/nb\/british-association-of-removers\/\">Den britiske sammenslutningen av flyttemenn<\/a> (<a href=\"https:\/\/moverdb.com\/nb\/british-association-of-removers\/\" data-internallinksmanager029f6b8e52c=\"9\" title=\"British Association of Removers (BAR) Forklart (p\u00e5 engelsk)\">BAR<\/a>)<\/li>\n<li> <a href=\"https:\/\/moverdb.com\/nb\/bar-overseas\/\">The British Association of Removers Overseas<\/a><\/li>\n<li> <a href=\"https:\/\/moverdb.com\/nb\/fidi-faim\/\">FIDI<\/a><\/li>\n<li> <a href=\"https:\/\/moverdb.com\/nb\/fidi-faim\/\" data-internallinksmanager029f6b8e52c=\"16\" title=\"FIDI &amp; FAIM (FIDI-akkreditert internasjonal spedit\u00f8r) forklart\">FAIM<\/a><\/li>\n<\/ul>\n<p><strong>PSS Internasjonale flytteanmeldelser<\/strong><\/p>\n<p><strong>Positiv<\/strong><\/p>\n<ul>\n<li> <em>\"Alle var s\u00e5 hjelpsomme og veldig profesjonelle. Jeg kunne ikke forestille meg at denne dagen kunne g\u00e5 bedre og smidigere. Jeg var s\u00e5 stresset, og de klarte \u00e5 oppmuntre meg til \u00e5 bli s\u00e5 glad. <a href=\"https:\/\/moverdb.com\/nb\/moving-to-the-united-states\/\" data-internallinksmanager029f6b8e52c=\"94\" title=\"Flytte til USA? 2023 Levekostnader og flyttetips\">oss<\/a> opp. Virkelig profesjonelle og hyggelige, vennlige mennesker. Jeg er virkelig imponert.\"<\/em> - Ania via <a href=\"https:\/\/www.pssremovals.com\/reviews\" target=\"_blank\" rel=\"noopener\">PSS Removals kundeanmeldelser<\/a><\/li>\n<li> <em>\"Vi brukte PSS etter anbefaling fra venner. Vi hadde en 20 fots container til eksklusiv bruk for \u00e5 <a href=\"https:\/\/moverdb.com\/nb\/moving-to-australia\/living-in-australia\/\" data-internallinksmanager029f6b8e52c=\"240\" title=\"21 hemmeligheter om \u00e5 bo i Australia for \u00e5 vite f\u00f8r du flytter\">Australia<\/a>. Teamet som kom og pakket huset v\u00e5rt var fantastiske - de jobbet s\u00e5 raskt. Det var noen ganger n\u00e5r eiendelene v\u00e5re var underveis at jeg fikk panikk for hva som ville bli \u00f8delagt eller skadet, men tingene v\u00e5re ankom i forrige uke, og alt ser ut som det gjorde da det ble pakket.\"<\/em> - Zoe via <a href=\"http:\/\/www.mymovingreviews.com\/movers\/pss-international-removals-1788#57593\" target=\"_blank\" rel=\"noopener\">MyMovingReviews.com<\/a> <\/li>\n<li> <em>\"Fra start til slutt kunne jeg ikke v\u00e6rt mer forn\u00f8yd med tjenesten, da de kj\u00f8rer et utmerket oppsett og var hjelpsomme og vennlige hele veien, dette sier noe med tanke p\u00e5 at vi sannsynligvis var de mest uorganiserte og stressede menneskene som noen gang har flyttet.\"<\/em> - Michelle via <a href=\"http:\/\/www.removalreviews.co.uk\/movingreviews\/good-company-8764\" target=\"_blank\" rel=\"noopener\">Vurderinger av fjerning<\/a> <\/li>\n<\/ul>\n<p><strong>Negativ<\/strong><\/p>\n<ul>\n<li> <em>\"Jeg hadde bedt om \u00e5 flytte husholdningsartikler fra Storbritannia til USA. Selv om jeg hadde gitt et veldig kort varsel og egentlig ikke fylte ut skjemaene i tide, er jeg IKKE FORN\u00d8YD med \u00e5 bli belastet ekstra 400 amerikanske dollar p\u00e5 destinasjonen for tilfeldig r\u00f8ntgenskanning i tollen og den forsinkede ankomsten etter 4 m\u00e5neder som inkluderer lagringsperiode.\"<\/em> - Sanjay via <a href=\"http:\/\/www.mymovingreviews.com\/movers\/pss-international-removals-1788#57002\" target=\"_blank\" rel=\"noopener\">MyMovingReviews.com<\/a><\/li>\n<li> \"<em>Selskapet er bare der for \u00e5 rane folk for pengene deres!!!!!!\"<\/em> - Amir via <a href=\"http:\/\/www.removalreviews.co.uk\/movingreviews\/straight-up-con-6619\" target=\"_blank\" rel=\"noopener\">Vurderinger av fjerning<\/a> <\/li>\n<\/ul>\n<div itemprop=\"review\" itemscope itemtype=\"http:\/\/schema.org\/Review\">\n<span itemprop=\"author\" itemscope=\"\" itemtype=\"http:\/\/schema.org\/Organization\"><span itemprop=\"name\">MoverDB.com<\/span><\/span> Nettstedsgjennomgang for <span itemprop=\"itemreviewed\" itemscope=\"\" itemtype=\"http:\/\/schema.org\/Brand\"><span itemprop=\"name\">PSS internasjonale flyttinger<\/span><\/span>:<\/p>\n<ol>\n<li> Tydelige kontaktopplysninger p\u00e5 nettstedet (inkludert telefonnummer): <strong>Ja<\/strong><\/li>\n<li> Lett \u00e5 f\u00e5 tak i <a href=\"https:\/\/moverdb.com\/nb\/sitater\/\">tilbud p\u00e5 internasjonale flyttinger<\/a>? (skjema for foresp\u00f8rsel om prisoverslag p\u00e5 nett): <strong>Ja<\/strong><\/li>\n<li> Tydelig informasjon p\u00e5 nettstedet: <strong>Ja,<\/strong> mye detaljert informasjon om hvert reisem\u00e5l.<\/li>\n<li> Medlemskap i internasjonalt anerkjente flytteorganisasjoner: <strong>Ja<\/strong>se ovenfor.<\/li>\n<li> Liste over kunder og\/eller tidligere kundeuttalelser: <strong>Ja,<\/strong> de har en side med kundeanmeldelser, og de f\u00e5r generelt positive anmeldelser p\u00e5 andre nettsteder.<\/li>\n<\/ol>\n<div itemprop=\"reviewRating\" itemscope itemtype=\"http:\/\/schema.org\/Rating\"><meta itemprop=\"worstRating\" content = \"0\" \/><meta itemprop=\"bestRating\" content=\"5\" \/><meta itemprop=\"ratingValue\" content=\"5\"><\/div>\n<p><strong>Samlet poengsum: 5\/5<\/strong><br \/>\n<strong>Dato for gjennomgang:<\/strong> <span itemprop=\"datePublished\" content=\"2016-09-03\">03\/09\/2016<\/span>\n<\/div>\n<p>Mer om <a href=\"https:\/\/moverdb.com\/nb\/flyttefirmaer\/\">internasjonale flyttebyr\u00e5er<\/a> og v\u00e5r <a href=\"https:\/\/moverdb.com\/nb\/vurderinger\/\">gjennomgangsprosessen<\/a>.<\/p>\n<p><strong>Nettsted:<\/strong> <a href=\"https:\/\/www.pssremovals.com\" target=\"_blank\" rel=\"noopener\">https:\/\/www.pssremovals.com<\/a>.<\/p>","protected":false},"excerpt":{"rendered":"<p>PSS International Removals has been moving people abroad for over 34 years. Listed below are the various services they offer. International Removals Bespoke service to most countries Designated international move co-ordinator Professional packers or self-pack option Door to door service Insurance arranged Advice on every aspect of destination country Migration Services Customs Information\/Documentation International Shipping [&hellip;]<\/p>\n","protected":false},"author":1,"featured_media":0,"parent":0,"menu_order":0,"comment_status":"closed","ping_status":"closed","template":"","meta":{"_genesis_hide_title":false,"_genesis_hide_breadcrumbs":false,"_genesis_hide_singular_image":false,"_genesis_hide_footer_widgets":false,"_genesis_custom_body_class":"","_genesis_custom_post_class":"","_genesis_layout":"","footnotes":""},"class_list":{"0":"post-889","1":"page","2":"type-page","3":"status-publish","5":"entry"},"_links":{"self":[{"href":"https:\/\/moverdb.com\/nb\/wp-json\/wp\/v2\/pages\/889","targetHints":{"allow":["GET"]}}],"collection":[{"href":"https:\/\/moverdb.com\/nb\/wp-json\/wp\/v2\/pages"}],"about":[{"href":"https:\/\/moverdb.com\/nb\/wp-json\/wp\/v2\/types\/page"}],"author":[{"embeddable":true,"href":"https:\/\/moverdb.com\/nb\/wp-json\/wp\/v2\/users\/1"}],"replies":[{"embeddable":true,"href":"https:\/\/moverdb.com\/nb\/wp-json\/wp\/v2\/comments?post=889"}],"version-history":[{"count":4,"href":"https:\/\/moverdb.com\/nb\/wp-json\/wp\/v2\/pages\/889\/revisions"}],"predecessor-version":[{"id":6230,"href":"https:\/\/moverdb.com\/nb\/wp-json\/wp\/v2\/pages\/889\/revisions\/6230"}],"wp:attachment":[{"href":"https:\/\/moverdb.com\/nb\/wp-json\/wp\/v2\/media?parent=889"}],"curies":[{"name":"wp","href":"https:\/\/api.w.org\/{rel}","templated":true}]}}