{"id":8879,"date":"2023-04-27T14:40:42","date_gmt":"2023-04-27T14:40:42","guid":{"rendered":"https:\/\/moverdb.com\/?page_id=8879"},"modified":"2026-01-08T15:29:24","modified_gmt":"2026-01-08T15:29:24","slug":"moving-companies-myanmar","status":"publish","type":"page","link":"https:\/\/moverdb.com\/nb\/moving-companies\/moving-companies-myanmar\/","title":{"rendered":"6 beste internasjonale flyttefirmaer i Myanmar"},"content":{"rendered":"<p>N\u00e5r du flytter hjemmefra eller til et annet land, kan det v\u00e6re en stressende tid fordi det er s\u00e5 mye \u00e5 planlegge og gj\u00f8re, s\u00e6rlig hvis du flytter til et annet land. \u00c5 engasjere tjenestene til en <a href=\"https:\/\/moverdb.com\/nb\/moving-companies\/\" data-internallinksmanager029f6b8e52c=\"79\" title=\"Topp 25 internasjonale flyttebyr\u00e5er p\u00e5 nettet\">flyttefirma<\/a> kan bidra til \u00e5 redusere stresset ditt og ta bort mange av disse oppgavene. Nedenfor har vi satt sammen en liste over Myanmar (Burma) baserte <a href=\"https:\/\/moverdb.com\/nb\/international-removals\/\" data-internallinksmanager029f6b8e52c=\"27\" title=\"De 36 beste internasjonale flyttebyr\u00e5ene i Storbritannia\">flyttebyr\u00e5er<\/a> som er medlemmer av <a href=\"https:\/\/moverdb.com\/nb\/iam\/\" data-internallinksmanager029f6b8e52c=\"23\" title=\"International Association of Movers (IAM) Forklaret\">International Association of Movers<\/a> (IAM) og\/eller <a href=\"https:\/\/moverdb.com\/nb\/fidi-faim\/\" data-internallinksmanager029f6b8e52c=\"16\" title=\"FIDI &amp; FAIM (FIDI-akkreditert internasjonal spedit\u00f8r) forklart\">FIDI<\/a> Accredited International Mover (FAIM) som kan hjelpe deg med flyttingen.<\/p>\n<div id=\"ez-toc-container\" class=\"ez-toc-v2_0_82_2 ez-toc-wrap-left counter-hierarchy ez-toc-counter ez-toc-transparent ez-toc-container-direction\">\n<div class=\"ez-toc-title-container\">\n<p class=\"ez-toc-title\" style=\"cursor:inherit\">Seksjoner<\/p>\n<span class=\"ez-toc-title-toggle\"><a href=\"#\" class=\"ez-toc-pull-right ez-toc-btn ez-toc-btn-xs ez-toc-btn-default ez-toc-toggle\" aria-label=\"Bytt innholdsfortegnelse\"><span class=\"ez-toc-js-icon-con\"><span class=\"\"><span class=\"eztoc-hide\" style=\"display:none;\">Toggle<\/span><span class=\"ez-toc-icon-toggle-span\"><svg style=\"fill: #999;color:#999\" xmlns=\"http:\/\/www.w3.org\/2000\/svg\" class=\"list-377408\" width=\"20px\" height=\"20px\" viewbox=\"0 0 24 24\" fill=\"none\"><path d=\"M6 6H4v2h2V6zm14 0H8v2h12V6zM4 11h2v2H4v-2zm16 0H8v2h12v-2zM4 16h2v2H4v-2zm16 0H8v2h12v-2z\" fill=\"currentColor\"><\/path><\/svg><svg style=\"fill: #999;color:#999\" class=\"arrow-unsorted-368013\" xmlns=\"http:\/\/www.w3.org\/2000\/svg\" width=\"10px\" height=\"10px\" viewbox=\"0 0 24 24\" version=\"1.2\" baseprofile=\"tiny\"><path d=\"M18.2 9.3l-6.2-6.3-6.2 6.3c-.2.2-.3.4-.3.7s.1.5.3.7c.2.2.4.3.7.3h11c.3 0 .5-.1.7-.3.2-.2.3-.5.3-.7s-.1-.5-.3-.7zM5.8 14.7l6.2 6.3 6.2-6.3c.2-.2.3-.5.3-.7s-.1-.5-.3-.7c-.2-.2-.4-.3-.7-.3h-11c-.3 0-.5.1-.7.3-.2.2-.3.5-.3.7s.1.5.3.7z\"\/><\/svg><\/span><\/span><\/span><\/a><\/span><\/div>\n<nav><ul class='ez-toc-list ez-toc-list-level-1 eztoc-toggle-hide-by-default' ><li class='ez-toc-page-1 ez-toc-heading-level-2'><a class=\"ez-toc-link ez-toc-heading-1\" href=\"https:\/\/moverdb.com\/nb\/moving-companies\/moving-companies-myanmar\/#1_Dawood_Worldwide_Movers\" >1. Dawood Worldwide Movers<\/a><\/li><li class='ez-toc-page-1 ez-toc-heading-level-2'><a class=\"ez-toc-link ez-toc-heading-2\" href=\"https:\/\/moverdb.com\/nb\/moving-companies\/moving-companies-myanmar\/#2_DNS_Mobility_Ltd\" >2. DNS Mobility Ltd<\/a><\/li><li class='ez-toc-page-1 ez-toc-heading-level-2'><a class=\"ez-toc-link ez-toc-heading-3\" href=\"https:\/\/moverdb.com\/nb\/moving-companies\/moving-companies-myanmar\/#3_Global_Moving_Storage_Ltd\" >3. Global Moving &amp; Storage Ltd<\/a><\/li><li class='ez-toc-page-1 ez-toc-heading-level-2'><a class=\"ez-toc-link ez-toc-heading-4\" href=\"https:\/\/moverdb.com\/nb\/moving-companies\/moving-companies-myanmar\/#4_Legendary_Myanmar_International_Moving_Logistics_Co_Ltd\" >4. Legendariske Myanmar International Moving &amp; Logistics Co Ltd<\/a><\/li><li class='ez-toc-page-1 ez-toc-heading-level-2'><a class=\"ez-toc-link ez-toc-heading-5\" href=\"https:\/\/moverdb.com\/nb\/moving-companies\/moving-companies-myanmar\/#5_Myanmar_Express_Moving\" >5. Myanmar Express Moving<\/a><\/li><li class='ez-toc-page-1 ez-toc-heading-level-2'><a class=\"ez-toc-link ez-toc-heading-6\" href=\"https:\/\/moverdb.com\/nb\/moving-companies\/moving-companies-myanmar\/#6_NMT_Ltd\" >6. NMT Ltd<\/a><\/li><\/ul><\/nav><\/div>\n<h2><span class=\"ez-toc-section\" id=\"1_Dawood_Worldwide_Movers\"><\/span><strong>1. Dawood Worldwide Movers<\/strong><span class=\"ez-toc-section-end\"><\/span><\/h2>\n<p><img loading=\"lazy\" decoding=\"async\" class=\"alignnone size-full wp-image-8783\" src=\"https:\/\/moverdb.com\/wp-content\/uploads\/Dawood-Worldwide-Moving-international-moving-company.png\" alt=\"Dawood Worldwide Moving internasjonalt flyttebyr\u00e5\" width=\"1440\" height=\"682\" data-wp-pid=\"8783\" srcset=\"https:\/\/moverdb.com\/wp-content\/uploads\/Dawood-Worldwide-Moving-international-moving-company.png 1440w, https:\/\/moverdb.com\/wp-content\/uploads\/Dawood-Worldwide-Moving-international-moving-company-300x142.png 300w, https:\/\/moverdb.com\/wp-content\/uploads\/Dawood-Worldwide-Moving-international-moving-company-1024x485.png 1024w, https:\/\/moverdb.com\/wp-content\/uploads\/Dawood-Worldwide-Moving-international-moving-company-18x9.png 18w, https:\/\/moverdb.com\/wp-content\/uploads\/Dawood-Worldwide-Moving-international-moving-company-600x284.png 600w\" sizes=\"auto, (max-width: 1440px) 100vw, 1440px\" \/><\/p>\n<ul>\n<li>Nasjonale flyttinger<\/li>\n<li>Internasjonale flyttinger<\/li>\n<li>Flytting av husholdninger<\/li>\n<li>Flytting av kontorer<\/li>\n<li>Pakketjeneste<\/li>\n<li>Transportordninger<\/li>\n<li>Tollklarering<\/li>\n<li>Opprinnelses- og destinasjonstjenester<\/li>\n<li>Flytting av kj\u00e6ledyr<\/li>\n<li>Sikker lagring<\/li>\n<\/ul>\n<p>Dawood Worldwide Movers er et internasjonalt flyttebyr\u00e5 som ble grunnlagt i 1963 og er basert i Yangon. De samarbeider med internasjonale flyttetjenester og spedit\u00f8rer for \u00e5 levere sine tjenester over hele verden. De er medlem av IAM med 47 \u00e5rs fartstid.<\/p>\n<p>Dawood Worldwide Movers tilbyr en komplett flyttetjeneste som inkluderer st\u00f8tte f\u00f8r du flytter med opprinnelsestjenester og destinasjonstjenester n\u00e5r du ankommer, og kan ogs\u00e5 flytte kj\u00e6ledyrene dine. De tilbyr en komplett pakketjeneste som inkluderer pakkemateriell for \u00e5 beskytte eiendelene dine under transporten. De vil s\u00f8rge for \u00e5 transportere eiendelene dine til bestemmelsesstedet med fortolling.<\/p>\n<p>Nettsted: <a href=\"http:\/\/www.dawoodmovers.com\" target=\"_blank\" rel=\"noopener\">http:\/\/www.dawoodmovers.com<\/a><\/p>\n<h2><span class=\"ez-toc-section\" id=\"2_DNS_Mobility_Ltd\"><\/span><strong>2. DNS Mobility Ltd<\/strong><span class=\"ez-toc-section-end\"><\/span><\/h2>\n<p><img loading=\"lazy\" decoding=\"async\" class=\"alignnone size-full wp-image-8789\" src=\"https:\/\/moverdb.com\/wp-content\/uploads\/DNS-Mobility-Ltd-international-moving-company.png\" alt=\"DNS Mobility Ltd internasjonalt flyttebyr\u00e5\" width=\"1440\" height=\"680\" data-wp-pid=\"8789\" srcset=\"https:\/\/moverdb.com\/wp-content\/uploads\/DNS-Mobility-Ltd-international-moving-company.png 1440w, https:\/\/moverdb.com\/wp-content\/uploads\/DNS-Mobility-Ltd-international-moving-company-300x142.png 300w, https:\/\/moverdb.com\/wp-content\/uploads\/DNS-Mobility-Ltd-international-moving-company-1024x484.png 1024w, https:\/\/moverdb.com\/wp-content\/uploads\/DNS-Mobility-Ltd-international-moving-company-18x9.png 18w, https:\/\/moverdb.com\/wp-content\/uploads\/DNS-Mobility-Ltd-international-moving-company-600x283.png 600w\" sizes=\"auto, (max-width: 1440px) 100vw, 1440px\" \/><\/p>\n<ul>\n<li>Nasjonale flyttinger<\/li>\n<li>Internasjonale flyttinger<\/li>\n<li>Flytting av husholdninger<\/li>\n<li>Pakking med full service<\/li>\n<li>Spesialtilpasset pakkeutstyr<\/li>\n<li>Tilrettelegging av transport<\/li>\n<li><a href=\"https:\/\/moverdb.com\/nb\/car-transport-shipping\/\" data-internallinksmanager029f6b8e52c=\"2\" title=\"2026 Internasjonal biltransport og tilbud p\u00e5 frakt av kj\u00f8ret\u00f8y\">Frakt av kj\u00f8ret\u00f8y<\/a><\/li>\n<li>H\u00e5ndtering av kunst<\/li>\n<li>Flytting av kj\u00e6ledyr<\/li>\n<li>Sikre lagringsfasiliteter<\/li>\n<\/ul>\n<p>DNS Mobility Ltd er et internasjonalt logistikk- og omplasseringsselskap for kj\u00e6ledyr som ble grunnlagt i 2013 og er basert i Yangon. De samarbeider med over 100 partnere og tilknyttede kontorer over hele verden for \u00e5 levere sine tjenester internasjonalt. De er medlem av IAM med 11 \u00e5rs fartstid.<\/p>\n<p>DNS Mobility Ltd tilbyr omfattende flyttetjenester for husholdninger som kan tilby en fullstendig pakketjeneste for \u00e5 beskytte eiendelene dine under transport, inkludert tilpasset pakkeutstyr og kasser. De ordner transport av eiendelene dine og sporer forsendelsen din p\u00e5 nettet. Ved ankomst vil de pakke ut og fjerne avfall.<\/p>\n<p>Nettsted: <a href=\"http:\/\/www.dnsmyanmar.com\" target=\"_blank\" rel=\"noopener\">http:\/\/www.dnsmyanmar.com<\/a><\/p>\n<h2><span class=\"ez-toc-section\" id=\"3_Global_Moving_Storage_Ltd\"><\/span><strong>3. Global Moving &amp; Storage Ltd<\/strong><span class=\"ez-toc-section-end\"><\/span><\/h2>\n<p><img loading=\"lazy\" decoding=\"async\" class=\"alignnone size-full wp-image-8806\" src=\"https:\/\/moverdb.com\/wp-content\/uploads\/Global-Moving-Storage-Ltd-international-moving-company.png\" alt=\"Global Moving &amp; Storage Ltd internasjonalt flyttebyr\u00e5\" width=\"1440\" height=\"675\" data-wp-pid=\"8806\" srcset=\"https:\/\/moverdb.com\/wp-content\/uploads\/Global-Moving-Storage-Ltd-international-moving-company.png 1440w, https:\/\/moverdb.com\/wp-content\/uploads\/Global-Moving-Storage-Ltd-international-moving-company-300x141.png 300w, https:\/\/moverdb.com\/wp-content\/uploads\/Global-Moving-Storage-Ltd-international-moving-company-1024x480.png 1024w, https:\/\/moverdb.com\/wp-content\/uploads\/Global-Moving-Storage-Ltd-international-moving-company-18x8.png 18w, https:\/\/moverdb.com\/wp-content\/uploads\/Global-Moving-Storage-Ltd-international-moving-company-600x281.png 600w\" sizes=\"auto, (max-width: 1440px) 100vw, 1440px\" \/><\/p>\n<ul>\n<li>Nasjonale tiltak<\/li>\n<li>Internasjonale flyttinger<\/li>\n<li>Flytting av husholdninger<\/li>\n<li>Flytting av kontorer<\/li>\n<li>Pakketjenester<\/li>\n<li>Transportordning<\/li>\n<li>Tollklarering<\/li>\n<li>Pakking av billedkunst<\/li>\n<li>Flytting av kj\u00e6ledyr<\/li>\n<li>Lagringsanlegg<\/li>\n<\/ul>\n<p>Global Moving &amp; Storage Ltd er et verdensomspennende flytte- og logistikkselskap med over to ti\u00e5rs erfaring. De er medlem av IAM med 12 \u00e5rs erfaring, noe som gir dem et internasjonalt nettverk av flytteagenter som kan hjelpe dem med \u00e5 levere tjenester over hele verden.<\/p>\n<p>Global Moving &amp; Storage Ltd tilbyr d\u00f8r-til-d\u00f8r, d\u00f8r-til-d\u00f8r, og d\u00f8r-til<a href=\"https:\/\/moverdb.com\/nb\/top-49-container-ports\/\" data-internallinksmanager029f6b8e52c=\"80\" title=\"De 49 st\u00f8rste og travleste containerhavnene i 2025\">port<\/a> eller port-til-d\u00f8r-tjenester som omfatter fortolling og organisering av transport. De tilbyr pakketjenester for \u00e5 beskytte varene dine under transport som oppfyller internasjonale standarder. De tilbyr spesialiserte tjenester for diplomater, kunst og flytting av kj\u00e6ledyr.<\/p>\n<p>Nettsted: <a href=\"http:\/\/www.globalmovingstorage.com\" target=\"_blank\" rel=\"noopener\">http:\/\/www.globalmovingstorage.com<\/a><\/p>\n<h2><span class=\"ez-toc-section\" id=\"4_Legendary_Myanmar_International_Moving_Logistics_Co_Ltd\"><\/span><strong>4. Legendariske Myanmar International Moving &amp; Logistics Co Ltd<\/strong><span class=\"ez-toc-section-end\"><\/span><\/h2>\n<p><img loading=\"lazy\" decoding=\"async\" class=\"alignnone size-full wp-image-8821\" src=\"https:\/\/moverdb.com\/wp-content\/uploads\/Legendary-Myanmar-International-Moving-Logistics-Co-Ltd.png\" alt=\"Legendariske Myanmar International Moving &amp; Logistics Co Ltd\" width=\"1440\" height=\"682\" data-wp-pid=\"8821\" srcset=\"https:\/\/moverdb.com\/wp-content\/uploads\/Legendary-Myanmar-International-Moving-Logistics-Co-Ltd.png 1440w, https:\/\/moverdb.com\/wp-content\/uploads\/Legendary-Myanmar-International-Moving-Logistics-Co-Ltd-300x142.png 300w, https:\/\/moverdb.com\/wp-content\/uploads\/Legendary-Myanmar-International-Moving-Logistics-Co-Ltd-1024x485.png 1024w, https:\/\/moverdb.com\/wp-content\/uploads\/Legendary-Myanmar-International-Moving-Logistics-Co-Ltd-18x9.png 18w, https:\/\/moverdb.com\/wp-content\/uploads\/Legendary-Myanmar-International-Moving-Logistics-Co-Ltd-600x284.png 600w\" sizes=\"auto, (max-width: 1440px) 100vw, 1440px\" \/><\/p>\n<ul>\n<li>Nasjonale tiltak<\/li>\n<li>Internasjonale flyttinger<\/li>\n<li>Flytting av husholdninger<\/li>\n<li>Bedriftsbevegelser<\/li>\n<li>Pakketjeneste<\/li>\n<li>Vei-, sj\u00f8- og luftfrakt<\/li>\n<li>Dokumentasjonsst\u00f8tte<\/li>\n<li>Bilforsendelse<\/li>\n<li>Flytting av kj\u00e6ledyr<\/li>\n<li>Lagringsanlegg<\/li>\n<\/ul>\n<p>Legendary Myanmar International Moving &amp; Logistics Co Ltd (LMSL) er et spedisjons-, flytte- og transportselskap. <a href=\"https:\/\/moverdb.com\/nb\/relocation-agents\/\" data-internallinksmanager029f6b8e52c=\"1\" title=\"7 grunner til at du b\u00f8r bruke en relokaliseringsagent?\">omplasseringsagent<\/a> grunnlagt i 2010 med kontorer i Yangon, Mandalay og Bagan. De har etablert verdensomspennende forbindelser med transport- og flyttebyr\u00e5er for \u00e5 levere internasjonale tjenester, og de er medlem av IAM med 13 \u00e5rs fartstid.<\/p>\n<p>LMSL tilbyr komplette flyttetjenester for lokale og internasjonale flyttinger, inkludert hjelp med dokumentasjon. De tilbyr en pakketjeneste for \u00e5 beskytte eiendelene dine og ordner transport med bil, fly og b\u00e5t, inkludert st\u00f8ttedokumentasjon som tollklarering. De tilbyr flyttetjenester, inkludert orientering, bolig- og skoles\u00f8k og leieavtaleforhandlinger.<\/p>\n<p>Nettsted: <a href=\"http:\/\/www.lmsl-shipping.com\" target=\"_blank\" rel=\"noopener\">http:\/\/www.lmsl-shipping.com<\/a><\/p>\n<h2><span class=\"ez-toc-section\" id=\"5_Myanmar_Express_Moving\"><\/span><strong>5. Myanmar Express Moving<\/strong><span class=\"ez-toc-section-end\"><\/span><\/h2>\n<p><img loading=\"lazy\" decoding=\"async\" class=\"alignnone size-full wp-image-8835\" src=\"https:\/\/moverdb.com\/wp-content\/uploads\/Myanmar-Express-Moving-international-moving-company.png\" alt=\"Myanmar Express Moving internasjonalt flyttefirma\" width=\"1440\" height=\"677\" data-wp-pid=\"8835\" srcset=\"https:\/\/moverdb.com\/wp-content\/uploads\/Myanmar-Express-Moving-international-moving-company.png 1440w, https:\/\/moverdb.com\/wp-content\/uploads\/Myanmar-Express-Moving-international-moving-company-300x141.png 300w, https:\/\/moverdb.com\/wp-content\/uploads\/Myanmar-Express-Moving-international-moving-company-1024x481.png 1024w, https:\/\/moverdb.com\/wp-content\/uploads\/Myanmar-Express-Moving-international-moving-company-18x8.png 18w, https:\/\/moverdb.com\/wp-content\/uploads\/Myanmar-Express-Moving-international-moving-company-600x282.png 600w\" sizes=\"auto, (max-width: 1440px) 100vw, 1440px\" \/><\/p>\n<ul>\n<li>Lokale flyttinger<\/li>\n<li>Internasjonale flyttinger<\/li>\n<li>Flytting av husholdninger<\/li>\n<li>Kommersiell frakt<\/li>\n<li>Pakketjeneste<\/li>\n<li>Vei-, luft- og sj\u00f8transport<\/li>\n<li>Tollklarering<\/li>\n<li>Flytting av kj\u00e6ledyr<\/li>\n<li>Forsikring<\/li>\n<li>Lagringsanlegg<\/li>\n<\/ul>\n<p>Myanmar Express Moving er et flytte- og pakkeselskap med over 57 \u00e5rs erfaring og er basert i Yangon. De har internasjonale strategiske partnerskap og allianser over hele verden for \u00e5 levere internasjonale tjenester. De er medlem av IAM med 29 \u00e5rs erfaring.<\/p>\n<p>Myanmar Express Moving tilbyr en gratis unders\u00f8kelse for \u00e5 vurdere dine flyttebehov og gi et tilbud. De tilbyr en pakketjeneste som vil beskytte m\u00f8blene dine ved hjelp av moderne pakkematerialer som er av h\u00f8y standard, de vil pakke ut ved ankomst og fjerne alt rusk. De vil ordne transport p\u00e5 vei, fly og sj\u00f8 med fortolling og forsikringsdekning.<\/p>\n<p>Nettsted: <a href=\"http:\/\/www.myanmarexpressmoving.com\" target=\"_blank\" rel=\"noopener\">http:\/\/www.myanmarexpressmoving.com<\/a><\/p>\n<h2><span class=\"ez-toc-section\" id=\"6_NMT_Ltd\"><\/span><strong>6. NMT Ltd<\/strong><span class=\"ez-toc-section-end\"><\/span><\/h2>\n<p><img loading=\"lazy\" decoding=\"async\" class=\"alignnone size-full wp-image-8838\" src=\"https:\/\/moverdb.com\/wp-content\/uploads\/NMT-Ltd-international-moving-company.png\" alt=\"NMT Ltd internasjonalt flyttebyr\u00e5\" width=\"1440\" height=\"683\" data-wp-pid=\"8838\" srcset=\"https:\/\/moverdb.com\/wp-content\/uploads\/NMT-Ltd-international-moving-company.png 1440w, https:\/\/moverdb.com\/wp-content\/uploads\/NMT-Ltd-international-moving-company-300x142.png 300w, https:\/\/moverdb.com\/wp-content\/uploads\/NMT-Ltd-international-moving-company-1024x486.png 1024w, https:\/\/moverdb.com\/wp-content\/uploads\/NMT-Ltd-international-moving-company-18x9.png 18w, https:\/\/moverdb.com\/wp-content\/uploads\/NMT-Ltd-international-moving-company-600x285.png 600w\" sizes=\"auto, (max-width: 1440px) 100vw, 1440px\" \/><\/p>\n<ul>\n<li>Nasjonale flyttinger<\/li>\n<li>Internasjonale flyttinger<\/li>\n<li>Flytting av husholdninger<\/li>\n<li>Flytting av kontorer<\/li>\n<li>Diplomatbevegelse<\/li>\n<li>Pakketjeneste<\/li>\n<li>Sj\u00f8- og luftfrakt<\/li>\n<li>Tollmegling<\/li>\n<li>Frakt av kj\u00f8ret\u00f8y<\/li>\n<li>Lagringsanlegg<\/li>\n<\/ul>\n<p>NMT Ltd er et internasjonalt selskap for pakking, frakt, flytting, logistikk og transport, etablert i 1993 og basert i North Dagon og Yangon. De tilbyr ogs\u00e5 messe- og arrangementstjenester med frakt og oppsett. De er medlem av IAM med 30 \u00e5rs fartstid, noe som gir dem tilgang til et internasjonalt nettverk av flytteagenter som kan tilby sine tjenester over hele verden.<\/p>\n<p>NMT Ltd tar seg av husholdnings- og kontorflytting i, til og fra Myanmar, inkludert ambassader og diplomater. De har erfarne ansatte som st\u00f8tter deg gjennom hele flyttingen, inkludert erfarne pakkere som vil pakke eiendelene dine sikkert og ordne forsendelse med sj\u00f8- eller flyfrakt med tollmegling.<\/p>\n<p>Nettsted: <a href=\"http:\/\/www.ntmyanmar.com\" target=\"_blank\" rel=\"noopener\">http:\/\/www.ntmyanmar.com<\/a><\/p>","protected":false},"excerpt":{"rendered":"<p>When you are moving home or business it can be such a stressful time as there is so much to plan and do especially if you are moving to another country. Engaging the services of a moving company can help reduce your stress and take away a lot of those tasks. Below we have compiled [&hellip;]<\/p>\n","protected":false},"author":4,"featured_media":0,"parent":190,"menu_order":0,"comment_status":"closed","ping_status":"closed","template":"","meta":{"_genesis_hide_title":false,"_genesis_hide_breadcrumbs":false,"_genesis_hide_singular_image":false,"_genesis_hide_footer_widgets":false,"_genesis_custom_body_class":"","_genesis_custom_post_class":"","_genesis_layout":"","footnotes":""},"class_list":{"0":"post-8879","1":"page","2":"type-page","3":"status-publish","5":"entry","6":"has-post-thumbnail"},"_links":{"self":[{"href":"https:\/\/moverdb.com\/nb\/wp-json\/wp\/v2\/pages\/8879","targetHints":{"allow":["GET"]}}],"collection":[{"href":"https:\/\/moverdb.com\/nb\/wp-json\/wp\/v2\/pages"}],"about":[{"href":"https:\/\/moverdb.com\/nb\/wp-json\/wp\/v2\/types\/page"}],"author":[{"embeddable":true,"href":"https:\/\/moverdb.com\/nb\/wp-json\/wp\/v2\/users\/4"}],"replies":[{"embeddable":true,"href":"https:\/\/moverdb.com\/nb\/wp-json\/wp\/v2\/comments?post=8879"}],"version-history":[{"count":1,"href":"https:\/\/moverdb.com\/nb\/wp-json\/wp\/v2\/pages\/8879\/revisions"}],"predecessor-version":[{"id":8881,"href":"https:\/\/moverdb.com\/nb\/wp-json\/wp\/v2\/pages\/8879\/revisions\/8881"}],"up":[{"embeddable":true,"href":"https:\/\/moverdb.com\/nb\/wp-json\/wp\/v2\/pages\/190"}],"wp:attachment":[{"href":"https:\/\/moverdb.com\/nb\/wp-json\/wp\/v2\/media?parent=8879"}],"curies":[{"name":"wp","href":"https:\/\/api.w.org\/{rel}","templated":true}]}}