{"id":8426,"date":"2023-04-27T14:45:30","date_gmt":"2023-04-27T14:45:30","guid":{"rendered":"https:\/\/moverdb.com\/?page_id=8426"},"modified":"2026-01-08T15:30:07","modified_gmt":"2026-01-08T15:30:07","slug":"moving-companies-mauritania","status":"publish","type":"page","link":"https:\/\/moverdb.com\/nb\/moving-companies\/moving-companies-mauritania\/","title":{"rendered":"Beste internasjonale flyttefirmaer i Mauritania"},"content":{"rendered":"<p>Planlegger du \u00e5 flytte hjem eller virksomheten din i, til eller fra Mauritania? Da kan det v\u00e6re lurt \u00e5 benytte seg av tjenestene til en <a href=\"https:\/\/moverdb.com\/nb\/moving-companies\/\" data-internallinksmanager029f6b8e52c=\"79\" title=\"Topp 25 internasjonale flyttebyr\u00e5er p\u00e5 nettet\">flyttefirma<\/a> for \u00e5 hjelpe deg. Nedenfor har vi satt sammen en liste over Mauritania-baserte <a href=\"https:\/\/moverdb.com\/nb\/international-removals\/\" data-internallinksmanager029f6b8e52c=\"27\" title=\"De 36 beste internasjonale flyttebyr\u00e5ene i Storbritannia\">flyttebyr\u00e5er<\/a> som er medlemmer av <a href=\"https:\/\/moverdb.com\/nb\/iam\/\" data-internallinksmanager029f6b8e52c=\"23\" title=\"International Association of Movers (IAM) Forklaret\">International Association of Movers<\/a> (IAM) og\/eller <a href=\"https:\/\/moverdb.com\/nb\/fidi-faim\/\" data-internallinksmanager029f6b8e52c=\"16\" title=\"FIDI &amp; FAIM (FIDI-akkreditert internasjonal spedit\u00f8r) forklart\">FIDI<\/a> Accredited International Mover (FAIM) som kan hjelpe deg med flyttingen.<\/p>\n<h2><strong>Tam Mauritania<\/strong>&nbsp;<img loading=\"lazy\" decoding=\"async\" class=\"alignnone size-full wp-image-8427\" src=\"https:\/\/moverdb.com\/wp-content\/uploads\/Tam-Mauritania-international-moving-company.png\" alt=\"Tam Mauritania internasjonalt flyttefirma\" width=\"1440\" height=\"700\" data-wp-pid=\"8427\" srcset=\"https:\/\/moverdb.com\/wp-content\/uploads\/Tam-Mauritania-international-moving-company.png 1440w, https:\/\/moverdb.com\/wp-content\/uploads\/Tam-Mauritania-international-moving-company-300x146.png 300w, https:\/\/moverdb.com\/wp-content\/uploads\/Tam-Mauritania-international-moving-company-1024x498.png 1024w, https:\/\/moverdb.com\/wp-content\/uploads\/Tam-Mauritania-international-moving-company-18x9.png 18w, https:\/\/moverdb.com\/wp-content\/uploads\/Tam-Mauritania-international-moving-company-600x292.png 600w\" sizes=\"auto, (max-width: 1440px) 100vw, 1440px\" \/><\/h2>\n<ul>\n<li>Nasjonale tiltak<\/li>\n<li>Internasjonale flyttinger<\/li>\n<li>Flytting av boliger<\/li>\n<li>Kontoroverf\u00f8ringer<\/li>\n<li>Flyttetjenester<\/li>\n<li>Pakketjeneste<\/li>\n<li>Demontering av m\u00f8bler<\/li>\n<li>Land-, sj\u00f8- og lufttransport<\/li>\n<li>Import- og eksportformaliteter<\/li>\n<li>Lagringsanlegg<\/li>\n<\/ul>\n<p>Tam Mauritania er et nasjonalt og internasjonalt flyttebyr\u00e5 som spesialiserer seg p\u00e5 flytting i Vest-Afrika, og de har 15 \u00e5rs erfaring. De er medlem av IAM, noe som gir dem fleksibilitet til \u00e5 tilby kvalitetstjenester utenfor sitt operasjonsomr\u00e5de. De er ogs\u00e5 en partner av Africa Move for \u00e5 styrke kapasiteten i Afrika.<\/p>\n<p>Tam Mauritania tilbyr et personlig tilbud som oppfyller alle dine krav. De tilbyr en pakketjeneste som inkluderer demontering av m\u00f8bler og produksjon av en lagerverdi og sporing av antall pakker. De vil transportere varene dine ved hjelp av sin fl\u00e5te i sine operasjonsomr\u00e5der og ordne transport til andre omr\u00e5der gjennom fraktpartnere.<\/p>\n<p>Nettsted: <a href=\"https:\/\/www.tamm-di.com\/\" target=\"_blank\" rel=\"noopener\">https:\/\/www.tamm-di.com\/<\/a><\/p>","protected":false},"excerpt":{"rendered":"<p>Are you planning on moving home or your business within, to or from Mauritania? Then you may want to enlist the services of a moving company to help you. Below we have compiled a list of Mauritania based removal companies that are members of the International Association of Movers (IAM) and\/or FIDI Accredited International Mover [&hellip;]<\/p>\n","protected":false},"author":4,"featured_media":0,"parent":190,"menu_order":0,"comment_status":"closed","ping_status":"closed","template":"","meta":{"_genesis_hide_title":false,"_genesis_hide_breadcrumbs":false,"_genesis_hide_singular_image":false,"_genesis_hide_footer_widgets":false,"_genesis_custom_body_class":"","_genesis_custom_post_class":"","_genesis_layout":"","footnotes":""},"class_list":{"0":"post-8426","1":"page","2":"type-page","3":"status-publish","5":"entry","6":"has-post-thumbnail"},"_links":{"self":[{"href":"https:\/\/moverdb.com\/nb\/wp-json\/wp\/v2\/pages\/8426","targetHints":{"allow":["GET"]}}],"collection":[{"href":"https:\/\/moverdb.com\/nb\/wp-json\/wp\/v2\/pages"}],"about":[{"href":"https:\/\/moverdb.com\/nb\/wp-json\/wp\/v2\/types\/page"}],"author":[{"embeddable":true,"href":"https:\/\/moverdb.com\/nb\/wp-json\/wp\/v2\/users\/4"}],"replies":[{"embeddable":true,"href":"https:\/\/moverdb.com\/nb\/wp-json\/wp\/v2\/comments?post=8426"}],"version-history":[{"count":1,"href":"https:\/\/moverdb.com\/nb\/wp-json\/wp\/v2\/pages\/8426\/revisions"}],"predecessor-version":[{"id":8428,"href":"https:\/\/moverdb.com\/nb\/wp-json\/wp\/v2\/pages\/8426\/revisions\/8428"}],"up":[{"embeddable":true,"href":"https:\/\/moverdb.com\/nb\/wp-json\/wp\/v2\/pages\/190"}],"wp:attachment":[{"href":"https:\/\/moverdb.com\/nb\/wp-json\/wp\/v2\/media?parent=8426"}],"curies":[{"name":"wp","href":"https:\/\/api.w.org\/{rel}","templated":true}]}}