{"id":8424,"date":"2023-04-27T14:46:03","date_gmt":"2023-04-27T14:46:03","guid":{"rendered":"https:\/\/moverdb.com\/?page_id=8424"},"modified":"2026-01-08T15:24:47","modified_gmt":"2026-01-08T15:24:47","slug":"moving-companies-malta","status":"publish","type":"page","link":"https:\/\/moverdb.com\/nb\/moving-companies\/moving-companies-malta\/","title":{"rendered":"4 beste internasjonale flyttefirmaer p\u00e5 Malta"},"content":{"rendered":"<p>N\u00e5r du planlegger en flytting, blir du engstelig n\u00e5r du tenker p\u00e5 hvor mye du m\u00e5 gj\u00f8re og hvor mye du m\u00e5 pakke? Du kan gj\u00f8re livet ditt enklere ved \u00e5 ansette en <a href=\"https:\/\/moverdb.com\/nb\/moving-companies\/\" data-internallinksmanager029f6b8e52c=\"79\" title=\"Topp 25 internasjonale flyttebyr\u00e5er p\u00e5 nettet\">flyttefirma<\/a> for \u00e5 organisere transport, papirarbeid og pakke eiendelene dine. Nedenfor har vi satt sammen en liste over maltesiske <a href=\"https:\/\/moverdb.com\/nb\/international-removals\/\" data-internallinksmanager029f6b8e52c=\"27\" title=\"De 36 beste internasjonale flyttebyr\u00e5ene i Storbritannia\">flyttebyr\u00e5er<\/a> som er medlemmer av <a href=\"https:\/\/moverdb.com\/nb\/iam\/\" data-internallinksmanager029f6b8e52c=\"23\" title=\"International Association of Movers (IAM) Forklaret\">International Association of Movers<\/a> (IAM) og\/eller <a href=\"https:\/\/moverdb.com\/nb\/fidi-faim\/\" data-internallinksmanager029f6b8e52c=\"16\" title=\"FIDI &amp; FAIM (FIDI-akkreditert internasjonal spedit\u00f8r) forklart\">FIDI<\/a> Accredited International Mover (FAIM) som kan hjelpe deg med flyttingen.<\/p>\n<div id=\"ez-toc-container\" class=\"ez-toc-v2_0_82_2 ez-toc-wrap-left counter-hierarchy ez-toc-counter ez-toc-transparent ez-toc-container-direction\">\n<div class=\"ez-toc-title-container\">\n<p class=\"ez-toc-title\" style=\"cursor:inherit\">Seksjoner<\/p>\n<span class=\"ez-toc-title-toggle\"><a href=\"#\" class=\"ez-toc-pull-right ez-toc-btn ez-toc-btn-xs ez-toc-btn-default ez-toc-toggle\" aria-label=\"Bytt innholdsfortegnelse\"><span class=\"ez-toc-js-icon-con\"><span class=\"\"><span class=\"eztoc-hide\" style=\"display:none;\">Toggle<\/span><span class=\"ez-toc-icon-toggle-span\"><svg style=\"fill: #999;color:#999\" xmlns=\"http:\/\/www.w3.org\/2000\/svg\" class=\"list-377408\" width=\"20px\" height=\"20px\" viewbox=\"0 0 24 24\" fill=\"none\"><path d=\"M6 6H4v2h2V6zm14 0H8v2h12V6zM4 11h2v2H4v-2zm16 0H8v2h12v-2zM4 16h2v2H4v-2zm16 0H8v2h12v-2z\" fill=\"currentColor\"><\/path><\/svg><svg style=\"fill: #999;color:#999\" class=\"arrow-unsorted-368013\" xmlns=\"http:\/\/www.w3.org\/2000\/svg\" width=\"10px\" height=\"10px\" viewbox=\"0 0 24 24\" version=\"1.2\" baseprofile=\"tiny\"><path d=\"M18.2 9.3l-6.2-6.3-6.2 6.3c-.2.2-.3.4-.3.7s.1.5.3.7c.2.2.4.3.7.3h11c.3 0 .5-.1.7-.3.2-.2.3-.5.3-.7s-.1-.5-.3-.7zM5.8 14.7l6.2 6.3 6.2-6.3c.2-.2.3-.5.3-.7s-.1-.5-.3-.7c-.2-.2-.4-.3-.7-.3h-11c-.3 0-.5.1-.7.3-.2.2-.3.5-.3.7s.1.5.3.7z\"\/><\/svg><\/span><\/span><\/span><\/a><\/span><\/div>\n<nav><ul class='ez-toc-list ez-toc-list-level-1 eztoc-toggle-hide-by-default' ><li class='ez-toc-page-1 ez-toc-heading-level-2'><a class=\"ez-toc-link ez-toc-heading-1\" href=\"https:\/\/moverdb.com\/nb\/moving-companies\/moving-companies-malta\/#1_Cube_Relocations\" >1. Flytting av kuber<\/a><\/li><li class='ez-toc-page-1 ez-toc-heading-level-2'><a class=\"ez-toc-link ez-toc-heading-2\" href=\"https:\/\/moverdb.com\/nb\/moving-companies\/moving-companies-malta\/#2_DOM_Transport\" >2. DOM Transport<\/a><\/li><li class='ez-toc-page-1 ez-toc-heading-level-2'><a class=\"ez-toc-link ez-toc-heading-3\" href=\"https:\/\/moverdb.com\/nb\/moving-companies\/moving-companies-malta\/#3_Express_Trailers\" >3. Ekspresstrailere<\/a><\/li><li class='ez-toc-page-1 ez-toc-heading-level-2'><a class=\"ez-toc-link ez-toc-heading-4\" href=\"https:\/\/moverdb.com\/nb\/moving-companies\/moving-companies-malta\/#4_Transpak\" >4. Transpak<\/a><\/li><li class='ez-toc-page-1 ez-toc-heading-level-2'><a class=\"ez-toc-link ez-toc-heading-5\" href=\"https:\/\/moverdb.com\/nb\/moving-companies\/moving-companies-malta\/#Other_Useful_Guides_to_Malta\" >Andre nyttige guider til Malta<\/a><\/li><\/ul><\/nav><\/div>\n<h2><span class=\"ez-toc-section\" id=\"1_Cube_Relocations\"><\/span><strong>1. Flytting av kuber<\/strong><span class=\"ez-toc-section-end\"><\/span><\/h2>\n<p><img loading=\"lazy\" decoding=\"async\" class=\"alignnone size-full wp-image-8301\" src=\"https:\/\/moverdb.com\/wp-content\/uploads\/Cube-Relocations-international-moving-company.png\" alt=\"Cube Relocations internasjonalt flyttebyr\u00e5\" width=\"1440\" height=\"680\" data-wp-pid=\"8301\" srcset=\"https:\/\/moverdb.com\/wp-content\/uploads\/Cube-Relocations-international-moving-company.png 1440w, https:\/\/moverdb.com\/wp-content\/uploads\/Cube-Relocations-international-moving-company-300x142.png 300w, https:\/\/moverdb.com\/wp-content\/uploads\/Cube-Relocations-international-moving-company-1024x484.png 1024w, https:\/\/moverdb.com\/wp-content\/uploads\/Cube-Relocations-international-moving-company-18x9.png 18w, https:\/\/moverdb.com\/wp-content\/uploads\/Cube-Relocations-international-moving-company-600x283.png 600w\" sizes=\"auto, (max-width: 1440px) 100vw, 1440px\" \/><\/p>\n<ul>\n<li>Nasjonale tiltak<\/li>\n<li>Internasjonale flyttinger<\/li>\n<li>Flytting av boliger<\/li>\n<li>Bedriftsbevegelser<\/li>\n<li>Skreddersydd d\u00f8r-til-d\u00f8r-tjeneste<\/li>\n<li>Pakketjeneste<\/li>\n<li>Frakt p\u00e5 vei, i luften og til sj\u00f8s<\/li>\n<li>Transport av kj\u00f8ret\u00f8y<\/li>\n<li>Forsikring<\/li>\n<li>Lagring<\/li>\n<\/ul>\n<p>Cube Relocations er et internasjonalt flyttebyr\u00e5 som ble grunnlagt i 2007 og er basert i Ghaxaq. De tilbyr nasjonale og internasjonale flyttinger til privat- og bedriftskunder som st\u00f8ttes gjennom deres internasjonale sammenslutninger. De er medlem av IAM med 15 \u00e5rs fartstid.<\/p>\n<p>Cube Relocations tilbyr en skreddersydd flyttetjeneste for \u00e5 matche dine behov og kan levere d\u00f8r-til-d\u00f8r-tjenester. De tilbyr en pakketjeneste med et fullt oppl\u00e6rt mannskap som bruker materialer og esker av h\u00f8yeste kvalitet. De vil ordne frakt med sj\u00f8-, vei- eller flyfrakt komplett med fortolling. Ved ankomst vil de pakke ut, sette opp m\u00f8blene dine og fjerne eventuelt avfall.<\/p>\n<p>Nettsted: <a href=\"http:\/\/www.cuberelocations.com\" target=\"_blank\" rel=\"noopener\">http:\/\/www.cuberelocations.com<\/a><\/p>\n<h2><span class=\"ez-toc-section\" id=\"2_DOM_Transport\"><\/span><strong>2. DOM Transport<\/strong><span class=\"ez-toc-section-end\"><\/span><\/h2>\n<p><img loading=\"lazy\" decoding=\"async\" class=\"alignnone size-full wp-image-8305\" src=\"https:\/\/moverdb.com\/wp-content\/uploads\/DOM-Transport-international-moving-company.png\" alt=\"DOM Transport internasjonalt flyttebyr\u00e5\" width=\"1440\" height=\"680\" data-wp-pid=\"8305\" srcset=\"https:\/\/moverdb.com\/wp-content\/uploads\/DOM-Transport-international-moving-company.png 1440w, https:\/\/moverdb.com\/wp-content\/uploads\/DOM-Transport-international-moving-company-300x142.png 300w, https:\/\/moverdb.com\/wp-content\/uploads\/DOM-Transport-international-moving-company-1024x484.png 1024w, https:\/\/moverdb.com\/wp-content\/uploads\/DOM-Transport-international-moving-company-18x9.png 18w, https:\/\/moverdb.com\/wp-content\/uploads\/DOM-Transport-international-moving-company-600x283.png 600w\" sizes=\"auto, (max-width: 1440px) 100vw, 1440px\" \/><\/p>\n<ul>\n<li>Lokale og nasjonale tiltak<\/li>\n<li>Internasjonale flyttinger<\/li>\n<li>Flytting av husholdninger<\/li>\n<li>Kontor- og bedriftsflyttinger<\/li>\n<li>D\u00f8r-til-d\u00f8r-tjeneste<\/li>\n<li>Pakketjeneste<\/li>\n<li>Vei-, sj\u00f8- og luftfrakt<\/li>\n<li>Tollst\u00f8tte<\/li>\n<li>Forsikring<\/li>\n<li>Lagringsanlegg<\/li>\n<\/ul>\n<p>DOM Transport er et flyttebyr\u00e5 som ble grunnlagt tidlig p\u00e5 1930-tallet med base i Qormi, og de tilbyr nasjonale og internasjonale flyttetjenester. De har et p\u00e5litelig utenlandsk nettverk av partnere over hele verden som hjelper dem med internasjonale flyttinger. De er medlem av IAM med 91 \u00e5rs erfaring.<\/p>\n<p>DOM Transport tilbyr et inspekt\u00f8rbes\u00f8k for \u00e5 vurdere dine flyttebehov og gi et tilbud. De tilbyr en d\u00f8r-til-d\u00f8r-tjeneste som inkluderer forsikring og alle tjenester. De tilbyr en pakketjeneste med et erfarent mannskap som pakker eiendelene dine trygt og utarbeider en pakkeliste. De bruker p\u00e5litelige spedit\u00f8rer som tilbyr full- eller dellast og samlastingsalternativer.<\/p>\n<p>Nettsted: <a href=\"http:\/\/www.domtransportmalta.com\" target=\"_blank\" rel=\"noopener\">http:\/\/www.domtransportmalta.com<\/a><\/p>\n<h2><span class=\"ez-toc-section\" id=\"3_Express_Trailers\"><\/span><strong>3. Ekspresstrailere<\/strong><span class=\"ez-toc-section-end\"><\/span><\/h2>\n<p><img loading=\"lazy\" decoding=\"async\" class=\"alignnone size-full wp-image-8312\" src=\"https:\/\/moverdb.com\/wp-content\/uploads\/Express-Trailers-international-moving-company.png\" alt=\"Express Trailers internasjonalt flyttebyr\u00e5\" width=\"1440\" height=\"680\" data-wp-pid=\"8312\" srcset=\"https:\/\/moverdb.com\/wp-content\/uploads\/Express-Trailers-international-moving-company.png 1440w, https:\/\/moverdb.com\/wp-content\/uploads\/Express-Trailers-international-moving-company-300x142.png 300w, https:\/\/moverdb.com\/wp-content\/uploads\/Express-Trailers-international-moving-company-1024x484.png 1024w, https:\/\/moverdb.com\/wp-content\/uploads\/Express-Trailers-international-moving-company-18x9.png 18w, https:\/\/moverdb.com\/wp-content\/uploads\/Express-Trailers-international-moving-company-600x283.png 600w\" sizes=\"auto, (max-width: 1440px) 100vw, 1440px\" \/><\/p>\n<ul>\n<li>Nasjonal transport<\/li>\n<li>Internasjonal transport<\/li>\n<li>Virksomhetstjenester<\/li>\n<li>Frakt av personlige eiendeler<\/li>\n<li>En fl\u00e5te av lastebiler med kj\u00f8ret\u00f8ysporing<\/li>\n<li>D\u00f8r-til-d\u00f8r-tjeneste<\/li>\n<li>Vei-, sj\u00f8- og lufttransport<\/li>\n<li>Tollklarering<\/li>\n<li>Biltransport<\/li>\n<li>Sikker lagring<\/li>\n<\/ul>\n<p>Express Trailers er et transport- og logistikkselskap med base i Luqa. De tilbyr distribusjon og transport i <a href=\"https:\/\/moverdb.com\/nb\/moving-to-malta\/\" data-internallinksmanager029f6b8e52c=\"433\" title=\"Flytter du til Malta? 2023 Levekostnader og flyttetips\">Malta<\/a> og frakttjenester internasjonalt. De har internasjonale allianser med utenlandske distribusjonsnettverk for \u00e5 levere sine tjenester over hele verden. De har v\u00e6rt medlem av IAM i 45 \u00e5r.<\/p>\n<p>Express Trailers tilbyr en d\u00f8r-til-d\u00f8r-tjeneste for transport av varer i, til og fra Malta, som inkluderer fortolling og NSO-erkl\u00e6ringer for import og eksport. De tilbyr full- og dellaster samt stykkgods p\u00e5 sine veitransporter. Alternativene for sj\u00f8frakt inkluderer mindre enn containerlaster og full containerlast. De tilbyr direkte forsendelser med flyfrakt.<\/p>\n<p>Nettsted: <a href=\"http:\/\/www.expressgroup.com\" target=\"_blank\" rel=\"noopener\">http:\/\/www.expressgroup.com<\/a><\/p>\n<h2><span class=\"ez-toc-section\" id=\"4_Transpak\"><\/span><strong>4. Transpak<\/strong><span class=\"ez-toc-section-end\"><\/span><\/h2>\n<p><img loading=\"lazy\" decoding=\"async\" class=\"alignnone size-full wp-image-8377\" src=\"https:\/\/moverdb.com\/wp-content\/uploads\/Transpak-international-moving-company.png\" alt=\"Transpak internasjonalt flyttebyr\u00e5\" width=\"1440\" height=\"673\" data-wp-pid=\"8377\" srcset=\"https:\/\/moverdb.com\/wp-content\/uploads\/Transpak-international-moving-company.png 1440w, https:\/\/moverdb.com\/wp-content\/uploads\/Transpak-international-moving-company-300x140.png 300w, https:\/\/moverdb.com\/wp-content\/uploads\/Transpak-international-moving-company-1024x479.png 1024w, https:\/\/moverdb.com\/wp-content\/uploads\/Transpak-international-moving-company-18x8.png 18w, https:\/\/moverdb.com\/wp-content\/uploads\/Transpak-international-moving-company-600x280.png 600w\" sizes=\"auto, (max-width: 1440px) 100vw, 1440px\" \/><\/p>\n<ul>\n<li>Nasjonale tiltak<\/li>\n<li>Internasjonale flyttinger<\/li>\n<li>Flytting av husholdninger<\/li>\n<li>Virksomheten flytter<\/li>\n<li>Pakketjenester<\/li>\n<li>Emballasje av h\u00f8y kvalitet<\/li>\n<li>Tilrettelegging av transport<\/li>\n<li>H\u00e5ndtering av kunstverk<\/li>\n<li>Transport av kj\u00f8ret\u00f8y<\/li>\n<li>Forsikring<\/li>\n<\/ul>\n<p>Transpak er et flyttebyr\u00e5 grunnlagt i 1976 som tilbyr internasjonale pakke- og fraktl\u00f8sninger. De har et nettverk av agenter over hele verden som hjelper dem med \u00e5 betjene kunder som flytter til eller fra Malta. De er medlem av IAM med 47 \u00e5rs fartstid.<\/p>\n<p>Transpak tilbyr avanserte produkter og teknologier for sikker transport av gjenstandene dine. De kan produsere emballasjematerialer av h\u00f8y kvalitet, blant annet kartonger og trekasser samt beskyttende materialer. De kan flytte forskjellige typer varer, inkludert husholdningsartikler, antikviteter, kunstverk og kj\u00f8ret\u00f8y.<\/p>\n<p>Nettsted: <a href=\"http:\/\/www.transpakmalta.com\" target=\"_blank\" rel=\"noopener\">http:\/\/www.transpakmalta.com<\/a><\/p>\n<h2><span class=\"ez-toc-section\" id=\"Other_Useful_Guides_to_Malta\"><\/span>Andre nyttige guider til Malta <span class=\"ez-toc-section-end\"><\/span><\/h2>\n<ul>\n<li> <a href=\"https:\/\/moverdb.com\/nb\/containertransport\/malta\/\">2024 Fraktpriser for containerfrakt til og fra Malta<\/a><\/li>\n<li> <a href=\"https:\/\/moverdb.com\/nb\/moving-to-malta\/\">Flytter du til Malta? 2023 Levekostnader og flyttetips<\/a><\/li>\n<li> <a href=\"https:\/\/moverdb.com\/nb\/moving-to-malta\/living-in-malta\/\">21 hemmeligheter om \u00e5 bo p\u00e5 Malta du b\u00f8r vite f\u00f8r du flytter<\/a><\/li>\n<\/ul>","protected":false},"excerpt":{"rendered":"<p>When you are planning a move does it fill you with dread thinking about the number of tasks you will need to do and the packing? You can make your life easier by employing a moving company to organise your transport, paperwork and pack your belongings. Below we have compiled a list of Maltese removal [&hellip;]<\/p>\n","protected":false},"author":4,"featured_media":0,"parent":190,"menu_order":0,"comment_status":"closed","ping_status":"closed","template":"","meta":{"_genesis_hide_title":false,"_genesis_hide_breadcrumbs":false,"_genesis_hide_singular_image":false,"_genesis_hide_footer_widgets":false,"_genesis_custom_body_class":"","_genesis_custom_post_class":"","_genesis_layout":"","footnotes":""},"class_list":{"0":"post-8424","1":"page","2":"type-page","3":"status-publish","5":"entry","6":"has-post-thumbnail"},"_links":{"self":[{"href":"https:\/\/moverdb.com\/nb\/wp-json\/wp\/v2\/pages\/8424","targetHints":{"allow":["GET"]}}],"collection":[{"href":"https:\/\/moverdb.com\/nb\/wp-json\/wp\/v2\/pages"}],"about":[{"href":"https:\/\/moverdb.com\/nb\/wp-json\/wp\/v2\/types\/page"}],"author":[{"embeddable":true,"href":"https:\/\/moverdb.com\/nb\/wp-json\/wp\/v2\/users\/4"}],"replies":[{"embeddable":true,"href":"https:\/\/moverdb.com\/nb\/wp-json\/wp\/v2\/comments?post=8424"}],"version-history":[{"count":3,"href":"https:\/\/moverdb.com\/nb\/wp-json\/wp\/v2\/pages\/8424\/revisions"}],"predecessor-version":[{"id":18368,"href":"https:\/\/moverdb.com\/nb\/wp-json\/wp\/v2\/pages\/8424\/revisions\/18368"}],"up":[{"embeddable":true,"href":"https:\/\/moverdb.com\/nb\/wp-json\/wp\/v2\/pages\/190"}],"wp:attachment":[{"href":"https:\/\/moverdb.com\/nb\/wp-json\/wp\/v2\/media?parent=8424"}],"curies":[{"name":"wp","href":"https:\/\/api.w.org\/{rel}","templated":true}]}}