{"id":8416,"date":"2023-04-27T14:47:29","date_gmt":"2023-04-27T14:47:29","guid":{"rendered":"https:\/\/moverdb.com\/?page_id=8416"},"modified":"2026-01-08T15:30:06","modified_gmt":"2026-01-08T15:30:06","slug":"moving-companies-malawi","status":"publish","type":"page","link":"https:\/\/moverdb.com\/nb\/moving-companies\/moving-companies-malawi\/","title":{"rendered":"Beste internasjonale flyttefirmaer i Malawi"},"content":{"rendered":"<p>Flytting kan v\u00e6re komplisert, s\u00e6rlig hvis du skal til et annet land, s\u00e5 det kan v\u00e6re lurt \u00e5 engasjere en flyttebyr\u00e5. <a href=\"https:\/\/moverdb.com\/nb\/moving-companies\/\" data-internallinksmanager029f6b8e52c=\"79\" title=\"Topp 25 internasjonale flyttebyr\u00e5er p\u00e5 nettet\">flyttefirma<\/a> da de kan bidra til \u00e5 redusere stresset i prosessen. Nedenfor har vi satt sammen en liste over Malawi-baserte <a href=\"https:\/\/moverdb.com\/nb\/international-removals\/\" data-internallinksmanager029f6b8e52c=\"27\" title=\"De 36 beste internasjonale flyttebyr\u00e5ene i Storbritannia\">flyttebyr\u00e5er<\/a> som er medlemmer av <a href=\"https:\/\/moverdb.com\/nb\/iam\/\" data-internallinksmanager029f6b8e52c=\"23\" title=\"International Association of Movers (IAM) Forklaret\">International Association of Movers<\/a> (IAM) og\/eller <a href=\"https:\/\/moverdb.com\/nb\/fidi-faim\/\" data-internallinksmanager029f6b8e52c=\"16\" title=\"FIDI &amp; FAIM (FIDI-akkreditert internasjonal spedit\u00f8r) forklart\">FIDI<\/a> Accredited International Mover (FAIM) som kan hjelpe deg med flyttingen.<\/p>\n<h2><strong>Stuffafords International Removings<\/strong><\/h2>\n<p><img loading=\"lazy\" decoding=\"async\" class=\"alignnone size-full wp-image-8369\" src=\"https:\/\/moverdb.com\/wp-content\/uploads\/Stuttafords-International-Malawi-moving-company.png\" alt=\"Stuttafords International Malawi flyttebyr\u00e5\" width=\"1440\" height=\"680\" data-wp-pid=\"8369\" srcset=\"https:\/\/moverdb.com\/wp-content\/uploads\/Stuttafords-International-Malawi-moving-company.png 1440w, https:\/\/moverdb.com\/wp-content\/uploads\/Stuttafords-International-Malawi-moving-company-300x142.png 300w, https:\/\/moverdb.com\/wp-content\/uploads\/Stuttafords-International-Malawi-moving-company-1024x484.png 1024w, https:\/\/moverdb.com\/wp-content\/uploads\/Stuttafords-International-Malawi-moving-company-18x9.png 18w, https:\/\/moverdb.com\/wp-content\/uploads\/Stuttafords-International-Malawi-moving-company-600x283.png 600w\" sizes=\"auto, (max-width: 1440px) 100vw, 1440px\" \/><\/p>\n<ul>\n<li>Lokale og nasjonale tiltak<\/li>\n<li>Internasjonale flyttinger<\/li>\n<li>Flytting av husholdninger<\/li>\n<li>Flytting av kontorer<\/li>\n<li>D\u00f8r-til-d\u00f8r-tjeneste<\/li>\n<li>Pakketjeneste<\/li>\n<li>Kasser<\/li>\n<li>Valg av forsendelsesst\u00f8rrelser<\/li>\n<li>Vei-, jernbane-, luft- og sj\u00f8transport<\/li>\n<li>Kort- og langtidslagring<\/li>\n<\/ul>\n<p>Stuffafords International Removals er et flyttebyr\u00e5 som ble grunnlagt i 1994 og er basert i Lilongwe, men de har ogs\u00e5 filialer i Zimbabwe og Zambia. De samarbeider med flyttebyr\u00e5er over hele verden for \u00e5 levere internasjonale tjenester. De er medlem av IAM med 29 \u00e5rs fartstid.<\/p>\n<p>Stuffafords International Removals tilbyr en d\u00f8r-til-d\u00f8r-tjeneste som kan omfatte en profesjonell pakketjeneste som bruker de beste pakkeproduktene og resirkulerbare materialene for \u00e5 beskytte gjenstandene dine under transport. De tilbyr ogs\u00e5 kasser for \u00e5 beskytte skj\u00f8re gjenstander. De arrangerer transport av gjenstandene dine med bil, tog, fly eller b\u00e5t.<\/p>\n<p>Nettsted: <a href=\"http:\/\/www.stuttafordsmalawi.com\" target=\"_blank\" rel=\"noopener\">http:\/\/www.stuttafordsmalawi.com<\/a><\/p>","protected":false},"excerpt":{"rendered":"<p>Moving can be complex especially if you are going to another country so you may want to engage the services of a moving company as they can help reduce the stress of the process. Below we have compiled a list of Malawi based removal companies that are members of the International Association of Movers (IAM) [&hellip;]<\/p>\n","protected":false},"author":4,"featured_media":0,"parent":190,"menu_order":0,"comment_status":"closed","ping_status":"closed","template":"","meta":{"_genesis_hide_title":false,"_genesis_hide_breadcrumbs":false,"_genesis_hide_singular_image":false,"_genesis_hide_footer_widgets":false,"_genesis_custom_body_class":"","_genesis_custom_post_class":"","_genesis_layout":"","footnotes":""},"class_list":{"0":"post-8416","1":"page","2":"type-page","3":"status-publish","5":"entry","6":"has-post-thumbnail"},"_links":{"self":[{"href":"https:\/\/moverdb.com\/nb\/wp-json\/wp\/v2\/pages\/8416","targetHints":{"allow":["GET"]}}],"collection":[{"href":"https:\/\/moverdb.com\/nb\/wp-json\/wp\/v2\/pages"}],"about":[{"href":"https:\/\/moverdb.com\/nb\/wp-json\/wp\/v2\/types\/page"}],"author":[{"embeddable":true,"href":"https:\/\/moverdb.com\/nb\/wp-json\/wp\/v2\/users\/4"}],"replies":[{"embeddable":true,"href":"https:\/\/moverdb.com\/nb\/wp-json\/wp\/v2\/comments?post=8416"}],"version-history":[{"count":1,"href":"https:\/\/moverdb.com\/nb\/wp-json\/wp\/v2\/pages\/8416\/revisions"}],"predecessor-version":[{"id":8417,"href":"https:\/\/moverdb.com\/nb\/wp-json\/wp\/v2\/pages\/8416\/revisions\/8417"}],"up":[{"embeddable":true,"href":"https:\/\/moverdb.com\/nb\/wp-json\/wp\/v2\/pages\/190"}],"wp:attachment":[{"href":"https:\/\/moverdb.com\/nb\/wp-json\/wp\/v2\/media?parent=8416"}],"curies":[{"name":"wp","href":"https:\/\/api.w.org\/{rel}","templated":true}]}}