{"id":8408,"date":"2023-04-27T14:50:26","date_gmt":"2023-04-27T14:50:26","guid":{"rendered":"https:\/\/moverdb.com\/?page_id=8408"},"modified":"2026-01-08T15:30:04","modified_gmt":"2026-01-08T15:30:04","slug":"moving-companies-lithuania","status":"publish","type":"page","link":"https:\/\/moverdb.com\/nb\/moving-companies\/moving-companies-lithuania\/","title":{"rendered":"Beste internasjonale flyttefirmaer i Litauen"},"content":{"rendered":"<p>Planlegger du \u00e5 flytte hjem? Enten det er innenfor, til eller fra Litauen, kan det v\u00e6re lurt \u00e5 benytte seg av tjenestene til en <a href=\"https:\/\/moverdb.com\/nb\/moving-companies\/\" data-internallinksmanager029f6b8e52c=\"79\" title=\"Topp 25 internasjonale flyttebyr\u00e5er p\u00e5 nettet\">flyttefirma<\/a> for \u00e5 hjelpe deg. Nedenfor har vi satt sammen en liste over Litauen-baserte <a href=\"https:\/\/moverdb.com\/nb\/international-removals\/\" data-internallinksmanager029f6b8e52c=\"27\" title=\"De 36 beste internasjonale flyttebyr\u00e5ene i Storbritannia\">flyttebyr\u00e5er<\/a> som er medlemmer av <a href=\"https:\/\/moverdb.com\/nb\/iam\/\" data-internallinksmanager029f6b8e52c=\"23\" title=\"International Association of Movers (IAM) Forklaret\">International Association of Movers<\/a> (IAM) og\/eller <a href=\"https:\/\/moverdb.com\/nb\/fidi-faim\/\" data-internallinksmanager029f6b8e52c=\"16\" title=\"FIDI &amp; FAIM (FIDI-akkreditert internasjonal spedit\u00f8r) forklart\">FIDI<\/a> Accredited International Mover (FAIM) som kan hjelpe deg med flyttingen.<\/p>\n<h2><strong>UAB Movers<\/strong><\/h2>\n<p><img loading=\"lazy\" decoding=\"async\" class=\"alignnone size-full wp-image-8378\" src=\"https:\/\/moverdb.com\/wp-content\/uploads\/UAB-Moving-international-moving-company.png\" alt=\"UAB Moving internasjonalt flyttebyr\u00e5\" width=\"1440\" height=\"683\" data-wp-pid=\"8378\" srcset=\"https:\/\/moverdb.com\/wp-content\/uploads\/UAB-Moving-international-moving-company.png 1440w, https:\/\/moverdb.com\/wp-content\/uploads\/UAB-Moving-international-moving-company-300x142.png 300w, https:\/\/moverdb.com\/wp-content\/uploads\/UAB-Moving-international-moving-company-1024x486.png 1024w, https:\/\/moverdb.com\/wp-content\/uploads\/UAB-Moving-international-moving-company-18x9.png 18w, https:\/\/moverdb.com\/wp-content\/uploads\/UAB-Moving-international-moving-company-600x285.png 600w\" sizes=\"auto, (max-width: 1440px) 100vw, 1440px\" \/><\/p>\n<ul>\n<li>Lokale tiltak<\/li>\n<li>Internasjonale flyttinger<\/li>\n<li>Flytting av husholdninger<\/li>\n<li>Flytting av kontorer<\/li>\n<li>D\u00f8r-til-d\u00f8r-tjeneste<\/li>\n<li>Pakketjeneste<\/li>\n<li>Vei-, luft- eller sj\u00f8transport<\/li>\n<li>Eksport- og importprosedyrer<\/li>\n<li>Tollst\u00f8tte<\/li>\n<li>Lagringsanlegg<\/li>\n<\/ul>\n<p>UAB Movers er et flyttebyr\u00e5 med base i Vilnius som tilbyr lokale, nasjonale og internasjonale flyttinger. De er medlem av IAM med sju \u00e5rs fartstid. Deres medlemskap i internasjonale sammenslutninger gj\u00f8r det mulig for dem \u00e5 tilby tjenester av h\u00f8y kvalitet hvor som helst i verden.<\/p>\n<p>UAB Movers tilbyr en d\u00f8r-til-d\u00f8r-flyttetjeneste for sm\u00e5 til store flytteprosjekter, og de vil tilby de beste transportl\u00f8sningene enten det er p\u00e5 vei, luft eller sj\u00f8. De tilbyr et utvalg av fulle eller mindre enn fulle containerlaster for sj\u00f8frakt, og forskjellige varebilst\u00f8rrelser for veitransport. De vil gi r\u00e5d om formalitetene ved eksport- og importprosedyrer.<\/p>\n<p>Nettsted: <a href=\"http:\/\/www.movers.lt\" target=\"_blank\" rel=\"noopener\">http:\/\/www.movers.lt<\/a><\/p>\n<h2>Andre nyttige guider til Litauen<\/h2>\n<ul>\n<li> <a href=\"https:\/\/moverdb.com\/nb\/containertransport\/litauen\/\">2024 Fraktpriser for containerfrakt til og fra Litauen<\/a><\/li>\n<li> <a href=\"https:\/\/moverdb.com\/nb\/moving-to-lithuania\/\">Skal du flytte til Litauen? 2024 Levekostnader og tips om flytting<\/a><\/li>\n<\/ul>","protected":false},"excerpt":{"rendered":"<p>Are you planning on moving home? Whether that is within, or to or from Lithuania then you might want to engage the services of a moving company to help you. Below we have compiled a list of Lithuania based removal companies that are members of the International Association of Movers (IAM) and\/or FIDI Accredited International [&hellip;]<\/p>\n","protected":false},"author":4,"featured_media":0,"parent":190,"menu_order":0,"comment_status":"closed","ping_status":"closed","template":"","meta":{"_genesis_hide_title":false,"_genesis_hide_breadcrumbs":false,"_genesis_hide_singular_image":false,"_genesis_hide_footer_widgets":false,"_genesis_custom_body_class":"","_genesis_custom_post_class":"","_genesis_layout":"","footnotes":""},"class_list":{"0":"post-8408","1":"page","2":"type-page","3":"status-publish","5":"entry","6":"has-post-thumbnail"},"_links":{"self":[{"href":"https:\/\/moverdb.com\/nb\/wp-json\/wp\/v2\/pages\/8408","targetHints":{"allow":["GET"]}}],"collection":[{"href":"https:\/\/moverdb.com\/nb\/wp-json\/wp\/v2\/pages"}],"about":[{"href":"https:\/\/moverdb.com\/nb\/wp-json\/wp\/v2\/types\/page"}],"author":[{"embeddable":true,"href":"https:\/\/moverdb.com\/nb\/wp-json\/wp\/v2\/users\/4"}],"replies":[{"embeddable":true,"href":"https:\/\/moverdb.com\/nb\/wp-json\/wp\/v2\/comments?post=8408"}],"version-history":[{"count":3,"href":"https:\/\/moverdb.com\/nb\/wp-json\/wp\/v2\/pages\/8408\/revisions"}],"predecessor-version":[{"id":18259,"href":"https:\/\/moverdb.com\/nb\/wp-json\/wp\/v2\/pages\/8408\/revisions\/18259"}],"up":[{"embeddable":true,"href":"https:\/\/moverdb.com\/nb\/wp-json\/wp\/v2\/pages\/190"}],"wp:attachment":[{"href":"https:\/\/moverdb.com\/nb\/wp-json\/wp\/v2\/media?parent=8408"}],"curies":[{"name":"wp","href":"https:\/\/api.w.org\/{rel}","templated":true}]}}