{"id":8406,"date":"2023-04-27T14:50:58","date_gmt":"2023-04-27T14:50:58","guid":{"rendered":"https:\/\/moverdb.com\/?page_id=8406"},"modified":"2026-01-08T15:30:03","modified_gmt":"2026-01-08T15:30:03","slug":"moving-companies-libya","status":"publish","type":"page","link":"https:\/\/moverdb.com\/nb\/moving-companies\/moving-companies-libya\/","title":{"rendered":"Beste internasjonale flyttefirmaer i Libya"},"content":{"rendered":"<p>N\u00e5r du flytter hjem og\/eller kontor, kan det v\u00e6re en travel tid med mye \u00e5 holde styr p\u00e5, s\u00e6rlig hvis du flytter til utlandet. Det er her en <a href=\"https:\/\/moverdb.com\/nb\/moving-companies\/\" data-internallinksmanager029f6b8e52c=\"79\" title=\"Topp 25 internasjonale flyttebyr\u00e5er p\u00e5 nettet\">flyttefirma<\/a> kan bist\u00e5 med \u00e5 ta p\u00e5 seg mye av forvaltningen og oppgavene. Nedenfor har vi satt sammen en liste over Libya-baserte <a href=\"https:\/\/moverdb.com\/nb\/international-removals\/\" data-internallinksmanager029f6b8e52c=\"27\" title=\"De 36 beste internasjonale flyttebyr\u00e5ene i Storbritannia\">flyttebyr\u00e5er<\/a> som er medlemmer av <a href=\"https:\/\/moverdb.com\/nb\/iam\/\" data-internallinksmanager029f6b8e52c=\"23\" title=\"International Association of Movers (IAM) Forklaret\">International Association of Movers<\/a> (IAM) og\/eller <a href=\"https:\/\/moverdb.com\/nb\/fidi-faim\/\" data-internallinksmanager029f6b8e52c=\"16\" title=\"FIDI &amp; FAIM (FIDI-akkreditert internasjonal spedit\u00f8r) forklart\">FIDI<\/a> Accredited International Mover (FAIM) som kan hjelpe deg med flyttingen.<\/p>\n<h2><strong>Hudhud verdensomspennende logistikk<\/strong><\/h2>\n<p><img loading=\"lazy\" decoding=\"async\" class=\"alignnone size-full wp-image-8326\" src=\"https:\/\/moverdb.com\/wp-content\/uploads\/Hudhud-Worldwide-Logistics-international-moving-company.png\" alt=\"Hudhud Worldwide Logistics internasjonalt flyttebyr\u00e5\" width=\"1440\" height=\"681\" data-wp-pid=\"8326\" srcset=\"https:\/\/moverdb.com\/wp-content\/uploads\/Hudhud-Worldwide-Logistics-international-moving-company.png 1440w, https:\/\/moverdb.com\/wp-content\/uploads\/Hudhud-Worldwide-Logistics-international-moving-company-300x142.png 300w, https:\/\/moverdb.com\/wp-content\/uploads\/Hudhud-Worldwide-Logistics-international-moving-company-1024x484.png 1024w, https:\/\/moverdb.com\/wp-content\/uploads\/Hudhud-Worldwide-Logistics-international-moving-company-18x9.png 18w, https:\/\/moverdb.com\/wp-content\/uploads\/Hudhud-Worldwide-Logistics-international-moving-company-600x284.png 600w\" sizes=\"auto, (max-width: 1440px) 100vw, 1440px\" \/><\/p>\n<ul>\n<li><a href=\"https:\/\/moverdb.com\/nb\/container-shipping\/\" data-internallinksmanager029f6b8e52c=\"3\" title=\"Diagram over internasjonale fraktrater for containere: Mai 2026\">Internasjonal skipsfart<\/a><\/li>\n<li>Selskapets skipsfart<\/li>\n<li>Skreddersydde tjenester<\/li>\n<li>Vei-, luft- og sj\u00f8frakt<\/li>\n<li>Sporing av forsendelser<\/li>\n<li>Valg av fraktcontainere<\/li>\n<li>Tollklarering<\/li>\n<li>St\u00f8tte til papirarbeid og etterlevelse<\/li>\n<li>Forsikring<\/li>\n<li>Lagringsanlegg<\/li>\n<\/ul>\n<p>Hudhud Worldwide Logistics er et shipping- og transporttjenesteselskap som har v\u00e6rt i drift i over ti \u00e5r og har base i Tripoli, Benghazi, Misurata og andre st\u00f8rre byer. De har et nettverk av agenter og transportselskaper som hjelper dem med \u00e5 levere sine tjenester over hele verden. De er medlem av IAM med 15 \u00e5rs fartstid.<\/p>\n<p>Hudhud Worldwide Logistics tilbyr d\u00f8r-til-d\u00f8r-l\u00f8sninger som er skreddersydd til dine behov. De tilbyr sj\u00f8frakt med et utvalg av 20', 40', open top, flat rack og break bulk med fortolling. De tilbyr luftfrakt med full sporingstjeneste, h\u00e5ndtering av papirarbeid og fortolling.<\/p>\n<p>Nettsted: <a href=\"http:\/\/www.hudhudlogistics.com\" target=\"_blank\" rel=\"noopener\">http:\/\/www.hudhudlogistics.com<\/a><\/p>","protected":false},"excerpt":{"rendered":"<p>When you are moving home and\/or offices it can be a busy time with lots to manage particularly if you are moving abroad. This is where a moving company can assist in helping take on a lot of the management and tasks. Below we have compiled a list of Libya based removal companies that are [&hellip;]<\/p>\n","protected":false},"author":4,"featured_media":0,"parent":190,"menu_order":0,"comment_status":"closed","ping_status":"closed","template":"","meta":{"_genesis_hide_title":false,"_genesis_hide_breadcrumbs":false,"_genesis_hide_singular_image":false,"_genesis_hide_footer_widgets":false,"_genesis_custom_body_class":"","_genesis_custom_post_class":"","_genesis_layout":"","footnotes":""},"class_list":{"0":"post-8406","1":"page","2":"type-page","3":"status-publish","5":"entry","6":"has-post-thumbnail"},"_links":{"self":[{"href":"https:\/\/moverdb.com\/nb\/wp-json\/wp\/v2\/pages\/8406","targetHints":{"allow":["GET"]}}],"collection":[{"href":"https:\/\/moverdb.com\/nb\/wp-json\/wp\/v2\/pages"}],"about":[{"href":"https:\/\/moverdb.com\/nb\/wp-json\/wp\/v2\/types\/page"}],"author":[{"embeddable":true,"href":"https:\/\/moverdb.com\/nb\/wp-json\/wp\/v2\/users\/4"}],"replies":[{"embeddable":true,"href":"https:\/\/moverdb.com\/nb\/wp-json\/wp\/v2\/comments?post=8406"}],"version-history":[{"count":1,"href":"https:\/\/moverdb.com\/nb\/wp-json\/wp\/v2\/pages\/8406\/revisions"}],"predecessor-version":[{"id":8407,"href":"https:\/\/moverdb.com\/nb\/wp-json\/wp\/v2\/pages\/8406\/revisions\/8407"}],"up":[{"embeddable":true,"href":"https:\/\/moverdb.com\/nb\/wp-json\/wp\/v2\/pages\/190"}],"wp:attachment":[{"href":"https:\/\/moverdb.com\/nb\/wp-json\/wp\/v2\/media?parent=8406"}],"curies":[{"name":"wp","href":"https:\/\/api.w.org\/{rel}","templated":true}]}}