{"id":8396,"date":"2023-04-27T14:53:30","date_gmt":"2023-04-27T14:53:30","guid":{"rendered":"https:\/\/moverdb.com\/?page_id=8396"},"modified":"2026-05-15T15:00:49","modified_gmt":"2026-05-15T15:00:49","slug":"moving-companies-kenya","status":"publish","type":"page","link":"https:\/\/moverdb.com\/nb\/moving-companies\/moving-companies-kenya\/","title":{"rendered":"4 beste internasjonale flyttefirmaer i Kenya"},"content":{"rendered":"<p>Hvis du skal flytte hjem eller bedriften din, kan det virke litt skremmende, s\u00e6rlig hvis du skal flytte til et annet land, med alt papirarbeidet og alle forberedelsene som m\u00e5 gj\u00f8res. Det er her en <a href=\"https:\/\/moverdb.com\/nb\/moving-companies\/\" data-internallinksmanager029f6b8e52c=\"79\" title=\"Topp 25 internasjonale flyttebyr\u00e5er p\u00e5 nettet\">flyttefirma<\/a> kan virkelig lette belastningen din. S\u00e5 nedenfor har vi listet opp kenyanske baserte <a href=\"https:\/\/moverdb.com\/nb\/international-removals\/\" data-internallinksmanager029f6b8e52c=\"27\" title=\"De 36 beste internasjonale flyttebyr\u00e5ene i Storbritannia\">flyttebyr\u00e5er<\/a> som er medlemmer av <a href=\"https:\/\/moverdb.com\/nb\/iam\/\" data-internallinksmanager029f6b8e52c=\"23\" title=\"International Association of Movers (IAM) Forklaret\">International Association of Movers<\/a> (IAM) og\/eller <a href=\"https:\/\/moverdb.com\/nb\/fidi-faim\/\" data-internallinksmanager029f6b8e52c=\"16\" title=\"FIDI &amp; FAIM (FIDI-akkreditert internasjonal spedit\u00f8r) forklart\">FIDI<\/a> Accredited International Mover (FAIM) som kan hjelpe deg med flyttingen.<\/p>\n<div id=\"ez-toc-container\" class=\"ez-toc-v2_0_83 ez-toc-wrap-left counter-hierarchy ez-toc-counter ez-toc-transparent ez-toc-container-direction\">\n<div class=\"ez-toc-title-container\">\n<p class=\"ez-toc-title\" style=\"cursor:inherit\">Seksjoner<\/p>\n<span class=\"ez-toc-title-toggle\"><a href=\"#\" class=\"ez-toc-pull-right ez-toc-btn ez-toc-btn-xs ez-toc-btn-default ez-toc-toggle\" aria-label=\"Bytt innholdsfortegnelse\"><span class=\"ez-toc-js-icon-con\"><span class=\"\"><span class=\"eztoc-hide\" style=\"display:none;\">Toggle<\/span><span class=\"ez-toc-icon-toggle-span\"><svg style=\"fill: #999;color:#999\" xmlns=\"http:\/\/www.w3.org\/2000\/svg\" class=\"list-377408\" width=\"20px\" height=\"20px\" viewbox=\"0 0 24 24\" fill=\"none\"><path d=\"M6 6H4v2h2V6zm14 0H8v2h12V6zM4 11h2v2H4v-2zm16 0H8v2h12v-2zM4 16h2v2H4v-2zm16 0H8v2h12v-2z\" fill=\"currentColor\"><\/path><\/svg><svg style=\"fill: #999;color:#999\" class=\"arrow-unsorted-368013\" xmlns=\"http:\/\/www.w3.org\/2000\/svg\" width=\"10px\" height=\"10px\" viewbox=\"0 0 24 24\" version=\"1.2\" baseprofile=\"tiny\"><path d=\"M18.2 9.3l-6.2-6.3-6.2 6.3c-.2.2-.3.4-.3.7s.1.5.3.7c.2.2.4.3.7.3h11c.3 0 .5-.1.7-.3.2-.2.3-.5.3-.7s-.1-.5-.3-.7zM5.8 14.7l6.2 6.3 6.2-6.3c.2-.2.3-.5.3-.7s-.1-.5-.3-.7c-.2-.2-.4-.3-.7-.3h-11c-.3 0-.5.1-.7.3-.2.2-.3.5-.3.7s.1.5.3.7z\"\/><\/svg><\/span><\/span><\/span><\/a><\/span><\/div>\n<nav><ul class='ez-toc-list ez-toc-list-level-1 eztoc-toggle-hide-by-default' ><li class='ez-toc-page-1 ez-toc-heading-level-2'><a class=\"ez-toc-link ez-toc-heading-1\" href=\"https:\/\/moverdb.com\/nb\/moving-companies\/moving-companies-kenya\/#1_Quick_Task_Freight_Limited\" >1. Quick Task Freight Limited<\/a><\/li><li class='ez-toc-page-1 ez-toc-heading-level-2'><a class=\"ez-toc-link ez-toc-heading-2\" href=\"https:\/\/moverdb.com\/nb\/moving-companies\/moving-companies-kenya\/#2_Nellions_Moving_Relocations\" >2. Nellions Flytting og omplasseringer<\/a><\/li><li class='ez-toc-page-1 ez-toc-heading-level-2'><a class=\"ez-toc-link ez-toc-heading-3\" href=\"https:\/\/moverdb.com\/nb\/moving-companies\/moving-companies-kenya\/#3_Benfi_Global_Logistics\" >3. Benfi Global Logistics<\/a><\/li><li class='ez-toc-page-1 ez-toc-heading-level-2'><a class=\"ez-toc-link ez-toc-heading-4\" href=\"https:\/\/moverdb.com\/nb\/moving-companies\/moving-companies-kenya\/#4_DB_Schenker\" >4. DB Schenker<\/a><\/li><\/ul><\/nav><\/div>\n<h2><span class=\"ez-toc-section\" id=\"1_Quick_Task_Freight_Limited\"><\/span><strong>1. Quick Task Freight Limited<\/strong><span class=\"ez-toc-section-end\"><\/span><\/h2>\n<p><img loading=\"lazy\" decoding=\"async\" class=\"alignnone size-full wp-image-8356\" src=\"https:\/\/moverdb.com\/wp-content\/uploads\/Quick-Task-Freight-international-moving-company.png\" alt=\"Quick Task Freight internasjonalt flyttebyr\u00e5\" width=\"1440\" height=\"682\" data-wp-pid=\"8356\" srcset=\"https:\/\/moverdb.com\/wp-content\/uploads\/Quick-Task-Freight-international-moving-company.png 1440w, https:\/\/moverdb.com\/wp-content\/uploads\/Quick-Task-Freight-international-moving-company-300x142.png 300w, https:\/\/moverdb.com\/wp-content\/uploads\/Quick-Task-Freight-international-moving-company-1024x485.png 1024w, https:\/\/moverdb.com\/wp-content\/uploads\/Quick-Task-Freight-international-moving-company-18x9.png 18w, https:\/\/moverdb.com\/wp-content\/uploads\/Quick-Task-Freight-international-moving-company-600x284.png 600w\" sizes=\"auto, (max-width: 1440px) 100vw, 1440px\" \/><\/p>\n<ul>\n<li>Lokale tiltak<\/li>\n<li>Internasjonale flyttinger<\/li>\n<li>Flytting av husholdning<\/li>\n<li>Bedriftsbevegelser<\/li>\n<li>Skreddersydd d\u00f8r-til-d\u00f8r-tjeneste<\/li>\n<li>Pakketjeneste<\/li>\n<li>Vei-, sj\u00f8- og lufttransport<\/li>\n<li>Tollmegling<\/li>\n<li>Forsikringsr\u00e5dgivning<\/li>\n<li>Lagringsanlegg<\/li>\n<\/ul>\n<p>Quick Task Freight Limited er et spedisjons- og logistikkselskap som ble grunnlagt i 2013 og har hovedkontor i Kenya med avdelinger i Nairobi og Mombasa, og flere kontorer i \u00d8st-Afrika. De samarbeider med internasjonale partnere for \u00e5 flytte mennesker over hele verden. De har v\u00e6rt medlem av IAM i \u00e5tte \u00e5r.<\/p>\n<p>Quick Task Freight Limited tilbyr skreddersydde d\u00f8r-til-d\u00f8r-flyttetjenester for privatpersoner og bedrifter. De tilbyr en pakketjeneste som beskytter eiendelene dine under transport, enten det er med bil, b\u00e5t eller fly. De tilbyr hjelp med tollmegling og forsikring.<\/p>\n<p>Nettsted: <a href=\"http:\/\/www.quicktaskfreight.com\" target=\"_blank\" rel=\"noopener\">http:\/\/www.quicktaskfreight.com<\/a><\/p>\n<h2><span class=\"ez-toc-section\" id=\"2_Nellions_Moving_Relocations\"><\/span><strong>2. Nellions Flytting og omplasseringer<\/strong><span class=\"ez-toc-section-end\"><\/span><\/h2>\n<p><img loading=\"lazy\" decoding=\"async\" class=\"alignnone size-full wp-image-8348\" src=\"https:\/\/moverdb.com\/wp-content\/uploads\/Nellions-international-moving-company.png\" alt=\"Nellions internasjonale flyttebyr\u00e5\" width=\"1440\" height=\"680\" data-wp-pid=\"8348\" srcset=\"https:\/\/moverdb.com\/wp-content\/uploads\/Nellions-international-moving-company.png 1440w, https:\/\/moverdb.com\/wp-content\/uploads\/Nellions-international-moving-company-300x142.png 300w, https:\/\/moverdb.com\/wp-content\/uploads\/Nellions-international-moving-company-1024x484.png 1024w, https:\/\/moverdb.com\/wp-content\/uploads\/Nellions-international-moving-company-18x9.png 18w, https:\/\/moverdb.com\/wp-content\/uploads\/Nellions-international-moving-company-600x283.png 600w\" sizes=\"auto, (max-width: 1440px) 100vw, 1440px\" \/><\/p>\n<ul>\n<li>Nasjonale tiltak<\/li>\n<li>Internasjonale flyttinger<\/li>\n<li>Flytting av boliger<\/li>\n<li>Flytting av bedrifter og kontorer<\/li>\n<li>D\u00f8r-til-d\u00f8r-tjeneste<\/li>\n<li>Frakt med fly, b\u00e5t eller bil<\/li>\n<li>Fraktalternativer, inkludert gruppetransport<\/li>\n<li>Tollklarering<\/li>\n<li>Forsikring<\/li>\n<li>Lagringsanlegg<\/li>\n<\/ul>\n<p>Nellions Moving &amp; Relocations er et internasjonalt flyttebyr\u00e5 med base i Nairobi. De har v\u00e6rt medlem av IAM i ni \u00e5r, noe som gir dem tilgang til et internasjonalt nettverk av flyttebyr\u00e5er som st\u00f8tter dem.<\/p>\n<p>Nellions Moving &amp; Relocations tilbyr en forh\u00e5ndsunders\u00f8kelse og flyttekonsulenter for \u00e5 hjelpe deg med flytteplanleggingen. De tilbyr d\u00f8r-til-d\u00f8r, d\u00f8r-til<a href=\"https:\/\/moverdb.com\/nb\/top-49-container-ports\/\" data-internallinksmanager029f6b8e52c=\"80\" title=\"De 49 st\u00f8rste og travleste containerhavnene i 2025\">port<\/a> eller port-til-d\u00f8r-l\u00f8sninger. De vil pakke eiendelene dine p\u00e5 en sikker m\u00e5te, dette inkluderer montering og montering av m\u00f8bler og opprettelse av en papirl\u00f8s pakkeliste. De ordner transport med fly, b\u00e5t eller bil og h\u00e5ndterer import- og eksporttoll. Frakt inkluderer full eller mindre enn containerlaster og samlastingsalternativer.<\/p>\n<p>Nettsted: <a href=\"http:\/\/www.nellions.co.ke\" target=\"_blank\" rel=\"noopener\">http:\/\/www.nellions.co.ke<\/a><\/p>\n<h2><span class=\"ez-toc-section\" id=\"3_Benfi_Global_Logistics\"><\/span><strong>3. <\/strong><strong>Benfi Global Logistics<\/strong><span class=\"ez-toc-section-end\"><\/span><\/h2>\n<p><img loading=\"lazy\" decoding=\"async\" class=\"alignnone size-full wp-image-8294\" src=\"https:\/\/moverdb.com\/wp-content\/uploads\/Benfi-Global-Logistics-international-moving-company.png\" alt=\"Benfi Global Logistics internasjonalt flyttebyr\u00e5\" width=\"1440\" height=\"683\" data-wp-pid=\"8294\" srcset=\"https:\/\/moverdb.com\/wp-content\/uploads\/Benfi-Global-Logistics-international-moving-company.png 1440w, https:\/\/moverdb.com\/wp-content\/uploads\/Benfi-Global-Logistics-international-moving-company-300x142.png 300w, https:\/\/moverdb.com\/wp-content\/uploads\/Benfi-Global-Logistics-international-moving-company-1024x486.png 1024w, https:\/\/moverdb.com\/wp-content\/uploads\/Benfi-Global-Logistics-international-moving-company-18x9.png 18w, https:\/\/moverdb.com\/wp-content\/uploads\/Benfi-Global-Logistics-international-moving-company-600x285.png 600w\" sizes=\"auto, (max-width: 1440px) 100vw, 1440px\" \/><\/p>\n<ul>\n<li>Lokal og nasjonal logistikk<\/li>\n<li><a href=\"https:\/\/moverdb.com\/nb\/container-shipping\/\" data-internallinksmanager029f6b8e52c=\"3\" title=\"Diagram over internasjonale fraktrater for containere: Mai 2026\">Internasjonal skipsfart<\/a><\/li>\n<li>Individuelle forsendelser<\/li>\n<li>Bedriftsforsendelser<\/li>\n<li>Persontilpasset tiln\u00e6rming<\/li>\n<li>Veigods ved bruk av deres fl\u00e5te<\/li>\n<li>Alternativer for luftfrakt<\/li>\n<li>Alternativer for sj\u00f8frakt<\/li>\n<li>Tollmegling<\/li>\n<li>Lagringsanlegg<\/li>\n<\/ul>\n<p>Benfi Global Logistics er en one-stop logistikkleverand\u00f8r som kan levere til alle hj\u00f8rner av kloden og er basert i Nairobi. De har samarbeidspartnere over hele verden for \u00e5 utvide rekkevidden og levere tjenester internasjonalt. De er medlem av IAM med 10 \u00e5rs fartstid.<\/p>\n<p>Benfi Global Logistics tilbyr kun spedisjons- og lagringsfasiliteter, men kan im\u00f8tekomme b\u00e5de privatpersoner og bedrifter. De tilbyr en rekke transportalternativer som inkluderer godstransport ved hjelp av deres lastebilfl\u00e5te, flyfrakt fra sm\u00e5 forsendelser til charter og sj\u00f8frakt av enten full eller mindre enn containerlast.<\/p>\n<p>Nettsted: <a href=\"http:\/\/www.benfifreightkenya.co.ke\" target=\"_blank\" rel=\"noopener\">http:\/\/www.benfifreightkenya.co.ke<\/a><\/p>\n<h2><span class=\"ez-toc-section\" id=\"4_DB_Schenker\"><\/span><strong>4. DB Schenker<\/strong><span class=\"ez-toc-section-end\"><\/span><\/h2>\n<p><img loading=\"lazy\" decoding=\"async\" class=\"alignnone size-full wp-image-8303\" src=\"https:\/\/moverdb.com\/wp-content\/uploads\/DB-Schenker-Kenya-international-moving-company.png\" alt=\"DB Schenker Kenya internasjonalt flyttebyr\u00e5\" width=\"1440\" height=\"677\" data-wp-pid=\"8303\" srcset=\"https:\/\/moverdb.com\/wp-content\/uploads\/DB-Schenker-Kenya-international-moving-company.png 1440w, https:\/\/moverdb.com\/wp-content\/uploads\/DB-Schenker-Kenya-international-moving-company-300x141.png 300w, https:\/\/moverdb.com\/wp-content\/uploads\/DB-Schenker-Kenya-international-moving-company-1024x481.png 1024w, https:\/\/moverdb.com\/wp-content\/uploads\/DB-Schenker-Kenya-international-moving-company-18x8.png 18w, https:\/\/moverdb.com\/wp-content\/uploads\/DB-Schenker-Kenya-international-moving-company-600x282.png 600w\" sizes=\"auto, (max-width: 1440px) 100vw, 1440px\" \/><\/p>\n<ul>\n<li>Nasjonale tiltak<\/li>\n<li>Internasjonale flyttinger<\/li>\n<li>Flytting av boliger<\/li>\n<li>Bedriften flytter<\/li>\n<li>Pakketjeneste<\/li>\n<li>Profesjonelle pakkere<\/li>\n<li>Land-, jernbane-, luft- og sj\u00f8transport<\/li>\n<li>Tollklarering<\/li>\n<li>Sporingstjeneste<\/li>\n<li>Lagringsanlegg<\/li>\n<\/ul>\n<p>DB Schenker er en global logistikkleverand\u00f8r med tilstedev\u00e6relse p\u00e5 nesten 725 steder og i over 60 land, og har drevet virksomhet i over 150 \u00e5r. Deres kenyanske base ligger i Nairobi, der de tilbyr nasjonale og internasjonale tjenester. De har et internasjonalt nettverk for \u00e5 levere tjenester over hele verden og er medlem av IAM.<\/p>\n<p>DB Schenker tilbyr en pakketjeneste som beskytter eiendelene dine ved hjelp av milj\u00f8vennlige pakkematerialer og inkluderer demontering og montering av m\u00f8bler. De ordner transport p\u00e5 land, jernbane, fly eller sj\u00f8 med fortolling og en sporingstjeneste som lar deg overv\u00e5ke fremdriften.<\/p>\n<p>Nettsted: <a href=\"http:\/\/www.dbschenker.com\" target=\"_blank\" rel=\"noopener\">http:\/\/www.dbschenker.com<\/a><\/p>","protected":false},"excerpt":{"rendered":"<p>If you are moving home or your business, it might seem a bit daunting especially if you are moving countries with the additional paperwork and arrangements to make. This is where a moving company can really lighten your load. So below we\u2019ve listed Kenyan based removal companies that are members of the International Association of [&hellip;]<\/p>\n","protected":false},"author":4,"featured_media":0,"parent":190,"menu_order":0,"comment_status":"closed","ping_status":"closed","template":"","meta":{"_genesis_hide_title":false,"_genesis_hide_breadcrumbs":false,"_genesis_hide_singular_image":false,"_genesis_hide_footer_widgets":false,"_genesis_custom_body_class":"","_genesis_custom_post_class":"","_genesis_layout":"","footnotes":""},"class_list":{"0":"post-8396","1":"page","2":"type-page","3":"status-publish","5":"entry","6":"has-post-thumbnail"},"_links":{"self":[{"href":"https:\/\/moverdb.com\/nb\/wp-json\/wp\/v2\/pages\/8396","targetHints":{"allow":["GET"]}}],"collection":[{"href":"https:\/\/moverdb.com\/nb\/wp-json\/wp\/v2\/pages"}],"about":[{"href":"https:\/\/moverdb.com\/nb\/wp-json\/wp\/v2\/types\/page"}],"author":[{"embeddable":true,"href":"https:\/\/moverdb.com\/nb\/wp-json\/wp\/v2\/users\/4"}],"replies":[{"embeddable":true,"href":"https:\/\/moverdb.com\/nb\/wp-json\/wp\/v2\/comments?post=8396"}],"version-history":[{"count":1,"href":"https:\/\/moverdb.com\/nb\/wp-json\/wp\/v2\/pages\/8396\/revisions"}],"predecessor-version":[{"id":8397,"href":"https:\/\/moverdb.com\/nb\/wp-json\/wp\/v2\/pages\/8396\/revisions\/8397"}],"up":[{"embeddable":true,"href":"https:\/\/moverdb.com\/nb\/wp-json\/wp\/v2\/pages\/190"}],"wp:attachment":[{"href":"https:\/\/moverdb.com\/nb\/wp-json\/wp\/v2\/media?parent=8396"}],"curies":[{"name":"wp","href":"https:\/\/api.w.org\/{rel}","templated":true}]}}