{"id":8390,"date":"2023-04-27T14:54:37","date_gmt":"2023-04-27T14:54:37","guid":{"rendered":"https:\/\/moverdb.com\/?page_id=8390"},"modified":"2026-01-08T15:29:21","modified_gmt":"2026-01-08T15:29:21","slug":"moving-companies-jordan","status":"publish","type":"page","link":"https:\/\/moverdb.com\/nb\/moving-companies\/moving-companies-jordan\/","title":{"rendered":"6 beste internasjonale flyttefirmaer i Jordan"},"content":{"rendered":"<p>Skal du flytte hjem eller virksomheten din? Da kan det hende at organiseringen og papirarbeidet begynner \u00e5 skremme deg, s\u00e5 du vil kanskje ha hjelp av en <a href=\"https:\/\/moverdb.com\/nb\/moving-companies\/\" data-internallinksmanager029f6b8e52c=\"79\" title=\"Topp 25 internasjonale flyttebyr\u00e5er p\u00e5 nettet\">flyttefirma<\/a>. Hvis du \u00f8nsker \u00e5 flytte i, til eller fra Jordan, har vi satt sammen listen nedenfor over <a href=\"https:\/\/moverdb.com\/nb\/international-removals\/\" data-internallinksmanager029f6b8e52c=\"27\" title=\"De 36 beste internasjonale flyttebyr\u00e5ene i Storbritannia\">flyttebyr\u00e5er<\/a> som er medlemmer av <a href=\"https:\/\/moverdb.com\/nb\/iam\/\" data-internallinksmanager029f6b8e52c=\"23\" title=\"International Association of Movers (IAM) Forklaret\">International Association of Movers<\/a> (IAM) og\/eller <a href=\"https:\/\/moverdb.com\/nb\/fidi-faim\/\" data-internallinksmanager029f6b8e52c=\"16\" title=\"FIDI &amp; FAIM (FIDI-akkreditert internasjonal spedit\u00f8r) forklart\">FIDI<\/a> Accredited International Mover (FAIM) som kan hjelpe deg med flyttingen.<\/p>\n<div id=\"ez-toc-container\" class=\"ez-toc-v2_0_82_2 ez-toc-wrap-left counter-hierarchy ez-toc-counter ez-toc-transparent ez-toc-container-direction\">\n<div class=\"ez-toc-title-container\">\n<p class=\"ez-toc-title\" style=\"cursor:inherit\">Seksjoner<\/p>\n<span class=\"ez-toc-title-toggle\"><a href=\"#\" class=\"ez-toc-pull-right ez-toc-btn ez-toc-btn-xs ez-toc-btn-default ez-toc-toggle\" aria-label=\"Bytt innholdsfortegnelse\"><span class=\"ez-toc-js-icon-con\"><span class=\"\"><span class=\"eztoc-hide\" style=\"display:none;\">Toggle<\/span><span class=\"ez-toc-icon-toggle-span\"><svg style=\"fill: #999;color:#999\" xmlns=\"http:\/\/www.w3.org\/2000\/svg\" class=\"list-377408\" width=\"20px\" height=\"20px\" viewbox=\"0 0 24 24\" fill=\"none\"><path d=\"M6 6H4v2h2V6zm14 0H8v2h12V6zM4 11h2v2H4v-2zm16 0H8v2h12v-2zM4 16h2v2H4v-2zm16 0H8v2h12v-2z\" fill=\"currentColor\"><\/path><\/svg><svg style=\"fill: #999;color:#999\" class=\"arrow-unsorted-368013\" xmlns=\"http:\/\/www.w3.org\/2000\/svg\" width=\"10px\" height=\"10px\" viewbox=\"0 0 24 24\" version=\"1.2\" baseprofile=\"tiny\"><path d=\"M18.2 9.3l-6.2-6.3-6.2 6.3c-.2.2-.3.4-.3.7s.1.5.3.7c.2.2.4.3.7.3h11c.3 0 .5-.1.7-.3.2-.2.3-.5.3-.7s-.1-.5-.3-.7zM5.8 14.7l6.2 6.3 6.2-6.3c.2-.2.3-.5.3-.7s-.1-.5-.3-.7c-.2-.2-.4-.3-.7-.3h-11c-.3 0-.5.1-.7.3-.2.2-.3.5-.3.7s.1.5.3.7z\"\/><\/svg><\/span><\/span><\/span><\/a><\/span><\/div>\n<nav><ul class='ez-toc-list ez-toc-list-level-1 eztoc-toggle-hide-by-default' ><li class='ez-toc-page-1 ez-toc-heading-level-2'><a class=\"ez-toc-link ez-toc-heading-1\" href=\"https:\/\/moverdb.com\/nb\/moving-companies\/moving-companies-jordan\/#1_CML_Safe_Pak\" >1. CML Safe Pak<\/a><\/li><li class='ez-toc-page-1 ez-toc-heading-level-2'><a class=\"ez-toc-link ez-toc-heading-2\" href=\"https:\/\/moverdb.com\/nb\/moving-companies\/moving-companies-jordan\/#2_Jirpac\" >2. Jirpac<\/a><\/li><li class='ez-toc-page-1 ez-toc-heading-level-2'><a class=\"ez-toc-link ez-toc-heading-3\" href=\"https:\/\/moverdb.com\/nb\/moving-companies\/moving-companies-jordan\/#3_Jordanian_Coast_Cargo_Service\" >3. Jordansk kystfrakttjeneste<\/a><\/li><li class='ez-toc-page-1 ez-toc-heading-level-2'><a class=\"ez-toc-link ez-toc-heading-4\" href=\"https:\/\/moverdb.com\/nb\/moving-companies\/moving-companies-jordan\/#4_Levant_Express\" >4. Levant Express<\/a><\/li><li class='ez-toc-page-1 ez-toc-heading-level-2'><a class=\"ez-toc-link ez-toc-heading-5\" href=\"https:\/\/moverdb.com\/nb\/moving-companies\/moving-companies-jordan\/#5_Logistimania\" >5. Logistimania<\/a><\/li><li class='ez-toc-page-1 ez-toc-heading-level-2'><a class=\"ez-toc-link ez-toc-heading-6\" href=\"https:\/\/moverdb.com\/nb\/moving-companies\/moving-companies-jordan\/#6_Naouri_Group\" >6. Naouri-gruppen<\/a><\/li><\/ul><\/nav><\/div>\n<h2><span class=\"ez-toc-section\" id=\"1_CML_Safe_Pak\"><\/span><strong>1. CML Safe Pak<\/strong><span class=\"ez-toc-section-end\"><\/span><\/h2>\n<p><img loading=\"lazy\" decoding=\"async\" class=\"alignnone size-full wp-image-8391\" src=\"https:\/\/moverdb.com\/wp-content\/uploads\/CML-Safe-Pak-international-moving-company.png\" alt=\"CML Safe Pak internasjonalt flyttebyr\u00e5\" width=\"1440\" height=\"667\" data-wp-pid=\"8391\" srcset=\"https:\/\/moverdb.com\/wp-content\/uploads\/CML-Safe-Pak-international-moving-company.png 1440w, https:\/\/moverdb.com\/wp-content\/uploads\/CML-Safe-Pak-international-moving-company-300x139.png 300w, https:\/\/moverdb.com\/wp-content\/uploads\/CML-Safe-Pak-international-moving-company-1024x474.png 1024w, https:\/\/moverdb.com\/wp-content\/uploads\/CML-Safe-Pak-international-moving-company-18x8.png 18w, https:\/\/moverdb.com\/wp-content\/uploads\/CML-Safe-Pak-international-moving-company-600x278.png 600w\" sizes=\"auto, (max-width: 1440px) 100vw, 1440px\" \/><\/p>\n<ul>\n<li>Lokale og nasjonale omplasseringer<\/li>\n<li>Internasjonale flyttinger<\/li>\n<li>Flytting av boliger<\/li>\n<li>Flytte koordinator<\/li>\n<li>Pakketjeneste<\/li>\n<li>Land-, sj\u00f8- og lufttransport<\/li>\n<li>Tollklarering<\/li>\n<li>Transport av kj\u00e6ledyr<\/li>\n<li>Rengj\u00f8ringstjenester<\/li>\n<li>Sikker lagring<\/li>\n<\/ul>\n<p>CML Safe Pak er et flytte-, logistikk- og fraktselskap som har hjulpet folk med \u00e5 flytte siden 1992 og er basert i Amman. De er medlem av <a href=\"https:\/\/moverdb.com\/nb\/harmony-relocation-network\/\" data-internallinksmanager029f6b8e52c=\"20\" title=\"Forklaring av Harmony Relocation Network (HRN)\">Harmony Relocation Network<\/a> og IAM med 31 \u00e5rs erfaring og er akkreditert av FIDI. Disse organisasjonene gir dem tilgang til et internasjonalt nettverk av flytteagenter.<\/p>\n<p>CML Safe Pak tilbyr en forh\u00e5ndskonsultasjon med en flyttekonsulent for \u00e5 vurdere dine behov. Flyttekoordinatoren tar seg av all logistikk i forbindelse med flyttingen, inkludert papirarbeid og fortolling. De tilbyr tilleggstjenester som inkluderer flytting\/rengj\u00f8ring, flytting av kunst og antikviteter og transport av kj\u00e6ledyr.<\/p>\n<p>Nettsted: <a href=\"http:\/\/www.cml-jo.com\" target=\"_blank\" rel=\"noopener\">http:\/\/www.cml-jo.com<\/a><\/p>\n<h2><span class=\"ez-toc-section\" id=\"2_Jirpac\"><\/span><strong>2. Jirpac<\/strong><span class=\"ez-toc-section-end\"><\/span><\/h2>\n<p><img loading=\"lazy\" decoding=\"async\" class=\"alignnone size-full wp-image-8333\" src=\"https:\/\/moverdb.com\/wp-content\/uploads\/Jirpac-international-moving-company.png\" alt=\"Jirpac internasjonalt flyttebyr\u00e5\" width=\"1440\" height=\"679\" data-wp-pid=\"8333\" srcset=\"https:\/\/moverdb.com\/wp-content\/uploads\/Jirpac-international-moving-company.png 1440w, https:\/\/moverdb.com\/wp-content\/uploads\/Jirpac-international-moving-company-300x141.png 300w, https:\/\/moverdb.com\/wp-content\/uploads\/Jirpac-international-moving-company-1024x483.png 1024w, https:\/\/moverdb.com\/wp-content\/uploads\/Jirpac-international-moving-company-18x8.png 18w, https:\/\/moverdb.com\/wp-content\/uploads\/Jirpac-international-moving-company-600x283.png 600w\" sizes=\"auto, (max-width: 1440px) 100vw, 1440px\" \/><\/p>\n<ul>\n<li>Nasjonale tiltak<\/li>\n<li>Internasjonale flyttinger<\/li>\n<li>Flytting av husholdninger<\/li>\n<li>Ansatte flytter<\/li>\n<li>Flytting av bedrifter og kontorer<\/li>\n<li>Pakketjeneste<\/li>\n<li>Land-, sj\u00f8- og lufttransport<\/li>\n<li>Tollmegling<\/li>\n<li>Forsikring<\/li>\n<li>Sikre lagringsfasiliteter<\/li>\n<\/ul>\n<p>Jirpac er et internasjonalt flytte- og pakkeselskap som ble etablert i 1978 og har hovedkontor i Amman. De har et nettverk av korrespondenter over hele verden i 170 land som hjelper dem med \u00e5 levere tjenester internasjonalt. De er medlem av IAM med 45 \u00e5rs fartstid.<\/p>\n<p>Jirpac tilbyr nasjonale og internasjonale flyttetjenester til husholdninger og organisasjoner. De tilbyr en pakketjeneste som tilbyr en rekke pakkematerialer og kartonger for \u00e5 beskytte eiendelene dine under transport som oppfyller internasjonale standarder. De tilbyr land-, luft- og sj\u00f8transport med fortollingstjenester.<\/p>\n<p>Nettsted: <a href=\"http:\/\/www.jirpac.com\" target=\"_blank\" rel=\"noopener\">http:\/\/www.jirpac.com<\/a><\/p>\n<h2><span class=\"ez-toc-section\" id=\"3_Jordanian_Coast_Cargo_Service\"><\/span><strong>3. Jordansk kystfrakttjeneste<\/strong><span class=\"ez-toc-section-end\"><\/span><\/h2>\n<p><img loading=\"lazy\" decoding=\"async\" class=\"alignnone size-full wp-image-8334\" src=\"https:\/\/moverdb.com\/wp-content\/uploads\/Jordanian-Coast-Cargo-Services-international-moving-company.png\" alt=\"Jordanian Coast Cargo Services internasjonalt flyttebyr\u00e5\" width=\"1440\" height=\"677\" data-wp-pid=\"8334\" srcset=\"https:\/\/moverdb.com\/wp-content\/uploads\/Jordanian-Coast-Cargo-Services-international-moving-company.png 1440w, https:\/\/moverdb.com\/wp-content\/uploads\/Jordanian-Coast-Cargo-Services-international-moving-company-300x141.png 300w, https:\/\/moverdb.com\/wp-content\/uploads\/Jordanian-Coast-Cargo-Services-international-moving-company-1024x481.png 1024w, https:\/\/moverdb.com\/wp-content\/uploads\/Jordanian-Coast-Cargo-Services-international-moving-company-18x8.png 18w, https:\/\/moverdb.com\/wp-content\/uploads\/Jordanian-Coast-Cargo-Services-international-moving-company-600x282.png 600w\" sizes=\"auto, (max-width: 1440px) 100vw, 1440px\" \/><\/p>\n<ul>\n<li>Nasjonale flyttinger<\/li>\n<li>Internasjonale flyttinger<\/li>\n<li>Flytting av husholdninger<\/li>\n<li>Kommersielle tjenester<\/li>\n<li>D\u00f8r-til-d\u00f8r-tjeneste<\/li>\n<li>Profesjonell pakketjeneste<\/li>\n<li>Land-, luft- og sj\u00f8transport<\/li>\n<li>Tollklarering<\/li>\n<li>Transport av kj\u00f8ret\u00f8y og kj\u00e6ledyr<\/li>\n<li>Sikker lagring p\u00e5 kort og lang sikt<\/li>\n<\/ul>\n<p>Jordanian Coast Cargo Services er et rederi, <a href=\"https:\/\/moverdb.com\/nb\/freight-forwarder\/\" data-internallinksmanager029f6b8e52c=\"17\" title=\"Spedit\u00f8r &amp; NVOCC Internasjonal kostnads- og selskapsguide\">spedit\u00f8r<\/a> og lagerselskap som tilbyr flyttetjenester og diplomatiske flyttinger. De ble grunnlagt i 2000 og er basert i Amman. De samarbeider med internasjonale organisasjoner for \u00e5 tilby sine tjenester over hele verden. De er medlem av IAM med 23 \u00e5rs fartstid.<\/p>\n<p>Jordanian Coast Cargo Services tilbyr en d\u00f8r-til-d\u00f8r-tjeneste som leveres med h\u00f8yt kvalifiserte pakkere som bruker pakkematerialer og kasser av h\u00f8y kvalitet for \u00e5 flytte eiendelene dine trygt. De vil ordne transport med fortolling, dette kan v\u00e6re p\u00e5 land, luft eller sj\u00f8 i mindre enn containerlaster og fulle containerlaster.<\/p>\n<p>Nettsted: <a href=\"http:\/\/www.jordaniancoastco.com\" target=\"_blank\" rel=\"noopener\">http:\/\/www.jordaniancoastco.com<\/a><\/p>\n<h2><span class=\"ez-toc-section\" id=\"4_Levant_Express\"><\/span><strong>4. Levant Express<\/strong><span class=\"ez-toc-section-end\"><\/span><\/h2>\n<p><img loading=\"lazy\" decoding=\"async\" class=\"alignnone size-full wp-image-8392\" src=\"https:\/\/moverdb.com\/wp-content\/uploads\/Levant-Express-international-moving-company.png\" alt=\"Levant Express internasjonalt flyttebyr\u00e5\" width=\"1440\" height=\"683\" data-wp-pid=\"8392\" srcset=\"https:\/\/moverdb.com\/wp-content\/uploads\/Levant-Express-international-moving-company.png 1440w, https:\/\/moverdb.com\/wp-content\/uploads\/Levant-Express-international-moving-company-300x142.png 300w, https:\/\/moverdb.com\/wp-content\/uploads\/Levant-Express-international-moving-company-1024x486.png 1024w, https:\/\/moverdb.com\/wp-content\/uploads\/Levant-Express-international-moving-company-18x9.png 18w, https:\/\/moverdb.com\/wp-content\/uploads\/Levant-Express-international-moving-company-600x285.png 600w\" sizes=\"auto, (max-width: 1440px) 100vw, 1440px\" \/><\/p>\n<ul>\n<li>Nasjonale flyttinger<\/li>\n<li>Internasjonale flyttinger<\/li>\n<li>Flytting av husholdninger<\/li>\n<li>Innledende unders\u00f8kelse<\/li>\n<li>Pakketjeneste<\/li>\n<li>Fortegnelse<\/li>\n<li>Transport til lands, til vanns og i luften<\/li>\n<li>Tollklarering<\/li>\n<li>Forsikring<\/li>\n<li>Lagringsanlegg<\/li>\n<\/ul>\n<p>Levant Express er en leverand\u00f8r av helhetlige forsyningskjedel\u00f8sninger som tilbyr flyttetjenester. De ble stiftet i 1930 og har kontorer i Jordan og Storbritannia. <a href=\"https:\/\/moverdb.com\/nb\/moving-companies\/moving-companies-lebanon\/\" data-internallinksmanager029f6b8e52c=\"302\" title=\"7 beste internasjonale flyttefirmaer i Libanon\">Libanon<\/a>. De er medlem av IAM med 93 \u00e5rs erfaring, noe som gir dem tilgang til et internasjonalt nettverk av flytteagenter som kan st\u00f8tte dem.<\/p>\n<p>Levant Express tilbyr en unders\u00f8kelse f\u00f8r flytting for \u00e5 estimere volumet p\u00e5 flyttingen din og lage et tilbud. De tilbyr en pakketjeneste som beskytter eiendelene dine under transport ved hjelp av de mest passende pakkematerialene, inkludert kartonger og kasser. Alle pakker er merket, og det utarbeides en inventarliste.<\/p>\n<p>Nettsted: <a href=\"http:\/\/www.levantexpress.net\" target=\"_blank\" rel=\"noopener\">http:\/\/www.levantexpress.net<\/a><\/p>\n<h2><span class=\"ez-toc-section\" id=\"5_Logistimania\"><\/span><strong>5. <\/strong><strong>Logistimania<\/strong><span class=\"ez-toc-section-end\"><\/span><\/h2>\n<p><img loading=\"lazy\" decoding=\"async\" class=\"alignnone size-full wp-image-8337\" src=\"https:\/\/moverdb.com\/wp-content\/uploads\/Logistimania-international-moving-company.png\" alt=\"Logistimania internasjonalt flyttefirma\" width=\"1440\" height=\"676\" data-wp-pid=\"8337\" srcset=\"https:\/\/moverdb.com\/wp-content\/uploads\/Logistimania-international-moving-company.png 1440w, https:\/\/moverdb.com\/wp-content\/uploads\/Logistimania-international-moving-company-300x141.png 300w, https:\/\/moverdb.com\/wp-content\/uploads\/Logistimania-international-moving-company-1024x481.png 1024w, https:\/\/moverdb.com\/wp-content\/uploads\/Logistimania-international-moving-company-18x8.png 18w, https:\/\/moverdb.com\/wp-content\/uploads\/Logistimania-international-moving-company-600x282.png 600w\" sizes=\"auto, (max-width: 1440px) 100vw, 1440px\" \/><\/p>\n<ul>\n<li>Nasjonale tiltak<\/li>\n<li>Internasjonale flyttinger<\/li>\n<li>Flytting av husholdninger<\/li>\n<li>Kommersiell frakt<\/li>\n<li>D\u00f8r-til-d\u00f8r-tjeneste<\/li>\n<li>Profesjonell pakketjeneste<\/li>\n<li>Emballasjematerialer av h\u00f8y kvalitet<\/li>\n<li>Luft-, sj\u00f8- og veitransport<\/li>\n<li>Tollklarering<\/li>\n<li>Lagringsanlegg<\/li>\n<\/ul>\n<p>Logistimania er et internasjonalt flytte- og spedisjonsfirma som ble etablert i Stockholm, men de har ogs\u00e5 en filial i Amman i Jordan. De har langsiktige relasjoner med rederier, fraktagenter og lastebilleverand\u00f8rer for \u00e5 levere sine tjenester over hele verden, og de er ogs\u00e5 medlem av IAM.<\/p>\n<p>Logistimania tilbyr d\u00f8r-til-d\u00f8r-flytting og flyttingstjenester. De tilbyr en profesjonell pakketjeneste som bruker pakkematerialer av h\u00f8y kvalitet for \u00e5 beskytte varene dine under transport. De vil ordne transport med fly, sj\u00f8 og vei med tollklarering om n\u00f8dvendig. De vil hjelpe deg med \u00e5 pakke ut varene dine ved ankomst.<\/p>\n<p>Nettsted: <a href=\"http:\/\/www.logistimania.com\" target=\"_blank\" rel=\"noopener\">http:\/\/www.logistimania.com<\/a><\/p>\n<h2><span class=\"ez-toc-section\" id=\"6_Naouri_Group\"><\/span><strong>6. Naouri-gruppen<\/strong><span class=\"ez-toc-section-end\"><\/span><\/h2>\n<p><img loading=\"lazy\" decoding=\"async\" class=\"alignnone size-full wp-image-8347\" src=\"https:\/\/moverdb.com\/wp-content\/uploads\/Naouri-Group-international-moving-company.png\" alt=\"Naouri Group internasjonalt flyttebyr\u00e5\" width=\"1440\" height=\"680\" data-wp-pid=\"8347\" srcset=\"https:\/\/moverdb.com\/wp-content\/uploads\/Naouri-Group-international-moving-company.png 1440w, https:\/\/moverdb.com\/wp-content\/uploads\/Naouri-Group-international-moving-company-300x142.png 300w, https:\/\/moverdb.com\/wp-content\/uploads\/Naouri-Group-international-moving-company-1024x484.png 1024w, https:\/\/moverdb.com\/wp-content\/uploads\/Naouri-Group-international-moving-company-18x9.png 18w, https:\/\/moverdb.com\/wp-content\/uploads\/Naouri-Group-international-moving-company-600x283.png 600w\" sizes=\"auto, (max-width: 1440px) 100vw, 1440px\" \/><\/p>\n<ul>\n<li>Nasjonale tiltak<\/li>\n<li>Internasjonale flyttinger<\/li>\n<li>Bedriftsforsendelser<\/li>\n<li>Individuelle forsendelser<\/li>\n<li>Videresending av prosjekter<\/li>\n<li>Skreddersydd tjeneste<\/li>\n<li>Vei-, sj\u00f8- og lufttransport<\/li>\n<li>Alternativer for gruppetransport<\/li>\n<li>Tollklarering<\/li>\n<li>Containerterminal<\/li>\n<\/ul>\n<p>Naouri Group er et spedisjons- og logistikkselskap som ble grunnlagt i 1994 og er basert i Amman med virksomhet ogs\u00e5 i <a href=\"https:\/\/moverdb.com\/nb\/moving-companies\/moving-companies-iraq\/\" data-internallinksmanager029f6b8e52c=\"314\" title=\"2 beste internasjonale flyttefirmaer i Irak\">Irak<\/a> og Palestina. De er medlem av IAM med 13 \u00e5rs erfaring og er akkreditert av FIDI. Disse sammenslutningene gir dem tilgang til et internasjonalt nettverk av agenter som hjelper dem med \u00e5 levere tjenester i utlandet.<\/p>\n<p>Naouri Group tilbyr en skreddersydd tjeneste for \u00e5 oppfylle dine krav, og de hevder \u00e5 v\u00e6re en av Jordans ledende logistikkgrupper. De tilbyr en rekke transport- og spedisjonstjenester som omfatter vei-, luft- og sj\u00f8transport samt samlastingsalternativer for mindre enn containerlaster.<\/p>\n<p>Nettsted: <a href=\"http:\/\/www.naouri.com\" target=\"_blank\" rel=\"noopener\">http:\/\/www.naouri.com<\/a><\/p>","protected":false},"excerpt":{"rendered":"<p>Are you moving home or your business? Then the organisation and paperwork may be starting to daunt you, so you may want the assistance of a moving company. If you are looking to move within, to or from Jordan we have compiled the below list of removal companies that are members of the International Association [&hellip;]<\/p>\n","protected":false},"author":4,"featured_media":0,"parent":190,"menu_order":0,"comment_status":"closed","ping_status":"closed","template":"","meta":{"_genesis_hide_title":false,"_genesis_hide_breadcrumbs":false,"_genesis_hide_singular_image":false,"_genesis_hide_footer_widgets":false,"_genesis_custom_body_class":"","_genesis_custom_post_class":"","_genesis_layout":"","footnotes":""},"class_list":{"0":"post-8390","1":"page","2":"type-page","3":"status-publish","5":"entry","6":"has-post-thumbnail"},"_links":{"self":[{"href":"https:\/\/moverdb.com\/nb\/wp-json\/wp\/v2\/pages\/8390","targetHints":{"allow":["GET"]}}],"collection":[{"href":"https:\/\/moverdb.com\/nb\/wp-json\/wp\/v2\/pages"}],"about":[{"href":"https:\/\/moverdb.com\/nb\/wp-json\/wp\/v2\/types\/page"}],"author":[{"embeddable":true,"href":"https:\/\/moverdb.com\/nb\/wp-json\/wp\/v2\/users\/4"}],"replies":[{"embeddable":true,"href":"https:\/\/moverdb.com\/nb\/wp-json\/wp\/v2\/comments?post=8390"}],"version-history":[{"count":1,"href":"https:\/\/moverdb.com\/nb\/wp-json\/wp\/v2\/pages\/8390\/revisions"}],"predecessor-version":[{"id":8393,"href":"https:\/\/moverdb.com\/nb\/wp-json\/wp\/v2\/pages\/8390\/revisions\/8393"}],"up":[{"embeddable":true,"href":"https:\/\/moverdb.com\/nb\/wp-json\/wp\/v2\/pages\/190"}],"wp:attachment":[{"href":"https:\/\/moverdb.com\/nb\/wp-json\/wp\/v2\/media?parent=8390"}],"curies":[{"name":"wp","href":"https:\/\/api.w.org\/{rel}","templated":true}]}}