{"id":7779,"date":"2023-04-27T14:57:32","date_gmt":"2023-04-27T14:57:32","guid":{"rendered":"https:\/\/moverdb.com\/?page_id=7779"},"modified":"2026-01-08T15:29:20","modified_gmt":"2026-01-08T15:29:20","slug":"moving-companies-israel","status":"publish","type":"page","link":"https:\/\/moverdb.com\/nb\/moving-companies\/moving-companies-israel\/","title":{"rendered":"6 beste internasjonale flyttefirmaer i Israel"},"content":{"rendered":"<p>Det kan v\u00e6re stressende \u00e5 flytte hjem eller bedrift, s\u00e5 det kan v\u00e6re lurt \u00e5 benytte seg av tjenestene til en flyttebyr\u00e5. <a href=\"https:\/\/moverdb.com\/nb\/moving-companies\/\" data-internallinksmanager029f6b8e52c=\"79\" title=\"Topp 25 internasjonale flyttebyr\u00e5er p\u00e5 nettet\">flyttefirma<\/a> kan redusere arbeidsmengden og gj\u00f8re flyttingen enklere. Nedenfor har vi satt sammen en liste over <a href=\"https:\/\/moverdb.com\/nb\/moving-to-israel\/\" data-internallinksmanager029f6b8e52c=\"333\" title=\"Flytter du til Israel? 2023 Levekostnader og flyttetips\">Israel<\/a> basert <a href=\"https:\/\/moverdb.com\/nb\/international-removals\/\" data-internallinksmanager029f6b8e52c=\"27\" title=\"De 36 beste internasjonale flyttebyr\u00e5ene i Storbritannia\">flyttebyr\u00e5er<\/a> som er medlemmer av <a href=\"https:\/\/moverdb.com\/nb\/iam\/\" data-internallinksmanager029f6b8e52c=\"23\" title=\"International Association of Movers (IAM) Forklaret\">International Association of Movers<\/a> (IAM) og\/eller <a href=\"https:\/\/moverdb.com\/nb\/fidi-faim\/\" data-internallinksmanager029f6b8e52c=\"16\" title=\"FIDI &amp; FAIM (FIDI-akkreditert internasjonal spedit\u00f8r) forklart\">FIDI<\/a> Accredited International Mover (FAIM) som kan hjelpe deg med flytting til, fra eller innen Israel.<\/p>\n<div id=\"ez-toc-container\" class=\"ez-toc-v2_0_82_2 ez-toc-wrap-left counter-hierarchy ez-toc-counter ez-toc-transparent ez-toc-container-direction\">\n<div class=\"ez-toc-title-container\">\n<p class=\"ez-toc-title\" style=\"cursor:inherit\">Seksjoner<\/p>\n<span class=\"ez-toc-title-toggle\"><a href=\"#\" class=\"ez-toc-pull-right ez-toc-btn ez-toc-btn-xs ez-toc-btn-default ez-toc-toggle\" aria-label=\"Bytt innholdsfortegnelse\"><span class=\"ez-toc-js-icon-con\"><span class=\"\"><span class=\"eztoc-hide\" style=\"display:none;\">Toggle<\/span><span class=\"ez-toc-icon-toggle-span\"><svg style=\"fill: #999;color:#999\" xmlns=\"http:\/\/www.w3.org\/2000\/svg\" class=\"list-377408\" width=\"20px\" height=\"20px\" viewbox=\"0 0 24 24\" fill=\"none\"><path d=\"M6 6H4v2h2V6zm14 0H8v2h12V6zM4 11h2v2H4v-2zm16 0H8v2h12v-2zM4 16h2v2H4v-2zm16 0H8v2h12v-2z\" fill=\"currentColor\"><\/path><\/svg><svg style=\"fill: #999;color:#999\" class=\"arrow-unsorted-368013\" xmlns=\"http:\/\/www.w3.org\/2000\/svg\" width=\"10px\" height=\"10px\" viewbox=\"0 0 24 24\" version=\"1.2\" baseprofile=\"tiny\"><path d=\"M18.2 9.3l-6.2-6.3-6.2 6.3c-.2.2-.3.4-.3.7s.1.5.3.7c.2.2.4.3.7.3h11c.3 0 .5-.1.7-.3.2-.2.3-.5.3-.7s-.1-.5-.3-.7zM5.8 14.7l6.2 6.3 6.2-6.3c.2-.2.3-.5.3-.7s-.1-.5-.3-.7c-.2-.2-.4-.3-.7-.3h-11c-.3 0-.5.1-.7.3-.2.2-.3.5-.3.7s.1.5.3.7z\"\/><\/svg><\/span><\/span><\/span><\/a><\/span><\/div>\n<nav><ul class='ez-toc-list ez-toc-list-level-1 eztoc-toggle-hide-by-default' ><li class='ez-toc-page-1 ez-toc-heading-level-2'><a class=\"ez-toc-link ez-toc-heading-1\" href=\"https:\/\/moverdb.com\/nb\/moving-companies\/moving-companies-israel\/#1_Globus_Relocation\" >1. Globus relokalisering<\/a><\/li><li class='ez-toc-page-1 ez-toc-heading-level-2'><a class=\"ez-toc-link ez-toc-heading-2\" href=\"https:\/\/moverdb.com\/nb\/moving-companies\/moving-companies-israel\/#2_Infinity_Pack_Ship\" >2. Infinity Pack &amp; Ship<\/a><\/li><li class='ez-toc-page-1 ez-toc-heading-level-2'><a class=\"ez-toc-link ez-toc-heading-3\" href=\"https:\/\/moverdb.com\/nb\/moving-companies\/moving-companies-israel\/#3_Ocean\" >3. Hav<\/a><\/li><li class='ez-toc-page-1 ez-toc-heading-level-2'><a class=\"ez-toc-link ez-toc-heading-4\" href=\"https:\/\/moverdb.com\/nb\/moving-companies\/moving-companies-israel\/#4_Sonigo\" >4. Sonigo<\/a><\/li><li class='ez-toc-page-1 ez-toc-heading-level-2'><a class=\"ez-toc-link ez-toc-heading-5\" href=\"https:\/\/moverdb.com\/nb\/moving-companies\/moving-companies-israel\/#5_A_Univers_Transit\" >5. A. Univers Transit<\/a><\/li><li class='ez-toc-page-1 ez-toc-heading-level-2'><a class=\"ez-toc-link ez-toc-heading-6\" href=\"https:\/\/moverdb.com\/nb\/moving-companies\/moving-companies-israel\/#6_Teamnet\" >6. Teamnet<\/a><\/li><li class='ez-toc-page-1 ez-toc-heading-level-2'><a class=\"ez-toc-link ez-toc-heading-7\" href=\"https:\/\/moverdb.com\/nb\/moving-companies\/moving-companies-israel\/#Other_Useful_Guides_to_Israel\" >Andre nyttige guider til Israel<\/a><\/li><\/ul><\/nav><\/div>\n<h2><span class=\"ez-toc-section\" id=\"1_Globus_Relocation\"><\/span><strong>1. Globus relokalisering<\/strong><span class=\"ez-toc-section-end\"><\/span><\/h2>\n<p><img loading=\"lazy\" decoding=\"async\" class=\"alignnone size-full wp-image-7699\" src=\"https:\/\/moverdb.com\/wp-content\/uploads\/Globus-Relocation-international-moving-company.png\" alt=\"Globus Relocation internasjonalt flyttebyr\u00e5\" width=\"1440\" height=\"681\" data-wp-pid=\"7699\" srcset=\"https:\/\/moverdb.com\/wp-content\/uploads\/Globus-Relocation-international-moving-company.png 1440w, https:\/\/moverdb.com\/wp-content\/uploads\/Globus-Relocation-international-moving-company-300x142.png 300w, https:\/\/moverdb.com\/wp-content\/uploads\/Globus-Relocation-international-moving-company-1024x484.png 1024w, https:\/\/moverdb.com\/wp-content\/uploads\/Globus-Relocation-international-moving-company-18x9.png 18w, https:\/\/moverdb.com\/wp-content\/uploads\/Globus-Relocation-international-moving-company-600x284.png 600w\" sizes=\"auto, (max-width: 1440px) 100vw, 1440px\" \/><\/p>\n<ul>\n<li>Internasjonale flyttinger<\/li>\n<li>Personlige trekk<\/li>\n<li>Kommersielle tiltak<\/li>\n<li>Flyttetjenester<\/li>\n<li>D\u00f8r-til-d\u00f8r-tjeneste<\/li>\n<li>Hjelp til pakking<\/li>\n<li>Avanserte og tilpassede pakkematerialer<\/li>\n<li>Land-, sj\u00f8- og lufttransport<\/li>\n<li>Forsikring<\/li>\n<li>Sikker lagring<\/li>\n<\/ul>\n<p>Globus Relocation er en internasjonal pakke- og <a href=\"https:\/\/moverdb.com\/nb\/shipping-companies\/\" data-internallinksmanager029f6b8e52c=\"4\" title=\"Topp 10 internasjonale containerrederier\">rederi<\/a> som ble grunnlagt i 2014, og er basert i Ashdod. De er medlem av IAM og akkreditert av FIDI. Dette medlemskapet eller akkrediteringen gir dem tilgang til et internasjonalt nettverk av agenter.<\/p>\n<p>Globus Relocation tildeler en av sine spesialister til \u00e5 st\u00f8tte deg gjennom hele flyttingen. De tilbyr en d\u00f8r-til-d\u00f8r-tjeneste som tilbyr avanserte pakkematerialer og tilpassede pakkel\u00f8sninger som passer til alle gjenstander. De arrangerer transport av eiendelene dine p\u00e5 bakken, til sj\u00f8s eller i luften. De tilbyr ytterligere flyttetjenester som inkluderer arbeidsvisum, bolig- og skoles\u00f8k, m\u00f8belutleie, ankomsttjenester og hushjelp.<\/p>\n<p>Nettsted: <a href=\"http:\/\/www.globus-relocation.com\" target=\"_blank\" rel=\"noopener\">http:\/\/www.globus-relocation.com<\/a><\/p>\n<h2><span class=\"ez-toc-section\" id=\"2_Infinity_Pack_Ship\"><\/span><strong>2. Infinity Pack &amp; Ship<\/strong><span class=\"ez-toc-section-end\"><\/span><\/h2>\n<p><img loading=\"lazy\" decoding=\"async\" class=\"alignnone size-full wp-image-7707\" src=\"https:\/\/moverdb.com\/wp-content\/uploads\/Infinity-Pack-Ship-international-moving-company.png\" alt=\"Infinity Pack &amp; Ship internasjonalt flyttebyr\u00e5\" width=\"1440\" height=\"680\" data-wp-pid=\"7707\" srcset=\"https:\/\/moverdb.com\/wp-content\/uploads\/Infinity-Pack-Ship-international-moving-company.png 1440w, https:\/\/moverdb.com\/wp-content\/uploads\/Infinity-Pack-Ship-international-moving-company-300x142.png 300w, https:\/\/moverdb.com\/wp-content\/uploads\/Infinity-Pack-Ship-international-moving-company-1024x484.png 1024w, https:\/\/moverdb.com\/wp-content\/uploads\/Infinity-Pack-Ship-international-moving-company-18x9.png 18w, https:\/\/moverdb.com\/wp-content\/uploads\/Infinity-Pack-Ship-international-moving-company-600x283.png 600w\" sizes=\"auto, (max-width: 1440px) 100vw, 1440px\" \/><\/p>\n<ul>\n<li>Nasjonale tiltak<\/li>\n<li>Internasjonale flyttinger<\/li>\n<li>Flytting av boliger<\/li>\n<li>Kommersielle forsendelser<\/li>\n<li>D\u00f8r-til-d\u00f8r eller d\u00f8r-til<a href=\"https:\/\/moverdb.com\/nb\/top-49-container-ports\/\" data-internallinksmanager029f6b8e52c=\"80\" title=\"De 49 st\u00f8rste og travleste containerhavnene i 2025\">port<\/a> tjeneste<\/li>\n<li>Hjelp til pakking<\/li>\n<li>Vei-, sj\u00f8- og lufttransport<\/li>\n<li>Tollklarering<\/li>\n<li>Forsikring<\/li>\n<li>Kort til langvarig lagring<\/li>\n<\/ul>\n<p>Infinity Pack &amp; Ship er et flytte- og logistikkselskap som ble grunnlagt i 2005 i Jerusalem. De samarbeider med et internasjonalt nettverk av flytte- og logistikkselskaper for \u00e5 levere sine tjenester. De er medlem av IAM med 16 \u00e5rs fartstid.<\/p>\n<p>Infinity Pack &amp; Ship tilbyr en gratis hjemmeunders\u00f8kelse og h\u00e5ndterer alt papirarbeidet for flyttingen din, inkludert fortolling. De tilbyr et profesjonelt pakkemannskap som pakker eiendelene dine trygt. De tilbyr en rekke transportalternativer, inkludert veitransport som lukkede luftputer, tilhengere og kj\u00f8ling, flyfrakt og sj\u00f8frakt som full eller mindre enn containerlast.<\/p>\n<p>Nettsted: <a href=\"http:\/\/infinitypack.co.il\" target=\"_blank\" rel=\"noopener\">http:\/\/infinitypack.co.il<\/a><\/p>\n<h2><span class=\"ez-toc-section\" id=\"3_Ocean\"><\/span><strong>3. <\/strong><strong>Hav<\/strong><span class=\"ez-toc-section-end\"><\/span><\/h2>\n<p><img loading=\"lazy\" decoding=\"async\" class=\"alignnone size-full wp-image-7731\" src=\"https:\/\/moverdb.com\/wp-content\/uploads\/Ocean-international-moving-company.png\" alt=\"Ocean internasjonalt flyttebyr\u00e5\" width=\"1440\" height=\"682\" data-wp-pid=\"7731\" srcset=\"https:\/\/moverdb.com\/wp-content\/uploads\/Ocean-international-moving-company.png 1440w, https:\/\/moverdb.com\/wp-content\/uploads\/Ocean-international-moving-company-300x142.png 300w, https:\/\/moverdb.com\/wp-content\/uploads\/Ocean-international-moving-company-1024x485.png 1024w, https:\/\/moverdb.com\/wp-content\/uploads\/Ocean-international-moving-company-18x9.png 18w, https:\/\/moverdb.com\/wp-content\/uploads\/Ocean-international-moving-company-600x284.png 600w\" sizes=\"auto, (max-width: 1440px) 100vw, 1440px\" \/><\/p>\n<ul>\n<li>Internasjonale flyttinger<\/li>\n<li>Flytting av husholdninger<\/li>\n<li>Flyttetjenester<\/li>\n<li>Kundeansvarlig for \u00e5 st\u00f8tte deg<\/li>\n<li>Pakketjeneste<\/li>\n<li>Vei-, sj\u00f8- og lufttransport<\/li>\n<li>Tollklarering<\/li>\n<li>Sporing av forsendelsen<\/li>\n<li>Akkreditert av FIDI<\/li>\n<li>Globale lagringstjenester<\/li>\n<\/ul>\n<p>Ocean er et flytte- og relokaliseringsselskap som er basert i Kibbutz Yakum. De samarbeider med internasjonale partnere for \u00e5 tilby flytte- og relokaliseringstjenester internasjonalt. De er medlem av IAM med 79 \u00e5rs erfaring og er akkreditert av FIDI.<\/p>\n<p>Ocean tilbyr en flytteleder som st\u00f8tter deg gjennom hele flyttingen og lager en transportplan. De tilbyr en takstmann for \u00e5 vurdere dine behov og lage en plan for hva som skal transporteres med fly, b\u00e5t eller i bagasje. Flyttetjenestene deres omfatter blant annet \u00e5 finne bolig og skoler, akklimatiseringstjenester, midlertidig bolig, leie av m\u00f8bler, arbeidsvisum, spr\u00e5koppl\u00e6ring og oppbevaringsl\u00f8sninger.<\/p>\n<p>Nettsted: <a href=\"http:\/\/www.ocean-il.co.il\" target=\"_blank\" rel=\"noopener\">http:\/\/www.ocean-il.co.il<\/a><\/p>\n<h2><span class=\"ez-toc-section\" id=\"4_Sonigo\"><\/span><strong>4. Sonigo<\/strong><span class=\"ez-toc-section-end\"><\/span><\/h2>\n<p><img loading=\"lazy\" decoding=\"async\" class=\"alignnone size-full wp-image-7750\" src=\"https:\/\/moverdb.com\/wp-content\/uploads\/Sonigo-international-moving-company.png\" alt=\"Sonigo internasjonalt flyttebyr\u00e5\" width=\"1440\" height=\"679\" data-wp-pid=\"7750\" srcset=\"https:\/\/moverdb.com\/wp-content\/uploads\/Sonigo-international-moving-company.png 1440w, https:\/\/moverdb.com\/wp-content\/uploads\/Sonigo-international-moving-company-300x141.png 300w, https:\/\/moverdb.com\/wp-content\/uploads\/Sonigo-international-moving-company-1024x483.png 1024w, https:\/\/moverdb.com\/wp-content\/uploads\/Sonigo-international-moving-company-18x8.png 18w, https:\/\/moverdb.com\/wp-content\/uploads\/Sonigo-international-moving-company-600x283.png 600w\" sizes=\"auto, (max-width: 1440px) 100vw, 1440px\" \/><\/p>\n<ul>\n<li>Lokale og nasjonale tiltak<\/li>\n<li>Internasjonale flyttinger og omplasseringer<\/li>\n<li>Flytting av husholdninger<\/li>\n<li>Kommersielle tiltak<\/li>\n<li>D\u00f8r-til-d\u00f8r-tjeneste<\/li>\n<li>Pakketjeneste<\/li>\n<li>Tollklarering<\/li>\n<li>H\u00e5ndtering av kunst<\/li>\n<li>Forsikring<\/li>\n<li>Kort- og langtidslagring<\/li>\n<\/ul>\n<p>Sonigo er en <a href=\"https:\/\/moverdb.com\/nb\/container-shipping\/\" data-internallinksmanager029f6b8e52c=\"3\" title=\"Diagram over internasjonale fraktrater for containere: April 2026\">internasjonal skipsfart<\/a> selskap med base i Gan Yavne som har v\u00e6rt i drift siden 1986 og tilbyr pakke- og frakttjenester for husholdninger og bedrifter. De har et globalt nettverk av h\u00e5ndplukkede internasjonale spedit\u00f8rer som st\u00f8tter dem. De er medlem av IAM med 36 \u00e5rs erfaring og er akkreditert av FIDI.<\/p>\n<p>Sonigo tilbyr d\u00f8r-til-d\u00f8r-flytting og flyttetjenester som starter med en unders\u00f8kelse i hjemmet for \u00e5 vurdere behovene og gi et tilbud. De tilbyr en profesjonell pakketjeneste, utfylling av dokumentasjon og arrangering av transport. Flyttetjenestene deres omfatter visum, skatter\u00e5dgivning, bolig- og skoles\u00f8k, m\u00f8belutleie, ankomsttjenester, orienteringstjenester og hjelp med offentlige tjenester.<\/p>\n<p>Nettsted: <a href=\"http:\/\/www.sonigo.com\" target=\"_blank\" rel=\"noopener\">http:\/\/www.sonigo.com<\/a><\/p>\n<h2><span class=\"ez-toc-section\" id=\"5_A_Univers_Transit\"><\/span><strong>5. A. Univers Transit<\/strong><span class=\"ez-toc-section-end\"><\/span><\/h2>\n<p><img loading=\"lazy\" decoding=\"async\" class=\"alignnone size-full wp-image-7654\" src=\"https:\/\/moverdb.com\/wp-content\/uploads\/A-Univers-Transit-international-moving-company.png\" alt=\"Et internasjonalt flyttebyr\u00e5 Univers Transit\" width=\"1440\" height=\"691\" data-wp-pid=\"7654\" srcset=\"https:\/\/moverdb.com\/wp-content\/uploads\/A-Univers-Transit-international-moving-company.png 1440w, https:\/\/moverdb.com\/wp-content\/uploads\/A-Univers-Transit-international-moving-company-300x144.png 300w, https:\/\/moverdb.com\/wp-content\/uploads\/A-Univers-Transit-international-moving-company-1024x491.png 1024w, https:\/\/moverdb.com\/wp-content\/uploads\/A-Univers-Transit-international-moving-company-18x9.png 18w, https:\/\/moverdb.com\/wp-content\/uploads\/A-Univers-Transit-international-moving-company-600x288.png 600w\" sizes=\"auto, (max-width: 1440px) 100vw, 1440px\" \/><\/p>\n<ul>\n<li>Internasjonale flyttinger<\/li>\n<li>Flytting av husholdninger<\/li>\n<li>Kommersielle tiltak<\/li>\n<li>Flyttetjenester<\/li>\n<li>D\u00f8r-til-d\u00f8r-tjeneste<\/li>\n<li>Profesjonell pakking<\/li>\n<li>Luft- og sj\u00f8transport<\/li>\n<li>Utfylling av papirer<\/li>\n<li>Hjem- og skoles\u00f8k<\/li>\n<li>Sikker lagring<\/li>\n<\/ul>\n<p>Univers Transit er et frakt-, transport- og flytteselskap som ogs\u00e5 tilbyr pakke- og lagringsl\u00f8sninger, grunnlagt p\u00e5 slutten av 1980-tallet. De har kontorer i Tel Aviv, Ashdod og Haifa. De er medlem av IAM med 28 \u00e5rs fartstid og er akkreditert av FIDI.<\/p>\n<p>Univers Transit tilbyr d\u00f8r-til-d\u00f8r-flytting og flyttetjenester som starter med et konsultasjonsm\u00f8te for \u00e5 vurdere dine behov og lage en flytteplan. De leverer profesjonelle pakketjenester og passende esker for eiendelene dine. De laster containere og esker for transport og tar dem med til flyplassen eller havnen for levering.<\/p>\n<p>Nettsted: <a href=\"http:\/\/www.univers-transit.co.il\" target=\"_blank\" rel=\"noopener\">http:\/\/www.univers-transit.co.il<\/a><\/p>\n<h2><span class=\"ez-toc-section\" id=\"6_Teamnet\"><\/span><strong>6. Teamnet<\/strong><span class=\"ez-toc-section-end\"><\/span><\/h2>\n<p><img loading=\"lazy\" decoding=\"async\" class=\"alignnone size-full wp-image-7752\" src=\"https:\/\/moverdb.com\/wp-content\/uploads\/Teamnet-international-moving-company.png\" alt=\"Teamnet internasjonalt flyttebyr\u00e5\" width=\"1440\" height=\"685\" data-wp-pid=\"7752\" srcset=\"https:\/\/moverdb.com\/wp-content\/uploads\/Teamnet-international-moving-company.png 1440w, https:\/\/moverdb.com\/wp-content\/uploads\/Teamnet-international-moving-company-300x143.png 300w, https:\/\/moverdb.com\/wp-content\/uploads\/Teamnet-international-moving-company-1024x487.png 1024w, https:\/\/moverdb.com\/wp-content\/uploads\/Teamnet-international-moving-company-18x9.png 18w, https:\/\/moverdb.com\/wp-content\/uploads\/Teamnet-international-moving-company-600x285.png 600w\" sizes=\"auto, (max-width: 1440px) 100vw, 1440px\" \/><\/p>\n<ul>\n<li>Internasjonale flyttinger<\/li>\n<li>Personlige trekk<\/li>\n<li>Kommersielle forsendelser<\/li>\n<li>Flyttetjenester<\/li>\n<li>D\u00f8r-til-d\u00f8r-tjeneste<\/li>\n<li>Pakketjenester<\/li>\n<li>Arrangering av frakt eller flyfrakt<\/li>\n<li>Tollformaliteter<\/li>\n<li>Forsikring<\/li>\n<li>Lagringsanlegg<\/li>\n<\/ul>\n<p>Teamnet er et flytte- og relokaliseringsselskap med base i Haifa. De tilbyr en rekke tjenester til privatpersoner og selskaper som transporterer varer til eller fra Israel. De samarbeider med et nettverk av internasjonale agenter for \u00e5 tilby tjenester utenfor Israel, og de er medlem av IAM.<\/p>\n<p>Teamnet tilbyr en d\u00f8r-til-d\u00f8r flytte- og relokaliseringstjeneste for utg\u00e5ende og innkommende kunder til Israel. De tilbyr en hjemmekonsultasjon for \u00e5 evaluere dine flyttebehov. De vil lage en detaljert plan og tilby en pakketjeneste ved hjelp av avanserte pakkematerialer som er egnet for sj\u00f8- eller lufttransport. De vil h\u00e5ndtere myndigheter og tollformaliteter.<\/p>\n<p>Nettsted: <a href=\"http:\/\/www.en.team-net.co.il\" target=\"_blank\" rel=\"noopener\">http:\/\/www.en.team-net.co.il<\/a><\/p>\n<h2><span class=\"ez-toc-section\" id=\"Other_Useful_Guides_to_Israel\"><\/span>Andre nyttige guider til Israel<span class=\"ez-toc-section-end\"><\/span><\/h2>\n<ul>\n<li> <a href=\"https:\/\/moverdb.com\/nb\/containertransport\/israel\/\">2024 Fraktpriser for containerfrakt til og fra Israel<\/a><\/li>\n<li> <a href=\"https:\/\/moverdb.com\/nb\/moving-to-israel\/\">Flytter du til Israel? 2023 Levekostnader og flyttetips<\/a><\/li>\n<li> <a href=\"https:\/\/moverdb.com\/nb\/moving-to-israel\/best-places-to-live-israel\/\">De 13 beste stedene \u00e5 bo i Israel<\/a><\/li>\n<li> <a href=\"https:\/\/moverdb.com\/nb\/moving-to-israel\/living-in-israel\/\">21 hemmeligheter om \u00e5 bo i Israel du b\u00f8r vite f\u00f8r du flytter<\/a><\/li>\n<\/ul>","protected":false},"excerpt":{"rendered":"<p>Moving your home or business can be stressful so employing the services of a moving company could reduce the workload and ease the move. So below we have compiled a list of Israel based removal companies that are members of the International Association of Movers (IAM) and\/or FIDI Accredited International Mover (FAIM) who could assist [&hellip;]<\/p>\n","protected":false},"author":4,"featured_media":0,"parent":190,"menu_order":0,"comment_status":"closed","ping_status":"closed","template":"","meta":{"_genesis_hide_title":false,"_genesis_hide_breadcrumbs":false,"_genesis_hide_singular_image":false,"_genesis_hide_footer_widgets":false,"_genesis_custom_body_class":"","_genesis_custom_post_class":"","_genesis_layout":"","footnotes":""},"class_list":{"0":"post-7779","1":"page","2":"type-page","3":"status-publish","5":"entry","6":"has-post-thumbnail"},"_links":{"self":[{"href":"https:\/\/moverdb.com\/nb\/wp-json\/wp\/v2\/pages\/7779","targetHints":{"allow":["GET"]}}],"collection":[{"href":"https:\/\/moverdb.com\/nb\/wp-json\/wp\/v2\/pages"}],"about":[{"href":"https:\/\/moverdb.com\/nb\/wp-json\/wp\/v2\/types\/page"}],"author":[{"embeddable":true,"href":"https:\/\/moverdb.com\/nb\/wp-json\/wp\/v2\/users\/4"}],"replies":[{"embeddable":true,"href":"https:\/\/moverdb.com\/nb\/wp-json\/wp\/v2\/comments?post=7779"}],"version-history":[{"count":4,"href":"https:\/\/moverdb.com\/nb\/wp-json\/wp\/v2\/pages\/7779\/revisions"}],"predecessor-version":[{"id":17076,"href":"https:\/\/moverdb.com\/nb\/wp-json\/wp\/v2\/pages\/7779\/revisions\/17076"}],"up":[{"embeddable":true,"href":"https:\/\/moverdb.com\/nb\/wp-json\/wp\/v2\/pages\/190"}],"wp:attachment":[{"href":"https:\/\/moverdb.com\/nb\/wp-json\/wp\/v2\/media?parent=7779"}],"curies":[{"name":"wp","href":"https:\/\/api.w.org\/{rel}","templated":true}]}}