{"id":7764,"date":"2023-04-27T14:59:23","date_gmt":"2023-04-27T14:59:23","guid":{"rendered":"https:\/\/moverdb.com\/?page_id=7764"},"modified":"2026-01-08T15:23:45","modified_gmt":"2026-01-08T15:23:45","slug":"moving-companies-iraq","status":"publish","type":"page","link":"https:\/\/moverdb.com\/nb\/moving-companies\/moving-companies-iraq\/","title":{"rendered":"2 beste internasjonale flyttefirmaer i Irak"},"content":{"rendered":"<p>Det er aldri enkelt \u00e5 flytte hjem eller virksomhet, s\u00e5 det kan v\u00e6re til stor hjelp \u00e5 f\u00e5 hjelp, s\u00e6rlig hvis du flytter mellom land. Hvis du flytter i, til eller fra Irak, har vi satt sammen en liste over <a href=\"https:\/\/moverdb.com\/nb\/international-removals\/\" data-internallinksmanager029f6b8e52c=\"27\" title=\"De 36 beste internasjonale flyttebyr\u00e5ene i Storbritannia\">flyttebyr\u00e5er<\/a> som er medlemmer av <a href=\"https:\/\/moverdb.com\/nb\/iam\/\" data-internallinksmanager029f6b8e52c=\"23\" title=\"International Association of Movers (IAM) Forklaret\">International Association of Movers<\/a> (IAM) og\/eller <a href=\"https:\/\/moverdb.com\/nb\/fidi-faim\/\" data-internallinksmanager029f6b8e52c=\"16\" title=\"FIDI &amp; FAIM (FIDI-akkreditert internasjonal spedit\u00f8r) forklart\">FIDI<\/a> Accredited International Mover (FAIM) som kan hjelpe deg med flyttingen.<\/p>\n<h2><strong>1. BCC Logistikk<\/strong><\/h2>\n<p><img loading=\"lazy\" decoding=\"async\" class=\"alignnone size-full wp-image-7673\" src=\"https:\/\/moverdb.com\/wp-content\/uploads\/BCC-Logistics-international-moving-company.png\" alt=\"BCC Logistics internasjonalt flyttebyr\u00e5\" width=\"1440\" height=\"634\" data-wp-pid=\"7673\" srcset=\"https:\/\/moverdb.com\/wp-content\/uploads\/BCC-Logistics-international-moving-company.png 1440w, https:\/\/moverdb.com\/wp-content\/uploads\/BCC-Logistics-international-moving-company-300x132.png 300w, https:\/\/moverdb.com\/wp-content\/uploads\/BCC-Logistics-international-moving-company-1024x451.png 1024w, https:\/\/moverdb.com\/wp-content\/uploads\/BCC-Logistics-international-moving-company-18x8.png 18w, https:\/\/moverdb.com\/wp-content\/uploads\/BCC-Logistics-international-moving-company-600x264.png 600w\" sizes=\"auto, (max-width: 1440px) 100vw, 1440px\" \/><\/p>\n<ul>\n<li>Nasjonale tiltak<\/li>\n<li>Internasjonale flyttinger<\/li>\n<li>Flytting av husholdninger<\/li>\n<li>Bedrifts-, diplomat- og milit\u00e6rbevegelser<\/li>\n<li>Flyttetjeneste fra d\u00f8r til d\u00f8r<\/li>\n<li>Pakketjeneste<\/li>\n<li>Vei-, sj\u00f8- og luftfrakt<\/li>\n<li>Tollklarering<\/li>\n<li>H\u00e5ndtering av kunst<\/li>\n<li>Lagringsanlegg<\/li>\n<\/ul>\n<p>BCC Logistics er en global spedisjonsleverand\u00f8r som ble grunnlagt i 1993 i <a href=\"https:\/\/moverdb.com\/nb\/moving-companies\/moving-companies-lebanon\/\" data-internallinksmanager029f6b8e52c=\"302\" title=\"7 beste internasjonale flyttefirmaer i Libanon\">Libanon<\/a> med kontorer i <a href=\"https:\/\/moverdb.com\/nb\/moving-to-qatar\/\" data-internallinksmanager029f6b8e52c=\"334\" title=\"Flytter du til Qatar? 2023 Levekostnader og flyttetips\">Qatar<\/a>, Irak og <a href=\"https:\/\/moverdb.com\/nb\/moving-to-saudi-arabia\/\" data-internallinksmanager029f6b8e52c=\"319\" title=\"Flytte til Saudi-Arabia? 2023 Levekostnader og flyttetips\">Saudi-Arabia<\/a>. Irak-kontoret i Erbil \u00e5pnet i 2008. De har et internasjonalt nettverk av agenter som st\u00f8tter deres globale arbeid. De har v\u00e6rt medlem av IAM i 15 \u00e5r.<\/p>\n<p>BCC Logistics tilbyr en d\u00f8r-til-d\u00f8r-flyttetjeneste for nasjonale og internasjonale flyttinger. De tilbyr en pakketjeneste som omfatter containertransport til sj\u00f8s, tri-wall for flyforsendelser og trelastbiler. De pakker ut og setter opp m\u00f8bler og fjerner eventuelt emballasjeavfall. De ordner forsendelse med land-, luft- eller sj\u00f8transport med tollformaliteter.<\/p>\n<p>Nettsted: <a href=\"http:\/\/www.bcclogistics.com\" target=\"_blank\" rel=\"noopener\">http:\/\/www.bcclogistics.com<\/a><\/p>\n<h2><strong>2. Paxton<\/strong><\/h2>\n<p><img loading=\"lazy\" decoding=\"async\" class=\"alignnone size-full wp-image-7736\" src=\"https:\/\/moverdb.com\/wp-content\/uploads\/Paxton-international-moving-company.png\" alt=\"Paxton internasjonale flyttebyr\u00e5\" width=\"1440\" height=\"682\" data-wp-pid=\"7736\" srcset=\"https:\/\/moverdb.com\/wp-content\/uploads\/Paxton-international-moving-company.png 1440w, https:\/\/moverdb.com\/wp-content\/uploads\/Paxton-international-moving-company-300x142.png 300w, https:\/\/moverdb.com\/wp-content\/uploads\/Paxton-international-moving-company-1024x485.png 1024w, https:\/\/moverdb.com\/wp-content\/uploads\/Paxton-international-moving-company-18x9.png 18w, https:\/\/moverdb.com\/wp-content\/uploads\/Paxton-international-moving-company-600x284.png 600w\" sizes=\"auto, (max-width: 1440px) 100vw, 1440px\" \/><\/p>\n<ul>\n<li>Nasjonale tiltak<\/li>\n<li>Internasjonale flyttinger<\/li>\n<li>Flytting av husholdninger<\/li>\n<li>Kontor- og industriflytting<\/li>\n<li>D\u00f8r-til-d\u00f8r-tjeneste<\/li>\n<li>Pakketjeneste<\/li>\n<li>Tilrettelegging av transport<\/li>\n<li>Tollklarering<\/li>\n<li>Transport av kj\u00f8ret\u00f8y<\/li>\n<li>Sikre lagringsfasiliteter<\/li>\n<\/ul>\n<p>Paxton er et flytte-, informasjons- og logistikktjenesteselskap som har operert lokalt og globalt. De har v\u00e6rt i drift i over 60 \u00e5r og har kontorer i USA, Pakistan og S\u00f8r-Sudan, <a href=\"https:\/\/moverdb.com\/nb\/moving-to-singapore\/\" data-internallinksmanager029f6b8e52c=\"68\" title=\"Flytte til Singapore? 2023 Levekostnader og flyttetips\">Singapore<\/a>, Afghanistan og Irak i Bagdad og Erbil. De har et nettverk av utvalgte partnere som leverer tjenester internasjonalt, og de er medlem av IAM.<\/p>\n<p>Paxton tilbyr en d\u00f8r-til-d\u00f8r-flyttetjeneste lokalt, nasjonalt og internasjonalt. De tilbyr en pakketjeneste for \u00e5 beskytte eiendelene dine under transport, eller et gj\u00f8r-det-selv-alternativ. De vil tilby transportalternativer som passer best til dine behov og budsjett, og de gir st\u00f8tte til fortolling.<\/p>\n<p>Nettsted: <a href=\"http:\/\/www.paxton.com\" target=\"_blank\" rel=\"noopener\">http:\/\/www.paxton.com<\/a><\/p>","protected":false},"excerpt":{"rendered":"<p>Moving home or your business is never straightforward so getting assistance can really help especially if you are moving between countries. If you moving within, to or from Iraq, we have compiled a list of removal companies that are members of the International Association of Movers (IAM) and\/or FIDI Accredited International Mover (FAIM) who could [&hellip;]<\/p>\n","protected":false},"author":4,"featured_media":0,"parent":190,"menu_order":0,"comment_status":"closed","ping_status":"closed","template":"","meta":{"_genesis_hide_title":false,"_genesis_hide_breadcrumbs":false,"_genesis_hide_singular_image":false,"_genesis_hide_footer_widgets":false,"_genesis_custom_body_class":"","_genesis_custom_post_class":"","_genesis_layout":"","footnotes":""},"class_list":{"0":"post-7764","1":"page","2":"type-page","3":"status-publish","5":"entry","6":"has-post-thumbnail"},"_links":{"self":[{"href":"https:\/\/moverdb.com\/nb\/wp-json\/wp\/v2\/pages\/7764","targetHints":{"allow":["GET"]}}],"collection":[{"href":"https:\/\/moverdb.com\/nb\/wp-json\/wp\/v2\/pages"}],"about":[{"href":"https:\/\/moverdb.com\/nb\/wp-json\/wp\/v2\/types\/page"}],"author":[{"embeddable":true,"href":"https:\/\/moverdb.com\/nb\/wp-json\/wp\/v2\/users\/4"}],"replies":[{"embeddable":true,"href":"https:\/\/moverdb.com\/nb\/wp-json\/wp\/v2\/comments?post=7764"}],"version-history":[{"count":1,"href":"https:\/\/moverdb.com\/nb\/wp-json\/wp\/v2\/pages\/7764\/revisions"}],"predecessor-version":[{"id":7765,"href":"https:\/\/moverdb.com\/nb\/wp-json\/wp\/v2\/pages\/7764\/revisions\/7765"}],"up":[{"embeddable":true,"href":"https:\/\/moverdb.com\/nb\/wp-json\/wp\/v2\/pages\/190"}],"wp:attachment":[{"href":"https:\/\/moverdb.com\/nb\/wp-json\/wp\/v2\/media?parent=7764"}],"curies":[{"name":"wp","href":"https:\/\/api.w.org\/{rel}","templated":true}]}}