{"id":7525,"date":"2023-02-01T14:03:46","date_gmt":"2023-02-01T14:03:46","guid":{"rendered":"https:\/\/moverdb.com\/?page_id=7525"},"modified":"2026-01-08T15:25:10","modified_gmt":"2026-01-08T15:25:10","slug":"moving-companies-iran","status":"publish","type":"page","link":"https:\/\/moverdb.com\/nb\/moving-companies\/moving-companies-iran\/","title":{"rendered":"5 beste internasjonale flyttefirmaer i Iran"},"content":{"rendered":"<p>Planlegger du \u00e5 flytte? Enten du skal flytte hjem og\/eller bedrift, kan det v\u00e6re lurt \u00e5 f\u00e5 hjelp til \u00e5 redusere presset, og det er her en flyttebyr\u00e5 kan hjelpe deg. <a href=\"https:\/\/moverdb.com\/nb\/moving-companies\/\" data-internallinksmanager029f6b8e52c=\"79\" title=\"Topp 25 internasjonale flyttebyr\u00e5er p\u00e5 nettet\">flyttefirma<\/a> kan hjelpe. Nedenfor har vi satt sammen en liste over Iran-baserte <a href=\"https:\/\/moverdb.com\/nb\/international-removals\/\" data-internallinksmanager029f6b8e52c=\"27\" title=\"De 36 beste internasjonale flyttebyr\u00e5ene i Storbritannia\">flyttebyr\u00e5er<\/a> som er medlemmer av <a href=\"https:\/\/moverdb.com\/nb\/iam\/\" data-internallinksmanager029f6b8e52c=\"23\" title=\"International Association of Movers (IAM) Forklaret\">International Association of Movers<\/a> (IAM) og\/eller <a href=\"https:\/\/moverdb.com\/nb\/fidi-faim\/\" data-internallinksmanager029f6b8e52c=\"16\" title=\"FIDI &amp; FAIM (FIDI-akkreditert internasjonal spedit\u00f8r) forklart\">FIDI<\/a> Accredited International Mover (FAIM) som kan hjelpe deg med flyttingen.<\/p>\n<div id=\"ez-toc-container\" class=\"ez-toc-v2_0_82_2 ez-toc-wrap-left counter-hierarchy ez-toc-counter ez-toc-transparent ez-toc-container-direction\">\n<div class=\"ez-toc-title-container\">\n<p class=\"ez-toc-title\" style=\"cursor:inherit\">Seksjoner<\/p>\n<span class=\"ez-toc-title-toggle\"><a href=\"#\" class=\"ez-toc-pull-right ez-toc-btn ez-toc-btn-xs ez-toc-btn-default ez-toc-toggle\" aria-label=\"Bytt innholdsfortegnelse\"><span class=\"ez-toc-js-icon-con\"><span class=\"\"><span class=\"eztoc-hide\" style=\"display:none;\">Toggle<\/span><span class=\"ez-toc-icon-toggle-span\"><svg style=\"fill: #999;color:#999\" xmlns=\"http:\/\/www.w3.org\/2000\/svg\" class=\"list-377408\" width=\"20px\" height=\"20px\" viewbox=\"0 0 24 24\" fill=\"none\"><path d=\"M6 6H4v2h2V6zm14 0H8v2h12V6zM4 11h2v2H4v-2zm16 0H8v2h12v-2zM4 16h2v2H4v-2zm16 0H8v2h12v-2z\" fill=\"currentColor\"><\/path><\/svg><svg style=\"fill: #999;color:#999\" class=\"arrow-unsorted-368013\" xmlns=\"http:\/\/www.w3.org\/2000\/svg\" width=\"10px\" height=\"10px\" viewbox=\"0 0 24 24\" version=\"1.2\" baseprofile=\"tiny\"><path d=\"M18.2 9.3l-6.2-6.3-6.2 6.3c-.2.2-.3.4-.3.7s.1.5.3.7c.2.2.4.3.7.3h11c.3 0 .5-.1.7-.3.2-.2.3-.5.3-.7s-.1-.5-.3-.7zM5.8 14.7l6.2 6.3 6.2-6.3c.2-.2.3-.5.3-.7s-.1-.5-.3-.7c-.2-.2-.4-.3-.7-.3h-11c-.3 0-.5.1-.7.3-.2.2-.3.5-.3.7s.1.5.3.7z\"\/><\/svg><\/span><\/span><\/span><\/a><\/span><\/div>\n<nav><ul class='ez-toc-list ez-toc-list-level-1 eztoc-toggle-hide-by-default' ><li class='ez-toc-page-1 ez-toc-heading-level-2'><a class=\"ez-toc-link ez-toc-heading-1\" href=\"https:\/\/moverdb.com\/nb\/moving-companies\/moving-companies-iran\/#1_Barad_Air_Sea_Co\" >1. Barad Air &amp; Sea Co<\/a><\/li><li class='ez-toc-page-1 ez-toc-heading-level-2'><a class=\"ez-toc-link ez-toc-heading-2\" href=\"https:\/\/moverdb.com\/nb\/moving-companies\/moving-companies-iran\/#2_Kar_Kia_Co_Ltd\" >2. Kar Kia Co Ltd<\/a><\/li><li class='ez-toc-page-1 ez-toc-heading-level-2'><a class=\"ez-toc-link ez-toc-heading-3\" href=\"https:\/\/moverdb.com\/nb\/moving-companies\/moving-companies-iran\/#3_Simorgh_Pack_Express\" >3. Simorgh Pack Express<\/a><\/li><li class='ez-toc-page-1 ez-toc-heading-level-2'><a class=\"ez-toc-link ez-toc-heading-4\" href=\"https:\/\/moverdb.com\/nb\/moving-companies\/moving-companies-iran\/#4_Simorgh_Pack\" >4. Simorgh Pack<\/a><\/li><li class='ez-toc-page-1 ez-toc-heading-level-2'><a class=\"ez-toc-link ez-toc-heading-5\" href=\"https:\/\/moverdb.com\/nb\/moving-companies\/moving-companies-iran\/#5_Unipack\" >5. Unipack<\/a><\/li><\/ul><\/nav><\/div>\n<h2><span class=\"ez-toc-section\" id=\"1_Barad_Air_Sea_Co\"><\/span><strong>1. Barad Air &amp; Sea Co<\/strong><span class=\"ez-toc-section-end\"><\/span><\/h2>\n<p><img loading=\"lazy\" decoding=\"async\" class=\"alignnone size-full wp-image-7418\" src=\"https:\/\/moverdb.com\/wp-content\/uploads\/Barad-international-moving-company.png\" alt=\"Barad internasjonalt flyttebyr\u00e5\" width=\"1440\" height=\"687\" data-wp-pid=\"7418\" srcset=\"https:\/\/moverdb.com\/wp-content\/uploads\/Barad-international-moving-company.png 1440w, https:\/\/moverdb.com\/wp-content\/uploads\/Barad-international-moving-company-300x143.png 300w, https:\/\/moverdb.com\/wp-content\/uploads\/Barad-international-moving-company-1024x489.png 1024w, https:\/\/moverdb.com\/wp-content\/uploads\/Barad-international-moving-company-18x9.png 18w, https:\/\/moverdb.com\/wp-content\/uploads\/Barad-international-moving-company-600x286.png 600w\" sizes=\"auto, (max-width: 1440px) 100vw, 1440px\" \/><\/p>\n<ul>\n<li>Nasjonale tiltak<\/li>\n<li>Internasjonale flyttinger<\/li>\n<li>Flytting av husholdninger<\/li>\n<li>Flytting av kontorer<\/li>\n<li>Dedikerte kundeansvarlige<\/li>\n<li>Profesjonell pakketjeneste<\/li>\n<li>Vei-, sj\u00f8- og lufttransport<\/li>\n<li>Tollklarering<\/li>\n<li>Transport av kunstverk<\/li>\n<li>Kort til langvarig lagring<\/li>\n<\/ul>\n<p>Barad er et lastebil- og logistikkselskap som tilbyr flyttel\u00f8sninger i Iran og over 150 land over hele verden gjennom et nettverk av flyttepartnere. De tilbyr ogs\u00e5 spedisjon, lagertjenester og fortollingstjenester. De er ogs\u00e5 medlem av IAM.<\/p>\n<p>Barad tilbyr dedikerte kundebehandlere for \u00e5 hjelpe deg med transportbehovene dine. De tilbyr en d\u00f8r-til-d\u00f8r-flyttetjeneste som kan utf\u00f8res med bil, b\u00e5t eller fly og inkluderer fortolling. De tilbyr en profesjonell pakketjeneste som omfatter pakking i kasser, utpakking og fjerning av avfall. De tar seg av personlige eiendeler, overfl\u00f8dig bagasje, kunstverk, kontorutstyr og ambassader.<\/p>\n<p>Nettsted: <a href=\"http:\/\/baradairsea.com\" target=\"_blank\" rel=\"noopener\">http:\/\/baradairsea.com<\/a><\/p>\n<h2><span class=\"ez-toc-section\" id=\"2_Kar_Kia_Co_Ltd\"><\/span><strong>2. Kar Kia Co Ltd<\/strong><span class=\"ez-toc-section-end\"><\/span><\/h2>\n<p><img loading=\"lazy\" decoding=\"async\" class=\"alignnone size-full wp-image-7526\" src=\"https:\/\/moverdb.com\/wp-content\/uploads\/Kat-Kia-international-moving-company.png\" alt=\"Kat Kia internasjonalt flyttebyr\u00e5\" width=\"1440\" height=\"680\" data-wp-pid=\"7526\" srcset=\"https:\/\/moverdb.com\/wp-content\/uploads\/Kat-Kia-international-moving-company.png 1440w, https:\/\/moverdb.com\/wp-content\/uploads\/Kat-Kia-international-moving-company-300x142.png 300w, https:\/\/moverdb.com\/wp-content\/uploads\/Kat-Kia-international-moving-company-1024x484.png 1024w, https:\/\/moverdb.com\/wp-content\/uploads\/Kat-Kia-international-moving-company-18x9.png 18w, https:\/\/moverdb.com\/wp-content\/uploads\/Kat-Kia-international-moving-company-600x283.png 600w\" sizes=\"auto, (max-width: 1440px) 100vw, 1440px\" \/><\/p>\n<ul>\n<li>Nasjonale tiltak<\/li>\n<li>Internasjonale flyttinger<\/li>\n<li>Flytting av husholdninger<\/li>\n<li>D\u00f8r-til-d\u00f8r-tjeneste<\/li>\n<li>Pakketjeneste<\/li>\n<li>Transport til lands, til vanns eller i luften<\/li>\n<li>Tollklarering<\/li>\n<li>Transport av kunst<\/li>\n<li>Forsikring<\/li>\n<li>Lagring<\/li>\n<\/ul>\n<p>Kar Kia er et flytte- og lagringsselskap basert i Teheran som tilbyr flyttel\u00f8sninger lokalt i Teheran, i hele Iran og internasjonale flyttinger til og fra Iran. De st\u00f8ttes av et nettverk av flytteagenter over hele verden, og de er medlem av IAM med 39 \u00e5rs erfaring.<\/p>\n<p>Kar Kia tilbyr en d\u00f8r-til-d\u00f8r-tjeneste for husholdningsflytting som inkluderer sikker pakking av alle eiendelene dine for transport. De ordner transporten av eiendelene dine til bestemmelsesstedet med bil, b\u00e5t eller fly, og hjelper deg med import- og eksportklarering. De tilbyr ogs\u00e5 tilleggstjenester som omfatter flytting av kunst, forsikring og lagring.<\/p>\n<p>Nettsted: <a href=\"http:\/\/www.karkiamovers.com\" target=\"_blank\" rel=\"noopener\">http:\/\/www.karkiamovers.com<\/a><\/p>\n<h2><span class=\"ez-toc-section\" id=\"3_Simorgh_Pack_Express\"><\/span><strong>3. <\/strong><strong>Simorgh Pack Express<\/strong><span class=\"ez-toc-section-end\"><\/span><\/h2>\n<p><img loading=\"lazy\" decoding=\"async\" class=\"alignnone size-full wp-image-7486\" src=\"https:\/\/moverdb.com\/wp-content\/uploads\/Simorgh-Pack-Express-international-moving-company.png\" alt=\"Simorgh Pack Express internasjonalt flyttebyr\u00e5\" width=\"1440\" height=\"678\" data-wp-pid=\"7486\" srcset=\"https:\/\/moverdb.com\/wp-content\/uploads\/Simorgh-Pack-Express-international-moving-company.png 1440w, https:\/\/moverdb.com\/wp-content\/uploads\/Simorgh-Pack-Express-international-moving-company-300x141.png 300w, https:\/\/moverdb.com\/wp-content\/uploads\/Simorgh-Pack-Express-international-moving-company-1024x482.png 1024w, https:\/\/moverdb.com\/wp-content\/uploads\/Simorgh-Pack-Express-international-moving-company-18x8.png 18w, https:\/\/moverdb.com\/wp-content\/uploads\/Simorgh-Pack-Express-international-moving-company-600x283.png 600w\" sizes=\"auto, (max-width: 1440px) 100vw, 1440px\" \/><\/p>\n<ul>\n<li>Nasjonale tiltak<\/li>\n<li>Internasjonale flyttinger<\/li>\n<li>Flytting av husholdninger<\/li>\n<li>Sp\u00f8rreunders\u00f8kelse i hjemmet<\/li>\n<li>Pakketjeneste<\/li>\n<li>Transport til sj\u00f8s, i luften og p\u00e5 land<\/li>\n<li>Tollbistand<\/li>\n<li>Transport av kj\u00f8ret\u00f8y<\/li>\n<li>Forsikring<\/li>\n<li>Lagringsanlegg<\/li>\n<\/ul>\n<p>Simorgh Pack Express er et flyttebyr\u00e5 med base i Teheran. De har et verdensomspennende nettverk av samarbeidspartnere som hjelper til med internasjonale flyttinger hvor som helst i verden. De er medlem av IAM med 31 \u00e5rs fartstid.<\/p>\n<p>Simorgh Pack Express vil koordinere hele flyttingen din og s\u00f8rge for at den g\u00e5r knirkefritt for deg, enten du flytter lokalt eller over hele verden. De tilbyr oppl\u00e6rt personale til \u00e5 pakke eiendelene dine sikkert for \u00e5 beskytte dem under transport ved hjelp av materialer av h\u00f8y kvalitet. De h\u00e5ndterer forsendelsen din p\u00e5 land, i luften eller til sj\u00f8s og s\u00f8rger for \u00e5 finne den beste l\u00f8sningen for dine behov og de laveste kostnadene.<\/p>\n<p>Nettsted: <a href=\"http:\/\/www.simorghpackexpress.com\" target=\"_blank\" rel=\"noopener\">http:\/\/www.simorghpackexpress.com<\/a><\/p>\n<h2><span class=\"ez-toc-section\" id=\"4_Simorgh_Pack\"><\/span><strong>4. Simorgh Pack<\/strong><span class=\"ez-toc-section-end\"><\/span><\/h2>\n<p><img loading=\"lazy\" decoding=\"async\" class=\"alignnone size-full wp-image-7487\" src=\"https:\/\/moverdb.com\/wp-content\/uploads\/Simorgh-Pack-international-moving-company.png\" alt=\"Simorgh Pack internasjonalt flyttebyr\u00e5\" width=\"1440\" height=\"680\" data-wp-pid=\"7487\" srcset=\"https:\/\/moverdb.com\/wp-content\/uploads\/Simorgh-Pack-international-moving-company.png 1440w, https:\/\/moverdb.com\/wp-content\/uploads\/Simorgh-Pack-international-moving-company-300x142.png 300w, https:\/\/moverdb.com\/wp-content\/uploads\/Simorgh-Pack-international-moving-company-1024x484.png 1024w, https:\/\/moverdb.com\/wp-content\/uploads\/Simorgh-Pack-international-moving-company-18x9.png 18w, https:\/\/moverdb.com\/wp-content\/uploads\/Simorgh-Pack-international-moving-company-600x283.png 600w\" sizes=\"auto, (max-width: 1440px) 100vw, 1440px\" \/><\/p>\n<ul>\n<li>Lokale og nasjonale tiltak<\/li>\n<li>Internasjonale flyttinger<\/li>\n<li>Flytting av husholdninger<\/li>\n<li>Kommersielle tiltak<\/li>\n<li>D\u00f8r-til-d\u00f8r-tjeneste<\/li>\n<li>Profesjonell pakking<\/li>\n<li>Transport til lands, i luften eller til sj\u00f8s<\/li>\n<li>Transport av kj\u00f8ret\u00f8y<\/li>\n<li>Forsikring<\/li>\n<li>Sikre lagringsfasiliteter<\/li>\n<\/ul>\n<p>Simorgh Pack er et globalt flytteselskap som har hjulpet folk med \u00e5 flytte siden 1992 og har base i Teheran. De har et verdensomspennende nettverk av transport- og flytteagenter og spesialister som st\u00f8tter dem. De er medlem av IAM med 31 \u00e5rs fartstid.<\/p>\n<p>Simorgh Pack tilbyr en dedikert flyttekoordinator som vil st\u00f8tte deg hele veien. Det starter med en innledende unders\u00f8kelse for \u00e5 vurdere dine behov, deretter finner de de beste rutene til de riktige prisene. Deres profesjonelle pakkere vil pakke eiendelene dine for transport p\u00e5 land, luft eller sj\u00f8 med en detaljert oversikt.<\/p>\n<p>Nettsted: <a href=\"http:\/\/www.simorghpack.com\" target=\"_blank\" rel=\"noopener\">http:\/\/www.simorghpack.com<\/a><\/p>\n<h2><span class=\"ez-toc-section\" id=\"5_Unipack\"><\/span><strong>5. Unipack<\/strong><span class=\"ez-toc-section-end\"><\/span><\/h2>\n<p><img loading=\"lazy\" decoding=\"async\" class=\"alignnone size-full wp-image-7494\" src=\"https:\/\/moverdb.com\/wp-content\/uploads\/Unipack-international-moving-company-1.png\" alt=\"Unipack internasjonalt flyttebyr\u00e5\" width=\"1440\" height=\"681\" data-wp-pid=\"7494\" srcset=\"https:\/\/moverdb.com\/wp-content\/uploads\/Unipack-international-moving-company-1.png 1440w, https:\/\/moverdb.com\/wp-content\/uploads\/Unipack-international-moving-company-1-300x142.png 300w, https:\/\/moverdb.com\/wp-content\/uploads\/Unipack-international-moving-company-1-1024x484.png 1024w, https:\/\/moverdb.com\/wp-content\/uploads\/Unipack-international-moving-company-1-18x9.png 18w, https:\/\/moverdb.com\/wp-content\/uploads\/Unipack-international-moving-company-1-600x284.png 600w\" sizes=\"auto, (max-width: 1440px) 100vw, 1440px\" \/><\/p>\n<ul>\n<li>Internasjonale flyttinger<\/li>\n<li>Flytting av husholdninger<\/li>\n<li>Handels- og kontorflyttinger<\/li>\n<li>D\u00f8r-til-d\u00f8r-tjeneste<\/li>\n<li>Pakketjenester<\/li>\n<li>Tollformaliteter<\/li>\n<li>Land-, sj\u00f8- og lufttransport<\/li>\n<li>Transport av kj\u00e6ledyr<\/li>\n<li>Transport av kj\u00f8ret\u00f8y<\/li>\n<li>Lagringsanlegg<\/li>\n<\/ul>\n<p>Unipack er et internasjonalt pakke- og spedisjonsfirma med base i Iran som ble grunnlagt i 1975. De samarbeider med et nettverk av utvalgte internasjonale flytte- og relokaliseringspartnere over hele verden for \u00e5 levere flyttinger hvor som helst. De er medlem av IAM med 49 \u00e5rs fartstid.<\/p>\n<p>Unipack tilbyr et bredt spekter av transporttjenester, inkludert husholdningsvarer, utstillingsvarer, kunst, kj\u00f8ret\u00f8y, kj\u00e6ledyr, lik og kontorflytting. De tilbyr en d\u00f8r-til-d\u00f8r-tjeneste for flytting som inkluderer sikker pakking av eiendelene dine og bruk av trekasser for skj\u00f8re gjenstander. De ordner frakt p\u00e5 land, luft og sj\u00f8 og tar seg av tollformaliteter.<\/p>\n<p>Nettsted: <a href=\"http:\/\/www.unipack.ir\" target=\"_blank\" rel=\"noopener\">http:\/\/www.unipack.ir<\/a><\/p>","protected":false},"excerpt":{"rendered":"<p>Are you planning on moving? Whether you are moving home and\/or business, you might want some help to reduce the pressure which is where a moving company can help. Below we have compiled a list of Iran based removal companies that are members of the International Association of Movers (IAM) and\/or FIDI Accredited International Mover [&hellip;]<\/p>\n","protected":false},"author":4,"featured_media":0,"parent":190,"menu_order":0,"comment_status":"closed","ping_status":"closed","template":"","meta":{"_genesis_hide_title":false,"_genesis_hide_breadcrumbs":false,"_genesis_hide_singular_image":false,"_genesis_hide_footer_widgets":false,"_genesis_custom_body_class":"","_genesis_custom_post_class":"","_genesis_layout":"","footnotes":""},"class_list":{"0":"post-7525","1":"page","2":"type-page","3":"status-publish","5":"entry","6":"has-post-thumbnail"},"_links":{"self":[{"href":"https:\/\/moverdb.com\/nb\/wp-json\/wp\/v2\/pages\/7525","targetHints":{"allow":["GET"]}}],"collection":[{"href":"https:\/\/moverdb.com\/nb\/wp-json\/wp\/v2\/pages"}],"about":[{"href":"https:\/\/moverdb.com\/nb\/wp-json\/wp\/v2\/types\/page"}],"author":[{"embeddable":true,"href":"https:\/\/moverdb.com\/nb\/wp-json\/wp\/v2\/users\/4"}],"replies":[{"embeddable":true,"href":"https:\/\/moverdb.com\/nb\/wp-json\/wp\/v2\/comments?post=7525"}],"version-history":[{"count":1,"href":"https:\/\/moverdb.com\/nb\/wp-json\/wp\/v2\/pages\/7525\/revisions"}],"predecessor-version":[{"id":7527,"href":"https:\/\/moverdb.com\/nb\/wp-json\/wp\/v2\/pages\/7525\/revisions\/7527"}],"up":[{"embeddable":true,"href":"https:\/\/moverdb.com\/nb\/wp-json\/wp\/v2\/pages\/190"}],"wp:attachment":[{"href":"https:\/\/moverdb.com\/nb\/wp-json\/wp\/v2\/media?parent=7525"}],"curies":[{"name":"wp","href":"https:\/\/api.w.org\/{rel}","templated":true}]}}