{"id":7520,"date":"2023-02-01T14:02:23","date_gmt":"2023-02-01T14:02:23","guid":{"rendered":"https:\/\/moverdb.com\/?page_id=7520"},"modified":"2026-01-08T15:29:35","modified_gmt":"2026-01-08T15:29:35","slug":"flytting-virksomheter-ungaria","status":"publish","type":"page","link":"https:\/\/moverdb.com\/nb\/moving-companies\/moving-companies-hungary\/","title":{"rendered":"8 beste internasjonale flyttefirmaer i Ungarn"},"content":{"rendered":"<p>Hvis du planlegger en flytting, kan det v\u00e6re lurt \u00e5 f\u00e5 hjelp av en flyttebyr\u00e5. <a href=\"https:\/\/moverdb.com\/nb\/moving-companies\/\" data-internallinksmanager029f6b8e52c=\"79\" title=\"Topp 25 internasjonale flyttebyr\u00e5er p\u00e5 nettet\">flyttefirma<\/a> da de kan hjelpe deg med pakking, transport og tollbestemmelser. Hvis du skal flytte til, fra eller innenfor <a href=\"https:\/\/moverdb.com\/nb\/moving-to-hungary\/\" data-internallinksmanager029f6b8e52c=\"341\" title=\"Flytter du til Ungarn? 2023 Levekostnader og flyttetips\">Ungarn<\/a>har vi samlet en liste over <a href=\"https:\/\/moverdb.com\/nb\/international-removals\/\" data-internallinksmanager029f6b8e52c=\"27\" title=\"De 36 beste internasjonale flyttebyr\u00e5ene i Storbritannia\">flyttebyr\u00e5er<\/a> nedenfor som er medlemmer av <a href=\"https:\/\/moverdb.com\/nb\/iam\/\" data-internallinksmanager029f6b8e52c=\"23\" title=\"International Association of Movers (IAM) Forklaret\">International Association of Movers<\/a> (IAM) og\/eller <a href=\"https:\/\/moverdb.com\/nb\/fidi-faim\/\" data-internallinksmanager029f6b8e52c=\"16\" title=\"FIDI &amp; FAIM (FIDI-akkreditert internasjonal spedit\u00f8r) forklart\">FIDI<\/a> Accredited International Mover (FAIM) som kan hjelpe deg med flyttingen.<\/p>\n<div id=\"ez-toc-container\" class=\"ez-toc-v2_0_82_2 ez-toc-wrap-left counter-hierarchy ez-toc-counter ez-toc-transparent ez-toc-container-direction\">\n<div class=\"ez-toc-title-container\">\n<p class=\"ez-toc-title\" style=\"cursor:inherit\">Seksjoner<\/p>\n<span class=\"ez-toc-title-toggle\"><a href=\"#\" class=\"ez-toc-pull-right ez-toc-btn ez-toc-btn-xs ez-toc-btn-default ez-toc-toggle\" aria-label=\"Bytt innholdsfortegnelse\"><span class=\"ez-toc-js-icon-con\"><span class=\"\"><span class=\"eztoc-hide\" style=\"display:none;\">Toggle<\/span><span class=\"ez-toc-icon-toggle-span\"><svg style=\"fill: #999;color:#999\" xmlns=\"http:\/\/www.w3.org\/2000\/svg\" class=\"list-377408\" width=\"20px\" height=\"20px\" viewbox=\"0 0 24 24\" fill=\"none\"><path d=\"M6 6H4v2h2V6zm14 0H8v2h12V6zM4 11h2v2H4v-2zm16 0H8v2h12v-2zM4 16h2v2H4v-2zm16 0H8v2h12v-2z\" fill=\"currentColor\"><\/path><\/svg><svg style=\"fill: #999;color:#999\" class=\"arrow-unsorted-368013\" xmlns=\"http:\/\/www.w3.org\/2000\/svg\" width=\"10px\" height=\"10px\" viewbox=\"0 0 24 24\" version=\"1.2\" baseprofile=\"tiny\"><path d=\"M18.2 9.3l-6.2-6.3-6.2 6.3c-.2.2-.3.4-.3.7s.1.5.3.7c.2.2.4.3.7.3h11c.3 0 .5-.1.7-.3.2-.2.3-.5.3-.7s-.1-.5-.3-.7zM5.8 14.7l6.2 6.3 6.2-6.3c.2-.2.3-.5.3-.7s-.1-.5-.3-.7c-.2-.2-.4-.3-.7-.3h-11c-.3 0-.5.1-.7.3-.2.2-.3.5-.3.7s.1.5.3.7z\"\/><\/svg><\/span><\/span><\/span><\/a><\/span><\/div>\n<nav><ul class='ez-toc-list ez-toc-list-level-1 eztoc-toggle-hide-by-default' ><li class='ez-toc-page-1 ez-toc-heading-level-2'><a class=\"ez-toc-link ez-toc-heading-1\" href=\"https:\/\/moverdb.com\/nb\/moving-companies\/moving-companies-hungary\/#1_ABC_Ricard\" >1. ABC Ricard<\/a><\/li><li class='ez-toc-page-1 ez-toc-heading-level-2'><a class=\"ez-toc-link ez-toc-heading-2\" href=\"https:\/\/moverdb.com\/nb\/moving-companies\/moving-companies-hungary\/#2_Beta_Moving\" >2. Beta Moving<\/a><\/li><li class='ez-toc-page-1 ez-toc-heading-level-2'><a class=\"ez-toc-link ez-toc-heading-3\" href=\"https:\/\/moverdb.com\/nb\/moving-companies\/moving-companies-hungary\/#3_DB_Schenker\" >3. DB Schenker<\/a><\/li><li class='ez-toc-page-1 ez-toc-heading-level-2'><a class=\"ez-toc-link ez-toc-heading-4\" href=\"https:\/\/moverdb.com\/nb\/moving-companies\/moving-companies-hungary\/#4_Euromove\" >4. Euromove<\/a><\/li><li class='ez-toc-page-1 ez-toc-heading-level-2'><a class=\"ez-toc-link ez-toc-heading-5\" href=\"https:\/\/moverdb.com\/nb\/moving-companies\/moving-companies-hungary\/#5_Gosselin\" >5. Gosselin<\/a><\/li><li class='ez-toc-page-1 ez-toc-heading-level-2'><a class=\"ez-toc-link ez-toc-heading-6\" href=\"https:\/\/moverdb.com\/nb\/moving-companies\/moving-companies-hungary\/#6_MoveArtis\" >6. MoveArtis<\/a><\/li><li class='ez-toc-page-1 ez-toc-heading-level-2'><a class=\"ez-toc-link ez-toc-heading-7\" href=\"https:\/\/moverdb.com\/nb\/moving-companies\/moving-companies-hungary\/#7_NSEW_Mobility\" >7. NSEW-mobilitet<\/a><\/li><li class='ez-toc-page-1 ez-toc-heading-level-2'><a class=\"ez-toc-link ez-toc-heading-8\" href=\"https:\/\/moverdb.com\/nb\/moving-companies\/moving-companies-hungary\/#8_Santa_Fe_Relocation\" >8. Flytting av Santa Fe<\/a><\/li><\/ul><\/nav><\/div>\n<h2><span class=\"ez-toc-section\" id=\"1_ABC_Ricard\"><\/span><strong>1. ABC Ricard<\/strong><span class=\"ez-toc-section-end\"><\/span><\/h2>\n<p><img loading=\"lazy\" decoding=\"async\" class=\"alignnone size-full wp-image-7408\" src=\"https:\/\/moverdb.com\/wp-content\/uploads\/ABC-Ricard-international-moving-company.png\" alt=\"ABC Ricard internasjonalt flyttebyr\u00e5\" width=\"1440\" height=\"677\" data-wp-pid=\"7408\" srcset=\"https:\/\/moverdb.com\/wp-content\/uploads\/ABC-Ricard-international-moving-company.png 1440w, https:\/\/moverdb.com\/wp-content\/uploads\/ABC-Ricard-international-moving-company-300x141.png 300w, https:\/\/moverdb.com\/wp-content\/uploads\/ABC-Ricard-international-moving-company-1024x481.png 1024w, https:\/\/moverdb.com\/wp-content\/uploads\/ABC-Ricard-international-moving-company-18x8.png 18w, https:\/\/moverdb.com\/wp-content\/uploads\/ABC-Ricard-international-moving-company-600x282.png 600w\" sizes=\"auto, (max-width: 1440px) 100vw, 1440px\" \/><\/p>\n<ul>\n<li>Nasjonale tiltak<\/li>\n<li>Internasjonale flyttinger<\/li>\n<li>Flytting av husholdninger<\/li>\n<li>Innledende unders\u00f8kelse<\/li>\n<li>D\u00f8r-til-d\u00f8r-flytting<\/li>\n<li>Emballasje av h\u00f8y kvalitet<\/li>\n<li>Egendefinerte bokser<\/li>\n<li>Ordne transport<\/li>\n<li>Administrere tollformaliteter<\/li>\n<li>Allrisikoforsikring<\/li>\n<\/ul>\n<p>ABC Ricard er et verdensomspennende flyttefirma med et operativt filialnett i Sentral-Europa med kontorer i <a href=\"https:\/\/moverdb.com\/nb\/moving-to-france\/\" data-internallinksmanager029f6b8e52c=\"315\" title=\"Flytte til Frankrike? 2023 Levekostnader og flyttetips\">Frankrike<\/a>, <a href=\"https:\/\/moverdb.com\/nb\/moving-to-poland\/\" data-internallinksmanager029f6b8e52c=\"378\" title=\"Flytter du til Polen? 2023 Levekostnader og flyttetips\">Polen<\/a> og Ungarn i Budapest. De ble grunnlagt i 1958 i Frankrike, og det f\u00f8rste datterselskapet l\u00e5 i Budapest. De er tilknyttet st\u00f8rre globale nettverk for \u00e5 utvide rekkevidden, blant annet som medlem av IAM.<\/p>\n<p>ABC Ricard tilbyr en personlig tilpasset tjeneste som starter med en unders\u00f8kelse utf\u00f8rt av en r\u00e5dgiver som planlegger flyttingen din. De vil hjelpe deg med \u00e5 velge den beste transportm\u00e5ten for flyttingen din og vil oppfylle kravene til formalitetene og dokumentasjonen som trengs for \u00e5 flytte land.<\/p>\n<p>Nettsted: <a href=\"http:\/\/www.abcricardfl.com\" target=\"_blank\" rel=\"noopener\">http:\/\/www.abcricardfl.com<\/a><\/p>\n<h2><span class=\"ez-toc-section\" id=\"2_Beta_Moving\"><\/span><strong>2. Beta Moving<\/strong><span class=\"ez-toc-section-end\"><\/span><\/h2>\n<p><img loading=\"lazy\" decoding=\"async\" class=\"alignnone size-full wp-image-7419\" src=\"https:\/\/moverdb.com\/wp-content\/uploads\/Beta-Moving-international-moving-company.png\" alt=\"Beta Moving internasjonalt flyttebyr\u00e5\" width=\"1440\" height=\"679\" data-wp-pid=\"7419\" srcset=\"https:\/\/moverdb.com\/wp-content\/uploads\/Beta-Moving-international-moving-company.png 1440w, https:\/\/moverdb.com\/wp-content\/uploads\/Beta-Moving-international-moving-company-300x141.png 300w, https:\/\/moverdb.com\/wp-content\/uploads\/Beta-Moving-international-moving-company-1024x483.png 1024w, https:\/\/moverdb.com\/wp-content\/uploads\/Beta-Moving-international-moving-company-18x8.png 18w, https:\/\/moverdb.com\/wp-content\/uploads\/Beta-Moving-international-moving-company-600x283.png 600w\" sizes=\"auto, (max-width: 1440px) 100vw, 1440px\" \/><\/p>\n<ul>\n<li>Nasjonale tiltak<\/li>\n<li>Internasjonale flyttinger<\/li>\n<li>Flyttetjeneste<\/li>\n<li>Flytting av husholdninger og kontorer<\/li>\n<li>Flyttetjeneste fra d\u00f8r til d\u00f8r<\/li>\n<li>Pakketjeneste<\/li>\n<li>Vei-, sj\u00f8- og lufttransport<\/li>\n<li>Tollklarering<\/li>\n<li>Forsikring<\/li>\n<li>Lagringsanlegg<\/li>\n<\/ul>\n<p>Beta Moving er et internasjonalt flyttebyr\u00e5 som ble grunnlagt i 2016 i Budapest og tilbyr nasjonale og internasjonale flytte- og relokaliseringstjenester. De samarbeider med internasjonale partnere for \u00e5 levere flytte- og relokaliseringstjenester over hele verden. De er medlem av IAM med syv \u00e5rs fartstid.<\/p>\n<p>Beta Moving tilbyr skreddersydde flyttel\u00f8sninger som inkluderer pakking, transport med bil, fly eller b\u00e5t, fortolling, utpakking og fjerning av avfall. Flyttetjenesten deres inkluderer arbeidstillatelser og arbeidsregistrering. De tilbyr ogs\u00e5 tilleggstjenester som inkluderer flytting av kj\u00e6ledyr, biltransport, altmuligmannstjenester, forsikring og lagringsfasiliteter.<\/p>\n<p>Nettsted: <a href=\"https:\/\/www.betamoving.com\" target=\"_blank\" rel=\"noopener\">https:\/\/www.betamoving.com<\/a><\/p>\n<h2><span class=\"ez-toc-section\" id=\"3_DB_Schenker\"><\/span><strong>3. DB Schenker<\/strong><span class=\"ez-toc-section-end\"><\/span><\/h2>\n<p><img loading=\"lazy\" decoding=\"async\" class=\"alignnone size-full wp-image-7433\" src=\"https:\/\/moverdb.com\/wp-content\/uploads\/DB-Schenker-Hungary-international-moving-company.png\" alt=\"DB Schenker Ungarns internasjonale flyttebyr\u00e5\" width=\"1440\" height=\"664\" data-wp-pid=\"7433\" srcset=\"https:\/\/moverdb.com\/wp-content\/uploads\/DB-Schenker-Hungary-international-moving-company.png 1440w, https:\/\/moverdb.com\/wp-content\/uploads\/DB-Schenker-Hungary-international-moving-company-300x138.png 300w, https:\/\/moverdb.com\/wp-content\/uploads\/DB-Schenker-Hungary-international-moving-company-1024x472.png 1024w, https:\/\/moverdb.com\/wp-content\/uploads\/DB-Schenker-Hungary-international-moving-company-18x8.png 18w, https:\/\/moverdb.com\/wp-content\/uploads\/DB-Schenker-Hungary-international-moving-company-600x277.png 600w\" sizes=\"auto, (max-width: 1440px) 100vw, 1440px\" \/><\/p>\n<ul>\n<li>Nasjonale tiltak<\/li>\n<li>Internasjonale flyttinger<\/li>\n<li>Flytting av bolig<\/li>\n<li>Flytting av kontorer<\/li>\n<li>Emballasjematerialer av h\u00f8y kvalitet<\/li>\n<li>Land-, sj\u00f8- og lufttransport<\/li>\n<li>Tollst\u00f8tte<\/li>\n<li>Transport av kj\u00f8ret\u00f8y<\/li>\n<li>Transport av kj\u00e6ledyr<\/li>\n<li>Lagringsanlegg<\/li>\n<\/ul>\n<p>DB Schenker er en global leverand\u00f8r av logistikktjenester som har v\u00e6rt i drift i over 140 \u00e5r og ble grunnlagt i Wien. De har filialer over hele verden, inkludert Ungarn, der de etablerte en filial i Budapest i 1874. De er medlem av IAM med tilgang til deres internasjonale nettverk.<\/p>\n<p>DB Schenker tilbyr en innledende konsultasjon og befaring p\u00e5 stedet for \u00e5 planlegge flyttingen din. De tilbyr pakkemateriell av h\u00f8y kvalitet for \u00e5 beskytte eiendelene dine og lar deg spore forsendelsen din ved hjelp av deres nettbaserte sporing. De tilbyr ogs\u00e5 tilleggstjenester som biltransport, transport av kj\u00e6ledyr, levering av kunstverk, forsikring og lagring.<\/p>\n<p>Nettsted: <a href=\"http:\/\/www.dbschenker.hu\" target=\"_blank\" rel=\"noopener\">http:\/\/www.dbschenker.hu<\/a><\/p>\n<h2><span class=\"ez-toc-section\" id=\"4_Euromove\"><\/span><strong>4. Euromove<\/strong><span class=\"ez-toc-section-end\"><\/span><\/h2>\n<p><img loading=\"lazy\" decoding=\"async\" class=\"alignnone size-full wp-image-7439\" src=\"https:\/\/moverdb.com\/wp-content\/uploads\/Euromove-international-moving-company.png\" alt=\"Euromove internasjonalt flyttebyr\u00e5\" width=\"1440\" height=\"683\" data-wp-pid=\"7439\" srcset=\"https:\/\/moverdb.com\/wp-content\/uploads\/Euromove-international-moving-company.png 1440w, https:\/\/moverdb.com\/wp-content\/uploads\/Euromove-international-moving-company-300x142.png 300w, https:\/\/moverdb.com\/wp-content\/uploads\/Euromove-international-moving-company-1024x486.png 1024w, https:\/\/moverdb.com\/wp-content\/uploads\/Euromove-international-moving-company-18x9.png 18w, https:\/\/moverdb.com\/wp-content\/uploads\/Euromove-international-moving-company-600x285.png 600w\" sizes=\"auto, (max-width: 1440px) 100vw, 1440px\" \/><\/p>\n<ul>\n<li>Nasjonale flyttinger<\/li>\n<li>Internasjonale flyttinger<\/li>\n<li>Flyttepakker<\/li>\n<li>Flytting av husholdninger<\/li>\n<li>Flytting av kontorer<\/li>\n<li>Pakketjeneste<\/li>\n<li>Vei-, sj\u00f8- eller lufttransport<\/li>\n<li>Tollklarering<\/li>\n<li>Frakt av spesialvarer<\/li>\n<li>Lagringsanlegg<\/li>\n<\/ul>\n<p>Euromove er et internasjonalt flytteselskap med base i Budapest som ble grunnlagt i 1998. De har et stort nettverk av partnere som gj\u00f8r det mulig for dem \u00e5 tilby flyttetjenester hvor som helst i verden. De er medlem av IAM med 25 \u00e5rs erfaring og er akkreditert av FIDI.<\/p>\n<p>Euromove tilbyr tilpassede flyttetjenester og flyttepakker som kan omfatte spesialiserte gjenstander som kunst, biler eller kj\u00e6ledyr. De leverer sine tjenester i henhold til internasjonale standarder, inkludert deres pakketjeneste. De ordner transport med bil, fly eller b\u00e5t, inkludert samlastingsmuligheter, og de hjelper deg med fortolling.<\/p>\n<p>Nettsted: <a href=\"https:\/\/www.euromove.hu\/en\" target=\"_blank\" rel=\"noopener\">https:\/\/www.euromove.hu\/en<\/a><\/p>\n<h2><span class=\"ez-toc-section\" id=\"5_Gosselin\"><\/span><strong>5. Gosselin<\/strong><span class=\"ez-toc-section-end\"><\/span><\/h2>\n<p><img loading=\"lazy\" decoding=\"async\" class=\"alignnone size-full wp-image-7447\" src=\"https:\/\/moverdb.com\/wp-content\/uploads\/Gosselin-Hungary-international-moving-company.png\" alt=\"Gosselin Ungarn internasjonalt flyttebyr\u00e5\" width=\"1440\" height=\"678\" data-wp-pid=\"7447\" srcset=\"https:\/\/moverdb.com\/wp-content\/uploads\/Gosselin-Hungary-international-moving-company.png 1440w, https:\/\/moverdb.com\/wp-content\/uploads\/Gosselin-Hungary-international-moving-company-300x141.png 300w, https:\/\/moverdb.com\/wp-content\/uploads\/Gosselin-Hungary-international-moving-company-1024x482.png 1024w, https:\/\/moverdb.com\/wp-content\/uploads\/Gosselin-Hungary-international-moving-company-18x8.png 18w, https:\/\/moverdb.com\/wp-content\/uploads\/Gosselin-Hungary-international-moving-company-600x283.png 600w\" sizes=\"auto, (max-width: 1440px) 100vw, 1440px\" \/><\/p>\n<ul>\n<li>Nasjonale tiltak<\/li>\n<li>Internasjonale flyttinger<\/li>\n<li>Flytting av husholdninger<\/li>\n<li>Flytting av kontorer<\/li>\n<li>Pakketjeneste<\/li>\n<li>Tilrettelegging av transport<\/li>\n<li>Transport av kunst<\/li>\n<li>Flytting av kj\u00e6ledyr<\/li>\n<li>Transport av kj\u00f8ret\u00f8y<\/li>\n<li>Kort til langvarig lagring<\/li>\n<\/ul>\n<p>Gosselin er en internasjonal flytte- og logistikkbedrift som ble grunnlagt i 1930 i <a href=\"https:\/\/moverdb.com\/nb\/moving-to-belgium\/\" data-internallinksmanager029f6b8e52c=\"323\" title=\"Flytte til Belgia? 2023 Levekostnader og flyttetips\">Belgia<\/a> og de har kontorer over hele Europa, inkludert ett i Budapest, Ungarn. De er medlem av IAM med 24 \u00e5rs fartstid. De bruker sine filialer og internasjonale nettverk til \u00e5 tilby flytting hvor som helst i verden.<\/p>\n<p>Gosselin tilbyr en profesjonell pakketjeneste for \u00e5 beskytte eiendelene dine ved hjelp av pakkematerialer av h\u00f8y kvalitet, en rekke spesialiserte esker og skreddersydde kasser. De ordner alt som trengs for \u00e5 flytte eiendelene dine og hjelper deg med dokumentasjonen. De tilbyr ogs\u00e5 spesialiserte transporttjenester som omfatter flytting av kunst, kj\u00e6ledyr og kj\u00f8ret\u00f8y.<\/p>\n<p>Nettsted: <a href=\"https:\/\/gosselin-moving.com\/en\/hungary-slovakia\" target=\"_blank\" rel=\"noopener\">https:\/\/gosselin-moving.com\/en\/hungary-slovakia<\/a><\/p>\n<h2><span class=\"ez-toc-section\" id=\"6_MoveArtis\"><\/span><strong>6. MoveArtis<\/strong><span class=\"ez-toc-section-end\"><\/span><\/h2>\n<p><img loading=\"lazy\" decoding=\"async\" class=\"alignnone size-full wp-image-7468\" src=\"https:\/\/moverdb.com\/wp-content\/uploads\/MoveArtis-international-moving-company.png\" alt=\"MoveArtis internasjonalt flyttebyr\u00e5\" width=\"1440\" height=\"682\" data-wp-pid=\"7468\" srcset=\"https:\/\/moverdb.com\/wp-content\/uploads\/MoveArtis-international-moving-company.png 1440w, https:\/\/moverdb.com\/wp-content\/uploads\/MoveArtis-international-moving-company-300x142.png 300w, https:\/\/moverdb.com\/wp-content\/uploads\/MoveArtis-international-moving-company-1024x485.png 1024w, https:\/\/moverdb.com\/wp-content\/uploads\/MoveArtis-international-moving-company-18x9.png 18w, https:\/\/moverdb.com\/wp-content\/uploads\/MoveArtis-international-moving-company-600x284.png 600w\" sizes=\"auto, (max-width: 1440px) 100vw, 1440px\" \/><\/p>\n<ul>\n<li>Nasjonale tiltak<\/li>\n<li>Internasjonale flyttinger<\/li>\n<li>Flytting av boliger<\/li>\n<li>Flytting av kontorer<\/li>\n<li>D\u00f8r-til-d\u00f8r-tjeneste<\/li>\n<li>Alternativer for emballasje<\/li>\n<li>Vei-, sj\u00f8- og lufttransport<\/li>\n<li>Tollklarering<\/li>\n<li>Forsikring<\/li>\n<li>Lagringsanlegg<\/li>\n<\/ul>\n<p>MoveArtis er et familieeid ungarsk internasjonalt flyttebyr\u00e5 med base i Budapest. De har et internasjonalt nettverk av partnere over hele verden som hjelper dem med flytting hvor som helst. De er medlem av IAM med 12 \u00e5rs fartstid.<\/p>\n<p>MoveArtis tilbyr en skreddersydd flyttel\u00f8sning som gir en d\u00f8r-til-d\u00f8r-tjeneste for internasjonale flyttinger. De tilbyr en rekke emballasjematerialer som passer til en rekke gjenstander, inkludert spesialdesignede esker. De bist\u00e5r med transport som inkluderer flyfrakt og sj\u00f8transport, for eksempel full containerlast og mindre enn containerlast, og de hjelper til med fortolling.<\/p>\n<p>Nettsted: <a href=\"http:\/\/www.moveartis.com\" target=\"_blank\" rel=\"noopener\">http:\/\/www.moveartis.com<\/a><\/p>\n<h2><span class=\"ez-toc-section\" id=\"7_NSEW_Mobility\"><\/span><strong>7. NSEW-mobilitet<\/strong><span class=\"ez-toc-section-end\"><\/span><\/h2>\n<p><img loading=\"lazy\" decoding=\"async\" class=\"alignnone size-full wp-image-7473\" src=\"https:\/\/moverdb.com\/wp-content\/uploads\/NSEW-Mobility-international-moving-company.png\" alt=\"NSEW Mobility internasjonalt flyttebyr\u00e5\" width=\"1440\" height=\"681\" data-wp-pid=\"7473\" srcset=\"https:\/\/moverdb.com\/wp-content\/uploads\/NSEW-Mobility-international-moving-company.png 1440w, https:\/\/moverdb.com\/wp-content\/uploads\/NSEW-Mobility-international-moving-company-300x142.png 300w, https:\/\/moverdb.com\/wp-content\/uploads\/NSEW-Mobility-international-moving-company-1024x484.png 1024w, https:\/\/moverdb.com\/wp-content\/uploads\/NSEW-Mobility-international-moving-company-18x9.png 18w, https:\/\/moverdb.com\/wp-content\/uploads\/NSEW-Mobility-international-moving-company-600x284.png 600w\" sizes=\"auto, (max-width: 1440px) 100vw, 1440px\" \/><\/p>\n<ul>\n<li>Nasjonale tiltak<\/li>\n<li>Internasjonale flyttinger<\/li>\n<li>Flyttetjenester<\/li>\n<li>D\u00f8r-til-d\u00f8r-tjeneste<\/li>\n<li>Pakketjenester<\/li>\n<li>Vei-, luft- og sj\u00f8transport<\/li>\n<li>Tollklarering<\/li>\n<li><a href=\"https:\/\/moverdb.com\/nb\/car-transport-shipping\/\" data-internallinksmanager029f6b8e52c=\"2\" title=\"2026 Internasjonal biltransport og tilbud p\u00e5 frakt av kj\u00f8ret\u00f8y\">Frakt av kj\u00f8ret\u00f8y<\/a><\/li>\n<li>Forsikring<\/li>\n<li>Sikre anlegg for kort- og langtidslagring<\/li>\n<\/ul>\n<p>NSEW Mobility er et uavhengig flytte- og relokaliseringsselskap med base i Budapest. De tilbyr flyttetjenester i Ungarn, <a href=\"https:\/\/moverdb.com\/nb\/moving-to-austria\/\" data-internallinksmanager029f6b8e52c=\"343\" title=\"Flytter du til \u00d8sterrike? 2023 Levekostnader og flyttetips\">\u00d8sterrike<\/a>, <a href=\"https:\/\/moverdb.com\/nb\/moving-to-croatia\/\" data-internallinksmanager029f6b8e52c=\"428\" title=\"Flytter du til Kroatia? 2023 Levekostnader og flyttetips\">Kroatia<\/a>, <a href=\"https:\/\/moverdb.com\/nb\/moving-to-germany\/\" data-internallinksmanager029f6b8e52c=\"321\" title=\"Flytte til Tyskland? 2023 Levekostnader og flyttetips\">Tyskland<\/a>Romania, <a href=\"https:\/\/moverdb.com\/nb\/moving-to-slovakia\/\" data-internallinksmanager029f6b8e52c=\"338\" title=\"Flytter du til Slovakia? 2023 Levekostnader og flyttetips\">Slovakia<\/a>, <a href=\"https:\/\/moverdb.com\/nb\/moving-to-slovenia\/\" data-internallinksmanager029f6b8e52c=\"392\" title=\"Flytter du til Slovenia? 2023 Levekostnader og flyttetips\">Slovenia<\/a> og <a href=\"https:\/\/moverdb.com\/nb\/moving-to-switzerland\/\" data-internallinksmanager029f6b8e52c=\"327\" title=\"Flytte til Sveits? 2023 Levekostnader og flyttetips\">Sveits<\/a>og samarbeider med internasjonale partnere for \u00e5 levere flyttinger i Europa og resten av verden. De har levert flyttetjenester i over 20 \u00e5r og er medlem av IAM.<\/p>\n<p>NSEW Mobility tilbyr gratis unders\u00f8kelser p\u00e5 stedet, gir tilbud og tildeler en flyttekoordinator. De tilbyr en d\u00f8r-til-d\u00f8r-tjeneste for flytting og omplassering som inkluderer pakking av hjemmet ditt og h\u00e5ndtering av forsendelsen din med bil, fly og b\u00e5t med fortolling. Flyttetjenestene deres omfatter visum og immigrasjon, hjelp til \u00e5 finne bolig og skole, og innflyttingstjenester.<\/p>\n<p>Nettsted: <a href=\"https:\/\/nsew-mobility.com\/\" target=\"_blank\" rel=\"noopener\">https:\/\/nsew-mobility.com\/<\/a><\/p>\n<h2><span class=\"ez-toc-section\" id=\"8_Santa_Fe_Relocation\"><\/span><strong>8. Flytting av Santa Fe<\/strong><span class=\"ez-toc-section-end\"><\/span><\/h2>\n<p><img loading=\"lazy\" decoding=\"async\" class=\"alignnone size-full wp-image-7483\" src=\"https:\/\/moverdb.com\/wp-content\/uploads\/Santa-Fe-Hungary-international-moving-company.png\" alt=\"Santa Fe Ungarn internasjonalt flyttebyr\u00e5\" width=\"1440\" height=\"652\" data-wp-pid=\"7483\" srcset=\"https:\/\/moverdb.com\/wp-content\/uploads\/Santa-Fe-Hungary-international-moving-company.png 1440w, https:\/\/moverdb.com\/wp-content\/uploads\/Santa-Fe-Hungary-international-moving-company-300x136.png 300w, https:\/\/moverdb.com\/wp-content\/uploads\/Santa-Fe-Hungary-international-moving-company-1024x464.png 1024w, https:\/\/moverdb.com\/wp-content\/uploads\/Santa-Fe-Hungary-international-moving-company-18x8.png 18w, https:\/\/moverdb.com\/wp-content\/uploads\/Santa-Fe-Hungary-international-moving-company-600x272.png 600w\" sizes=\"auto, (max-width: 1440px) 100vw, 1440px\" \/><\/p>\n<ul>\n<li>Nasjonale tiltak<\/li>\n<li>Internasjonale flyttinger<\/li>\n<li>Flytting av husholdninger<\/li>\n<li>Flytting av bedrifter<\/li>\n<li>Pakketjeneste<\/li>\n<li>Transport p\u00e5 vei, til sj\u00f8s eller i luften<\/li>\n<li>Tollklarering<\/li>\n<li>Transport av kj\u00e6ledyr og kj\u00f8ret\u00f8y<\/li>\n<li>Beskyttelse av forsendelser<\/li>\n<li>Kort til langvarig lagring<\/li>\n<\/ul>\n<p>Santa Fe Relocation er et internasjonalt flytte- og relokaliseringsselskap som har 64 kontorer i 38 land. De \u00e5pnet sin ungarske avdeling i Budapest i 1993. De er medlem av IAM med 30 \u00e5rs erfaring og er akkreditert av FIDI.<\/p>\n<p>Santa Fe Relocation tilbyr en forh\u00e5ndskonsultasjon og hjemmeunders\u00f8kelse for \u00e5 vurdere dine behov. De tilbyr pakketjenester for \u00e5 beskytte eiendelene dine og ordner transport med bil, b\u00e5t eller fly og hjelper deg med fortolling. De tilbyr en rekke tilleggstjenester, inkludert beskyttelse av forsendelsen, flytting av kj\u00e6ledyr, frakt av kj\u00f8ret\u00f8y, lagring, bolig- og skoles\u00f8k, bosettingstjenester, avreisest\u00f8tte og visum.<\/p>\n<p>Nettsted: <a href=\"https:\/\/www.santaferelo.com\/en\/contact\/our-offices\/hungary-budapest\/\" target=\"_blank\" rel=\"noopener\">https:\/\/www.santaferelo.com\/en\/contact\/our-offices\/hungary-budapest\/<\/a><\/p>","protected":false},"excerpt":{"rendered":"<p>If you are planning a move then you may want to enlist the services of a moving company as they can help with packing, transportation and customs regulations. If you are moving to, from or within Hungary, we have compiled a list of removal companies below that are members of the International Association of Movers [&hellip;]<\/p>\n","protected":false},"author":4,"featured_media":0,"parent":190,"menu_order":0,"comment_status":"closed","ping_status":"closed","template":"","meta":{"_genesis_hide_title":false,"_genesis_hide_breadcrumbs":false,"_genesis_hide_singular_image":false,"_genesis_hide_footer_widgets":false,"_genesis_custom_body_class":"","_genesis_custom_post_class":"","_genesis_layout":"","footnotes":""},"class_list":{"0":"post-7520","1":"page","2":"type-page","3":"status-publish","5":"entry","6":"has-post-thumbnail"},"_links":{"self":[{"href":"https:\/\/moverdb.com\/nb\/wp-json\/wp\/v2\/pages\/7520","targetHints":{"allow":["GET"]}}],"collection":[{"href":"https:\/\/moverdb.com\/nb\/wp-json\/wp\/v2\/pages"}],"about":[{"href":"https:\/\/moverdb.com\/nb\/wp-json\/wp\/v2\/types\/page"}],"author":[{"embeddable":true,"href":"https:\/\/moverdb.com\/nb\/wp-json\/wp\/v2\/users\/4"}],"replies":[{"embeddable":true,"href":"https:\/\/moverdb.com\/nb\/wp-json\/wp\/v2\/comments?post=7520"}],"version-history":[{"count":1,"href":"https:\/\/moverdb.com\/nb\/wp-json\/wp\/v2\/pages\/7520\/revisions"}],"predecessor-version":[{"id":7521,"href":"https:\/\/moverdb.com\/nb\/wp-json\/wp\/v2\/pages\/7520\/revisions\/7521"}],"up":[{"embeddable":true,"href":"https:\/\/moverdb.com\/nb\/wp-json\/wp\/v2\/pages\/190"}],"wp:attachment":[{"href":"https:\/\/moverdb.com\/nb\/wp-json\/wp\/v2\/media?parent=7520"}],"curies":[{"name":"wp","href":"https:\/\/api.w.org\/{rel}","templated":true}]}}