{"id":7518,"date":"2023-02-01T14:01:41","date_gmt":"2023-02-01T14:01:41","guid":{"rendered":"https:\/\/moverdb.com\/?page_id=7518"},"modified":"2026-01-08T15:23:44","modified_gmt":"2026-01-08T15:23:44","slug":"flytte-selskaper-honduras","status":"publish","type":"page","link":"https:\/\/moverdb.com\/nb\/moving-companies\/moving-companies-honduras\/","title":{"rendered":"2 beste internasjonale flyttefirmaer i Honduras"},"content":{"rendered":"<p>\u00c5 flytte kan v\u00e6re en komplisert og stressende tid, s\u00e5 hvis du planlegger en flytting til, fra eller innen Honduras, kan det v\u00e6re lurt \u00e5 f\u00e5 hjelp av en <a href=\"https:\/\/moverdb.com\/nb\/moving-companies\/\" data-internallinksmanager029f6b8e52c=\"79\" title=\"Topp 25 internasjonale flyttebyr\u00e5er p\u00e5 nettet\">flyttefirma<\/a>. Nedenfor har vi samlet en liste over Honduras-basert <a href=\"https:\/\/moverdb.com\/nb\/international-removals\/\" data-internallinksmanager029f6b8e52c=\"27\" title=\"De 36 beste internasjonale flyttebyr\u00e5ene i Storbritannia\">flyttebyr\u00e5er<\/a> som er medlemmer av <a href=\"https:\/\/moverdb.com\/nb\/iam\/\" data-internallinksmanager029f6b8e52c=\"23\" title=\"International Association of Movers (IAM) Forklaret\">International Association of Movers<\/a> (IAM) og\/eller <a href=\"https:\/\/moverdb.com\/nb\/fidi-faim\/\" data-internallinksmanager029f6b8e52c=\"16\" title=\"FIDI &amp; FAIM (FIDI-akkreditert internasjonal spedit\u00f8r) forklart\">FIDI<\/a> Accredited International Mover (FAIM) som kan hjelpe deg med flyttingen.<\/p>\n<h2><strong>1. Mudanzas International<\/strong><\/h2>\n<p><img loading=\"lazy\" decoding=\"async\" class=\"alignnone size-full wp-image-7471\" src=\"https:\/\/moverdb.com\/wp-content\/uploads\/Mudanzas-International-moving-company.png\" alt=\"Mudanzas International flyttebyr\u00e5\" width=\"1440\" height=\"681\" data-wp-pid=\"7471\" srcset=\"https:\/\/moverdb.com\/wp-content\/uploads\/Mudanzas-International-moving-company.png 1440w, https:\/\/moverdb.com\/wp-content\/uploads\/Mudanzas-International-moving-company-300x142.png 300w, https:\/\/moverdb.com\/wp-content\/uploads\/Mudanzas-International-moving-company-1024x484.png 1024w, https:\/\/moverdb.com\/wp-content\/uploads\/Mudanzas-International-moving-company-18x9.png 18w, https:\/\/moverdb.com\/wp-content\/uploads\/Mudanzas-International-moving-company-600x284.png 600w\" sizes=\"auto, (max-width: 1440px) 100vw, 1440px\" \/><\/p>\n<ul>\n<li>Nasjonale tiltak<\/li>\n<li>Internasjonale flyttinger<\/li>\n<li>Flytting av husholdninger<\/li>\n<li>D\u00f8r-til-d\u00f8r-tjeneste<\/li>\n<li>Profesjonell pakketjeneste<\/li>\n<li>Egen bilpark<\/li>\n<li>Vei-, sj\u00f8- og luftfrakt<\/li>\n<li>Tollst\u00f8tte<\/li>\n<li>Transport av kj\u00f8ret\u00f8y<\/li>\n<li>Valg av lagringsalternativer<\/li>\n<\/ul>\n<p>Mudanzas International er et internasjonalt flytte-, pakke- og lagringsselskap med over 25 \u00e5rs erfaring. De er medlem av IAM med 32 \u00e5rs erfaring, noe som gir dem tilgang til et internasjonalt nettverk av flyttebyr\u00e5er som kan bist\u00e5 med flytting til utlandet.<\/p>\n<p>Mudanzas International tilbyr en personlig flyttetjeneste for nasjonale og internasjonale flyttinger med en d\u00f8r-til-d\u00f8r-tjeneste. De tilbyr en profesjonell pakketjeneste for \u00e5 beskytte eiendelene dine under transport. De kan ordne transport p\u00e5 vei ved hjelp av sin egen fl\u00e5te, luft- og sj\u00f8frakt, og de kan gi st\u00f8tte med tolltjenester. De kan ogs\u00e5 tilby bil- og motorsykkeltransport.<\/p>\n<p>Nettsted: <a href=\"http:\/\/www.mudanzasinternational.net\" target=\"_blank\" rel=\"noopener\">http:\/\/www.mudanzasinternational.net<\/a><\/p>\n<h2><strong>2. Mudanzas luftbro<\/strong><\/h2>\n<p><img loading=\"lazy\" decoding=\"async\" class=\"alignnone size-full wp-image-7470\" src=\"https:\/\/moverdb.com\/wp-content\/uploads\/Mudanzas-Airlift-international-moving-company.png\" alt=\"Mudanzas Airlift internasjonalt flyttebyr\u00e5\" width=\"1440\" height=\"678\" data-wp-pid=\"7470\" srcset=\"https:\/\/moverdb.com\/wp-content\/uploads\/Mudanzas-Airlift-international-moving-company.png 1440w, https:\/\/moverdb.com\/wp-content\/uploads\/Mudanzas-Airlift-international-moving-company-300x141.png 300w, https:\/\/moverdb.com\/wp-content\/uploads\/Mudanzas-Airlift-international-moving-company-1024x482.png 1024w, https:\/\/moverdb.com\/wp-content\/uploads\/Mudanzas-Airlift-international-moving-company-18x8.png 18w, https:\/\/moverdb.com\/wp-content\/uploads\/Mudanzas-Airlift-international-moving-company-600x283.png 600w\" sizes=\"auto, (max-width: 1440px) 100vw, 1440px\" \/><\/p>\n<ul>\n<li>Nasjonale tiltak<\/li>\n<li>Internasjonale flyttinger<\/li>\n<li>Flytting av husholdninger<\/li>\n<li>D\u00f8r-til-d\u00f8r-tjeneste<\/li>\n<li>Pakketjeneste<\/li>\n<li>Tilrettelegging av transport<\/li>\n<li>Tollklarering<\/li>\n<li>Transport av kj\u00f8ret\u00f8y<\/li>\n<li>Forsikring<\/li>\n<li>Lagringstjeneste<\/li>\n<\/ul>\n<p>Mudanzas Airlift er et internasjonalt flytte-, transport- og logistikkselskap som ble grunnlagt i 1963. De har hovedkontor i Tegucigalpa og et avdelingskontor i San Pedro Sula. De er medlem av IAM, som gir dem et internasjonalt nettverk av flytteagenter.<\/p>\n<p>Mudanzas Airlift tilbyr en forh\u00e5ndsunders\u00f8kelse for \u00e5 hjelpe deg med \u00e5 vurdere dine behov. De tilbyr d\u00f8r-til-d\u00f8r- eller d\u00f8r-til-d\u00f8r-transport.<a href=\"https:\/\/moverdb.com\/nb\/top-49-container-ports\/\" data-internallinksmanager029f6b8e52c=\"80\" title=\"De 49 st\u00f8rste og travleste containerhavnene i 2025\">port<\/a> en tjeneste som omfatter pakking og emballering for \u00e5 beskytte eiendelene dine under flyttingen. De s\u00f8rger for transport av eiendelene dine og hjelper deg med fortolling og forsikring. De tilbyr ogs\u00e5 biltransport og lagringsl\u00f8sninger hvis du trenger det.<\/p>\n<p>Nettsted: <a href=\"http:\/\/www.mudanzasairlift.com\" target=\"_blank\" rel=\"noopener\">http:\/\/www.mudanzasairlift.com<\/a><\/p>","protected":false},"excerpt":{"rendered":"<p>Moving can be a complicated and stressful time so if you are planning a move to, from or within Honduras, you may want the help of a moving company. Below we have compiled a list of Honduras based removal companies that are members of the International Association of Movers (IAM) and\/or FIDI Accredited International Mover [&hellip;]<\/p>\n","protected":false},"author":4,"featured_media":0,"parent":190,"menu_order":0,"comment_status":"closed","ping_status":"closed","template":"","meta":{"_genesis_hide_title":false,"_genesis_hide_breadcrumbs":false,"_genesis_hide_singular_image":false,"_genesis_hide_footer_widgets":false,"_genesis_custom_body_class":"","_genesis_custom_post_class":"","_genesis_layout":"","footnotes":""},"class_list":{"0":"post-7518","1":"page","2":"type-page","3":"status-publish","5":"entry","6":"has-post-thumbnail"},"_links":{"self":[{"href":"https:\/\/moverdb.com\/nb\/wp-json\/wp\/v2\/pages\/7518","targetHints":{"allow":["GET"]}}],"collection":[{"href":"https:\/\/moverdb.com\/nb\/wp-json\/wp\/v2\/pages"}],"about":[{"href":"https:\/\/moverdb.com\/nb\/wp-json\/wp\/v2\/types\/page"}],"author":[{"embeddable":true,"href":"https:\/\/moverdb.com\/nb\/wp-json\/wp\/v2\/users\/4"}],"replies":[{"embeddable":true,"href":"https:\/\/moverdb.com\/nb\/wp-json\/wp\/v2\/comments?post=7518"}],"version-history":[{"count":1,"href":"https:\/\/moverdb.com\/nb\/wp-json\/wp\/v2\/pages\/7518\/revisions"}],"predecessor-version":[{"id":7519,"href":"https:\/\/moverdb.com\/nb\/wp-json\/wp\/v2\/pages\/7518\/revisions\/7519"}],"up":[{"embeddable":true,"href":"https:\/\/moverdb.com\/nb\/wp-json\/wp\/v2\/pages\/190"}],"wp:attachment":[{"href":"https:\/\/moverdb.com\/nb\/wp-json\/wp\/v2\/media?parent=7518"}],"curies":[{"name":"wp","href":"https:\/\/api.w.org\/{rel}","templated":true}]}}