{"id":7512,"date":"2023-02-01T13:59:57","date_gmt":"2023-02-01T13:59:57","guid":{"rendered":"https:\/\/moverdb.com\/?page_id=7512"},"modified":"2026-01-08T15:24:16","modified_gmt":"2026-01-08T15:24:16","slug":"moving-companies-guatemala","status":"publish","type":"page","link":"https:\/\/moverdb.com\/nb\/moving-companies\/moving-companies-guatemala\/","title":{"rendered":"3 beste internasjonale flyttefirmaer i Guatemala"},"content":{"rendered":"<p>Skal du flytte til, fra eller innen Guatemala? Da kan det hende du er interessert i tjenestene til et <a href=\"https:\/\/moverdb.com\/nb\/moving-companies\/\" data-internallinksmanager029f6b8e52c=\"79\" title=\"Topp 25 internasjonale flyttebyr\u00e5er p\u00e5 nettet\">flyttefirma<\/a> som kan hjelpe deg med pakking, transport og tollformaliteter. Nedenfor har vi satt sammen en liste over Guatemala-baserte <a href=\"https:\/\/moverdb.com\/nb\/international-removals\/\" data-internallinksmanager029f6b8e52c=\"27\" title=\"De 36 beste internasjonale flyttebyr\u00e5ene i Storbritannia\">flyttebyr\u00e5er<\/a> som er medlemmer av <a href=\"https:\/\/moverdb.com\/nb\/iam\/\" data-internallinksmanager029f6b8e52c=\"23\" title=\"International Association of Movers (IAM) Forklaret\">International Association of Movers<\/a> (IAM) og\/eller <a href=\"https:\/\/moverdb.com\/nb\/fidi-faim\/\" data-internallinksmanager029f6b8e52c=\"16\" title=\"FIDI &amp; FAIM (FIDI-akkreditert internasjonal spedit\u00f8r) forklart\">FIDI<\/a> Accredited International Mover (FAIM) som kan hjelpe deg med flyttingen.<\/p>\n<h2><strong>1. Brizmud<\/strong><\/h2>\n<p><img loading=\"lazy\" decoding=\"async\" class=\"alignnone size-full wp-image-7422\" src=\"https:\/\/moverdb.com\/wp-content\/uploads\/Brizmud-international-moving-company.png\" alt=\"Brizmud internasjonalt flyttebyr\u00e5\" width=\"1440\" height=\"686\" data-wp-pid=\"7422\" srcset=\"https:\/\/moverdb.com\/wp-content\/uploads\/Brizmud-international-moving-company.png 1440w, https:\/\/moverdb.com\/wp-content\/uploads\/Brizmud-international-moving-company-300x143.png 300w, https:\/\/moverdb.com\/wp-content\/uploads\/Brizmud-international-moving-company-1024x488.png 1024w, https:\/\/moverdb.com\/wp-content\/uploads\/Brizmud-international-moving-company-18x9.png 18w, https:\/\/moverdb.com\/wp-content\/uploads\/Brizmud-international-moving-company-600x286.png 600w\" sizes=\"auto, (max-width: 1440px) 100vw, 1440px\" \/><\/p>\n<ul>\n<li>Nasjonale flyttinger<\/li>\n<li>Internasjonale flyttinger<\/li>\n<li>Flyttetjenester<\/li>\n<li>Flytting av husholdninger<\/li>\n<li>Pakketjenester<\/li>\n<li>Vei-, sj\u00f8- og lufttransport<\/li>\n<li>Tollpapirer<\/li>\n<li>Transport av kunstverk<\/li>\n<li>Nettverk av internasjonale agenter<\/li>\n<li>Lagringsanlegg<\/li>\n<\/ul>\n<p>Brizmud er et lokalt og internasjonalt flyttebyr\u00e5 med base i Guatemala. De tilbyr flytte- og relokaliseringstjenester til husholdninger. De har et nettverk av kvalifiserte leverand\u00f8rer og agenter som gj\u00f8r det mulig for dem \u00e5 operere i andre land. De er medlem av IAM med fem \u00e5rs fartstid.<\/p>\n<p>Brizmud tilbyr personlig service til sine kunder, noe som inkluderer skredders\u00f8m av flyttetilbudet for \u00e5 m\u00f8te kundenes behov. De tilbyr en rekke flyttetjenester, blant annet pakking av eiendelene dine p\u00e5 en trygg m\u00e5te, arrangering av transport med bil, b\u00e5t eller fly og hjelp til \u00e5 fylle ut papirarbeidet. De tilbyr ogs\u00e5 lagringsfasiliteter hvis du trenger det.<\/p>\n<p>Nettsted: <a href=\"https:\/\/brizmud.com\/\" target=\"_blank\" rel=\"noopener\">https:\/\/brizmud.com\/<\/a><\/p>\n<h2><strong>2. Intermud<\/strong><\/h2>\n<p><img loading=\"lazy\" decoding=\"async\" class=\"alignnone size-full wp-image-7457\" src=\"https:\/\/moverdb.com\/wp-content\/uploads\/Intermud-international-moving-company.png\" alt=\"Intermud internasjonalt flyttebyr\u00e5\" width=\"1440\" height=\"683\" data-wp-pid=\"7457\" srcset=\"https:\/\/moverdb.com\/wp-content\/uploads\/Intermud-international-moving-company.png 1440w, https:\/\/moverdb.com\/wp-content\/uploads\/Intermud-international-moving-company-300x142.png 300w, https:\/\/moverdb.com\/wp-content\/uploads\/Intermud-international-moving-company-1024x486.png 1024w, https:\/\/moverdb.com\/wp-content\/uploads\/Intermud-international-moving-company-18x9.png 18w, https:\/\/moverdb.com\/wp-content\/uploads\/Intermud-international-moving-company-600x285.png 600w\" sizes=\"auto, (max-width: 1440px) 100vw, 1440px\" \/><\/p>\n<ul>\n<li>Nasjonale tiltak<\/li>\n<li>Internasjonale flyttinger<\/li>\n<li>Flytting av boliger<\/li>\n<li>Flytting av kontorer<\/li>\n<li>R\u00e5d om flytting<\/li>\n<li>Pakketjenester<\/li>\n<li>Demontering og montering av m\u00f8bler<\/li>\n<li>Transport til lands, til vanns og i luften<\/li>\n<li>Tollst\u00f8tte<\/li>\n<li>Lagringsanlegg<\/li>\n<\/ul>\n<p>Intermud er et flytte- og logistikkselskap som har over 35 \u00e5rs erfaring med flytting av mennesker og er basert i Guatemala. De er medlem av IAM med 40 \u00e5rs erfaring og er akkreditert av FIDI. Gjennom medlemskapet har de tilgang til et internasjonalt nettverk av flyttebyr\u00e5er som hjelper dem med flytting til utlandet.<\/p>\n<p>Intermud tilbyr b\u00e5de bolig- og kontorflytting lokalt og internasjonalt. For privatkunder tilbyr de pakke- og utpakkingstjenester, midlertidig m\u00f8belutleie og lagringsfasiliteter. N\u00e5r det gjelder flytting av kontorer, tilbyr de alt fra sm\u00e5 kontorer til store bygninger, inkludert pakking og utpakking, demontering og montering av m\u00f8bler og sikker emballering av elektronisk utstyr.<\/p>\n<p>Nettsted: <a href=\"http:\/\/www.intermud.com\" target=\"_blank\" rel=\"noopener\">http:\/\/www.intermud.com<\/a><\/p>\n<h2><strong>3. Sveitsiske Global Movers<\/strong><\/h2>\n<p><img loading=\"lazy\" decoding=\"async\" class=\"alignnone size-full wp-image-7493\" src=\"https:\/\/moverdb.com\/wp-content\/uploads\/Swiss-Global-Movers-international-moving-company.png\" alt=\"Swiss Global Movers internasjonalt flyttebyr\u00e5\" width=\"1440\" height=\"683\" data-wp-pid=\"7493\" srcset=\"https:\/\/moverdb.com\/wp-content\/uploads\/Swiss-Global-Movers-international-moving-company.png 1440w, https:\/\/moverdb.com\/wp-content\/uploads\/Swiss-Global-Movers-international-moving-company-300x142.png 300w, https:\/\/moverdb.com\/wp-content\/uploads\/Swiss-Global-Movers-international-moving-company-1024x486.png 1024w, https:\/\/moverdb.com\/wp-content\/uploads\/Swiss-Global-Movers-international-moving-company-18x9.png 18w, https:\/\/moverdb.com\/wp-content\/uploads\/Swiss-Global-Movers-international-moving-company-600x285.png 600w\" sizes=\"auto, (max-width: 1440px) 100vw, 1440px\" \/><\/p>\n<ul>\n<li>Lokale tiltak<\/li>\n<li>Internasjonale flyttinger<\/li>\n<li>Flytting av husholdninger<\/li>\n<li>Bedriftsbevegelser<\/li>\n<li>D\u00f8r-til-d\u00f8r-l\u00f8sninger<\/li>\n<li>Kvalifisert personell<\/li>\n<li>Pakketjeneste<\/li>\n<li>Tilrettelegging av transport<\/li>\n<li>Tolltjenester<\/li>\n<li>Lagringsanlegg<\/li>\n<\/ul>\n<p>Swiss Global Movers er en flytte- og logistikkleverand\u00f8r med base i Guatemala City, og de har over 20 \u00e5rs erfaring. De samarbeider med andre for \u00e5 levere en omfattende tjeneste med verdensomspennende dekning. De er medlem av IAM med 42 \u00e5rs erfaring.<\/p>\n<p>Swiss Global Movers tilbyr kvalifisert personell som kan gi deg r\u00e5d og hjelpe deg med \u00e5 planlegge flyttingen. De tilbyr en d\u00f8r-til-d\u00f8r-tjeneste som inkluderer pakking og utpakking og kan tilby midlertidig lagring om n\u00f8dvendig. De vil ordne transporten av eiendelene dine, inkludert h\u00e5ndtering av import- og eksportprosesser med tollvesenet.<\/p>\n<p>Nettsted: <a href=\"https:\/\/swissglobalmovers.com.gt\/\" target=\"_blank\" rel=\"noopener\">https:\/\/swissglobalmovers.com.gt\/<\/a><\/p>","protected":false},"excerpt":{"rendered":"<p>Are you moving to or from, or within Guatemala? Then you might be interested in the services of a moving company that can assist with packing, transportation and customs formalities. Below we have compiled a list of Guatemala based removal companies that are members of the International Association of Movers (IAM) and\/or FIDI Accredited International [&hellip;]<\/p>\n","protected":false},"author":4,"featured_media":0,"parent":190,"menu_order":0,"comment_status":"closed","ping_status":"closed","template":"","meta":{"_genesis_hide_title":false,"_genesis_hide_breadcrumbs":false,"_genesis_hide_singular_image":false,"_genesis_hide_footer_widgets":false,"_genesis_custom_body_class":"","_genesis_custom_post_class":"","_genesis_layout":"","footnotes":""},"class_list":{"0":"post-7512","1":"page","2":"type-page","3":"status-publish","5":"entry","6":"has-post-thumbnail"},"_links":{"self":[{"href":"https:\/\/moverdb.com\/nb\/wp-json\/wp\/v2\/pages\/7512","targetHints":{"allow":["GET"]}}],"collection":[{"href":"https:\/\/moverdb.com\/nb\/wp-json\/wp\/v2\/pages"}],"about":[{"href":"https:\/\/moverdb.com\/nb\/wp-json\/wp\/v2\/types\/page"}],"author":[{"embeddable":true,"href":"https:\/\/moverdb.com\/nb\/wp-json\/wp\/v2\/users\/4"}],"replies":[{"embeddable":true,"href":"https:\/\/moverdb.com\/nb\/wp-json\/wp\/v2\/comments?post=7512"}],"version-history":[{"count":1,"href":"https:\/\/moverdb.com\/nb\/wp-json\/wp\/v2\/pages\/7512\/revisions"}],"predecessor-version":[{"id":7513,"href":"https:\/\/moverdb.com\/nb\/wp-json\/wp\/v2\/pages\/7512\/revisions\/7513"}],"up":[{"embeddable":true,"href":"https:\/\/moverdb.com\/nb\/wp-json\/wp\/v2\/pages\/190"}],"wp:attachment":[{"href":"https:\/\/moverdb.com\/nb\/wp-json\/wp\/v2\/media?parent=7512"}],"curies":[{"name":"wp","href":"https:\/\/api.w.org\/{rel}","templated":true}]}}