{"id":7510,"date":"2023-02-01T13:59:14","date_gmt":"2023-02-01T13:59:14","guid":{"rendered":"https:\/\/moverdb.com\/?page_id=7510"},"modified":"2026-01-08T15:29:34","modified_gmt":"2026-01-08T15:29:34","slug":"moving-companies-greece","status":"publish","type":"page","link":"https:\/\/moverdb.com\/nb\/moving-companies\/moving-companies-greece\/","title":{"rendered":"8 beste internasjonale flyttefirmaer i Hellas"},"content":{"rendered":"<p>Det kan v\u00e6re vanskelig \u00e5 flytte hjem eller virksomhet med mye logistikk \u00e5 h\u00e5ndtere, s\u00e6rlig hvis du flytter til, fra eller innen et annet land. <a href=\"https:\/\/moverdb.com\/nb\/moving-to-greece\/\" data-internallinksmanager029f6b8e52c=\"353\" title=\"Flytter du til Hellas? 2023 Levekostnader og flyttetips\">Hellas<\/a>kan det v\u00e6re lurt \u00e5 engasjere en <a href=\"https:\/\/moverdb.com\/nb\/moving-companies\/\" data-internallinksmanager029f6b8e52c=\"79\" title=\"Topp 25 internasjonale flyttebyr\u00e5er p\u00e5 nettet\">flyttefirma<\/a>. Nedenfor har vi samlet en liste over greske <a href=\"https:\/\/moverdb.com\/nb\/international-removals\/\" data-internallinksmanager029f6b8e52c=\"27\" title=\"De 36 beste internasjonale flyttebyr\u00e5ene i Storbritannia\">flyttebyr\u00e5er<\/a> som er medlemmer av <a href=\"https:\/\/moverdb.com\/nb\/iam\/\" data-internallinksmanager029f6b8e52c=\"23\" title=\"International Association of Movers (IAM) Forklaret\">International Association of Movers<\/a> (IAM) og\/eller <a href=\"https:\/\/moverdb.com\/nb\/fidi-faim\/\" data-internallinksmanager029f6b8e52c=\"16\" title=\"FIDI &amp; FAIM (FIDI-akkreditert internasjonal spedit\u00f8r) forklart\">FIDI<\/a> Accredited International Mover (FAIM) som kan hjelpe deg med flyttingen.<\/p>\n<div id=\"ez-toc-container\" class=\"ez-toc-v2_0_82_2 ez-toc-wrap-left counter-hierarchy ez-toc-counter ez-toc-transparent ez-toc-container-direction\">\n<div class=\"ez-toc-title-container\">\n<p class=\"ez-toc-title\" style=\"cursor:inherit\">Seksjoner<\/p>\n<span class=\"ez-toc-title-toggle\"><a href=\"#\" class=\"ez-toc-pull-right ez-toc-btn ez-toc-btn-xs ez-toc-btn-default ez-toc-toggle\" aria-label=\"Bytt innholdsfortegnelse\"><span class=\"ez-toc-js-icon-con\"><span class=\"\"><span class=\"eztoc-hide\" style=\"display:none;\">Toggle<\/span><span class=\"ez-toc-icon-toggle-span\"><svg style=\"fill: #999;color:#999\" xmlns=\"http:\/\/www.w3.org\/2000\/svg\" class=\"list-377408\" width=\"20px\" height=\"20px\" viewbox=\"0 0 24 24\" fill=\"none\"><path d=\"M6 6H4v2h2V6zm14 0H8v2h12V6zM4 11h2v2H4v-2zm16 0H8v2h12v-2zM4 16h2v2H4v-2zm16 0H8v2h12v-2z\" fill=\"currentColor\"><\/path><\/svg><svg style=\"fill: #999;color:#999\" class=\"arrow-unsorted-368013\" xmlns=\"http:\/\/www.w3.org\/2000\/svg\" width=\"10px\" height=\"10px\" viewbox=\"0 0 24 24\" version=\"1.2\" baseprofile=\"tiny\"><path d=\"M18.2 9.3l-6.2-6.3-6.2 6.3c-.2.2-.3.4-.3.7s.1.5.3.7c.2.2.4.3.7.3h11c.3 0 .5-.1.7-.3.2-.2.3-.5.3-.7s-.1-.5-.3-.7zM5.8 14.7l6.2 6.3 6.2-6.3c.2-.2.3-.5.3-.7s-.1-.5-.3-.7c-.2-.2-.4-.3-.7-.3h-11c-.3 0-.5.1-.7.3-.2.2-.3.5-.3.7s.1.5.3.7z\"\/><\/svg><\/span><\/span><\/span><\/a><\/span><\/div>\n<nav><ul class='ez-toc-list ez-toc-list-level-1 eztoc-toggle-hide-by-default' ><li class='ez-toc-page-1 ez-toc-heading-level-2'><a class=\"ez-toc-link ez-toc-heading-1\" href=\"https:\/\/moverdb.com\/nb\/moving-companies\/moving-companies-greece\/#1_Attica_Movers\" >1. Attica Movers<\/a><\/li><li class='ez-toc-page-1 ez-toc-heading-level-2'><a class=\"ez-toc-link ez-toc-heading-2\" href=\"https:\/\/moverdb.com\/nb\/moving-companies\/moving-companies-greece\/#2_Cargo_Log_Ltd\" >2. Cargo Log Ltd<\/a><\/li><li class='ez-toc-page-1 ez-toc-heading-level-2'><a class=\"ez-toc-link ez-toc-heading-3\" href=\"https:\/\/moverdb.com\/nb\/moving-companies\/moving-companies-greece\/#3_Celebrity_International_Movers\" >3. Internasjonale kjendiser<\/a><\/li><li class='ez-toc-page-1 ez-toc-heading-level-2'><a class=\"ez-toc-link ez-toc-heading-4\" href=\"https:\/\/moverdb.com\/nb\/moving-companies\/moving-companies-greece\/#4_Matrix_Relocations\" >4. Matriseflyttinger<\/a><\/li><li class='ez-toc-page-1 ez-toc-heading-level-2'><a class=\"ez-toc-link ez-toc-heading-5\" href=\"https:\/\/moverdb.com\/nb\/moving-companies\/moving-companies-greece\/#5_Orphee_Beinoglou\" >5. Orphee Beinoglou<\/a><\/li><li class='ez-toc-page-1 ez-toc-heading-level-2'><a class=\"ez-toc-link ez-toc-heading-6\" href=\"https:\/\/moverdb.com\/nb\/moving-companies\/moving-companies-greece\/#6_Safeway_Transport\" >6. Sikker transport<\/a><\/li><li class='ez-toc-page-1 ez-toc-heading-level-2'><a class=\"ez-toc-link ez-toc-heading-7\" href=\"https:\/\/moverdb.com\/nb\/moving-companies\/moving-companies-greece\/#7_Aritrans\" >7. Aritrans<\/a><\/li><li class='ez-toc-page-1 ez-toc-heading-level-2'><a class=\"ez-toc-link ez-toc-heading-8\" href=\"https:\/\/moverdb.com\/nb\/moving-companies\/moving-companies-greece\/#8_Intermove\" >8. Intermove<\/a><\/li><li class='ez-toc-page-1 ez-toc-heading-level-2'><a class=\"ez-toc-link ez-toc-heading-9\" href=\"https:\/\/moverdb.com\/nb\/moving-companies\/moving-companies-greece\/#Other_Useful_Guides_to_Greece\" >Andre nyttige guider til Hellas<\/a><\/li><\/ul><\/nav><\/div>\n<h2><span class=\"ez-toc-section\" id=\"1_Attica_Movers\"><\/span><strong>1. Attica Movers<\/strong><span class=\"ez-toc-section-end\"><\/span><\/h2>\n<p><img loading=\"lazy\" decoding=\"async\" class=\"alignnone size-full wp-image-7417\" src=\"https:\/\/moverdb.com\/wp-content\/uploads\/Attica-Movers-international-moving-company.png\" alt=\"Attica Movers internasjonalt flyttebyr\u00e5\" width=\"1440\" height=\"682\" data-wp-pid=\"7417\" srcset=\"https:\/\/moverdb.com\/wp-content\/uploads\/Attica-Movers-international-moving-company.png 1440w, https:\/\/moverdb.com\/wp-content\/uploads\/Attica-Movers-international-moving-company-300x142.png 300w, https:\/\/moverdb.com\/wp-content\/uploads\/Attica-Movers-international-moving-company-1024x485.png 1024w, https:\/\/moverdb.com\/wp-content\/uploads\/Attica-Movers-international-moving-company-18x9.png 18w, https:\/\/moverdb.com\/wp-content\/uploads\/Attica-Movers-international-moving-company-600x284.png 600w\" sizes=\"auto, (max-width: 1440px) 100vw, 1440px\" \/><\/p>\n<ul>\n<li>Nasjonale tiltak<\/li>\n<li>Internasjonale flyttinger<\/li>\n<li>Flytting av husholdninger<\/li>\n<li>Kommersielle tiltak<\/li>\n<li>Pakketjeneste<\/li>\n<li>Konstruksjon av trekasser<\/li>\n<li>Tollprosedyrer<\/li>\n<li>Transport av kj\u00e6ledyr<\/li>\n<li>Transport av kunst<\/li>\n<li>Kort til langvarig lagring<\/li>\n<\/ul>\n<p>Attica Movers er et nasjonalt og internasjonalt flyttebyr\u00e5 grunnlagt i 1980 med base i Athen. De er medlem av IAM med 43 \u00e5rs fartstid og er akkreditert av FIDI, noe som gir dem tilgang til et internasjonalt nettverk av flyttebyr\u00e5er som st\u00f8tter dem.<\/p>\n<p>Attica Movers tilbyr en virtuell eller personlig unders\u00f8kelse for \u00e5 vurdere omfanget av flyttingen din, emballasjebehov og transportm\u00e5te. De tilbyr en komplett pakketjeneste som bruker moderne materialer av h\u00f8y kvalitet, og de vil konstruere trekasser for skj\u00f8re gjenstander. De kan utf\u00f8re tollprosedyrer ved behov. De tilbyr ogs\u00e5 spesialtjenester for transport av kj\u00e6ledyr og kunst.<\/p>\n<p>Nettsted: <a href=\"http:\/\/www.atticamovers.gr\" target=\"_blank\" rel=\"noopener\">http:\/\/www.atticamovers.gr<\/a><\/p>\n<h2><span class=\"ez-toc-section\" id=\"2_Cargo_Log_Ltd\"><\/span><strong>2. Cargo Log Ltd<\/strong><span class=\"ez-toc-section-end\"><\/span><\/h2>\n<p><img loading=\"lazy\" decoding=\"async\" class=\"alignnone size-full wp-image-7424\" src=\"https:\/\/moverdb.com\/wp-content\/uploads\/Cargo-Log-international-moving-company.png\" alt=\"Cargo Log internasjonalt flyttebyr\u00e5\" width=\"1440\" height=\"682\" data-wp-pid=\"7424\" srcset=\"https:\/\/moverdb.com\/wp-content\/uploads\/Cargo-Log-international-moving-company.png 1440w, https:\/\/moverdb.com\/wp-content\/uploads\/Cargo-Log-international-moving-company-300x142.png 300w, https:\/\/moverdb.com\/wp-content\/uploads\/Cargo-Log-international-moving-company-1024x485.png 1024w, https:\/\/moverdb.com\/wp-content\/uploads\/Cargo-Log-international-moving-company-18x9.png 18w, https:\/\/moverdb.com\/wp-content\/uploads\/Cargo-Log-international-moving-company-600x284.png 600w\" sizes=\"auto, (max-width: 1440px) 100vw, 1440px\" \/><\/p>\n<ul>\n<li>Nasjonale tiltak<\/li>\n<li>Internasjonale flyttinger<\/li>\n<li>Flytting av husholdninger<\/li>\n<li>Virksomheten flytter<\/li>\n<li>Milit\u00e6re trekk<\/li>\n<li>Pakketjeneste<\/li>\n<li>Tollklarering<\/li>\n<li>Transport av kj\u00f8ret\u00f8y<\/li>\n<li>Transport av kj\u00e6ledyr<\/li>\n<li>Kort til langvarig lagring<\/li>\n<\/ul>\n<p>Cargo Log er en familieeid leverand\u00f8r av flyttetjenester som tilbyr tjenester til og fra Kreta. De har hjulpet folk med \u00e5 flytte i over 60 \u00e5r. De tar seg av husholdninger, bedrifter og milit\u00e6re flyttinger. De er medlem av IAM med 34 \u00e5rs fartstid.<\/p>\n<p>Cargo Log har et erfarent team som vil arrangere flyttingen din til best mulig pris og pakke eiendelene dine trygt og h\u00e5ndtere dem med forsiktighet. De kan ogs\u00e5 hjelpe deg med fortolling. De tilbyr en rekke spesialiserte flyttetjenester, blant annet frakt av biler og motorsykler, transport av kj\u00e6ledyr og flytting av utstillingsutstyr.<\/p>\n<p>Nettsted: <a href=\"http:\/\/www.cargolog.gr\" target=\"_blank\" rel=\"noopener\">http:\/\/www.cargolog.gr<\/a><\/p>\n<h2><span class=\"ez-toc-section\" id=\"3_Celebrity_International_Movers\"><\/span><strong>3. Internasjonale kjendiser<\/strong><span class=\"ez-toc-section-end\"><\/span><\/h2>\n<p><img loading=\"lazy\" decoding=\"async\" class=\"alignnone size-full wp-image-7426\" src=\"https:\/\/moverdb.com\/wp-content\/uploads\/Celebrity-International-Movers-moving-company.png\" alt=\"Celebrity International Movers flyttebyr\u00e5\" width=\"1440\" height=\"645\" data-wp-pid=\"7426\" srcset=\"https:\/\/moverdb.com\/wp-content\/uploads\/Celebrity-International-Movers-moving-company.png 1440w, https:\/\/moverdb.com\/wp-content\/uploads\/Celebrity-International-Movers-moving-company-300x134.png 300w, https:\/\/moverdb.com\/wp-content\/uploads\/Celebrity-International-Movers-moving-company-1024x459.png 1024w, https:\/\/moverdb.com\/wp-content\/uploads\/Celebrity-International-Movers-moving-company-18x8.png 18w, https:\/\/moverdb.com\/wp-content\/uploads\/Celebrity-International-Movers-moving-company-600x269.png 600w\" sizes=\"auto, (max-width: 1440px) 100vw, 1440px\" \/><\/p>\n<ul>\n<li>Nasjonale tiltak<\/li>\n<li>Internasjonale flyttinger<\/li>\n<li>Flytting av husholdninger<\/li>\n<li>Flytting av kontorer<\/li>\n<li>Skreddersydde flyttetjenester<\/li>\n<li>Skreddersydde tiltak<\/li>\n<li>Pakketjenester<\/li>\n<li>Transport av kj\u00f8ret\u00f8y og kj\u00e6ledyr<\/li>\n<li>Kunstbevegelser<\/li>\n<li>Lagringsanlegg<\/li>\n<\/ul>\n<p>Celebrity International Movers er et nasjonalt og internasjonalt flyttebyr\u00e5 som ble grunnlagt i 1986. De samarbeider med partneragenter for \u00e5 levere internasjonale flyttinger. De er medlem av IAM med 37 \u00e5rs erfaring og er akkreditert av FIDI.<\/p>\n<p>Celebrity International Movers tilbyr en personlig d\u00f8r-til-d\u00f8r-flyttetjeneste for \u00e5 hjelpe folk med \u00e5 flytte alle slags varer, inkludert biler, b\u00e5ter, kunst og kj\u00e6ledyr. De tildeler hver kunde en flyttekonsulent. De tilbyr en pakketjeneste for \u00e5 beskytte eiendelene dine n\u00e5r du reiser med land-, luft- eller sj\u00f8transport, og h\u00e5ndterer tollformaliteter. Flyttetjenesten deres omfatter hjelp til \u00e5 finne bolig og skoler, immigrasjon, orientering, avreisetjenester og hjelp til \u00e5 finne seg til rette.<\/p>\n<p>Nettsted: <a href=\"http:\/\/www.celebrity.gr\" target=\"_blank\" rel=\"noopener\">http:\/\/www.celebrity.gr<\/a><\/p>\n<h2><span class=\"ez-toc-section\" id=\"4_Matrix_Relocations\"><\/span><strong>4. Matriseflyttinger<\/strong><span class=\"ez-toc-section-end\"><\/span><\/h2>\n<p><img loading=\"lazy\" decoding=\"async\" class=\"alignnone size-full wp-image-7466\" src=\"https:\/\/moverdb.com\/wp-content\/uploads\/Matrix-Relocations-international-moving-company.png\" alt=\"Matrix Relocations internasjonalt flyttebyr\u00e5\" width=\"1440\" height=\"683\" data-wp-pid=\"7466\" srcset=\"https:\/\/moverdb.com\/wp-content\/uploads\/Matrix-Relocations-international-moving-company.png 1440w, https:\/\/moverdb.com\/wp-content\/uploads\/Matrix-Relocations-international-moving-company-300x142.png 300w, https:\/\/moverdb.com\/wp-content\/uploads\/Matrix-Relocations-international-moving-company-1024x486.png 1024w, https:\/\/moverdb.com\/wp-content\/uploads\/Matrix-Relocations-international-moving-company-18x9.png 18w, https:\/\/moverdb.com\/wp-content\/uploads\/Matrix-Relocations-international-moving-company-600x285.png 600w\" sizes=\"auto, (max-width: 1440px) 100vw, 1440px\" \/><\/p>\n<ul>\n<li>Nasjonale tiltak<\/li>\n<li>Internasjonale flyttinger<\/li>\n<li>Flytting av husholdninger<\/li>\n<li>Bedriftsbevegelser<\/li>\n<li>Flyttetjenester<\/li>\n<li>Personlig flytter\u00e5dgiver<\/li>\n<li>Pakketjeneste<\/li>\n<li>Ordne transport<\/li>\n<li>Tollklarering<\/li>\n<li>Lagringsanlegg<\/li>\n<\/ul>\n<p>Matrix Relocations er et flytte- og relokaliseringsselskap som ble etablert i 1990 i Athen. De har et nettverk av flytteselskaper som hjelper dem med \u00e5 levere sine tjenester. De er medlem av IAM med 18 \u00e5rs fartstid.<\/p>\n<p>Matrix Relocations tilbyr en personlig flytter\u00e5dgiver som vil administrere flyttingen din gjennom hele reisen. De bruker pakkematerialer og teknikker av h\u00f8yeste kvalitet og lager en oversikt over eiendelene dine. De vil ordne transporten av eiendelene dine med fortolling, og de tilbyr sporing av forsendelsen p\u00e5 nettet. Flyttetjenestene deres omfatter ankomst- og avreisetjenester, bolig- og skoles\u00f8k og administrasjon av leieforhold.<\/p>\n<p>Nettsted: <a href=\"https:\/\/matrixrelo.com\" target=\"_blank\" rel=\"noopener\">https:\/\/matrixrelo.com<\/a><\/p>\n<h2><span class=\"ez-toc-section\" id=\"5_Orphee_Beinoglou\"><\/span><strong>5. Orphee Beinoglou<\/strong><span class=\"ez-toc-section-end\"><\/span><\/h2>\n<p><img loading=\"lazy\" decoding=\"async\" class=\"alignnone size-full wp-image-7475\" src=\"https:\/\/moverdb.com\/wp-content\/uploads\/Orphee-Beinoglou-international-moving-company.png\" alt=\"Orphee Beinoglou internasjonalt flyttebyr\u00e5\" width=\"1440\" height=\"686\" data-wp-pid=\"7475\" srcset=\"https:\/\/moverdb.com\/wp-content\/uploads\/Orphee-Beinoglou-international-moving-company.png 1440w, https:\/\/moverdb.com\/wp-content\/uploads\/Orphee-Beinoglou-international-moving-company-300x143.png 300w, https:\/\/moverdb.com\/wp-content\/uploads\/Orphee-Beinoglou-international-moving-company-1024x488.png 1024w, https:\/\/moverdb.com\/wp-content\/uploads\/Orphee-Beinoglou-international-moving-company-18x9.png 18w, https:\/\/moverdb.com\/wp-content\/uploads\/Orphee-Beinoglou-international-moving-company-600x286.png 600w\" sizes=\"auto, (max-width: 1440px) 100vw, 1440px\" \/><\/p>\n<ul>\n<li>Nasjonale tiltak<\/li>\n<li>Internasjonale flyttinger<\/li>\n<li>Flytting av boliger<\/li>\n<li>Flytting av kontorer<\/li>\n<li>Flyttetjenester<\/li>\n<li>D\u00f8r-til-d\u00f8r-tjeneste<\/li>\n<li>Pakketjeneste<\/li>\n<li>Vei-, sj\u00f8- og lufttransport<\/li>\n<li>Tollklarering<\/li>\n<li>Anlegg for kort- og langtidslagring<\/li>\n<\/ul>\n<p>Orphee Beinoglou er en godstransport- og logistikkleverand\u00f8r som ble grunnlagt i 1923 i Athen. De har et globalt nettverk som de samarbeider med for \u00e5 levere flyttinger over hele verden. De er medlem av IAM med 100 \u00e5rs erfaring, og de er akkreditert av FIDI.<\/p>\n<p>Orphee Beinoglou tilbyr en flyttekonsulent som veileder deg gjennom prosessen. De tilbyr en d\u00f8r-til-d\u00f8r-tjeneste som omfatter sikker pakking av eiendelene dine med spesialisert pakkemateriell og transport av dem p\u00e5 vei, sj\u00f8 eller luft med tollklarering. De tilbyr ogs\u00e5 transport av kunstverk, spesielle transportprosjekter, forsikring og lagringsfasiliteter.<\/p>\n<p>Nettsted: <a href=\"http:\/\/www.beinoglou.gr\" target=\"_blank\" rel=\"noopener\">http:\/\/www.beinoglou.gr<\/a><\/p>\n<h2><span class=\"ez-toc-section\" id=\"6_Safeway_Transport\"><\/span><strong>6. Sikker transport<\/strong><span class=\"ez-toc-section-end\"><\/span><\/h2>\n<p><img loading=\"lazy\" decoding=\"async\" class=\"alignnone size-full wp-image-7482\" src=\"https:\/\/moverdb.com\/wp-content\/uploads\/Safeway-Transport-international-moving-company.png\" alt=\"Safeway Transport internasjonalt flyttebyr\u00e5\" width=\"1440\" height=\"692\" data-wp-pid=\"7482\" srcset=\"https:\/\/moverdb.com\/wp-content\/uploads\/Safeway-Transport-international-moving-company.png 1440w, https:\/\/moverdb.com\/wp-content\/uploads\/Safeway-Transport-international-moving-company-300x144.png 300w, https:\/\/moverdb.com\/wp-content\/uploads\/Safeway-Transport-international-moving-company-1024x492.png 1024w, https:\/\/moverdb.com\/wp-content\/uploads\/Safeway-Transport-international-moving-company-18x9.png 18w, https:\/\/moverdb.com\/wp-content\/uploads\/Safeway-Transport-international-moving-company-600x288.png 600w\" sizes=\"auto, (max-width: 1440px) 100vw, 1440px\" \/><\/p>\n<ul>\n<li>Nasjonale tiltak<\/li>\n<li>Internasjonale flyttinger<\/li>\n<li>Flytting av husholdninger<\/li>\n<li>Bedriftsbevegelser<\/li>\n<li>Skreddersydd tjeneste<\/li>\n<li>Pakketjeneste<\/li>\n<li>Tollklarering<\/li>\n<li>Transport av kj\u00e6ledyr<\/li>\n<li>Transport av kj\u00f8ret\u00f8y<\/li>\n<li>Kortvarig til langvarig lagring<\/li>\n<\/ul>\n<p>Safeway Transport er en internasjonal og nasjonal <a href=\"https:\/\/moverdb.com\/nb\/shipping-companies\/\" data-internallinksmanager029f6b8e52c=\"4\" title=\"Topp 10 internasjonale containerrederier\">rederi<\/a> som er basert i Athen. De tilbyr flyttetjenester til private og kommersielle kunder. De samarbeider med et globalt nettverk av agenter for \u00e5 tilby en d\u00f8r-til-d\u00f8r-tjeneste. De er medlem av IAM med 14 \u00e5rs fartstid.<\/p>\n<p>Safeway Transport tilbyr en skreddersydd flyttetjeneste med en personlig kontaktperson som tar h\u00e5nd om flyttingen din og gjennomf\u00f8rer en forh\u00e5ndsunders\u00f8kelse. De tilbyr spesialtjenester for kunst, antikviteter, kj\u00e6ledyr og kj\u00f8ret\u00f8y i tillegg til vanlige gjenstander. De tilbyr en pakketjeneste som inkluderer kasser for \u00e5 beskytte eiendelene dine under transport.<\/p>\n<p>Nettsted: <a href=\"http:\/\/www.safewaytransport.gr\" target=\"_blank\" rel=\"noopener\">http:\/\/www.safewaytransport.gr<\/a><\/p>\n<h2><span class=\"ez-toc-section\" id=\"7_Aritrans\"><\/span><strong>7. Aritrans<\/strong><span class=\"ez-toc-section-end\"><\/span><\/h2>\n<p><img loading=\"lazy\" decoding=\"async\" class=\"alignnone size-full wp-image-7413\" src=\"https:\/\/moverdb.com\/wp-content\/uploads\/Aritrans-international-moving-company.png\" alt=\"Aritrans internasjonale flyttebyr\u00e5\" width=\"1440\" height=\"673\" data-wp-pid=\"7413\" srcset=\"https:\/\/moverdb.com\/wp-content\/uploads\/Aritrans-international-moving-company.png 1440w, https:\/\/moverdb.com\/wp-content\/uploads\/Aritrans-international-moving-company-300x140.png 300w, https:\/\/moverdb.com\/wp-content\/uploads\/Aritrans-international-moving-company-1024x479.png 1024w, https:\/\/moverdb.com\/wp-content\/uploads\/Aritrans-international-moving-company-18x8.png 18w, https:\/\/moverdb.com\/wp-content\/uploads\/Aritrans-international-moving-company-600x280.png 600w\" sizes=\"auto, (max-width: 1440px) 100vw, 1440px\" \/><\/p>\n<ul>\n<li>Nasjonale tiltak<\/li>\n<li>Internasjonale flyttinger<\/li>\n<li>Flytting av husholdninger<\/li>\n<li>Flytting av kontorer<\/li>\n<li>D\u00f8r-til-d\u00f8r-tjeneste<\/li>\n<li>Pakketjeneste<\/li>\n<li>Demontering og montering av m\u00f8bler<\/li>\n<li>Vei-, sj\u00f8- og luftfrakt<\/li>\n<li>Tollklarering<\/li>\n<li>Sikker lagring<\/li>\n<\/ul>\n<p>Aritrans er en internasjonal <a href=\"https:\/\/moverdb.com\/nb\/freight-forwarder\/\" data-internallinksmanager029f6b8e52c=\"17\" title=\"Spedit\u00f8r &amp; NVOCC Internasjonal kostnads- og selskapsguide\">spedit\u00f8r<\/a> og logistikkleverand\u00f8r som ble grunnlagt i 1992. Hovedkvarteret ligger i Pireus, og de har to filialer i Athen og Thessaloniki. De har et p\u00e5litelig agentnettverk i utlandet som leverer tjenester for dem. De er medlem av IAM med 32 \u00e5rs fartstid.<\/p>\n<p>Aritrans tilbyr en flyttekonsulent og vil gjennomf\u00f8re en kartlegging av eiendelene dine for \u00e5 vurdere dine behov for pakking og flytting. De tilbyr en pakketjeneste som omfatter demontering og montering av m\u00f8bler, pakking og utpakking av eiendelene dine. De s\u00f8rger for fortolling ved behov.<\/p>\n<p>Nettsted: <a href=\"http:\/\/www.aritrans.gr\" target=\"_blank\" rel=\"noopener\">http:\/\/www.aritrans.gr<\/a><\/p>\n<h2><span class=\"ez-toc-section\" id=\"8_Intermove\"><\/span><strong>8. Intermove<\/strong><span class=\"ez-toc-section-end\"><\/span><\/h2>\n<p><img loading=\"lazy\" decoding=\"async\" class=\"alignnone size-full wp-image-7455\" src=\"https:\/\/moverdb.com\/wp-content\/uploads\/Intermove-Greece-international-moving-company.png\" alt=\"Intermove Hellas internasjonalt flyttebyr\u00e5\" width=\"1440\" height=\"678\" data-wp-pid=\"7455\" srcset=\"https:\/\/moverdb.com\/wp-content\/uploads\/Intermove-Greece-international-moving-company.png 1440w, https:\/\/moverdb.com\/wp-content\/uploads\/Intermove-Greece-international-moving-company-300x141.png 300w, https:\/\/moverdb.com\/wp-content\/uploads\/Intermove-Greece-international-moving-company-1024x482.png 1024w, https:\/\/moverdb.com\/wp-content\/uploads\/Intermove-Greece-international-moving-company-18x8.png 18w, https:\/\/moverdb.com\/wp-content\/uploads\/Intermove-Greece-international-moving-company-600x283.png 600w\" sizes=\"auto, (max-width: 1440px) 100vw, 1440px\" \/><\/p>\n<ul>\n<li>Nasjonal flytting<\/li>\n<li>Internasjonal flytting<\/li>\n<li>Flytting av husholdninger<\/li>\n<li>Bedriftsbevegelser<\/li>\n<li>Komplett tjenestepakke<\/li>\n<li>Tilrettelegging av transport<\/li>\n<li>Land-, sj\u00f8- eller luftfrakt<\/li>\n<li>Transport av kunstverk<\/li>\n<li>Forsikring<\/li>\n<li>Lagring<\/li>\n<\/ul>\n<p>Intermove er et internasjonalt transportselskap med base i Athen som har et transportnettverk og lagerfasiliteter i Hellas. De har et internasjonalt nettverk av partnere som hjelper dem med \u00e5 levere tjenester i utlandet. De har v\u00e6rt medlem av IAM i 26 \u00e5r.<\/p>\n<p>Intermove tilbyr flyttetjenester for husholdninger, flytting av kontorer og relokaliseringstjenester samt utstillingstjenester. De tilbyr en komplett pakke for lokale og internasjonale flyttinger med mulighet for selvpakking. De tilbyr transportalternativer, inkludert landtransport med egen fl\u00e5te, sj\u00f8- eller luftfrakt. De har lagerfasiliteter som tilbyr lagringsl\u00f8sninger ved behov.<\/p>\n<p>Nettsted: <a href=\"http:\/\/www.intermove.gr\" target=\"_blank\" rel=\"noopener\">http:\/\/www.intermove.gr<\/a><\/p>\n<h2><span class=\"ez-toc-section\" id=\"Other_Useful_Guides_to_Greece\"><\/span>Andre nyttige guider til Hellas<span class=\"ez-toc-section-end\"><\/span><\/h2>\n<ul>\n<li> <a href=\"https:\/\/moverdb.com\/nb\/moving-to-greece\/\">Flytte til Hellas: Levekostnader og tips om flytting<\/a><\/li>\n<li> <a href=\"https:\/\/moverdb.com\/nb\/moving-to-greece\/living-in-greece\/\">21 hemmeligheter om \u00e5 bo i Hellas du b\u00f8r vite f\u00f8r du flytter<\/a><\/li>\n<li> <a href=\"https:\/\/moverdb.com\/nb\/moving-to-greece\/best-places-to-live-greece\/\">De 13 beste stedene \u00e5 bo i Hellas<\/a><\/li>\n<li> <a href=\"https:\/\/moverdb.com\/nb\/containertransport\/hellas\/\">Fraktpriser for containerfrakt til og fra Hellas<\/a><\/li>\n<\/ul>","protected":false},"excerpt":{"rendered":"<p>Moving home or business can be difficult with lots of logistics to handle especially if you are moving countries, so if you are moving to, from or within Greece, you may want to engage a moving company. Below we have compiled a list of Greek removal companies that are members of the International Association of [&hellip;]<\/p>\n","protected":false},"author":4,"featured_media":0,"parent":190,"menu_order":0,"comment_status":"closed","ping_status":"closed","template":"","meta":{"_genesis_hide_title":false,"_genesis_hide_breadcrumbs":false,"_genesis_hide_singular_image":false,"_genesis_hide_footer_widgets":false,"_genesis_custom_body_class":"","_genesis_custom_post_class":"","_genesis_layout":"","footnotes":""},"class_list":{"0":"post-7510","1":"page","2":"type-page","3":"status-publish","5":"entry","6":"has-post-thumbnail"},"_links":{"self":[{"href":"https:\/\/moverdb.com\/nb\/wp-json\/wp\/v2\/pages\/7510","targetHints":{"allow":["GET"]}}],"collection":[{"href":"https:\/\/moverdb.com\/nb\/wp-json\/wp\/v2\/pages"}],"about":[{"href":"https:\/\/moverdb.com\/nb\/wp-json\/wp\/v2\/types\/page"}],"author":[{"embeddable":true,"href":"https:\/\/moverdb.com\/nb\/wp-json\/wp\/v2\/users\/4"}],"replies":[{"embeddable":true,"href":"https:\/\/moverdb.com\/nb\/wp-json\/wp\/v2\/comments?post=7510"}],"version-history":[{"count":3,"href":"https:\/\/moverdb.com\/nb\/wp-json\/wp\/v2\/pages\/7510\/revisions"}],"predecessor-version":[{"id":16250,"href":"https:\/\/moverdb.com\/nb\/wp-json\/wp\/v2\/pages\/7510\/revisions\/16250"}],"up":[{"embeddable":true,"href":"https:\/\/moverdb.com\/nb\/wp-json\/wp\/v2\/pages\/190"}],"wp:attachment":[{"href":"https:\/\/moverdb.com\/nb\/wp-json\/wp\/v2\/media?parent=7510"}],"curies":[{"name":"wp","href":"https:\/\/api.w.org\/{rel}","templated":true}]}}