{"id":6046,"date":"2023-02-01T13:44:41","date_gmt":"2023-02-01T13:44:41","guid":{"rendered":"https:\/\/moverdb.com\/?page_id=6046"},"modified":"2026-01-08T15:25:06","modified_gmt":"2026-01-08T15:25:06","slug":"moving-companies-ethiopia","status":"publish","type":"page","link":"https:\/\/moverdb.com\/nb\/moving-companies\/moving-companies-ethiopia\/","title":{"rendered":"5 beste internasjonale flyttefirmaer i Etiopia"},"content":{"rendered":"<p>\u00c5 flytte er en travel og stressende tid, s\u00e6rlig hvis du flytter mellom land, s\u00e5 det kan v\u00e6re nyttig \u00e5 f\u00e5 hjelp fra et flyttebyr\u00e5. <a href=\"https:\/\/moverdb.com\/nb\/moving-companies\/\" data-internallinksmanager029f6b8e52c=\"79\" title=\"Topp 25 internasjonale flyttebyr\u00e5er p\u00e5 nettet\">Flyttefirmaer<\/a> kan hjelpe deg med \u00e5 navigere i papirarbeidet og ordne transport. Nedenfor har vi utarbeidet en liste over etiopiske <a href=\"https:\/\/moverdb.com\/nb\/international-removals\/\" data-internallinksmanager029f6b8e52c=\"27\" title=\"De 36 beste internasjonale flyttebyr\u00e5ene i Storbritannia\">flyttebyr\u00e5er<\/a> som er medlemmer av <a href=\"https:\/\/moverdb.com\/nb\/iam\/\" data-internallinksmanager029f6b8e52c=\"23\" title=\"International Association of Movers (IAM) Forklaret\">International Association of Movers<\/a> (IAM) og\/eller <a href=\"https:\/\/moverdb.com\/nb\/fidi-faim\/\" data-internallinksmanager029f6b8e52c=\"16\" title=\"FIDI &amp; FAIM (FIDI-akkreditert internasjonal spedit\u00f8r) forklart\">FIDI<\/a> Accredited International Mover (FAIM) som kan hjelpe deg med flyttingen.<\/p>\n<div id=\"ez-toc-container\" class=\"ez-toc-v2_0_82_2 ez-toc-wrap-left counter-hierarchy ez-toc-counter ez-toc-transparent ez-toc-container-direction\">\n<div class=\"ez-toc-title-container\">\n<p class=\"ez-toc-title\" style=\"cursor:inherit\">Seksjoner<\/p>\n<span class=\"ez-toc-title-toggle\"><a href=\"#\" class=\"ez-toc-pull-right ez-toc-btn ez-toc-btn-xs ez-toc-btn-default ez-toc-toggle\" aria-label=\"Bytt innholdsfortegnelse\"><span class=\"ez-toc-js-icon-con\"><span class=\"\"><span class=\"eztoc-hide\" style=\"display:none;\">Toggle<\/span><span class=\"ez-toc-icon-toggle-span\"><svg style=\"fill: #999;color:#999\" xmlns=\"http:\/\/www.w3.org\/2000\/svg\" class=\"list-377408\" width=\"20px\" height=\"20px\" viewbox=\"0 0 24 24\" fill=\"none\"><path d=\"M6 6H4v2h2V6zm14 0H8v2h12V6zM4 11h2v2H4v-2zm16 0H8v2h12v-2zM4 16h2v2H4v-2zm16 0H8v2h12v-2z\" fill=\"currentColor\"><\/path><\/svg><svg style=\"fill: #999;color:#999\" class=\"arrow-unsorted-368013\" xmlns=\"http:\/\/www.w3.org\/2000\/svg\" width=\"10px\" height=\"10px\" viewbox=\"0 0 24 24\" version=\"1.2\" baseprofile=\"tiny\"><path d=\"M18.2 9.3l-6.2-6.3-6.2 6.3c-.2.2-.3.4-.3.7s.1.5.3.7c.2.2.4.3.7.3h11c.3 0 .5-.1.7-.3.2-.2.3-.5.3-.7s-.1-.5-.3-.7zM5.8 14.7l6.2 6.3 6.2-6.3c.2-.2.3-.5.3-.7s-.1-.5-.3-.7c-.2-.2-.4-.3-.7-.3h-11c-.3 0-.5.1-.7.3-.2.2-.3.5-.3.7s.1.5.3.7z\"\/><\/svg><\/span><\/span><\/span><\/a><\/span><\/div>\n<nav><ul class='ez-toc-list ez-toc-list-level-1 eztoc-toggle-hide-by-default' ><li class='ez-toc-page-1 ez-toc-heading-level-2'><a class=\"ez-toc-link ez-toc-heading-1\" href=\"https:\/\/moverdb.com\/nb\/moving-companies\/moving-companies-ethiopia\/#1_Melehk_Logistics\" >1. Melehk logistikk<\/a><\/li><li class='ez-toc-page-1 ez-toc-heading-level-2'><a class=\"ez-toc-link ez-toc-heading-2\" href=\"https:\/\/moverdb.com\/nb\/moving-companies\/moving-companies-ethiopia\/#2_Move_One\" >2. F\u00f8rste trekk<\/a><\/li><li class='ez-toc-page-1 ez-toc-heading-level-2'><a class=\"ez-toc-link ez-toc-heading-3\" href=\"https:\/\/moverdb.com\/nb\/moving-companies\/moving-companies-ethiopia\/#3_Panafric_Global\" >3. Panafric Global<\/a><\/li><li class='ez-toc-page-1 ez-toc-heading-level-2'><a class=\"ez-toc-link ez-toc-heading-4\" href=\"https:\/\/moverdb.com\/nb\/moving-companies\/moving-companies-ethiopia\/#4_Segon_Marill_Movers\" >4. Segon Marill Movers<\/a><\/li><li class='ez-toc-page-1 ez-toc-heading-level-2'><a class=\"ez-toc-link ez-toc-heading-5\" href=\"https:\/\/moverdb.com\/nb\/moving-companies\/moving-companies-ethiopia\/#5_Solomon_Zewdu_Shipping_and_Freight_Forwarding\" >5. Solomon Zewdu shipping og spedisjon<\/a><\/li><\/ul><\/nav><\/div>\n<h2><span class=\"ez-toc-section\" id=\"1_Melehk_Logistics\"><\/span><strong>1. Melehk logistikk<\/strong><span class=\"ez-toc-section-end\"><\/span><\/h2>\n<p><img loading=\"lazy\" decoding=\"async\" class=\"alignnone size-full wp-image-5971\" src=\"https:\/\/moverdb.com\/wp-content\/uploads\/Melehk-Logistics-international-moving-company.png\" alt=\"Melehk Logistics internasjonalt flyttebyr\u00e5\" width=\"1440\" height=\"674\" data-wp-pid=\"5971\" srcset=\"https:\/\/moverdb.com\/wp-content\/uploads\/Melehk-Logistics-international-moving-company.png 1440w, https:\/\/moverdb.com\/wp-content\/uploads\/Melehk-Logistics-international-moving-company-300x140.png 300w, https:\/\/moverdb.com\/wp-content\/uploads\/Melehk-Logistics-international-moving-company-1024x479.png 1024w, https:\/\/moverdb.com\/wp-content\/uploads\/Melehk-Logistics-international-moving-company-18x8.png 18w, https:\/\/moverdb.com\/wp-content\/uploads\/Melehk-Logistics-international-moving-company-600x281.png 600w\" sizes=\"auto, (max-width: 1440px) 100vw, 1440px\" \/><\/p>\n<ul>\n<li>Lokale og nasjonale tiltak<\/li>\n<li>Internasjonale flyttinger<\/li>\n<li>Flytting av husholdninger<\/li>\n<li>Personlig og skreddersydd tjeneste<\/li>\n<li>Dedikert flyttekoordinator<\/li>\n<li>Ordne og administrere alle aspekter ved flyttingen din<\/li>\n<li>Vei-, sj\u00f8- og luftfrakt<\/li>\n<li>Tollmegling<\/li>\n<li>Internasjonale partnerskap<\/li>\n<li>Lagringsanlegg<\/li>\n<\/ul>\n<p>Melehk Logistics er et spedisjons- og logistikkselskap grunnlagt i 2011 som Ginchi Trading, som tilbyr flyttetjenester i, til og fra Etiopia. De samarbeider med et internasjonalt nettverk for \u00e5 tilby flyttetjenester over hele verden. De er medlem av IAM med 9 \u00e5rs fartstid.<\/p>\n<p>Melehk Logistics tilbyr flytting av husholdninger internasjonalt over hele verden og tilbyr en dedikert flyttekoordinator. De tilbyr personlige og skreddersydde tjenester som ordner alle aspekter ved flyttingen din, og administrerer flyttingen din effektivt. De tilbyr fraktalternativer som inkluderer vei-, luft- og sj\u00f8transport med tollmeglerst\u00f8tte.<\/p>\n<p>Nettsted: <a href=\"http:\/\/www.melehk.com\" target=\"_blank\" rel=\"noopener\">http:\/\/www.melehk.com<\/a><\/p>\n<h2><span class=\"ez-toc-section\" id=\"2_Move_One\"><\/span><strong>2. F\u00f8rste trekk<\/strong><span class=\"ez-toc-section-end\"><\/span><\/h2>\n<p><img loading=\"lazy\" decoding=\"async\" class=\"alignnone size-full wp-image-5974\" src=\"https:\/\/moverdb.com\/wp-content\/uploads\/Move-One-Ethiopia-international-moving-company.png\" alt=\"Move One Etiopia internasjonalt flyttefirma\" width=\"1440\" height=\"667\" data-wp-pid=\"5974\" srcset=\"https:\/\/moverdb.com\/wp-content\/uploads\/Move-One-Ethiopia-international-moving-company.png 1440w, https:\/\/moverdb.com\/wp-content\/uploads\/Move-One-Ethiopia-international-moving-company-300x139.png 300w, https:\/\/moverdb.com\/wp-content\/uploads\/Move-One-Ethiopia-international-moving-company-1024x474.png 1024w, https:\/\/moverdb.com\/wp-content\/uploads\/Move-One-Ethiopia-international-moving-company-18x8.png 18w, https:\/\/moverdb.com\/wp-content\/uploads\/Move-One-Ethiopia-international-moving-company-600x278.png 600w\" sizes=\"auto, (max-width: 1440px) 100vw, 1440px\" \/><\/p>\n<ul>\n<li>Nasjonale tiltak<\/li>\n<li>Internasjonale flyttinger<\/li>\n<li>Flytting av husholdninger<\/li>\n<li>Kommersielle tiltak<\/li>\n<li>Pakketjeneste<\/li>\n<li>Land-, sj\u00f8- og luftfrakt<\/li>\n<li>Tollmegling<\/li>\n<li>Visum- og innvandringstjenester<\/li>\n<li>Frakt av kj\u00e6ledyr<\/li>\n<li>Sikker lagring<\/li>\n<\/ul>\n<p>Move One er et internasjonalt flyttebyr\u00e5 grunnlagt i 1992 med kontorer i Europa, Afrika og Asia, inkludert et kontor i Addis Abeba i Etiopia. De samarbeider med internasjonale partnere for \u00e5 levere flyttinger utenfor sine operasjonsomr\u00e5der. De er medlem av IAM med 8 \u00e5rs erfaring i Etiopia.<\/p>\n<p>Move One henvender seg til en rekke sektorer, blant annet den kommersielle detaljhandelen, diplomatiet, lokale myndigheter og utenlandske entrepren\u00f8rer. De tilbyr eksportpakking for \u00e5 beskytte eiendelene dine og ordner frakt p\u00e5 land, luft og sj\u00f8 med tollmegling. De tilbyr ogs\u00e5 tilleggstjenester, blant annet hjelp med visum og immigrasjon og transport av kj\u00e6ledyr.<\/p>\n<p>Nettsted: <a href=\"http:\/\/www.moveoneinc.com\/ethiopia\" target=\"_blank\" rel=\"noopener\">http:\/\/www.moveoneinc.com\/ethiopia<\/a><\/p>\n<h2><span class=\"ez-toc-section\" id=\"3_Panafric_Global\"><\/span><strong>3. Panafric Global<\/strong><span class=\"ez-toc-section-end\"><\/span><\/h2>\n<p><img loading=\"lazy\" decoding=\"async\" class=\"alignnone size-full wp-image-5990\" src=\"https:\/\/moverdb.com\/wp-content\/uploads\/Panafric-Global-international-moving-company.png\" alt=\"Panafric Global internasjonalt flyttebyr\u00e5\" width=\"1440\" height=\"674\" data-wp-pid=\"5990\" srcset=\"https:\/\/moverdb.com\/wp-content\/uploads\/Panafric-Global-international-moving-company.png 1440w, https:\/\/moverdb.com\/wp-content\/uploads\/Panafric-Global-international-moving-company-300x140.png 300w, https:\/\/moverdb.com\/wp-content\/uploads\/Panafric-Global-international-moving-company-1024x479.png 1024w, https:\/\/moverdb.com\/wp-content\/uploads\/Panafric-Global-international-moving-company-18x8.png 18w, https:\/\/moverdb.com\/wp-content\/uploads\/Panafric-Global-international-moving-company-600x281.png 600w\" sizes=\"auto, (max-width: 1440px) 100vw, 1440px\" \/><\/p>\n<ul>\n<li>Internasjonale flyttinger<\/li>\n<li>Flytting av husholdninger<\/li>\n<li>Kommersielle prosjekter<\/li>\n<li>Flyttetjeneste<\/li>\n<li>Ende-til-ende-l\u00f8sning<\/li>\n<li>Land-, sj\u00f8- og luftfrakt<\/li>\n<li>Toll- og dokumentasjonsst\u00f8tte<\/li>\n<li>Hjelp til \u00e5 finne seg til rette<\/li>\n<li>Fraktforsikring<\/li>\n<li>Lagringsl\u00f8sninger<\/li>\n<\/ul>\n<p>Panafric Global er et multimodalt transport- og logistikkselskap som ble grunnlagt i 1993 i Addis og har fem filialer p\u00e5 flyplassen, Kality, Adama, Hawassa og <a href=\"https:\/\/moverdb.com\/nb\/moving-companies\/moving-companies-djibouti\/\" data-internallinksmanager029f6b8e52c=\"220\" title=\"Beste internasjonale flyttefirmaer i Djibouti\">Djibouti<\/a>. De tilbyr flytte- og relokaliseringstjenester i, til og fra Etiopia. De er medlem av IAM med 29 \u00e5rs erfaring.<\/p>\n<p>Panafric Global tilbyr en d\u00f8r-til-d\u00f8r-tjeneste til og fra hvor som helst i verden. De tilbyr land-, luft- og sj\u00f8transport med st\u00f8ttetjenester for \u00e5 hjelpe til med toll og dokumentasjon. De tilbyr relokaliseringstjenester som hjelper med \u00e5 finne seg til rette, inkludert \u00e5 finne skoler, skaffe kj\u00f8ret\u00f8y og sette opp verkt\u00f8y og forsikring.<\/p>\n<p>Nettsted: <a href=\"http:\/\/www.panafricglobal.com\" target=\"_blank\" rel=\"noopener\">http:\/\/www.panafricglobal.com<\/a><\/p>\n<h2><span class=\"ez-toc-section\" id=\"4_Segon_Marill_Movers\"><\/span><strong>4. Segon Marill Movers<\/strong><span class=\"ez-toc-section-end\"><\/span><\/h2>\n<p><img loading=\"lazy\" decoding=\"async\" class=\"alignnone size-full wp-image-6002\" src=\"https:\/\/moverdb.com\/wp-content\/uploads\/Segon-Marill-Movers-international-moving-company.png\" alt=\"Segon Marill Movers internasjonalt flyttebyr\u00e5\" width=\"1440\" height=\"681\" data-wp-pid=\"6002\" srcset=\"https:\/\/moverdb.com\/wp-content\/uploads\/Segon-Marill-Movers-international-moving-company.png 1440w, https:\/\/moverdb.com\/wp-content\/uploads\/Segon-Marill-Movers-international-moving-company-300x142.png 300w, https:\/\/moverdb.com\/wp-content\/uploads\/Segon-Marill-Movers-international-moving-company-1024x484.png 1024w, https:\/\/moverdb.com\/wp-content\/uploads\/Segon-Marill-Movers-international-moving-company-18x9.png 18w, https:\/\/moverdb.com\/wp-content\/uploads\/Segon-Marill-Movers-international-moving-company-600x284.png 600w\" sizes=\"auto, (max-width: 1440px) 100vw, 1440px\" \/><\/p>\n<ul>\n<li>Nasjonale tiltak<\/li>\n<li>Internasjonale flyttinger<\/li>\n<li>Flytting av husholdninger<\/li>\n<li>Bedriftsbevegelser<\/li>\n<li>Flyttetjeneste<\/li>\n<li>Pakketjeneste<\/li>\n<li>Land-, sj\u00f8- og lufttransport<\/li>\n<li>Bosettingstjenester<\/li>\n<li>Hus- og skoles\u00f8k<\/li>\n<li>Sikker lagring<\/li>\n<\/ul>\n<p>Segon Marill Movers er et internasjonalt flytte- og lagringsselskap som ble grunnlagt for 21 \u00e5r siden. De samarbeider med 50 partneragenter for \u00e5 levere sine tjenester over hele verden. De er medlem av IAM med 31 \u00e5rs fartstid.<\/p>\n<p>Segon Marill Movers tilbyr en personlig flyttetjeneste med en pakketjeneste som bruker teknikker og materialer av h\u00f8y kvalitet for \u00e5 beskytte eiendelene dine. De arrangerer transport til lands, til vanns eller i luften og benytter seg av samarbeidspartnere ved behov. Flyttetjenestene deres hjelper deg med \u00e5 finne deg til rette i det nye landet, noe som inkluderer en orienteringstur, hjelp til \u00e5 finne bolig og skole, samt st\u00f8tte i forbindelse med avreise.<\/p>\n<p>Nettsted: <a href=\"http:\/\/www.segon-marill.com\" target=\"_blank\" rel=\"noopener\">http:\/\/www.segon-marill.com<\/a><\/p>\n<h2><span class=\"ez-toc-section\" id=\"5_Solomon_Zewdu_Shipping_and_Freight_Forwarding\"><\/span><strong>5. Solomon Zewdu shipping og spedisjon<\/strong><span class=\"ez-toc-section-end\"><\/span><\/h2>\n<p><img loading=\"lazy\" decoding=\"async\" class=\"alignnone size-full wp-image-6047\" src=\"https:\/\/moverdb.com\/wp-content\/uploads\/Solomon-Zewdu-international-moving-company.png\" alt=\"Solomon Zewdu internasjonalt flyttefirma\" width=\"1440\" height=\"682\" data-wp-pid=\"6047\" srcset=\"https:\/\/moverdb.com\/wp-content\/uploads\/Solomon-Zewdu-international-moving-company.png 1440w, https:\/\/moverdb.com\/wp-content\/uploads\/Solomon-Zewdu-international-moving-company-300x142.png 300w, https:\/\/moverdb.com\/wp-content\/uploads\/Solomon-Zewdu-international-moving-company-1024x485.png 1024w, https:\/\/moverdb.com\/wp-content\/uploads\/Solomon-Zewdu-international-moving-company-18x9.png 18w, https:\/\/moverdb.com\/wp-content\/uploads\/Solomon-Zewdu-international-moving-company-600x284.png 600w\" sizes=\"auto, (max-width: 1440px) 100vw, 1440px\" \/><\/p>\n<ul>\n<li>Lokale og nasjonale tiltak<\/li>\n<li>Internasjonale flyttinger<\/li>\n<li>Flytting av husholdninger<\/li>\n<li>Flytting av kontorer<\/li>\n<li>D\u00f8r-til-d\u00f8r-tjeneste<\/li>\n<li>Pakketjeneste<\/li>\n<li>Land-, sj\u00f8- og lufttransport<\/li>\n<li>Tollklarering<\/li>\n<li>Transport av kj\u00f8ret\u00f8y<\/li>\n<li>Lagringsanlegg<\/li>\n<\/ul>\n<p>Solomon Zewdu Shipping and Freight Forwarding er et flytte-, frakt- og spedisjonsfirma med over 20 \u00e5rs erfaring i \u00e5 tilby flyttetjenester. De samarbeider med utenlandske partnere for \u00e5 levere flyttinger internasjonalt. De er medlem av IAM med 22 \u00e5rs fartstid.<\/p>\n<p>Solomon Zewdu Shipping and Freight Forwarding tilbyr d\u00f8r-til-d\u00f8r-flytting og flytting til husholdninger og kontorer. De tilbyr en pakke- og utpakkingstjeneste for \u00e5 beskytte eiendelene dine og ordne transporttjenester p\u00e5 land ved hjelp av deres fl\u00e5te, sj\u00f8 eller luft med fortolling. De kan ogs\u00e5 bist\u00e5 med transport og lagring av kj\u00f8ret\u00f8y.<\/p>\n<p>Nettsted: <a href=\"http:\/\/www.solomontransit.com\" target=\"_blank\" rel=\"noopener\">http:\/\/www.solomontransit.com<\/a><\/p>","protected":false},"excerpt":{"rendered":"<p>Moving is a busy and stressful time especially if you are moving between countries so getting some support from a moving company can help. Moving companies can assist with navigating the paperwork and arranging transportation. Below we have compiled a list of Ethiopian removal companies that are members of the International Association of Movers (IAM) [&hellip;]<\/p>\n","protected":false},"author":4,"featured_media":0,"parent":190,"menu_order":0,"comment_status":"closed","ping_status":"closed","template":"","meta":{"_genesis_hide_title":false,"_genesis_hide_breadcrumbs":false,"_genesis_hide_singular_image":false,"_genesis_hide_footer_widgets":false,"_genesis_custom_body_class":"","_genesis_custom_post_class":"","_genesis_layout":"","footnotes":""},"class_list":{"0":"post-6046","1":"page","2":"type-page","3":"status-publish","5":"entry","6":"has-post-thumbnail"},"_links":{"self":[{"href":"https:\/\/moverdb.com\/nb\/wp-json\/wp\/v2\/pages\/6046","targetHints":{"allow":["GET"]}}],"collection":[{"href":"https:\/\/moverdb.com\/nb\/wp-json\/wp\/v2\/pages"}],"about":[{"href":"https:\/\/moverdb.com\/nb\/wp-json\/wp\/v2\/types\/page"}],"author":[{"embeddable":true,"href":"https:\/\/moverdb.com\/nb\/wp-json\/wp\/v2\/users\/4"}],"replies":[{"embeddable":true,"href":"https:\/\/moverdb.com\/nb\/wp-json\/wp\/v2\/comments?post=6046"}],"version-history":[{"count":1,"href":"https:\/\/moverdb.com\/nb\/wp-json\/wp\/v2\/pages\/6046\/revisions"}],"predecessor-version":[{"id":6048,"href":"https:\/\/moverdb.com\/nb\/wp-json\/wp\/v2\/pages\/6046\/revisions\/6048"}],"up":[{"embeddable":true,"href":"https:\/\/moverdb.com\/nb\/wp-json\/wp\/v2\/pages\/190"}],"wp:attachment":[{"href":"https:\/\/moverdb.com\/nb\/wp-json\/wp\/v2\/media?parent=6046"}],"curies":[{"name":"wp","href":"https:\/\/api.w.org\/{rel}","templated":true}]}}