{"id":6036,"date":"2023-02-01T13:45:53","date_gmt":"2023-02-01T13:45:53","guid":{"rendered":"https:\/\/moverdb.com\/?page_id=6036"},"modified":"2026-01-08T15:29:19","modified_gmt":"2026-01-08T15:29:19","slug":"moving-companies-dominikanske-republikken","status":"publish","type":"page","link":"https:\/\/moverdb.com\/nb\/moving-companies\/moving-companies-dominican-republic\/","title":{"rendered":"6 beste internasjonale flyttefirmaer i Den dominikanske republikk"},"content":{"rendered":"<p>Hvis du skal flytte hjem eller flytte virksomheten din i Den dominikanske republikk, eller til eller fra Den dominikanske republikk, trenger du kanskje hjelp. Et flytte- eller relokaliseringsselskap kan bidra til \u00e5 lette flyttingen din og ta bort noe av stresset. Nedenfor har vi samlet en liste over selskaper i Den dominikanske republikk. <a href=\"https:\/\/moverdb.com\/nb\/international-removals\/\" data-internallinksmanager029f6b8e52c=\"27\" title=\"De 36 beste internasjonale flyttebyr\u00e5ene i Storbritannia\">flyttebyr\u00e5er<\/a> som er medlemmer av <a href=\"https:\/\/moverdb.com\/nb\/iam\/\" data-internallinksmanager029f6b8e52c=\"23\" title=\"International Association of Movers (IAM) Forklaret\">International Association of Movers<\/a> (IAM) og\/eller <a href=\"https:\/\/moverdb.com\/nb\/fidi-faim\/\" data-internallinksmanager029f6b8e52c=\"16\" title=\"FIDI &amp; FAIM (FIDI-akkreditert internasjonal spedit\u00f8r) forklart\">FIDI<\/a> Accredited International Mover (FAIM) som kanskje kan hjelpe deg.<\/p>\n<div id=\"ez-toc-container\" class=\"ez-toc-v2_0_82_2 ez-toc-wrap-left counter-hierarchy ez-toc-counter ez-toc-transparent ez-toc-container-direction\">\n<div class=\"ez-toc-title-container\">\n<p class=\"ez-toc-title\" style=\"cursor:inherit\">Seksjoner<\/p>\n<span class=\"ez-toc-title-toggle\"><a href=\"#\" class=\"ez-toc-pull-right ez-toc-btn ez-toc-btn-xs ez-toc-btn-default ez-toc-toggle\" aria-label=\"Bytt innholdsfortegnelse\"><span class=\"ez-toc-js-icon-con\"><span class=\"\"><span class=\"eztoc-hide\" style=\"display:none;\">Toggle<\/span><span class=\"ez-toc-icon-toggle-span\"><svg style=\"fill: #999;color:#999\" xmlns=\"http:\/\/www.w3.org\/2000\/svg\" class=\"list-377408\" width=\"20px\" height=\"20px\" viewbox=\"0 0 24 24\" fill=\"none\"><path d=\"M6 6H4v2h2V6zm14 0H8v2h12V6zM4 11h2v2H4v-2zm16 0H8v2h12v-2zM4 16h2v2H4v-2zm16 0H8v2h12v-2z\" fill=\"currentColor\"><\/path><\/svg><svg style=\"fill: #999;color:#999\" class=\"arrow-unsorted-368013\" xmlns=\"http:\/\/www.w3.org\/2000\/svg\" width=\"10px\" height=\"10px\" viewbox=\"0 0 24 24\" version=\"1.2\" baseprofile=\"tiny\"><path d=\"M18.2 9.3l-6.2-6.3-6.2 6.3c-.2.2-.3.4-.3.7s.1.5.3.7c.2.2.4.3.7.3h11c.3 0 .5-.1.7-.3.2-.2.3-.5.3-.7s-.1-.5-.3-.7zM5.8 14.7l6.2 6.3 6.2-6.3c.2-.2.3-.5.3-.7s-.1-.5-.3-.7c-.2-.2-.4-.3-.7-.3h-11c-.3 0-.5.1-.7.3-.2.2-.3.5-.3.7s.1.5.3.7z\"\/><\/svg><\/span><\/span><\/span><\/a><\/span><\/div>\n<nav><ul class='ez-toc-list ez-toc-list-level-1 eztoc-toggle-hide-by-default' ><li class='ez-toc-page-1 ez-toc-heading-level-2'><a class=\"ez-toc-link ez-toc-heading-1\" href=\"https:\/\/moverdb.com\/nb\/moving-companies\/moving-companies-dominican-republic\/#1_International_Packers\" >1. Internasjonale pakkere<\/a><\/li><li class='ez-toc-page-1 ez-toc-heading-level-2'><a class=\"ez-toc-link ez-toc-heading-2\" href=\"https:\/\/moverdb.com\/nb\/moving-companies\/moving-companies-dominican-republic\/#2_Mega_Movers\" >2. Mega Movers<\/a><\/li><li class='ez-toc-page-1 ez-toc-heading-level-2'><a class=\"ez-toc-link ez-toc-heading-3\" href=\"https:\/\/moverdb.com\/nb\/moving-companies\/moving-companies-dominican-republic\/#3_Dominican_International_Moving\" >3. Dominikansk internasjonal flytting<\/a><\/li><li class='ez-toc-page-1 ez-toc-heading-level-2'><a class=\"ez-toc-link ez-toc-heading-4\" href=\"https:\/\/moverdb.com\/nb\/moving-companies\/moving-companies-dominican-republic\/#4_Frank_Leo\" >4. Frank Leo<\/a><\/li><li class='ez-toc-page-1 ez-toc-heading-level-2'><a class=\"ez-toc-link ez-toc-heading-5\" href=\"https:\/\/moverdb.com\/nb\/moving-companies\/moving-companies-dominican-republic\/#5_L_G_International_Movers\" >5. L&amp;G International Movers<\/a><\/li><li class='ez-toc-page-1 ez-toc-heading-level-2'><a class=\"ez-toc-link ez-toc-heading-6\" href=\"https:\/\/moverdb.com\/nb\/moving-companies\/moving-companies-dominican-republic\/#6_Latino_Express\" >6. Latino Express<\/a><\/li><\/ul><\/nav><\/div>\n<h2><span class=\"ez-toc-section\" id=\"1_International_Packers\"><\/span><strong>1. Internasjonale pakkere<\/strong><span class=\"ez-toc-section-end\"><\/span><\/h2>\n<p><img loading=\"lazy\" decoding=\"async\" class=\"alignnone size-full wp-image-5961\" src=\"https:\/\/moverdb.com\/wp-content\/uploads\/International-Packers-international-moving-company.png\" alt=\"International Packers internasjonalt flyttebyr\u00e5\" width=\"1440\" height=\"683\" data-wp-pid=\"5961\" srcset=\"https:\/\/moverdb.com\/wp-content\/uploads\/International-Packers-international-moving-company.png 1440w, https:\/\/moverdb.com\/wp-content\/uploads\/International-Packers-international-moving-company-300x142.png 300w, https:\/\/moverdb.com\/wp-content\/uploads\/International-Packers-international-moving-company-1024x486.png 1024w, https:\/\/moverdb.com\/wp-content\/uploads\/International-Packers-international-moving-company-18x9.png 18w, https:\/\/moverdb.com\/wp-content\/uploads\/International-Packers-international-moving-company-600x285.png 600w\" sizes=\"auto, (max-width: 1440px) 100vw, 1440px\" \/><\/p>\n<ul>\n<li>Nasjonale tiltak<\/li>\n<li>Internasjonale flyttinger<\/li>\n<li>Flytting av husholdninger<\/li>\n<li>Bedriftsbevegelser<\/li>\n<li>Profesjonell emballasjetjeneste<\/li>\n<li>Tollst\u00f8tte<\/li>\n<li>Transport av kunstverk<\/li>\n<li>Frakt av kj\u00e6ledyr<\/li>\n<li>Forsikring<\/li>\n<li>Lagringsanlegg<\/li>\n<\/ul>\n<p>International Packers er et flytte- og lagringsselskap basert i Santo Domingo som ble grunnlagt i 1989. De tilbyr flytte- og relokaliseringstjenester, inkludert spesialtjenester for flytting av kunstverk, frakt av kj\u00e6ledyr og m\u00f8belutleie. De er medlem av IAM med 33 \u00e5rs erfaring og er akkreditert av FIDI.<\/p>\n<p>International Packers tilbyr en personlig tjeneste for nasjonale og internasjonale flyttinger som leveres med internasjonale flytteagenter over hele verden. De tilbyr en d\u00f8r-til-d\u00f8r-tjeneste som inkluderer en profesjonell emballasjetjeneste for \u00e5 beskytte eiendelene dine, og de tilbyr forsikringsbeskyttelse. De tilbyr ogs\u00e5 lagringsfasiliteter hvis du trenger det.<\/p>\n<p>Nettsted: <a href=\"http:\/\/www.internt-packers.com.do\" target=\"_blank\" rel=\"noopener\">http:\/\/www.internt-packers.com.do<\/a><\/p>\n<h2><span class=\"ez-toc-section\" id=\"2_Mega_Movers\"><\/span><strong>2. Mega Movers<\/strong><span class=\"ez-toc-section-end\"><\/span><\/h2>\n<p><img loading=\"lazy\" decoding=\"async\" class=\"alignnone size-full wp-image-5970\" src=\"https:\/\/moverdb.com\/wp-content\/uploads\/Mega-Movers-international-moving-company.png\" alt=\"Mega Movers internasjonalt flyttebyr\u00e5\" width=\"1440\" height=\"677\" data-wp-pid=\"5970\" srcset=\"https:\/\/moverdb.com\/wp-content\/uploads\/Mega-Movers-international-moving-company.png 1440w, https:\/\/moverdb.com\/wp-content\/uploads\/Mega-Movers-international-moving-company-300x141.png 300w, https:\/\/moverdb.com\/wp-content\/uploads\/Mega-Movers-international-moving-company-1024x481.png 1024w, https:\/\/moverdb.com\/wp-content\/uploads\/Mega-Movers-international-moving-company-18x8.png 18w, https:\/\/moverdb.com\/wp-content\/uploads\/Mega-Movers-international-moving-company-600x282.png 600w\" sizes=\"auto, (max-width: 1440px) 100vw, 1440px\" \/><\/p>\n<ul>\n<li>Nasjonale tiltak<\/li>\n<li>Internasjonale flyttinger<\/li>\n<li>Flytting av husholdninger<\/li>\n<li>Flytting av kontorer<\/li>\n<li>Spesialiserer seg p\u00e5 flytting av medisinsk utstyr<\/li>\n<li>Pakketjenester<\/li>\n<li>Skreddersydde kasser<\/li>\n<li>Spesialutstyr<\/li>\n<li>Henvender seg til gods med overst\u00f8rrelse og\/eller overvekt.<\/li>\n<li>Forsikring<\/li>\n<\/ul>\n<p>Mega Movers er et familieeid logistikkselskap som opererer i Den dominikanske republikk, Puerto Rico og Karibia. De tilbyr rigging av maskiner, n\u00f8kkelferdige prosjekter, store\/overvektige varer og internasjonal flytting av husholdninger. De tilbyr ogs\u00e5 en spesialtjeneste for flytting av medisinsk utstyr i Den dominikanske republikk. De er medlem av IAM med 3 \u00e5rs fartstid.<\/p>\n<p>Mega Movers tilbyr en personlig tilpasset tjeneste som omfatter intern konsultasjon og r\u00e5dgivning. De tilbyr erfarne pakkere og nytt pakkemateriell, inkludert skreddersydde kasser som de lager selv. De samarbeider ogs\u00e5 med over 1 000 internasjonale flyttebyr\u00e5er over hele verden for \u00e5 levere tjenester sammen.<\/p>\n<p>Nettsted: <a href=\"http:\/\/www.megamovers.co\" target=\"_blank\" rel=\"noopener\">http:\/\/www.megamovers.co<\/a><\/p>\n<h2><span class=\"ez-toc-section\" id=\"3_Dominican_International_Moving\"><\/span><strong>3. Dominikansk internasjonal flytting<\/strong><span class=\"ez-toc-section-end\"><\/span><\/h2>\n<p><img loading=\"lazy\" decoding=\"async\" class=\"alignnone size-full wp-image-5939\" src=\"https:\/\/moverdb.com\/wp-content\/uploads\/Domincan-International-Moving-company.png\" alt=\"Domincan International Moving Company\" width=\"1440\" height=\"672\" data-wp-pid=\"5939\" srcset=\"https:\/\/moverdb.com\/wp-content\/uploads\/Domincan-International-Moving-company.png 1440w, https:\/\/moverdb.com\/wp-content\/uploads\/Domincan-International-Moving-company-300x140.png 300w, https:\/\/moverdb.com\/wp-content\/uploads\/Domincan-International-Moving-company-1024x478.png 1024w, https:\/\/moverdb.com\/wp-content\/uploads\/Domincan-International-Moving-company-18x8.png 18w, https:\/\/moverdb.com\/wp-content\/uploads\/Domincan-International-Moving-company-600x280.png 600w\" sizes=\"auto, (max-width: 1440px) 100vw, 1440px\" \/><\/p>\n<ul>\n<li>Nasjonale tiltak<\/li>\n<li>Internasjonale flyttinger<\/li>\n<li>Flytting av boliger<\/li>\n<li>Virksomheten flytter<\/li>\n<li>Erfaring med h\u00e5ndtering av sensitive og skj\u00f8re gjenstander.<\/li>\n<li>Pakketjenester<\/li>\n<li>Tollst\u00f8tte<\/li>\n<li>Transport av kj\u00f8ret\u00f8y<\/li>\n<li>Flytting av kj\u00e6ledyr<\/li>\n<li>Lagringsanlegg<\/li>\n<\/ul>\n<p>Dominican International Moving er en <a href=\"https:\/\/moverdb.com\/nb\/moving-companies\/\" data-internallinksmanager029f6b8e52c=\"79\" title=\"Topp 25 internasjonale flyttebyr\u00e5er p\u00e5 nettet\">flyttefirma<\/a> basert i Santo Domingo som tilbyr nasjonale og internasjonale flyttinger og omplasseringer. De tilbyr ogs\u00e5 biltransport og flytting av kj\u00e6ledyr. De er medlem av IAM og har et nettverk av kvalifiserte agenter over hele verden som hjelper til med \u00e5 levere internasjonale flyttinger.<\/p>\n<p>Dominican International Moving tilbyr omfattende flyttel\u00f8sninger som inkluderer sikker pakking av alle eiendelene dine med spesialemballasje, demontering av m\u00f8bler og utarbeidelse av en inventarliste. De vil ordne transporten av eiendelene dine, h\u00e5ndtere tollkrav, losse dem og montere m\u00f8blene.<\/p>\n<p>Nettsted: <a href=\"http:\/\/www.dim.do\/\" target=\"_blank\" rel=\"noopener\">http:\/\/www.dim.do\/<\/a><\/p>\n<h2><span class=\"ez-toc-section\" id=\"4_Frank_Leo\"><\/span><strong>4. Frank Leo<\/strong><span class=\"ez-toc-section-end\"><\/span><\/h2>\n<p><img loading=\"lazy\" decoding=\"async\" class=\"alignnone size-full wp-image-5946\" src=\"https:\/\/moverdb.com\/wp-content\/uploads\/Frank-Leo-international-moving-company.png\" alt=\"Frank Leo internasjonalt flyttebyr\u00e5\" width=\"1440\" height=\"680\" data-wp-pid=\"5946\" srcset=\"https:\/\/moverdb.com\/wp-content\/uploads\/Frank-Leo-international-moving-company.png 1440w, https:\/\/moverdb.com\/wp-content\/uploads\/Frank-Leo-international-moving-company-300x142.png 300w, https:\/\/moverdb.com\/wp-content\/uploads\/Frank-Leo-international-moving-company-1024x484.png 1024w, https:\/\/moverdb.com\/wp-content\/uploads\/Frank-Leo-international-moving-company-18x9.png 18w, https:\/\/moverdb.com\/wp-content\/uploads\/Frank-Leo-international-moving-company-600x283.png 600w\" sizes=\"auto, (max-width: 1440px) 100vw, 1440px\" \/><\/p>\n<ul>\n<li>Nasjonale tiltak<\/li>\n<li>Internasjonale flyttinger<\/li>\n<li>Flyttetjenester<\/li>\n<li>Flytting av husholdninger<\/li>\n<li>Kommersielle tiltak<\/li>\n<li>Land-, sj\u00f8- og lufttransport<\/li>\n<li>Tollmegling<\/li>\n<li>Ekstra transporttjenester for kj\u00f8ret\u00f8y og kj\u00e6ledyr<\/li>\n<li>Forsikring<\/li>\n<li>Lagringsanlegg<\/li>\n<\/ul>\n<p>Frank Leo er et logistikk- og flyttebyr\u00e5 som ble grunnlagt i Den dominikanske republikk i 1990. De tilbyr nasjonale og internasjonale flyttetjenester samt relokaliseringstjenester som hjelper deg med lokale r\u00e5d og med \u00e5 finne deg til rette i et nytt land. De er medlem av IAM med 32 \u00e5rs fartstid.<\/p>\n<p>Frank Leo tilbyr skreddersydde l\u00f8sninger for enkeltpersoner, familier, bedrifter og diplomater. Tjenestene deres inkluderer pakking av alle eiendelene dine med spesielle emballasjetjenester for antikviteter, kunstverk og maskiner. De ordner transport til lands, til vanns eller i luften og bist\u00e5r med tollmegling. De tilbyr ogs\u00e5 tjenester for flytting av biler, b\u00e5ter, sm\u00e5fly, planter og kj\u00e6ledyr.<\/p>\n<p>Nettsted: <a href=\"http:\/\/www.frankleo.com\" target=\"_blank\" rel=\"noopener\">http:\/\/www.frankleo.com<\/a><\/p>\n<h2><span class=\"ez-toc-section\" id=\"5_L_G_International_Movers\"><\/span><strong>5. L&amp;G International Movers<\/strong><span class=\"ez-toc-section-end\"><\/span><\/h2>\n<p><img loading=\"lazy\" decoding=\"async\" class=\"alignnone size-full wp-image-5965\" src=\"https:\/\/moverdb.com\/wp-content\/uploads\/LG-International-Movers-company.png\" alt=\"Selskapet L&amp;G International Movers\" width=\"1440\" height=\"676\" data-wp-pid=\"5965\" srcset=\"https:\/\/moverdb.com\/wp-content\/uploads\/LG-International-Movers-company.png 1440w, https:\/\/moverdb.com\/wp-content\/uploads\/LG-International-Movers-company-300x141.png 300w, https:\/\/moverdb.com\/wp-content\/uploads\/LG-International-Movers-company-1024x481.png 1024w, https:\/\/moverdb.com\/wp-content\/uploads\/LG-International-Movers-company-18x8.png 18w, https:\/\/moverdb.com\/wp-content\/uploads\/LG-International-Movers-company-600x282.png 600w\" sizes=\"auto, (max-width: 1440px) 100vw, 1440px\" \/><\/p>\n<ul>\n<li>Nasjonale tiltak<\/li>\n<li>Internasjonale flyttinger<\/li>\n<li>Flytting av boliger<\/li>\n<li>Virksomheten flytter<\/li>\n<li>Mulighet for selvpakking<\/li>\n<li>Pakketjenester<\/li>\n<li>Valg av transportalternativer<\/li>\n<li>Tollklarering<\/li>\n<li>Biltransport<\/li>\n<li>Lagringsanlegg<\/li>\n<\/ul>\n<p>L&amp;G International Movers er et selskap for logistikk og internasjonale flyttetjenester med base i Santo Domingo. De tilbyr internasjonale flyttinger ved hjelp av sine partnere, andre flyttebyr\u00e5er og spedit\u00f8rer over hele verden. De er medlem av IAM og akkreditert av FIDI.<\/p>\n<p>L&amp;G International Movers pakker eiendelene dine ved hjelp av de nyeste teknikkene og materialene, eller du kan velge \u00e5 pakke selv. De tilbyr et utvalg av transporttjenester som inkluderer flyfrakt og sj\u00f8frakt, inkludert mer \u00f8konomiske metoder som samfrakt der du kan kombinere forsendelsen din med andre. De vil ogs\u00e5 hjelpe deg med fortolling.<\/p>\n<p>Nettsted: <a href=\"http:\/\/www.lginternationalmovers.com\" target=\"_blank\" rel=\"noopener\">http:\/\/www.lginternationalmovers.com<\/a><\/p>\n<h2><span class=\"ez-toc-section\" id=\"6_Latino_Express\"><\/span><strong>6. Latino Express<\/strong><span class=\"ez-toc-section-end\"><\/span><\/h2>\n<p><img loading=\"lazy\" decoding=\"async\" class=\"alignnone size-full wp-image-5967\" src=\"https:\/\/moverdb.com\/wp-content\/uploads\/Latino-Express-international-moving-company.png\" alt=\"Latino Express internasjonalt flyttebyr\u00e5\" width=\"1440\" height=\"665\" data-wp-pid=\"5967\" srcset=\"https:\/\/moverdb.com\/wp-content\/uploads\/Latino-Express-international-moving-company.png 1440w, https:\/\/moverdb.com\/wp-content\/uploads\/Latino-Express-international-moving-company-300x139.png 300w, https:\/\/moverdb.com\/wp-content\/uploads\/Latino-Express-international-moving-company-1024x473.png 1024w, https:\/\/moverdb.com\/wp-content\/uploads\/Latino-Express-international-moving-company-18x8.png 18w, https:\/\/moverdb.com\/wp-content\/uploads\/Latino-Express-international-moving-company-600x277.png 600w\" sizes=\"auto, (max-width: 1440px) 100vw, 1440px\" \/><\/p>\n<ul>\n<li>Nasjonale flyttinger<\/li>\n<li>Internasjonale flyttinger<\/li>\n<li>Flyttinger<\/li>\n<li>Flytting av husholdninger<\/li>\n<li>Flytting av selskaper<\/li>\n<li>Pakketjenester<\/li>\n<li>Fagutdannet personale<\/li>\n<li>Tollmeglere<\/li>\n<li>Land-, sj\u00f8- og luftfrakt<\/li>\n<li>Sikre lagringsl\u00f8sninger<\/li>\n<\/ul>\n<p>Latino Express er et frakt- og flytteselskap som ble grunnlagt i 1979 og tilbyr nasjonale og internasjonale flyttinger samt relokaliseringstjenester. De samarbeider med et nettverk av internasjonale flyttebyr\u00e5er for \u00e5 levere flyttetjenester over hele verden. De er medlem av IAM med 43 \u00e5rs fartstid.<\/p>\n<p>Latino Express tilbyr en profesjonell flyttetjeneste som omfatter husholdnings- og bedriftsflytting. De tilbyr en pakketjeneste levert av oppl\u00e6rt personale som vil beskytte eiendelene dine, og de vil ordne forsendelse p\u00e5 land, sj\u00f8 eller luft og gi hjelp med tollmegling. De tilbyr ogs\u00e5 sikre oppbevaringsl\u00f8sninger hvis du trenger det.<\/p>\n<p>Nettsted: <a href=\"http:\/\/www.latinoexpress.com.do\" target=\"_blank\" rel=\"noopener\">http:\/\/www.latinoexpress.com.do<\/a><\/p>","protected":false},"excerpt":{"rendered":"<p>If you are moving home or relocating your business in the Dominican Republic, or to or from the Dominican Republic, you might be looking for some assistance. A moving or relocation company could help ease your move and take away some of the stress. Below we have compiled a list of Dominican Republic removal companies [&hellip;]<\/p>\n","protected":false},"author":4,"featured_media":0,"parent":190,"menu_order":0,"comment_status":"closed","ping_status":"closed","template":"","meta":{"_genesis_hide_title":false,"_genesis_hide_breadcrumbs":false,"_genesis_hide_singular_image":false,"_genesis_hide_footer_widgets":false,"_genesis_custom_body_class":"","_genesis_custom_post_class":"","_genesis_layout":"","footnotes":""},"class_list":{"0":"post-6036","1":"page","2":"type-page","3":"status-publish","5":"entry","6":"has-post-thumbnail"},"_links":{"self":[{"href":"https:\/\/moverdb.com\/nb\/wp-json\/wp\/v2\/pages\/6036","targetHints":{"allow":["GET"]}}],"collection":[{"href":"https:\/\/moverdb.com\/nb\/wp-json\/wp\/v2\/pages"}],"about":[{"href":"https:\/\/moverdb.com\/nb\/wp-json\/wp\/v2\/types\/page"}],"author":[{"embeddable":true,"href":"https:\/\/moverdb.com\/nb\/wp-json\/wp\/v2\/users\/4"}],"replies":[{"embeddable":true,"href":"https:\/\/moverdb.com\/nb\/wp-json\/wp\/v2\/comments?post=6036"}],"version-history":[{"count":1,"href":"https:\/\/moverdb.com\/nb\/wp-json\/wp\/v2\/pages\/6036\/revisions"}],"predecessor-version":[{"id":6037,"href":"https:\/\/moverdb.com\/nb\/wp-json\/wp\/v2\/pages\/6036\/revisions\/6037"}],"up":[{"embeddable":true,"href":"https:\/\/moverdb.com\/nb\/wp-json\/wp\/v2\/pages\/190"}],"wp:attachment":[{"href":"https:\/\/moverdb.com\/nb\/wp-json\/wp\/v2\/media?parent=6036"}],"curies":[{"name":"wp","href":"https:\/\/api.w.org\/{rel}","templated":true}]}}