{"id":6034,"date":"2023-02-01T13:52:21","date_gmt":"2023-02-01T13:52:21","guid":{"rendered":"https:\/\/moverdb.com\/?page_id=6034"},"modified":"2026-01-08T15:29:54","modified_gmt":"2026-01-08T15:29:54","slug":"flytte-selskaper-djibouti","status":"publish","type":"page","link":"https:\/\/moverdb.com\/nb\/moving-companies\/moving-companies-djibouti\/","title":{"rendered":"Beste internasjonale flyttefirmaer i Djibouti"},"content":{"rendered":"<p>Planlegger du \u00e5 flytte i Djibouti? Eller skal du flytte til eller fra Djibouti? Da vil du kanskje ha litt hjelp med flyttingen, spesielt hvis du flytter mellom land, ettersom papirarbeidet og transporten kan v\u00e6re komplisert \u00e5 navigere. Nedenfor har vi samlet en liste over Djibouti. <a href=\"https:\/\/moverdb.com\/nb\/international-removals\/\" data-internallinksmanager029f6b8e52c=\"27\" title=\"De 36 beste internasjonale flyttebyr\u00e5ene i Storbritannia\">flyttebyr\u00e5er<\/a> som er medlemmer av <a href=\"https:\/\/moverdb.com\/nb\/iam\/\" data-internallinksmanager029f6b8e52c=\"23\" title=\"International Association of Movers (IAM) Forklaret\">International Association of Movers<\/a> (IAM) og\/eller <a href=\"https:\/\/moverdb.com\/nb\/fidi-faim\/\" data-internallinksmanager029f6b8e52c=\"16\" title=\"FIDI &amp; FAIM (FIDI-akkreditert internasjonal spedit\u00f8r) forklart\">FIDI<\/a> Accredited International Mover (FAIM) som kan hjelpe deg.<\/p>\n<h2><strong>MTI Logistikk<\/strong><\/h2>\n<p><img loading=\"lazy\" decoding=\"async\" class=\"alignnone size-full wp-image-5979\" src=\"https:\/\/moverdb.com\/wp-content\/uploads\/MTI-Logistics-international-moving-company.png\" alt=\"MTI Logistics internasjonalt flyttebyr\u00e5\" width=\"1440\" height=\"682\" data-wp-pid=\"5979\" srcset=\"https:\/\/moverdb.com\/wp-content\/uploads\/MTI-Logistics-international-moving-company.png 1440w, https:\/\/moverdb.com\/wp-content\/uploads\/MTI-Logistics-international-moving-company-300x142.png 300w, https:\/\/moverdb.com\/wp-content\/uploads\/MTI-Logistics-international-moving-company-1024x485.png 1024w, https:\/\/moverdb.com\/wp-content\/uploads\/MTI-Logistics-international-moving-company-18x9.png 18w, https:\/\/moverdb.com\/wp-content\/uploads\/MTI-Logistics-international-moving-company-600x284.png 600w\" sizes=\"auto, (max-width: 1440px) 100vw, 1440px\" \/><\/p>\n<ul>\n<li>Nasjonale tiltak<\/li>\n<li>Internasjonale flyttinger<\/li>\n<li>Avdeling for relokalisering<\/li>\n<li>Virksomheten flytter<\/li>\n<li>Pakketjenester<\/li>\n<li>Land-, sj\u00f8- og lufttransport<\/li>\n<li>Konsolidering av forsendelser<\/li>\n<li>Tollklarering<\/li>\n<li>Utvalg av kj\u00f8ret\u00f8y i fl\u00e5ten<\/li>\n<li>Lagringsanlegg<\/li>\n<\/ul>\n<p>MTI Logistics er et godstransport- og logistikkselskap som tilbyr flyttetjenester under varemerket MTI Movers. De har en stor fl\u00e5te med lastebiler og l\u00f8fteutstyr for \u00e5 st\u00f8tte deres transport. De er medlem av IAM med 15 \u00e5rs fartstid.<\/p>\n<p>MTI Logistics tilbyr flytte- og relokaliseringstjenester i Djibouti og til og fra Djibouti. De tilbyr vei-, sj\u00f8- og lufttransport med konsolidering av forsendelser og st\u00f8tte med fortolling. De spesialiserer seg p\u00e5 forretningsflytting og kan gi st\u00f8tte med pakking og transport og kan tilby lagringsfasiliteter.<\/p>\n<p>Nettsted: <a href=\"http:\/\/www.mti-logistics.com\" target=\"_blank\" rel=\"noopener\">http:\/\/www.mti-logistics.com<\/a><\/p>","protected":false},"excerpt":{"rendered":"<p>Are you planning a move in Djibouti? Or moving to or from Djibouti? Then you may want some help with that move especially if you are moving between countries as the paperwork and transportation can be complex to navigate. Below we have compiled a list of Djibouti removal companies that are members of the International [&hellip;]<\/p>\n","protected":false},"author":4,"featured_media":0,"parent":190,"menu_order":0,"comment_status":"closed","ping_status":"closed","template":"","meta":{"_genesis_hide_title":false,"_genesis_hide_breadcrumbs":false,"_genesis_hide_singular_image":false,"_genesis_hide_footer_widgets":false,"_genesis_custom_body_class":"","_genesis_custom_post_class":"","_genesis_layout":"","footnotes":""},"class_list":{"0":"post-6034","1":"page","2":"type-page","3":"status-publish","5":"entry","6":"has-post-thumbnail"},"_links":{"self":[{"href":"https:\/\/moverdb.com\/nb\/wp-json\/wp\/v2\/pages\/6034","targetHints":{"allow":["GET"]}}],"collection":[{"href":"https:\/\/moverdb.com\/nb\/wp-json\/wp\/v2\/pages"}],"about":[{"href":"https:\/\/moverdb.com\/nb\/wp-json\/wp\/v2\/types\/page"}],"author":[{"embeddable":true,"href":"https:\/\/moverdb.com\/nb\/wp-json\/wp\/v2\/users\/4"}],"replies":[{"embeddable":true,"href":"https:\/\/moverdb.com\/nb\/wp-json\/wp\/v2\/comments?post=6034"}],"version-history":[{"count":1,"href":"https:\/\/moverdb.com\/nb\/wp-json\/wp\/v2\/pages\/6034\/revisions"}],"predecessor-version":[{"id":6035,"href":"https:\/\/moverdb.com\/nb\/wp-json\/wp\/v2\/pages\/6034\/revisions\/6035"}],"up":[{"embeddable":true,"href":"https:\/\/moverdb.com\/nb\/wp-json\/wp\/v2\/pages\/190"}],"wp:attachment":[{"href":"https:\/\/moverdb.com\/nb\/wp-json\/wp\/v2\/media?parent=6034"}],"curies":[{"name":"wp","href":"https:\/\/api.w.org\/{rel}","templated":true}]}}