{"id":6024,"date":"2023-02-01T12:30:48","date_gmt":"2023-02-01T12:30:48","guid":{"rendered":"https:\/\/moverdb.com\/?page_id=6024"},"modified":"2026-01-08T15:23:41","modified_gmt":"2026-01-08T15:23:41","slug":"flytte-selskaper-pa-kypros","status":"publish","type":"page","link":"https:\/\/moverdb.com\/nb\/moving-companies\/moving-companies-in-cyprus\/","title":{"rendered":"2 beste internasjonale flyttefirmaer p\u00e5 Kypros"},"content":{"rendered":"<p>Hvis du skal flytte hjem i <a href=\"https:\/\/moverdb.com\/nb\/moving-to-cyprus\/\" data-internallinksmanager029f6b8e52c=\"377\" title=\"Flytter du til Kypros? 2023 Levekostnader og flyttetips\">Kypros<\/a>eller hvis du skal flytte til eller fra Kypros, kan det v\u00e6re lurt \u00e5 f\u00e5 hjelp til flyttingen av et flyttebyr\u00e5. <a href=\"https:\/\/moverdb.com\/nb\/relocation-agents\/\" data-internallinksmanager029f6b8e52c=\"1\" title=\"7 grunner til at du b\u00f8r bruke en relokaliseringsagent?\">omplasseringsagent<\/a> som kan ta bort noe av stresset. Nedenfor har vi samlet en liste over Kypros <a href=\"https:\/\/moverdb.com\/nb\/international-removals\/\" data-internallinksmanager029f6b8e52c=\"27\" title=\"De 36 beste internasjonale flyttebyr\u00e5ene i Storbritannia\">flyttebyr\u00e5er<\/a> som er medlemmer av <a href=\"https:\/\/moverdb.com\/nb\/iam\/\" data-internallinksmanager029f6b8e52c=\"23\" title=\"International Association of Movers (IAM) Forklaret\">International Association of Movers<\/a> (IAM) og\/eller <a href=\"https:\/\/moverdb.com\/nb\/fidi-faim\/\" data-internallinksmanager029f6b8e52c=\"16\" title=\"FIDI &amp; FAIM (FIDI-akkreditert internasjonal spedit\u00f8r) forklart\">FIDI<\/a> Accredited International Mover (FAIM) som kan hjelpe deg.<\/p>\n<h2><strong>1. Columbia Worldwide Movers<\/strong><\/h2>\n<p><img loading=\"lazy\" decoding=\"async\" class=\"alignnone size-full wp-image-5936\" src=\"https:\/\/moverdb.com\/wp-content\/uploads\/Columbia-Worldwide-Movers-international-moving-company.png\" alt=\"Columbia Worldwide Movers internasjonalt flyttebyr\u00e5\" width=\"1440\" height=\"682\" data-wp-pid=\"5936\" srcset=\"https:\/\/moverdb.com\/wp-content\/uploads\/Columbia-Worldwide-Movers-international-moving-company.png 1440w, https:\/\/moverdb.com\/wp-content\/uploads\/Columbia-Worldwide-Movers-international-moving-company-300x142.png 300w, https:\/\/moverdb.com\/wp-content\/uploads\/Columbia-Worldwide-Movers-international-moving-company-1024x485.png 1024w, https:\/\/moverdb.com\/wp-content\/uploads\/Columbia-Worldwide-Movers-international-moving-company-18x9.png 18w, https:\/\/moverdb.com\/wp-content\/uploads\/Columbia-Worldwide-Movers-international-moving-company-600x284.png 600w\" sizes=\"auto, (max-width: 1440px) 100vw, 1440px\" \/><\/p>\n<ul>\n<li>Nasjonale tiltak<\/li>\n<li>Internasjonale flyttinger<\/li>\n<li>Flyttetjenester<\/li>\n<li>Flytting av husholdninger<\/li>\n<li>Virksomheten flytter<\/li>\n<li>Pakketjenester<\/li>\n<li>Land, sj\u00f8 og luft<\/li>\n<li>Transport av kj\u00e6ledyr<\/li>\n<li><a href=\"https:\/\/moverdb.com\/nb\/car-transport-shipping\/\" data-internallinksmanager029f6b8e52c=\"2\" title=\"2026 Internasjonal biltransport og tilbud p\u00e5 frakt av kj\u00f8ret\u00f8y\">Frakt av kj\u00f8ret\u00f8y<\/a><\/li>\n<li>Lagringsanlegg<\/li>\n<\/ul>\n<p>Columbia Worldwide Movers ble grunnlagt i 1994 som leverand\u00f8r av flytte- og lagringstjenester. De tilbyr nasjonale og internasjonale flytte- og lagringstjenester for husholdninger og bedrifter. De leverer sine internasjonale flyttinger i samarbeid med p\u00e5litelige flyttebyr\u00e5er i andre land. De er medlem av IAM med 28 \u00e5rs erfaring og er akkreditert av FIDI.<\/p>\n<p>Columbia Worldwide Movers tilbyr skreddersydde flyttel\u00f8sninger med d\u00f8r-til-d\u00f8r-tjenester som omfatter pakking av eiendelene dine og frakt med land-, sj\u00f8- eller lufttransport med fortolling. De tilbyr ogs\u00e5 spesialiserte transporttjenester for kj\u00e6ledyr og kj\u00f8ret\u00f8y.<\/p>\n<p>Nettsted: <a href=\"http:\/\/www.columbiamovers.com\" target=\"_blank\" rel=\"noopener\">http:\/\/www.columbiamovers.com<\/a><\/p>\n<h2><strong>2. Flytting og lagring i bane<\/strong><\/h2>\n<p><img loading=\"lazy\" decoding=\"async\" class=\"alignnone size-full wp-image-5988\" src=\"https:\/\/moverdb.com\/wp-content\/uploads\/Orbit-Moving-and-Storage-international-moving-company.png\" alt=\"Orbit Moving and Storage internasjonalt flyttebyr\u00e5\" width=\"1440\" height=\"679\" data-wp-pid=\"5988\" srcset=\"https:\/\/moverdb.com\/wp-content\/uploads\/Orbit-Moving-and-Storage-international-moving-company.png 1440w, https:\/\/moverdb.com\/wp-content\/uploads\/Orbit-Moving-and-Storage-international-moving-company-300x141.png 300w, https:\/\/moverdb.com\/wp-content\/uploads\/Orbit-Moving-and-Storage-international-moving-company-1024x483.png 1024w, https:\/\/moverdb.com\/wp-content\/uploads\/Orbit-Moving-and-Storage-international-moving-company-18x8.png 18w, https:\/\/moverdb.com\/wp-content\/uploads\/Orbit-Moving-and-Storage-international-moving-company-600x283.png 600w\" sizes=\"auto, (max-width: 1440px) 100vw, 1440px\" \/><\/p>\n<ul>\n<li>Lokale tiltak<\/li>\n<li>Internasjonale flyttinger<\/li>\n<li>Flyttetjenester<\/li>\n<li>Flytting av boliger<\/li>\n<li>Flytting av kontorer<\/li>\n<li>Pakketjenester<\/li>\n<li>Transport av kunst<\/li>\n<li>Frakt av kj\u00e6ledyr<\/li>\n<li>Frakt av kj\u00f8ret\u00f8y<\/li>\n<li>Lagringstjenester<\/li>\n<\/ul>\n<p>Orbit Moving and Storage er et internasjonalt flytte- og lagringsselskap som har drevet virksomhet siden 1982. De er en del av Orphee Beingoglou Group som er en transport- og logistikkleverand\u00f8r. De har et verdensomspennende nettverk av flytteagenter som hjelper til med internasjonale flyttinger. De er medlem av IAM med 40 \u00e5rs erfaring og er akkreditert av FIDI.<\/p>\n<p>Orbit Moving and Storage tilbyr flyttetjenester for privatpersoner og bedrifter som leveres ved hjelp av den nyeste teknologien og de nyeste pakkematerialene. De tilbyr en profesjonell pakketjeneste og organiserer transporten av eiendelene dine, inkludert en spesialtjeneste for kunst, kj\u00e6ledyr og kj\u00f8ret\u00f8y.<\/p>\n<p>Nettsted: <a href=\"http:\/\/www.orbitcy.com\/\" target=\"_blank\" rel=\"noopener\">http:\/\/www.orbitcy.com\/<\/a><\/p>\n<p>Se ogs\u00e5<\/p>\n<ul>\n<li> <a href=\"https:\/\/moverdb.com\/nb\/moving-to-cyprus\/living-in-cyprus\/\">20 hemmeligheter om \u00e5 bo p\u00e5 Kypros som du b\u00f8r kjenne til f\u00f8r du flytter<\/a><\/li>\n<li> <a href=\"https:\/\/moverdb.com\/nb\/moving-to-cyprus\/\">Flytter du til Kypros? Levekostnader og flyttetips<\/a><\/li>\n<li> <a href=\"https:\/\/moverdb.com\/nb\/containertransport\/kypros\/\">Priser for containerfrakt til og fra Kypros<\/a><\/li>\n<\/ul>","protected":false},"excerpt":{"rendered":"<p>If you are moving home in Cyprus, or moving to or from Cyprus you might want some help with your move from a moving or relocation agent that can take away some of the stress. Below we have compiled a list of Cyprus removal companies that are members of the International Association of Movers (IAM) [&hellip;]<\/p>\n","protected":false},"author":4,"featured_media":0,"parent":190,"menu_order":0,"comment_status":"closed","ping_status":"closed","template":"","meta":{"_genesis_hide_title":false,"_genesis_hide_breadcrumbs":false,"_genesis_hide_singular_image":false,"_genesis_hide_footer_widgets":false,"_genesis_custom_body_class":"","_genesis_custom_post_class":"","_genesis_layout":"","footnotes":""},"class_list":{"0":"post-6024","1":"page","2":"type-page","3":"status-publish","5":"entry","6":"has-post-thumbnail"},"_links":{"self":[{"href":"https:\/\/moverdb.com\/nb\/wp-json\/wp\/v2\/pages\/6024","targetHints":{"allow":["GET"]}}],"collection":[{"href":"https:\/\/moverdb.com\/nb\/wp-json\/wp\/v2\/pages"}],"about":[{"href":"https:\/\/moverdb.com\/nb\/wp-json\/wp\/v2\/types\/page"}],"author":[{"embeddable":true,"href":"https:\/\/moverdb.com\/nb\/wp-json\/wp\/v2\/users\/4"}],"replies":[{"embeddable":true,"href":"https:\/\/moverdb.com\/nb\/wp-json\/wp\/v2\/comments?post=6024"}],"version-history":[{"count":4,"href":"https:\/\/moverdb.com\/nb\/wp-json\/wp\/v2\/pages\/6024\/revisions"}],"predecessor-version":[{"id":15035,"href":"https:\/\/moverdb.com\/nb\/wp-json\/wp\/v2\/pages\/6024\/revisions\/15035"}],"up":[{"embeddable":true,"href":"https:\/\/moverdb.com\/nb\/wp-json\/wp\/v2\/pages\/190"}],"wp:attachment":[{"href":"https:\/\/moverdb.com\/nb\/wp-json\/wp\/v2\/media?parent=6024"}],"curies":[{"name":"wp","href":"https:\/\/api.w.org\/{rel}","templated":true}]}}