{"id":6022,"date":"2023-02-01T12:31:45","date_gmt":"2023-02-01T12:31:45","guid":{"rendered":"https:\/\/moverdb.com\/?page_id=6022"},"modified":"2026-01-08T15:23:40","modified_gmt":"2026-01-08T15:23:40","slug":"moving-companies-curacao","status":"publish","type":"page","link":"https:\/\/moverdb.com\/nb\/moving-companies\/moving-companies-curacao\/","title":{"rendered":"2 beste internasjonale flyttefirmaer p\u00e5 Curacao"},"content":{"rendered":"<p>Det kan v\u00e6re stressende og tidkrevende \u00e5 flytte hjem eller p\u00e5 kontoret, s\u00e5 det \u00e5 f\u00e5 hjelp av et flyttebyr\u00e5 kan lette byrden, og du kan dra nytte av deres erfaring. Nedenfor har vi listet opp <a href=\"https:\/\/moverdb.com\/nb\/moving-to-curacao\/\" data-internallinksmanager029f6b8e52c=\"429\" title=\"Flytter du til Cura\u00e7ao? 2023 Levekostnader og flyttetips\">Curacao<\/a> <a href=\"https:\/\/moverdb.com\/nb\/international-removals\/\" data-internallinksmanager029f6b8e52c=\"27\" title=\"De 36 beste internasjonale flyttebyr\u00e5ene i Storbritannia\">flyttebyr\u00e5er<\/a> som er medlemmer av <a href=\"https:\/\/moverdb.com\/nb\/iam\/\" data-internallinksmanager029f6b8e52c=\"23\" title=\"International Association of Movers (IAM) Forklaret\">International Association of Movers<\/a> (IAM) og\/eller <a href=\"https:\/\/moverdb.com\/nb\/fidi-faim\/\" data-internallinksmanager029f6b8e52c=\"16\" title=\"FIDI &amp; FAIM (FIDI-akkreditert internasjonal spedit\u00f8r) forklart\">FIDI<\/a> Accredited International Mover (FAIM) som kanskje kan hjelpe deg.<\/p>\n<h2><strong>1. AGS Meyer<\/strong><\/h2>\n<p><img loading=\"lazy\" decoding=\"async\" class=\"alignnone size-full wp-image-5918\" src=\"https:\/\/moverdb.com\/wp-content\/uploads\/AGS-Meyer-international-moving-company.png\" alt=\"AGS Meyer internasjonalt flyttebyr\u00e5\" width=\"1440\" height=\"684\" data-wp-pid=\"5918\" srcset=\"https:\/\/moverdb.com\/wp-content\/uploads\/AGS-Meyer-international-moving-company.png 1440w, https:\/\/moverdb.com\/wp-content\/uploads\/AGS-Meyer-international-moving-company-300x143.png 300w, https:\/\/moverdb.com\/wp-content\/uploads\/AGS-Meyer-international-moving-company-1024x486.png 1024w, https:\/\/moverdb.com\/wp-content\/uploads\/AGS-Meyer-international-moving-company-18x9.png 18w, https:\/\/moverdb.com\/wp-content\/uploads\/AGS-Meyer-international-moving-company-600x285.png 600w\" sizes=\"auto, (max-width: 1440px) 100vw, 1440px\" \/><\/p>\n<ul>\n<li>Lokale tiltak<\/li>\n<li>Internasjonale flyttinger<\/li>\n<li>Flytting av husholdninger<\/li>\n<li>Flytting av selskaper<\/li>\n<li>D\u00f8r-til-d\u00f8r-tjeneste<\/li>\n<li>Pakketjenester<\/li>\n<li>Land-, luft- og sj\u00f8transport<\/li>\n<li>Tollformaliteter<\/li>\n<li>Akkreditert av FIDI<\/li>\n<li>Lagringstjenester<\/li>\n<\/ul>\n<p>AGS Meyer er en <a href=\"https:\/\/moverdb.com\/nb\/moving-companies\/\" data-internallinksmanager029f6b8e52c=\"79\" title=\"Topp 25 internasjonale flyttebyr\u00e5er p\u00e5 nettet\">flyttefirma<\/a> etablert i 1959 p\u00e5 Curacao for \u00e5 tilby lokale og internasjonale flyttinger for husholdninger og bedriftsflyttinger, og de har 7 filialer i Karibia. De har et globalt nettverk av tilknyttede flytteagenter for \u00e5 levere internasjonale flyttinger. De er medlem av IAM med 63 \u00e5rs erfaring og er akkreditert av FIDI.<\/p>\n<p>AGS Meyer tilbyr en d\u00f8r-til-d\u00f8r-flyttetjeneste inkludert flytting, flytting og lagring til privatkunder, selskaper og diplomatiske byr\u00e5er. De vil gi deg r\u00e5d om flyttingen din og hjelpe deg hele veien. De pakker eiendelene dine sikkert, ordner transport og tollformaliteter og pakker ut p\u00e5 bestemmelsesstedet.<\/p>\n<p>Nettsted: <a href=\"https:\/\/www.meyermoving.com\/\" target=\"_blank\" rel=\"noopener\">https:\/\/www.meyermoving.com\/<\/a><\/p>\n<h2><strong>2. Flyttetjenester i Karibia<\/strong><\/h2>\n<p><img loading=\"lazy\" decoding=\"async\" class=\"alignnone size-full wp-image-5933\" src=\"https:\/\/moverdb.com\/wp-content\/uploads\/Caribbean-Moving-Services-international-moving-company.png\" alt=\"Caribbean Moving Services internasjonalt flyttebyr\u00e5\" width=\"1440\" height=\"680\" data-wp-pid=\"5933\" srcset=\"https:\/\/moverdb.com\/wp-content\/uploads\/Caribbean-Moving-Services-international-moving-company.png 1440w, https:\/\/moverdb.com\/wp-content\/uploads\/Caribbean-Moving-Services-international-moving-company-300x142.png 300w, https:\/\/moverdb.com\/wp-content\/uploads\/Caribbean-Moving-Services-international-moving-company-1024x484.png 1024w, https:\/\/moverdb.com\/wp-content\/uploads\/Caribbean-Moving-Services-international-moving-company-18x9.png 18w, https:\/\/moverdb.com\/wp-content\/uploads\/Caribbean-Moving-Services-international-moving-company-600x283.png 600w\" sizes=\"auto, (max-width: 1440px) 100vw, 1440px\" \/><\/p>\n<ul>\n<li>Lokale tiltak<\/li>\n<li>Internasjonale flyttinger<\/li>\n<li>Flytting av boliger<\/li>\n<li>Flytting av kontorer<\/li>\n<li>Skreddersydd flytteplan<\/li>\n<li>Pakketjeneste<\/li>\n<li>Demontere og montere m\u00f8bler<\/li>\n<li>Land, sj\u00f8 og luft<\/li>\n<li>Tollklarering<\/li>\n<li>Lagringsanlegg<\/li>\n<\/ul>\n<p>Caribbean Moving Services er et flyttebyr\u00e5 i Willemstad som er en del av en gruppe selskaper som inkluderer Caribbean Cargo Services og G&amp;V Free Zone. De ble grunnlagt i 1981 som et fraktselskap og utvidet til flyttetjenester i 1994 for \u00e5 bli \u00f8yas st\u00f8rste flytteselskap. De er medlem av IAM med 28 \u00e5rs fartstid og er akkreditert av FIDI.<\/p>\n<p>Caribbean Moving Services tilbyr en one-stop shop-flyttetjeneste som starter med en unders\u00f8kelse og et enkelt kontaktpunkt. De tilbyr en profesjonell pakketjeneste, inkludert demontering av m\u00f8bler og sikker pakking av eiendeler. De ordner transport til lands, til vanns eller i luften med fortolling, og pakker og monterer deretter m\u00f8blene.<\/p>\n<p>Nettsted: <a href=\"https:\/\/www.cmscur.com\/\" target=\"_blank\" rel=\"noopener\">https:\/\/www.cmscur.com\/<\/a><\/p>","protected":false},"excerpt":{"rendered":"<p>Moving home or office can be stressful and time-consuming so getting some support from a moving or relocation company can help lighten your load and you can benefit from their experience. Below we have listed Curacao removal companies that are members of the International Association of Movers (IAM) and\/or FIDI Accredited International Mover (FAIM) who [&hellip;]<\/p>\n","protected":false},"author":4,"featured_media":0,"parent":190,"menu_order":0,"comment_status":"closed","ping_status":"closed","template":"","meta":{"_genesis_hide_title":false,"_genesis_hide_breadcrumbs":false,"_genesis_hide_singular_image":false,"_genesis_hide_footer_widgets":false,"_genesis_custom_body_class":"","_genesis_custom_post_class":"","_genesis_layout":"","footnotes":""},"class_list":{"0":"post-6022","1":"page","2":"type-page","3":"status-publish","5":"entry","6":"has-post-thumbnail"},"_links":{"self":[{"href":"https:\/\/moverdb.com\/nb\/wp-json\/wp\/v2\/pages\/6022","targetHints":{"allow":["GET"]}}],"collection":[{"href":"https:\/\/moverdb.com\/nb\/wp-json\/wp\/v2\/pages"}],"about":[{"href":"https:\/\/moverdb.com\/nb\/wp-json\/wp\/v2\/types\/page"}],"author":[{"embeddable":true,"href":"https:\/\/moverdb.com\/nb\/wp-json\/wp\/v2\/users\/4"}],"replies":[{"embeddable":true,"href":"https:\/\/moverdb.com\/nb\/wp-json\/wp\/v2\/comments?post=6022"}],"version-history":[{"count":1,"href":"https:\/\/moverdb.com\/nb\/wp-json\/wp\/v2\/pages\/6022\/revisions"}],"predecessor-version":[{"id":6023,"href":"https:\/\/moverdb.com\/nb\/wp-json\/wp\/v2\/pages\/6022\/revisions\/6023"}],"up":[{"embeddable":true,"href":"https:\/\/moverdb.com\/nb\/wp-json\/wp\/v2\/pages\/190"}],"wp:attachment":[{"href":"https:\/\/moverdb.com\/nb\/wp-json\/wp\/v2\/media?parent=6022"}],"curies":[{"name":"wp","href":"https:\/\/api.w.org\/{rel}","templated":true}]}}