{"id":5631,"date":"2022-11-28T15:27:20","date_gmt":"2022-11-28T15:27:20","guid":{"rendered":"https:\/\/moverdb.com\/?page_id=5631"},"modified":"2026-01-08T13:18:59","modified_gmt":"2026-01-08T13:18:59","slug":"stress-fri-flytting","status":"publish","type":"page","link":"https:\/\/moverdb.com\/nb\/stress-free-move\/","title":{"rendered":"Hvordan gj\u00f8re din internasjonale flytting stressfri"},"content":{"rendered":"<p><span style=\"font-weight: 400;\">\u00c5 flytte til utlandet er absolutt en spennende tid, fylt med mange blandede f\u00f8lelser, men hvis du noen gang har m\u00e5ttet flytte hjemmefra f\u00f8r, vet du at det er alt annet enn en avslappende og hyggelig opplevelse. <\/span><\/p>\n<p><span style=\"font-weight: 400;\">Selv om en flytting i ditt eget land til tider kan v\u00e6re overveldende, kan du bare forestille deg hvor vanskelig det blir n\u00e5r du flytter internasjonalt.<\/span><\/p>\n<p><img loading=\"lazy\" decoding=\"async\" class=\"aligncenter size-full wp-image-5632\" src=\"https:\/\/moverdb.com\/wp-content\/uploads\/stress-free-move.jpg\" alt=\"Stressfri flytting\" width=\"1000\" height=\"667\" data-wp-pid=\"5632\" srcset=\"https:\/\/moverdb.com\/wp-content\/uploads\/stress-free-move.jpg 1000w, https:\/\/moverdb.com\/wp-content\/uploads\/stress-free-move-300x200.jpg 300w, https:\/\/moverdb.com\/wp-content\/uploads\/stress-free-move-18x12.jpg 18w, https:\/\/moverdb.com\/wp-content\/uploads\/stress-free-move-600x400.jpg 600w\" sizes=\"auto, (max-width: 1000px) 100vw, 1000px\" \/><\/p>\n<p><span style=\"font-weight: 400;\">Ikke bare m\u00e5 du forholde deg til de vanlige flytteprosedyrene, men det er flere ekstra prosedyrer som kan gj\u00f8re hele denne opplevelsen ganske nervepirrende og angstfremkallende.&nbsp;<\/span><\/p>\n<p><span style=\"font-weight: 400;\">Det er helt forst\u00e5elig \u00e5 f\u00f8le seg stresset og overveldet til tider, men s\u00e5 lenge du er godt forberedt og organisert og har nok tid og begynner tidlig, kan du hjelpe deg selv med \u00e5 overvinne frustrasjonen og gj\u00f8re flytteopplevelsen s\u00e5 smidig som mulig.&nbsp;<\/span><\/p>\n<p><span style=\"font-weight: 400;\">Eiendomseksperter fra<\/span><span style=\"font-weight: 400;\"><a href=\"http:\/\/www.housesalesdirect.com\/\" target=\"_blank\" rel=\"noopener\"> Boligsalg direkte <\/a>sett p\u00e5 hvordan du kan sikre at din internasjonale flytting gjennomf\u00f8res p\u00e5 en effektiv og stressfri m\u00e5te, samtidig som du tar h\u00e5nd om andre faktorer som immigrasjon, frakt over landegrensene og toll. <\/span><\/p>\n<p><span style=\"font-weight: 400;\">\u00c5 ha en klar og solid sjekkliste vil hjelpe deg med \u00e5 forvandle den noe kaotiske flytteprosessen til en smertefri prosess.&nbsp;<\/span><\/p>\n<div id=\"ez-toc-container\" class=\"ez-toc-v2_0_82_2 ez-toc-wrap-left counter-hierarchy ez-toc-counter ez-toc-transparent ez-toc-container-direction\">\n<div class=\"ez-toc-title-container\">\n<p class=\"ez-toc-title\" style=\"cursor:inherit\">Seksjoner<\/p>\n<span class=\"ez-toc-title-toggle\"><a href=\"#\" class=\"ez-toc-pull-right ez-toc-btn ez-toc-btn-xs ez-toc-btn-default ez-toc-toggle\" aria-label=\"Bytt innholdsfortegnelse\"><span class=\"ez-toc-js-icon-con\"><span class=\"\"><span class=\"eztoc-hide\" style=\"display:none;\">Toggle<\/span><span class=\"ez-toc-icon-toggle-span\"><svg style=\"fill: #999;color:#999\" xmlns=\"http:\/\/www.w3.org\/2000\/svg\" class=\"list-377408\" width=\"20px\" height=\"20px\" viewbox=\"0 0 24 24\" fill=\"none\"><path d=\"M6 6H4v2h2V6zm14 0H8v2h12V6zM4 11h2v2H4v-2zm16 0H8v2h12v-2zM4 16h2v2H4v-2zm16 0H8v2h12v-2z\" fill=\"currentColor\"><\/path><\/svg><svg style=\"fill: #999;color:#999\" class=\"arrow-unsorted-368013\" xmlns=\"http:\/\/www.w3.org\/2000\/svg\" width=\"10px\" height=\"10px\" viewbox=\"0 0 24 24\" version=\"1.2\" baseprofile=\"tiny\"><path d=\"M18.2 9.3l-6.2-6.3-6.2 6.3c-.2.2-.3.4-.3.7s.1.5.3.7c.2.2.4.3.7.3h11c.3 0 .5-.1.7-.3.2-.2.3-.5.3-.7s-.1-.5-.3-.7zM5.8 14.7l6.2 6.3 6.2-6.3c.2-.2.3-.5.3-.7s-.1-.5-.3-.7c-.2-.2-.4-.3-.7-.3h-11c-.3 0-.5.1-.7.3-.2.2-.3.5-.3.7s.1.5.3.7z\"\/><\/svg><\/span><\/span><\/span><\/a><\/span><\/div>\n<nav><ul class='ez-toc-list ez-toc-list-level-1 eztoc-toggle-hide-by-default' ><li class='ez-toc-page-1 ez-toc-heading-level-2'><a class=\"ez-toc-link ez-toc-heading-1\" href=\"https:\/\/moverdb.com\/nb\/stress-free-move\/#Plan_In_Advance\" >Planlegg p\u00e5 forh\u00e5nd<\/a><\/li><li class='ez-toc-page-1 ez-toc-heading-level-2'><a class=\"ez-toc-link ez-toc-heading-2\" href=\"https:\/\/moverdb.com\/nb\/stress-free-move\/#Sort_Out_Immigration\" >Sortere ut innvandring<\/a><\/li><li class='ez-toc-page-1 ez-toc-heading-level-2'><a class=\"ez-toc-link ez-toc-heading-3\" href=\"https:\/\/moverdb.com\/nb\/stress-free-move\/#Get_Your_Documents_Ready\" >Gj\u00f8r dokumentene dine klare<\/a><\/li><li class='ez-toc-page-1 ez-toc-heading-level-2'><a class=\"ez-toc-link ez-toc-heading-4\" href=\"https:\/\/moverdb.com\/nb\/stress-free-move\/#Sort_Out_Your_Finances\" >F\u00e5 orden p\u00e5 \u00f8konomien din<\/a><\/li><li class='ez-toc-page-1 ez-toc-heading-level-2'><a class=\"ez-toc-link ez-toc-heading-5\" href=\"https:\/\/moverdb.com\/nb\/stress-free-move\/#Research_International_Moving_Companies\" >Forskning p\u00e5 internasjonale flyttebyr\u00e5er<\/a><\/li><li class='ez-toc-page-1 ez-toc-heading-level-2'><a class=\"ez-toc-link ez-toc-heading-6\" href=\"https:\/\/moverdb.com\/nb\/stress-free-move\/#Make_a_Packing_Checklist\" >Lag en sjekkliste for pakking<\/a><\/li><li class='ez-toc-page-1 ez-toc-heading-level-2'><a class=\"ez-toc-link ez-toc-heading-7\" href=\"https:\/\/moverdb.com\/nb\/stress-free-move\/#Reach_Out_To_Providers\" >N\u00e5 ut til leverand\u00f8rer<\/a><\/li><li class='ez-toc-page-1 ez-toc-heading-level-2'><a class=\"ez-toc-link ez-toc-heading-8\" href=\"https:\/\/moverdb.com\/nb\/stress-free-move\/#Familiarise_Yourself_With_The_Culture\" >Gj\u00f8r deg kjent med kulturen<\/a><\/li><li class='ez-toc-page-1 ez-toc-heading-level-2'><a class=\"ez-toc-link ez-toc-heading-9\" href=\"https:\/\/moverdb.com\/nb\/stress-free-move\/#In_Conclusion\" >Avslutningsvis<\/a><\/li><\/ul><\/nav><\/div>\n<h2><span class=\"ez-toc-section\" id=\"Plan_In_Advance\"><\/span><b>Planlegg p\u00e5 forh\u00e5nd<\/b><span class=\"ez-toc-section-end\"><\/span><\/h2>\n<p><span style=\"font-weight: 400;\">Internasjonal flytting er en ganske langvarig prosess, og hvis det ikke gis nok tid til planlegging og forberedelse, vil tidsfristene v\u00e6re en av de tingene som vil for\u00e5rsake stress og angst. <\/span><\/p>\n<p><span style=\"font-weight: 400;\">Jo tidligere du begynner, jo lettere blir det \u00e5 s\u00f8rge for at alt blir tatt h\u00e5nd om i tide, at eventuelle utfordringer eller uventede problemer blir h\u00e5ndtert rolig og effektivt, og ikke minst at du aldri trenger \u00e5 forhaste deg.&nbsp;<\/span><\/p>\n<p><span style=\"font-weight: 400;\">Organisering er n\u00f8kkelen, og det er derfor denne listen over ting du m\u00e5 vurdere og forberede, vil v\u00e6re en nyttig veiledning som du kan vende tilbake til n\u00e5r du f\u00f8ler deg fortapt eller overveldet av oppgaver. <\/span><\/p>\n<p><span style=\"font-weight: 400;\">Hvis du disponerer tiden din effektivt, unng\u00e5r du un\u00f8dvendig stress og kan f\u00f8le deg trygg p\u00e5 at du har nok tid til \u00e5 finne ut av alt. Vi foresl\u00e5r at du lager en detaljert gj\u00f8rem\u00e5lsliste for \u00e5 holde oversikt over fremdriften og minne deg p\u00e5 hva som m\u00e5 gj\u00f8res videre.&nbsp;<\/span><\/p>\n<h2><span class=\"ez-toc-section\" id=\"Sort_Out_Immigration\"><\/span><b>Sortere ut innvandring<\/b><span class=\"ez-toc-section-end\"><\/span><\/h2>\n<p><span style=\"font-weight: 400;\">Det er mye involvert i innvandringsprosessen, fra juridisk dokumentasjon, krav til vaksinasjon og landspesifikke lover som du m\u00e5 forholde deg til. Det er en kompleks og langvarig prosess som du enten kan unders\u00f8ke p\u00e5 egen h\u00e5nd, eller du kan spare deg for bryet og ansette en innvandringsekspert som vil hjelpe deg gjennom hele prosessen.<\/span><\/p>\n<p><img loading=\"lazy\" decoding=\"async\" class=\"aligncenter size-full wp-image-5633\" src=\"https:\/\/moverdb.com\/wp-content\/uploads\/immigration-residence.jpg\" alt=\"\" width=\"1000\" height=\"667\" data-wp-pid=\"5633\" srcset=\"https:\/\/moverdb.com\/wp-content\/uploads\/immigration-residence.jpg 1000w, https:\/\/moverdb.com\/wp-content\/uploads\/immigration-residence-300x200.jpg 300w, https:\/\/moverdb.com\/wp-content\/uploads\/immigration-residence-18x12.jpg 18w, https:\/\/moverdb.com\/wp-content\/uploads\/immigration-residence-600x400.jpg 600w\" sizes=\"auto, (max-width: 1000px) 100vw, 1000px\" \/><\/p>\n<p><span style=\"font-weight: 400;\">Husk at hvert land har spesifikke krav og lover, noe som gj\u00f8r det vanskelig \u00e5 finne alt du trenger i bare ett blogginnlegg. Du m\u00e5 gj\u00f8re omfattende unders\u00f8kelser, kontakte juridiske myndigheter og kanskje r\u00e5df\u00f8re deg med en fagperson, men det er ingen grunn til bekymring, for s\u00e5 lenge du begynner tidlig, vil du ha nok tid til \u00e5 h\u00e5ndtere alt som kommer din vei.&nbsp;<\/span><\/p>\n<h2><span class=\"ez-toc-section\" id=\"Get_Your_Documents_Ready\"><\/span><b>Gj\u00f8r dokumentene dine klare<\/b><span class=\"ez-toc-section-end\"><\/span><\/h2>\n<p><span style=\"font-weight: 400;\">Papirarbeid er uunng\u00e5elig n\u00e5r det gjelder flytting, og s\u00e6rlig n\u00e5r flyttingen er internasjonal. Det er lurt \u00e5 ha all n\u00f8dvendig dokumentasjon klar og tilgjengelig n\u00e5r du trenger den, i tillegg til \u00e5 ha flere kopier for sikkerhets skyld. <\/span><\/p>\n<p><span style=\"font-weight: 400;\">Dette vil bidra til \u00e5 fremskynde eventuelle prosesser som VISA-s\u00f8knad eller innhenting av pass. Her er en liste over noen av de viktigste dokumentene du b\u00f8r ha for h\u00e5nden:&nbsp;<\/span><\/p>\n<ul>\n<li style=\"font-weight: 400;\" aria-level=\"1\"><span style=\"font-weight: 400;\">Pass\/bilde-ID\/f\u00f8rerkort&nbsp;<\/span><\/li>\n<li style=\"font-weight: 400;\" aria-level=\"1\"><span style=\"font-weight: 400;\">F\u00f8dselsattest&nbsp;<\/span><\/li>\n<li style=\"font-weight: 400;\" aria-level=\"1\"><span style=\"font-weight: 400;\">Trygdekort<\/span><\/li>\n<li style=\"font-weight: 400;\" aria-level=\"1\"><span style=\"font-weight: 400;\">Medisinske\/tannlegejournaler<\/span><\/li>\n<\/ul>\n<h2><span class=\"ez-toc-section\" id=\"Sort_Out_Your_Finances\"><\/span><b>F\u00e5 orden p\u00e5 \u00f8konomien din<\/b><span class=\"ez-toc-section-end\"><\/span><\/h2>\n<p><span style=\"font-weight: 400;\">\u00c5 flytte til utlandet er ikke bare en stressende opplevelse, men det vil ogs\u00e5 p\u00e5virke \u00f8konomien din. Det er viktig at du s\u00f8rger for at du har nok penger til flyttingen og at du har tilgang til dem. Hvis du ikke allerede har gjort det, b\u00f8r du unders\u00f8ke f\u00f8lgende <a href=\"https:\/\/moverdb.com\/nb\/international-money-transfer-services\/\" data-internallinksmanager029f6b8e52c=\"239\" title=\"11 beste internasjonale pengeoverf\u00f8ringstjenester i 2026\">pengeoverf\u00f8ring<\/a> tjenester.&nbsp;<\/span><\/p>\n<p><span style=\"font-weight: 400;\">\u00c5 snakke med dine eksisterende banker og overf\u00f8re pengene dine til en annen er en prosess som vil ta tid og muligens ogs\u00e5 en del papirarbeid. Hvis du f\u00f8lger tipsene som er skissert ovenfor, vil du ha b\u00e5de tiden og dokumentasjonen som trengs for \u00e5 sikre at dette h\u00e5ndteres raskt og smidig.&nbsp;<\/span><\/p>\n<p><span style=\"font-weight: 400;\">Alternativt kan det ogs\u00e5 ta flere uker \u00e5 opprette en lokal bankkonto i det nye bostedslandet, og det kreves ulike dokumenter avhengig av hvilket land det gjelder. Derfor b\u00f8r du s\u00f8rge for at dine eksisterende bankkort ikke har internasjonale gebyrer, eller skaffe deg et kredittkort uten slike gebyrer.&nbsp;<\/span><\/p>\n<p><span style=\"font-weight: 400;\">Det anbefales at du ogs\u00e5 har et n\u00f8dfond for en internasjonal flytting. Du vet aldri hva som kan skje og n\u00e5r noen ekstra utgifter kan oppst\u00e5, s\u00e5 \u00e5 spare opp p\u00e5 forh\u00e5nd vil gi deg den tryggheten du trenger for en stressfri flytting.&nbsp;<\/span><\/p>\n<h2><span class=\"ez-toc-section\" id=\"Research_International_Moving_Companies\"><\/span><b>Forskning p\u00e5 internasjonale flyttebyr\u00e5er<\/b><span class=\"ez-toc-section-end\"><\/span><\/h2>\n<p><span style=\"font-weight: 400;\">Det er ogs\u00e5 sv\u00e6rt viktig \u00e5 overf\u00f8re eiendelene dine trygt og sikkert over landegrensene. Noen ganger krysser flyttingen til og med hav for \u00e5 komme til det endelige bestemmelsesstedet, s\u00e5 det er viktig at du velger det beste alternativet for deg og budsjettet ditt. <\/span><\/p>\n<p><span style=\"font-weight: 400;\">Du kan be om tilbud og sammenligne priser mye p\u00e5 forh\u00e5nd, samt bestille for de dagene du vil at den skal ankomme, noe som vil sikre at du ikke venter i flere dager eller til og med uker uten eiendelene dine i det nye huset ditt. <\/span><\/p>\n<p><span style=\"font-weight: 400;\">Alt avhenger av hvor mange eiendeler du har, hvilket land du sender dem fra og hvor de skal, men her er en liste over noen av de mest vanlige <\/span><a href=\"https:\/\/moverdb.com\/nb\/flyttefirmaer\/\"><span style=\"font-weight: 400;\">de beste internasjonale flyttebyr\u00e5ene<\/span><\/a><span style=\"font-weight: 400;\">. Husk at hver flytting er forskjellig og personlig n\u00e5r du tar beslutningen, s\u00e5 s\u00f8rg for at det fungerer for deg!<\/span><\/p>\n<h2><span class=\"ez-toc-section\" id=\"Make_a_Packing_Checklist\"><\/span><b>Lag en sjekkliste for pakking<\/b><span class=\"ez-toc-section-end\"><\/span><\/h2>\n<p><span style=\"font-weight: 400;\">Som med alt annet, vil det \u00e5 starte p\u00e5 forh\u00e5nd holde deg organisert og ikke under tidspress. <\/span><\/p>\n<p><span style=\"font-weight: 400;\">N\u00e5r du begynner \u00e5 pakke for flyttingen din, er det viktig at du lager en pakkeliste over alle tingene som er involvert, leser nyttige tips og pakketriks samt kvitter deg med un\u00f8dvendige gjenstander. \u00c5 merke alt og holde deg til en tidsplan vil hjelpe deg med \u00e5 ha kontroll p\u00e5 ting, slik at pakking blir den ene tingen som blir morsommere i stedet for stressende gjennom hele denne lange og kompliserte prosessen.<\/span><\/p>\n<h2><span class=\"ez-toc-section\" id=\"Reach_Out_To_Providers\"><\/span><b>N\u00e5 ut til leverand\u00f8rer<\/b><span class=\"ez-toc-section-end\"><\/span><\/h2>\n<p><span style=\"font-weight: 400;\">N\u00e5 som flyttingen n\u00e6rmer seg, er det p\u00e5 tide \u00e5 kontakte de n\u00f8dvendige tjenesteleverand\u00f8rene for \u00e5 stenge kontoer og si opp abonnementer. S\u00f8rg for \u00e5 sende ut endelige m\u00e5leravlesninger, samle inn utest\u00e5ende kreditt, videresende posten din og la alle som trenger \u00e5 v\u00e6re klar over at du flytter. <\/span><\/p>\n<p><span style=\"font-weight: 400;\">Selv om noen av disse ikke kan gj\u00f8res mye p\u00e5 forh\u00e5nd, m\u00e5 du s\u00f8rge for at du ikke glemmer dem helt og venter til siste \u00f8yeblikk.&nbsp;<\/span><\/p>\n<h2><span class=\"ez-toc-section\" id=\"Familiarise_Yourself_With_The_Culture\"><\/span><b>Gj\u00f8r deg kjent med kulturen<\/b><span class=\"ez-toc-section-end\"><\/span><\/h2>\n<p><span style=\"font-weight: 400;\">Til slutt er det lurt \u00e5 v\u00e6re forberedt n\u00e5r du kommer frem til det endelige reisem\u00e5let og det nye hjemmet ditt. \u00c5 gj\u00f8re deg kjent med landets skikker, etikette og tradisjoner er et godt utgangspunkt, slik at du ikke ubevisst forn\u00e6rmer lokalbefolkningen de f\u00f8rste m\u00e5nedene etter at du har flyttet.&nbsp;<\/span><\/p>\n<h2><span class=\"ez-toc-section\" id=\"In_Conclusion\"><\/span><b>Avslutningsvis<\/b><span class=\"ez-toc-section-end\"><\/span><\/h2>\n<p><span style=\"font-weight: 400;\">Selv om vi ikke kan love at det ikke vil oppst\u00e5 hindringer og utfordringer underveis, h\u00e5per vi at hvis du f\u00f8lger disse nyttige tipsene, vil du kunne v\u00e6re forberedt p\u00e5 de fleste av de tingene som mest sannsynlig vil oppst\u00e5 i l\u00f8pet av den internasjonale flytteprosessen. <\/span><\/p>\n<p><span style=\"font-weight: 400;\">Det er ogs\u00e5 viktig \u00e5 huske og stadig minne deg selv p\u00e5 at det venter spennende tider p\u00e5 slutten av den!&nbsp;<\/span><\/p>","protected":false},"excerpt":{"rendered":"<p>Moving abroad is certainly an exciting time, packed with a lot of mixed emotions, but if you ever had to move home before, you would know that it is anything but a relaxing and pleasant experience. While a house move in your own country can be overwhelming at times, you can only imagine how difficult [&hellip;]<\/p>\n","protected":false},"author":1,"featured_media":5632,"parent":0,"menu_order":0,"comment_status":"closed","ping_status":"closed","template":"","meta":{"_genesis_hide_title":false,"_genesis_hide_breadcrumbs":false,"_genesis_hide_singular_image":false,"_genesis_hide_footer_widgets":false,"_genesis_custom_body_class":"","_genesis_custom_post_class":"","_genesis_layout":"","footnotes":""},"class_list":{"0":"post-5631","1":"page","2":"type-page","3":"status-publish","4":"has-post-thumbnail","6":"entry"},"_links":{"self":[{"href":"https:\/\/moverdb.com\/nb\/wp-json\/wp\/v2\/pages\/5631","targetHints":{"allow":["GET"]}}],"collection":[{"href":"https:\/\/moverdb.com\/nb\/wp-json\/wp\/v2\/pages"}],"about":[{"href":"https:\/\/moverdb.com\/nb\/wp-json\/wp\/v2\/types\/page"}],"author":[{"embeddable":true,"href":"https:\/\/moverdb.com\/nb\/wp-json\/wp\/v2\/users\/1"}],"replies":[{"embeddable":true,"href":"https:\/\/moverdb.com\/nb\/wp-json\/wp\/v2\/comments?post=5631"}],"version-history":[{"count":1,"href":"https:\/\/moverdb.com\/nb\/wp-json\/wp\/v2\/pages\/5631\/revisions"}],"predecessor-version":[{"id":5634,"href":"https:\/\/moverdb.com\/nb\/wp-json\/wp\/v2\/pages\/5631\/revisions\/5634"}],"wp:featuredmedia":[{"embeddable":true,"href":"https:\/\/moverdb.com\/nb\/wp-json\/wp\/v2\/media\/5632"}],"wp:attachment":[{"href":"https:\/\/moverdb.com\/nb\/wp-json\/wp\/v2\/media?parent=5631"}],"curies":[{"name":"wp","href":"https:\/\/api.w.org\/{rel}","templated":true}]}}