{"id":5527,"date":"2023-02-01T13:45:10","date_gmt":"2023-02-01T13:45:10","guid":{"rendered":"https:\/\/moverdb.com\/?page_id=5527"},"modified":"2026-01-08T15:29:15","modified_gmt":"2026-01-08T15:29:15","slug":"chile-moving-selskaper","status":"publish","type":"page","link":"https:\/\/moverdb.com\/nb\/moving-companies\/chile-moving-companies\/","title":{"rendered":"6 beste internasjonale flyttefirmaer i Chile"},"content":{"rendered":"<p>\u00c5 flytte kan v\u00e6re en travel og stressende tid, s\u00e6rlig hvis du flytter langt eller til et annet land. Det er her en <a href=\"https:\/\/moverdb.com\/nb\/moving-companies\/\" data-internallinksmanager029f6b8e52c=\"79\" title=\"Topp 25 internasjonale flyttebyr\u00e5er p\u00e5 nettet\">flyttefirma<\/a> kan bidra til \u00e5 redusere stresset ditt ved \u00e5 ta bort noe av arbeidsmengden. Nedenfor har vi satt sammen en liste over chilenske <a href=\"https:\/\/moverdb.com\/nb\/international-removals\/\" data-internallinksmanager029f6b8e52c=\"27\" title=\"De 36 beste internasjonale flyttebyr\u00e5ene i Storbritannia\">flyttebyr\u00e5er<\/a> som er medlemmer av <a href=\"https:\/\/moverdb.com\/nb\/iam\/\" data-internallinksmanager029f6b8e52c=\"23\" title=\"International Association of Movers (IAM) Forklaret\">International Association of Movers<\/a> (IAM) og\/eller <a href=\"https:\/\/moverdb.com\/nb\/fidi-faim\/\" data-internallinksmanager029f6b8e52c=\"16\" title=\"FIDI &amp; FAIM (FIDI-akkreditert internasjonal spedit\u00f8r) forklart\">FIDI<\/a> Accredited International Mover (FAIM) som kan hjelpe deg med flyttingen.<\/p>\n<div id=\"ez-toc-container\" class=\"ez-toc-v2_0_82_2 ez-toc-wrap-left counter-hierarchy ez-toc-counter ez-toc-transparent ez-toc-container-direction\">\n<div class=\"ez-toc-title-container\">\n<p class=\"ez-toc-title\" style=\"cursor:inherit\">Seksjoner<\/p>\n<span class=\"ez-toc-title-toggle\"><a href=\"#\" class=\"ez-toc-pull-right ez-toc-btn ez-toc-btn-xs ez-toc-btn-default ez-toc-toggle\" aria-label=\"Bytt innholdsfortegnelse\"><span class=\"ez-toc-js-icon-con\"><span class=\"\"><span class=\"eztoc-hide\" style=\"display:none;\">Toggle<\/span><span class=\"ez-toc-icon-toggle-span\"><svg style=\"fill: #999;color:#999\" xmlns=\"http:\/\/www.w3.org\/2000\/svg\" class=\"list-377408\" width=\"20px\" height=\"20px\" viewbox=\"0 0 24 24\" fill=\"none\"><path d=\"M6 6H4v2h2V6zm14 0H8v2h12V6zM4 11h2v2H4v-2zm16 0H8v2h12v-2zM4 16h2v2H4v-2zm16 0H8v2h12v-2z\" fill=\"currentColor\"><\/path><\/svg><svg style=\"fill: #999;color:#999\" class=\"arrow-unsorted-368013\" xmlns=\"http:\/\/www.w3.org\/2000\/svg\" width=\"10px\" height=\"10px\" viewbox=\"0 0 24 24\" version=\"1.2\" baseprofile=\"tiny\"><path d=\"M18.2 9.3l-6.2-6.3-6.2 6.3c-.2.2-.3.4-.3.7s.1.5.3.7c.2.2.4.3.7.3h11c.3 0 .5-.1.7-.3.2-.2.3-.5.3-.7s-.1-.5-.3-.7zM5.8 14.7l6.2 6.3 6.2-6.3c.2-.2.3-.5.3-.7s-.1-.5-.3-.7c-.2-.2-.4-.3-.7-.3h-11c-.3 0-.5.1-.7.3-.2.2-.3.5-.3.7s.1.5.3.7z\"\/><\/svg><\/span><\/span><\/span><\/a><\/span><\/div>\n<nav><ul class='ez-toc-list ez-toc-list-level-1 eztoc-toggle-hide-by-default' ><li class='ez-toc-page-1 ez-toc-heading-level-2'><a class=\"ez-toc-link ez-toc-heading-1\" href=\"https:\/\/moverdb.com\/nb\/moving-companies\/chile-moving-companies\/#1_Unipack\" >1. Unipack<\/a><\/li><li class='ez-toc-page-1 ez-toc-heading-level-2'><a class=\"ez-toc-link ez-toc-heading-2\" href=\"https:\/\/moverdb.com\/nb\/moving-companies\/chile-moving-companies\/#2_Atlas_International_Movers\" >2. Atlas International Movers<\/a><\/li><li class='ez-toc-page-1 ez-toc-heading-level-2'><a class=\"ez-toc-link ez-toc-heading-3\" href=\"https:\/\/moverdb.com\/nb\/moving-companies\/chile-moving-companies\/#3_Decapack\" >3. Decapack<\/a><\/li><li class='ez-toc-page-1 ez-toc-heading-level-2'><a class=\"ez-toc-link ez-toc-heading-4\" href=\"https:\/\/moverdb.com\/nb\/moving-companies\/chile-moving-companies\/#4_Global_Alliance_International\" >4. Global Alliance International<\/a><\/li><li class='ez-toc-page-1 ez-toc-heading-level-2'><a class=\"ez-toc-link ez-toc-heading-5\" href=\"https:\/\/moverdb.com\/nb\/moving-companies\/chile-moving-companies\/#5_REMSSA\" >5. REMSSA<\/a><\/li><li class='ez-toc-page-1 ez-toc-heading-level-2'><a class=\"ez-toc-link ez-toc-heading-6\" href=\"https:\/\/moverdb.com\/nb\/moving-companies\/chile-moving-companies\/#6_Ward_Van_Lines\" >6. Ward Van Lines<\/a><\/li><li class='ez-toc-page-1 ez-toc-heading-level-2'><a class=\"ez-toc-link ez-toc-heading-7\" href=\"https:\/\/moverdb.com\/nb\/moving-companies\/chile-moving-companies\/#Other_Useful_Guides_to_Chile\" >Andre nyttige guider til Chile<\/a><\/li><\/ul><\/nav><\/div>\n<h2><span class=\"ez-toc-section\" id=\"1_Unipack\"><\/span><strong>1. Unipack<\/strong><span class=\"ez-toc-section-end\"><\/span><\/h2>\n<p><img loading=\"lazy\" decoding=\"async\" class=\"alignnone size-full wp-image-5496\" src=\"https:\/\/moverdb.com\/wp-content\/uploads\/Unipack-international-moving-company.png\" alt=\"Unipack internasjonalt flyttebyr\u00e5\" width=\"1440\" height=\"683\" data-wp-pid=\"5496\" srcset=\"https:\/\/moverdb.com\/wp-content\/uploads\/Unipack-international-moving-company.png 1440w, https:\/\/moverdb.com\/wp-content\/uploads\/Unipack-international-moving-company-300x142.png 300w, https:\/\/moverdb.com\/wp-content\/uploads\/Unipack-international-moving-company-1024x486.png 1024w, https:\/\/moverdb.com\/wp-content\/uploads\/Unipack-international-moving-company-18x9.png 18w, https:\/\/moverdb.com\/wp-content\/uploads\/Unipack-international-moving-company-600x285.png 600w\" sizes=\"auto, (max-width: 1440px) 100vw, 1440px\" \/><\/p>\n<ul>\n<li>Nasjonale tiltak<\/li>\n<li>Internasjonale flyttinger<\/li>\n<li>Flytting av husholdninger<\/li>\n<li>Inspeksjon i hjemmet<\/li>\n<li>Pakke- og utpakkingstjeneste<\/li>\n<li>Demontere og montere m\u00f8bler<\/li>\n<li>Land-, sj\u00f8- og lufttransport<\/li>\n<li>Dokumentasjonsst\u00f8tte<\/li>\n<li>Transport av kj\u00e6ledyr<\/li>\n<li>Kort til langvarig lagring<\/li>\n<\/ul>\n<p>Unipack er en nasjonal og internasjonal flyttetjeneste som ble grunnlagt i 1993 i Santiago. De har et nettverk av agenter over hele verden som hjelper dem med internasjonale flyttinger p\u00e5 fem kontinenter. De er medlem av IAM med 29 \u00e5rs erfaring og er akkreditert av FIDI.<\/p>\n<p>Unipack bruker de nyeste emballasje- og transportteknikkene samt materialene for \u00e5 levere trygge flyttinger for sine kunder. Prosessen deres starter med en inspeksjon i hjemmet, og dokumenter blir diskutert. De pakker, demonterer m\u00f8blene dine og ordner transport med bil, fly og b\u00e5t, og pakker deretter ut og monterer m\u00f8blene dine p\u00e5 bestemmelsesstedet. De vil hjelpe deg med dokumentasjon, inkludert fortolling.<\/p>\n<p>Nettsted: <a href=\"http:\/\/www.unipack.cl\" target=\"_blank\" rel=\"noopener\">http:\/\/www.unipack.cl<\/a><\/p>\n<h2><span class=\"ez-toc-section\" id=\"2_Atlas_International_Movers\"><\/span><strong>2. Atlas International Movers<\/strong><span class=\"ez-toc-section-end\"><\/span><\/h2>\n<p><img loading=\"lazy\" decoding=\"async\" class=\"alignnone size-full wp-image-5415\" src=\"https:\/\/moverdb.com\/wp-content\/uploads\/Atlas-International-Movers-moving-company.png\" alt=\"Atlas International Movers flyttebyr\u00e5\" width=\"1440\" height=\"682\" data-wp-pid=\"5415\" srcset=\"https:\/\/moverdb.com\/wp-content\/uploads\/Atlas-International-Movers-moving-company.png 1440w, https:\/\/moverdb.com\/wp-content\/uploads\/Atlas-International-Movers-moving-company-300x142.png 300w, https:\/\/moverdb.com\/wp-content\/uploads\/Atlas-International-Movers-moving-company-1024x485.png 1024w, https:\/\/moverdb.com\/wp-content\/uploads\/Atlas-International-Movers-moving-company-18x9.png 18w, https:\/\/moverdb.com\/wp-content\/uploads\/Atlas-International-Movers-moving-company-600x284.png 600w\" sizes=\"auto, (max-width: 1440px) 100vw, 1440px\" \/><\/p>\n<ul>\n<li>Nasjonale tiltak<\/li>\n<li>Internasjonale flyttinger<\/li>\n<li>Flytting av husholdninger<\/li>\n<li>Flytting av kontorer<\/li>\n<li>D\u00f8r-til-d\u00f8r-tjeneste<\/li>\n<li>Pakketjeneste av h\u00f8y kvalitet<\/li>\n<li>Land-, sj\u00f8- og luftfrakt<\/li>\n<li>Transport av kunstverk<\/li>\n<li>Biltransport<\/li>\n<li>Anlegg for kort- og langtidslagring<\/li>\n<\/ul>\n<p>Atlas International Movers har mer enn 25 \u00e5rs erfaring med flytting av boliger og kontorer i <a href=\"https:\/\/moverdb.com\/nb\/moving-to-chile\/\" data-internallinksmanager029f6b8e52c=\"426\" title=\"Flytter du til Chile? 2023 Levekostnader og flyttetips\">Chile<\/a> og til eller fra Chile. De samarbeider med et nettverk av p\u00e5litelige flytteagenter over hele verden for \u00e5 gjennomf\u00f8re internasjonale flyttinger. De er medlem av IAM med 16 \u00e5rs erfaring.<\/p>\n<p>Atlas International Movers tilbyr hjemmebes\u00f8k for \u00e5 vurdere dine behov og vil veilede deg gjennom prosessen og dokumentasjonen. De vil s\u00f8rge for oppl\u00e6rt personell som pakker eiendelene dine etter en h\u00f8y standard for \u00e5 beskytte dem under transport til lands, til vanns eller i luften. De vil hjelpe deg med tolldokumentasjon ved import og eksport.<\/p>\n<p>Nettsted: <a href=\"http:\/\/www.atlasinternationalchile.cl\" target=\"_blank\" rel=\"noopener\">http:\/\/www.atlasinternationalchile.cl<\/a><\/p>\n<h2><span class=\"ez-toc-section\" id=\"3_Decapack\"><\/span><strong>3. Decapack<\/strong><span class=\"ez-toc-section-end\"><\/span><\/h2>\n<p><img loading=\"lazy\" decoding=\"async\" class=\"alignnone size-full wp-image-5430\" src=\"https:\/\/moverdb.com\/wp-content\/uploads\/Decapack-international-moving-company.png\" alt=\"Decapack internasjonalt flyttebyr\u00e5\" width=\"1440\" height=\"680\" data-wp-pid=\"5430\" srcset=\"https:\/\/moverdb.com\/wp-content\/uploads\/Decapack-international-moving-company.png 1440w, https:\/\/moverdb.com\/wp-content\/uploads\/Decapack-international-moving-company-300x142.png 300w, https:\/\/moverdb.com\/wp-content\/uploads\/Decapack-international-moving-company-1024x484.png 1024w, https:\/\/moverdb.com\/wp-content\/uploads\/Decapack-international-moving-company-18x9.png 18w, https:\/\/moverdb.com\/wp-content\/uploads\/Decapack-international-moving-company-600x283.png 600w\" sizes=\"auto, (max-width: 1440px) 100vw, 1440px\" \/><\/p>\n<ul>\n<li>Nasjonale tiltak<\/li>\n<li>Internasjonale flyttinger<\/li>\n<li>Flytting av boliger<\/li>\n<li>Flytting av kontorer<\/li>\n<li>Flyttetjeneste<\/li>\n<li>D\u00f8r-til-d\u00f8r-tjeneste<\/li>\n<li>Pakketjeneste<\/li>\n<li>Forsikring<\/li>\n<li>Spesialisttjeneste for kunstverk<\/li>\n<li>Kort til langvarig lagring<\/li>\n<\/ul>\n<p>Decapack er et utenlandsk og internasjonalt flyttebyr\u00e5 med base i Santiago som ble grunnlagt i 1942. De har kontorer i San Antonio og Valparaiso. <a href=\"https:\/\/moverdb.com\/nb\/top-49-container-ports\/\" data-internallinksmanager029f6b8e52c=\"80\" title=\"De 49 st\u00f8rste og travleste containerhavnene i 2025\">havner<\/a> og Santiago internasjonale lufthavn. De er medlem av IAM med 52 \u00e5rs erfaring og er akkreditert av FIDI.<\/p>\n<p>Decapack tilbyr en d\u00f8r-til-d\u00f8r-tjeneste som starter med \u00e5 arrangere et estimatbes\u00f8k personlig eller virtuelt for \u00e5 vurdere dine behov. De vil gi personlige r\u00e5d fra en utpekt koordinator som vil hjelpe deg med papirarbeidet og dokumentasjonen. De tilbyr en pakketjeneste for \u00e5 beskytte eiendelene dine og forsikring for \u00e5 beskytte mot det uventede.<\/p>\n<p>Nettsted: <a href=\"http:\/\/www.decapack.com\" target=\"_blank\" rel=\"noopener\">http:\/\/www.decapack.com<\/a><\/p>\n<h2><span class=\"ez-toc-section\" id=\"4_Global_Alliance_International\"><\/span><strong>4. Global Alliance International<\/strong><span class=\"ez-toc-section-end\"><\/span><\/h2>\n<p><img loading=\"lazy\" decoding=\"async\" class=\"alignnone size-full wp-image-5441\" src=\"https:\/\/moverdb.com\/wp-content\/uploads\/Global-Alliance-International-moving-company.png\" alt=\"Global Alliance International flyttebyr\u00e5\" width=\"1440\" height=\"677\" data-wp-pid=\"5441\" srcset=\"https:\/\/moverdb.com\/wp-content\/uploads\/Global-Alliance-International-moving-company.png 1440w, https:\/\/moverdb.com\/wp-content\/uploads\/Global-Alliance-International-moving-company-300x141.png 300w, https:\/\/moverdb.com\/wp-content\/uploads\/Global-Alliance-International-moving-company-1024x481.png 1024w, https:\/\/moverdb.com\/wp-content\/uploads\/Global-Alliance-International-moving-company-18x8.png 18w, https:\/\/moverdb.com\/wp-content\/uploads\/Global-Alliance-International-moving-company-600x282.png 600w\" sizes=\"auto, (max-width: 1440px) 100vw, 1440px\" \/><\/p>\n<ul>\n<li>Nasjonale tiltak<\/li>\n<li>Internasjonale flyttinger<\/li>\n<li>Flytting av boliger<\/li>\n<li>Bedriftsbevegelser<\/li>\n<li>H\u00f8yt utdannet personale<\/li>\n<li>Komplett pakkingstjeneste<\/li>\n<li>Land-, sj\u00f8- og lufttransport<\/li>\n<li>Tollst\u00f8tte<\/li>\n<li>Transport av kj\u00e6ledyr<\/li>\n<li>Midlertidige og permanente lagringsl\u00f8sninger<\/li>\n<\/ul>\n<p>Global Alliance International er et chilensk flyttebyr\u00e5 som ble grunnlagt i 1995 og er et datterselskap av Express Movers Transportes. De samarbeider med flyttebyr\u00e5er p\u00e5 destinasjonen for \u00e5 gjennomf\u00f8re internasjonale flyttinger. De er medlem av IAM med 16 \u00e5rs fartstid.<\/p>\n<p>Global Alliance International vil stille et team av pakkere til r\u00e5dighet for \u00e5 demontere og pakke alle eiendelene dine ved hjelp av de mest hensiktsmessige pakkematerialene for \u00e5 beskytte dem og spesialiserte esker. De vil ogs\u00e5 s\u00f8rge for en oversikt, merkede esker og containere for frakt p\u00e5 land, luft eller sj\u00f8, og st\u00f8tte med tolldokumentasjon. De tilbyr ogs\u00e5 midlertidige og permanente lagringsl\u00f8sninger.<\/p>\n<p>Nettsted: <a href=\"http:\/\/www.globalalliancechile.com\" target=\"_blank\" rel=\"noopener\">http:\/\/www.globalalliancechile.com<\/a><\/p>\n<h2><span class=\"ez-toc-section\" id=\"5_REMSSA\"><\/span><strong>5. REMSSA<\/strong><span class=\"ez-toc-section-end\"><\/span><\/h2>\n<p><img loading=\"lazy\" decoding=\"async\" class=\"alignnone size-full wp-image-5482\" src=\"https:\/\/moverdb.com\/wp-content\/uploads\/REMSSA-international-moving-company.png\" alt=\"REMSSA internasjonalt flyttebyr\u00e5\" width=\"1440\" height=\"683\" data-wp-pid=\"5482\" srcset=\"https:\/\/moverdb.com\/wp-content\/uploads\/REMSSA-international-moving-company.png 1440w, https:\/\/moverdb.com\/wp-content\/uploads\/REMSSA-international-moving-company-300x142.png 300w, https:\/\/moverdb.com\/wp-content\/uploads\/REMSSA-international-moving-company-1024x486.png 1024w, https:\/\/moverdb.com\/wp-content\/uploads\/REMSSA-international-moving-company-18x9.png 18w, https:\/\/moverdb.com\/wp-content\/uploads\/REMSSA-international-moving-company-600x285.png 600w\" sizes=\"auto, (max-width: 1440px) 100vw, 1440px\" \/><\/p>\n<ul>\n<li>Nasjonale tiltak<\/li>\n<li>Internasjonale flyttinger<\/li>\n<li>Flytting av boliger<\/li>\n<li>Flytting av kontorer<\/li>\n<li>Flytting<\/li>\n<li>D\u00f8r-til-d\u00f8r-tjeneste<\/li>\n<li>Pakketjeneste<\/li>\n<li>Transport av kunstverk<\/li>\n<li>Transport av kj\u00e6ledyr<\/li>\n<li>Sikre lagringsfasiliteter<\/li>\n<\/ul>\n<p>REMSSA er et flyttebyr\u00e5 i Santiago som ble grunnlagt i 2000 og har filialer p\u00e5 flyplasser og i havner over hele Chile. De tilbyr nasjonale og internasjonale flyttetjenester til husholdninger og bedriftskunder. De er medlem av IAM med 22 \u00e5rs fartstid.<\/p>\n<p>REMSSA tilbyr en personlig flyttetjeneste som s\u00f8rger for d\u00f8r-til-d\u00f8r-levering av din flytting eller relokalisering. De tilbyr pakking, lasting og utpakking med industriell emballasje for \u00e5 beskytte godset under transport. De tilbyr ogs\u00e5 spesialiserte tjenester for immigrasjonsst\u00f8tte, transport av kunstverk, transport av kj\u00e6ledyr og sikre lagringsfasiliteter om n\u00f8dvendig.<\/p>\n<p>Nettsted: <a href=\"http:\/\/www.remssa.cl\" target=\"_blank\" rel=\"noopener\">http:\/\/www.remssa.cl<\/a><\/p>\n<h2><span class=\"ez-toc-section\" id=\"6_Ward_Van_Lines\"><\/span><strong>6. Ward Van Lines<\/strong><span class=\"ez-toc-section-end\"><\/span><\/h2>\n<p><img loading=\"lazy\" decoding=\"async\" class=\"alignnone size-full wp-image-5499\" src=\"https:\/\/moverdb.com\/wp-content\/uploads\/Ward-Van-Lines-international-moving-company.png\" alt=\"Ward Van Lines internasjonale flyttebyr\u00e5\" width=\"1440\" height=\"680\" data-wp-pid=\"5499\" srcset=\"https:\/\/moverdb.com\/wp-content\/uploads\/Ward-Van-Lines-international-moving-company.png 1440w, https:\/\/moverdb.com\/wp-content\/uploads\/Ward-Van-Lines-international-moving-company-300x142.png 300w, https:\/\/moverdb.com\/wp-content\/uploads\/Ward-Van-Lines-international-moving-company-1024x484.png 1024w, https:\/\/moverdb.com\/wp-content\/uploads\/Ward-Van-Lines-international-moving-company-18x9.png 18w, https:\/\/moverdb.com\/wp-content\/uploads\/Ward-Van-Lines-international-moving-company-600x283.png 600w\" sizes=\"auto, (max-width: 1440px) 100vw, 1440px\" \/><\/p>\n<ul>\n<li>Nasjonale tiltak<\/li>\n<li>Internasjonale flyttinger<\/li>\n<li>Personlig tilpasset tjeneste<\/li>\n<li>Pakketjeneste med bruk av f\u00f8rsteklasses materialer<\/li>\n<li>Demontere og montere m\u00f8bler<\/li>\n<li>Merking av gjenstander for kontinuerlig sporing<\/li>\n<li>Spor flyttingen din med GPS-sporing<\/li>\n<li>Eksportdokumentasjon, inkludert tollklarering<\/li>\n<li>Forsikring<\/li>\n<li>Sikre lagringsfasiliteter<\/li>\n<\/ul>\n<p>Ward Van Lines er et internasjonalt og nasjonalt flytteselskap som ble grunnlagt i 1969. De har hovedkontor i Santiago og kontorer i de viktigste havnene, inkludert Valparaiso og San Antonio. De er medlem av IAM med 53 \u00e5rs erfaring og er akkreditert av FIDI.<\/p>\n<p>Ward Van Lines tilbyr en personlig d\u00f8r-til-d\u00f8r-tjeneste som bruker f\u00f8rsteklasses materialer for \u00e5 pakke eiendelene dine trygt og bruker trekasser til skj\u00f8re gjenstander. De lager en oversikt og merker alle gjenstandene dine med unike strekkoder for \u00e5 identifisere eiendelene dine. Lastebilene deres har GPS-sporing som gj\u00f8r at du kan spore eiendelene dine d\u00f8gnet rundt.<\/p>\n<p>Nettsted: <a href=\"http:\/\/www.wardvanlines.com\" target=\"_blank\" rel=\"noopener\">http:\/\/www.wardvanlines.com<\/a><\/p>\n<h2><span class=\"ez-toc-section\" id=\"Other_Useful_Guides_to_Chile\"><\/span>Andre nyttige guider til Chile<span class=\"ez-toc-section-end\"><\/span><\/h2>\n<ul>\n<li> <a href=\"https:\/\/moverdb.com\/nb\/containertransport\/chile\/\">2024 Fraktpriser for containerfrakt til og fra Chile<\/a><\/li>\n<li> <a href=\"https:\/\/moverdb.com\/nb\/moving-to-chile\/\">Flytter du til Chile? 2023 Levekostnader og flyttetips<\/a><\/li>\n<li> <a href=\"https:\/\/moverdb.com\/nb\/moving-to-chile\/best-places-to-live-chile\/\">De 12 beste stedene \u00e5 bo i Chile<\/a><\/li>\n<\/ul>","protected":false},"excerpt":{"rendered":"<p>Moving can be a busy and stressful time especially in you are moving long distance or to another country. This is where a moving company can help reduce your stress by taking away some of the workload. Below we have compiled a list of Chilean removal companies that are members of the International Association of [&hellip;]<\/p>\n","protected":false},"author":4,"featured_media":0,"parent":190,"menu_order":0,"comment_status":"closed","ping_status":"closed","template":"","meta":{"_genesis_hide_title":false,"_genesis_hide_breadcrumbs":false,"_genesis_hide_singular_image":false,"_genesis_hide_footer_widgets":false,"_genesis_custom_body_class":"","_genesis_custom_post_class":"","_genesis_layout":"","footnotes":""},"class_list":{"0":"post-5527","1":"page","2":"type-page","3":"status-publish","5":"entry","6":"has-post-thumbnail"},"_links":{"self":[{"href":"https:\/\/moverdb.com\/nb\/wp-json\/wp\/v2\/pages\/5527","targetHints":{"allow":["GET"]}}],"collection":[{"href":"https:\/\/moverdb.com\/nb\/wp-json\/wp\/v2\/pages"}],"about":[{"href":"https:\/\/moverdb.com\/nb\/wp-json\/wp\/v2\/types\/page"}],"author":[{"embeddable":true,"href":"https:\/\/moverdb.com\/nb\/wp-json\/wp\/v2\/users\/4"}],"replies":[{"embeddable":true,"href":"https:\/\/moverdb.com\/nb\/wp-json\/wp\/v2\/comments?post=5527"}],"version-history":[{"count":4,"href":"https:\/\/moverdb.com\/nb\/wp-json\/wp\/v2\/pages\/5527\/revisions"}],"predecessor-version":[{"id":16390,"href":"https:\/\/moverdb.com\/nb\/wp-json\/wp\/v2\/pages\/5527\/revisions\/16390"}],"up":[{"embeddable":true,"href":"https:\/\/moverdb.com\/nb\/wp-json\/wp\/v2\/pages\/190"}],"wp:attachment":[{"href":"https:\/\/moverdb.com\/nb\/wp-json\/wp\/v2\/media?parent=5527"}],"curies":[{"name":"wp","href":"https:\/\/api.w.org\/{rel}","templated":true}]}}