{"id":5518,"date":"2023-02-01T13:53:00","date_gmt":"2023-02-01T13:53:00","guid":{"rendered":"https:\/\/moverdb.com\/?page_id=5518"},"modified":"2026-05-15T15:00:41","modified_gmt":"2026-05-15T15:00:41","slug":"burkina-faso-flytting-selskaper","status":"publish","type":"page","link":"https:\/\/moverdb.com\/nb\/moving-companies\/burkina-faso-moving-companies\/","title":{"rendered":"Beste internasjonale flyttefirmaer i Burkina Faso"},"content":{"rendered":"<p>Hvis du planlegger en flytting i Burkina Faso, eller flytter til eller fra Burkina Faso, kan det v\u00e6re nyttig \u00e5 f\u00e5 hjelp av et flyttebyr\u00e5. Et flyttefirma kan lette belastningen fysisk og mentalt, spesielt hvis du flytter land. Nedenfor har vi samlet en liste over Burkina Faso <a href=\"https:\/\/moverdb.com\/nb\/moving-companies\/\" data-internallinksmanager029f6b8e52c=\"79\" title=\"Topp 25 internasjonale flyttebyr\u00e5er p\u00e5 nettet\">flyttefirmaer<\/a> som er medlemmer av <a href=\"https:\/\/moverdb.com\/nb\/iam\/\" data-internallinksmanager029f6b8e52c=\"23\" title=\"International Association of Movers (IAM) Forklaret\">International Association of Movers<\/a> (IAM) som kan hjelpe deg.<\/p>\n<p><strong>Move One<\/strong><\/p>\n<p><img loading=\"lazy\" decoding=\"async\" class=\"alignnone size-full wp-image-5461\" src=\"https:\/\/moverdb.com\/wp-content\/uploads\/Move-One-international-moving-company.png\" alt=\"Move One internasjonalt flyttebyr\u00e5\" width=\"1440\" height=\"680\" data-wp-pid=\"5461\" srcset=\"https:\/\/moverdb.com\/wp-content\/uploads\/Move-One-international-moving-company.png 1440w, https:\/\/moverdb.com\/wp-content\/uploads\/Move-One-international-moving-company-300x142.png 300w, https:\/\/moverdb.com\/wp-content\/uploads\/Move-One-international-moving-company-1024x484.png 1024w, https:\/\/moverdb.com\/wp-content\/uploads\/Move-One-international-moving-company-18x9.png 18w, https:\/\/moverdb.com\/wp-content\/uploads\/Move-One-international-moving-company-600x283.png 600w\" sizes=\"auto, (max-width: 1440px) 100vw, 1440px\" \/><\/p>\n<ul>\n<li>Internasjonale flyttinger<\/li>\n<li>Flyttinger<\/li>\n<li>Flytting av boliger<\/li>\n<li>Flytting av kontorer<\/li>\n<li>St\u00f8tte til innvandring<\/li>\n<li>Oppl\u00e6rt og profesjonelt personale<\/li>\n<li>Transport av kj\u00e6ledyr<\/li>\n<li>Hjelp til \u00e5 finne bolig og skoler<\/li>\n<li>Bosetting i tjenester<\/li>\n<li>Lagringsanlegg<\/li>\n<\/ul>\n<p>Move One er et flyttebyr\u00e5 etablert i 1992 med en filial i Oagadougou som tilbyr logistikk, flytting og globale mobilitetsl\u00f8sninger. De hevder \u00e5 v\u00e6re markedsledende i Europa, Afrika, Midt\u00f8sten, Balkan og SUS. De er medlem av IAM med 23 \u00e5rs fartstid. De er en del av et nettverk av internasjonale flyttebyr\u00e5er som tilbyr internasjonale flyttinger.<\/p>\n<p>Move One tilbyr flytting, flyttetjenester og relokaliseringstjenester som inkluderer profesjonell st\u00f8tte fra oppl\u00e6rt personale som vil hjelpe deg med flyttingen og kan gi innvandringsst\u00f8tte for \u00e5 navigere i byr\u00e5kratiet. De kan hjelpe deg med transport av kj\u00e6ledyr, med \u00e5 finne bolig og skoler.<\/p>\n<p>Nettsted: <a href=\"https:\/\/www.moveoneinc.com\/\" target=\"_blank\" rel=\"noopener\">https:\/\/www.moveoneinc.com\/<\/a><\/p>","protected":false},"excerpt":{"rendered":"<p>If you are planning a move in Burkina Faso, or moving to or from Burkina Faso then enlisting the assistance of a moving company can help. A moving company can lighten the load physical and mentally especially if you are moving countries. Below we have compiled a list of Burkina Faso moving companies that are [&hellip;]<\/p>\n","protected":false},"author":4,"featured_media":0,"parent":190,"menu_order":0,"comment_status":"closed","ping_status":"closed","template":"","meta":{"_genesis_hide_title":false,"_genesis_hide_breadcrumbs":false,"_genesis_hide_singular_image":false,"_genesis_hide_footer_widgets":false,"_genesis_custom_body_class":"","_genesis_custom_post_class":"","_genesis_layout":"","footnotes":""},"class_list":{"0":"post-5518","1":"page","2":"type-page","3":"status-publish","5":"entry"},"_links":{"self":[{"href":"https:\/\/moverdb.com\/nb\/wp-json\/wp\/v2\/pages\/5518","targetHints":{"allow":["GET"]}}],"collection":[{"href":"https:\/\/moverdb.com\/nb\/wp-json\/wp\/v2\/pages"}],"about":[{"href":"https:\/\/moverdb.com\/nb\/wp-json\/wp\/v2\/types\/page"}],"author":[{"embeddable":true,"href":"https:\/\/moverdb.com\/nb\/wp-json\/wp\/v2\/users\/4"}],"replies":[{"embeddable":true,"href":"https:\/\/moverdb.com\/nb\/wp-json\/wp\/v2\/comments?post=5518"}],"version-history":[{"count":1,"href":"https:\/\/moverdb.com\/nb\/wp-json\/wp\/v2\/pages\/5518\/revisions"}],"predecessor-version":[{"id":5519,"href":"https:\/\/moverdb.com\/nb\/wp-json\/wp\/v2\/pages\/5518\/revisions\/5519"}],"up":[{"embeddable":true,"href":"https:\/\/moverdb.com\/nb\/wp-json\/wp\/v2\/pages\/190"}],"wp:attachment":[{"href":"https:\/\/moverdb.com\/nb\/wp-json\/wp\/v2\/media?parent=5518"}],"curies":[{"name":"wp","href":"https:\/\/api.w.org\/{rel}","templated":true}]}}