{"id":5510,"date":"2023-02-01T12:32:51","date_gmt":"2023-02-01T12:32:51","guid":{"rendered":"https:\/\/moverdb.com\/?page_id=5510"},"modified":"2026-01-08T15:23:39","modified_gmt":"2026-01-08T15:23:39","slug":"bulgaria-flytting-selskaper","status":"publish","type":"page","link":"https:\/\/moverdb.com\/nb\/moving-companies\/bulgaria-moving-companies\/","title":{"rendered":"2 beste internasjonale flyttefirmaer i Bulgaria"},"content":{"rendered":"<p>Hvis du flytter hjem eller virksomheten din i <a href=\"https:\/\/moverdb.com\/nb\/moving-to-bulgaria\/\" data-internallinksmanager029f6b8e52c=\"322\" title=\"Flytte til Bulgaria? 2023 Levekostnader og flyttetips\">Bulgaria<\/a>, eller flytter til eller fra Bulgaria, kan det v\u00e6re lurt \u00e5 engasjere tjenestene til en <a href=\"https:\/\/moverdb.com\/nb\/moving-companies\/\" data-internallinksmanager029f6b8e52c=\"79\" title=\"Topp 25 internasjonale flyttebyr\u00e5er p\u00e5 nettet\">flyttefirma<\/a> for \u00e5 redusere arbeidsmengden. Nedenfor har vi samlet en liste over bulgarske <a href=\"https:\/\/moverdb.com\/nb\/international-removals\/\" data-internallinksmanager029f6b8e52c=\"27\" title=\"De 36 beste internasjonale flyttebyr\u00e5ene i Storbritannia\">flyttebyr\u00e5er<\/a> som er medlemmer av <a href=\"https:\/\/moverdb.com\/nb\/iam\/\" data-internallinksmanager029f6b8e52c=\"23\" title=\"International Association of Movers (IAM) Forklaret\">International Association of Movers<\/a> (IAM) og\/eller <a href=\"https:\/\/moverdb.com\/nb\/fidi-faim\/\" data-internallinksmanager029f6b8e52c=\"16\" title=\"FIDI &amp; FAIM (FIDI-akkreditert internasjonal spedit\u00f8r) forklart\">FIDI<\/a> Accredited International Mover (FAIM) som kan hjelpe deg.<\/p>\n<h2><strong>1. Movega<\/strong><\/h2>\n<p><img loading=\"lazy\" decoding=\"async\" class=\"alignnone size-full wp-image-5463\" src=\"https:\/\/moverdb.com\/wp-content\/uploads\/Movega-international-moving-company.png\" alt=\"Movega internasjonalt flyttebyr\u00e5\" width=\"1440\" height=\"678\" data-wp-pid=\"5463\" srcset=\"https:\/\/moverdb.com\/wp-content\/uploads\/Movega-international-moving-company.png 1440w, https:\/\/moverdb.com\/wp-content\/uploads\/Movega-international-moving-company-300x141.png 300w, https:\/\/moverdb.com\/wp-content\/uploads\/Movega-international-moving-company-1024x482.png 1024w, https:\/\/moverdb.com\/wp-content\/uploads\/Movega-international-moving-company-18x8.png 18w, https:\/\/moverdb.com\/wp-content\/uploads\/Movega-international-moving-company-600x283.png 600w\" sizes=\"auto, (max-width: 1440px) 100vw, 1440px\" \/><\/p>\n<ul>\n<li>Nasjonale tiltak<\/li>\n<li>Europeiske flyttinger<\/li>\n<li>Flytting av husholdninger<\/li>\n<li>Flytting av kontorer<\/li>\n<li>Full- og dellasttjenester<\/li>\n<li>Rabatter ved bestilling av flere biler<\/li>\n<li>Pakking og utpakking<\/li>\n<li>Nettbasert unders\u00f8kelsesplattform for \u00e5 vurdere dine behov<\/li>\n<li>Kan gi et eksternt l\u00f8ft<\/li>\n<li>Lagringsl\u00f8sninger<\/li>\n<\/ul>\n<p>Movega er et flyttebyr\u00e5 i Varna som tilbyr flyttetjenester i Bulgaria og Europa. De samarbeider med flyttepartnere for \u00e5 tilby sine tjenester internasjonalt. De tar seg av husholdninger og kontorflyttinger, og de er medlem av IAM med 2 \u00e5rs fartstid.<\/p>\n<p>Movega tilbyr et utvalg av flyttetjenester som gj\u00f8r at du kan bruke en hel eller delvis last eller f\u00e5 rabatter for flere kj\u00f8ret\u00f8y. De hjelper deg med \u00e5 vurdere flyttebehovene dine ved hjelp av deres nettbaserte unders\u00f8kelsesplattform. De tilbyr transporttjenester samt komplette pakke- og utpakkingstjenester. De har en variert fl\u00e5te, inkludert en utvendig heis for \u00e5 f\u00e5 store m\u00f8bler gjennom vinduer og balkonger.<\/p>\n<p>Nettsted: <a href=\"http:\/\/movega.co.uk\" target=\"_blank\" rel=\"noopener\">http:\/\/movega.co.uk<\/a><\/p>\n<h2><strong>2. Bane<\/strong><\/h2>\n<p><img loading=\"lazy\" decoding=\"async\" class=\"alignnone size-full wp-image-5470\" src=\"https:\/\/moverdb.com\/wp-content\/uploads\/Orbit-international-moving-company.png\" alt=\"Orbit internasjonalt flyttebyr\u00e5\" width=\"1440\" height=\"684\" data-wp-pid=\"5470\" srcset=\"https:\/\/moverdb.com\/wp-content\/uploads\/Orbit-international-moving-company.png 1440w, https:\/\/moverdb.com\/wp-content\/uploads\/Orbit-international-moving-company-300x143.png 300w, https:\/\/moverdb.com\/wp-content\/uploads\/Orbit-international-moving-company-1024x486.png 1024w, https:\/\/moverdb.com\/wp-content\/uploads\/Orbit-international-moving-company-18x9.png 18w, https:\/\/moverdb.com\/wp-content\/uploads\/Orbit-international-moving-company-600x285.png 600w\" sizes=\"auto, (max-width: 1440px) 100vw, 1440px\" \/><\/p>\n<ul>\n<li>Nasjonale tiltak<\/li>\n<li>Internasjonale flyttinger<\/li>\n<li>Flytting av husholdninger<\/li>\n<li>Kommersiell logistikk<\/li>\n<li>Persontilpasset tiln\u00e6rming<\/li>\n<li>Land-, sj\u00f8- og lufttransport<\/li>\n<li>Tolletaten<\/li>\n<li>Pakking og utpakking<\/li>\n<li>Transport av kunst<\/li>\n<li>Transportsporing og forsikring<\/li>\n<\/ul>\n<p>Orbit er et spedisjons- og transportselskap med base i Sofia som har drevet virksomhet i over 25 \u00e5r og hjulpet folk med \u00e5 flytte i Bulgaria og internasjonalt. De er en del av Orphee Beinoglou-gruppen som har filialer over hele Europa som de samarbeider med og andre flyttepartnere for \u00e5 levere flyttinger internasjonalt. De er medlemmer av IAM med 28 \u00e5rs erfaring og er akkreditert av FIDI.<\/p>\n<p>Orbit tilbyr en personlig tjeneste som omfatter innledende inspeksjon, planlegging av flyttingen din til lands, til vanns eller i luften, pakking og utpakking av eiendelene dine p\u00e5 en trygg m\u00e5te og tollklarering. De gir deg trygghet med transportforsikring for eiendelene dine og sporing av forsendelsen.<\/p>\n<p>Nettsted: <a href=\"http:\/\/www.orbit.bg\" target=\"_blank\" rel=\"noopener\">http:\/\/www.orbit.bg<\/a><\/p>\n<h2>Andre nyttige guider til Bulgaria<\/h2>\n<ul>\n<li> <a href=\"https:\/\/moverdb.com\/nb\/moving-to-bulgaria\/\">Flytte til Bulgaria? 2023 Levekostnader og flyttetips<\/a><\/li>\n<li> <a href=\"https:\/\/moverdb.com\/nb\/moving-to-bulgaria\/best-places-to-live-bulgaria\/\">De 13 beste stedene \u00e5 bo i Bulgaria<\/a><\/li>\n<\/ul>","protected":false},"excerpt":{"rendered":"<p>If you are moving home or your business in Bulgaria, or moving to or from Bulgaria, then you may want to engage the services of a moving company to reduce the workload. Below we have compiled a list of Bulgarian removal companies that are members of the International Association of Movers (IAM) and\/or FIDI Accredited [&hellip;]<\/p>\n","protected":false},"author":4,"featured_media":0,"parent":190,"menu_order":0,"comment_status":"closed","ping_status":"closed","template":"","meta":{"_genesis_hide_title":false,"_genesis_hide_breadcrumbs":false,"_genesis_hide_singular_image":false,"_genesis_hide_footer_widgets":false,"_genesis_custom_body_class":"","_genesis_custom_post_class":"","_genesis_layout":"","footnotes":""},"class_list":{"0":"post-5510","1":"page","2":"type-page","3":"status-publish","5":"entry","6":"has-post-thumbnail"},"_links":{"self":[{"href":"https:\/\/moverdb.com\/nb\/wp-json\/wp\/v2\/pages\/5510","targetHints":{"allow":["GET"]}}],"collection":[{"href":"https:\/\/moverdb.com\/nb\/wp-json\/wp\/v2\/pages"}],"about":[{"href":"https:\/\/moverdb.com\/nb\/wp-json\/wp\/v2\/types\/page"}],"author":[{"embeddable":true,"href":"https:\/\/moverdb.com\/nb\/wp-json\/wp\/v2\/users\/4"}],"replies":[{"embeddable":true,"href":"https:\/\/moverdb.com\/nb\/wp-json\/wp\/v2\/comments?post=5510"}],"version-history":[{"count":3,"href":"https:\/\/moverdb.com\/nb\/wp-json\/wp\/v2\/pages\/5510\/revisions"}],"predecessor-version":[{"id":16292,"href":"https:\/\/moverdb.com\/nb\/wp-json\/wp\/v2\/pages\/5510\/revisions\/16292"}],"up":[{"embeddable":true,"href":"https:\/\/moverdb.com\/nb\/wp-json\/wp\/v2\/pages\/190"}],"wp:attachment":[{"href":"https:\/\/moverdb.com\/nb\/wp-json\/wp\/v2\/media?parent=5510"}],"curies":[{"name":"wp","href":"https:\/\/api.w.org\/{rel}","templated":true}]}}