{"id":5240,"date":"2022-10-24T11:49:20","date_gmt":"2022-10-24T11:49:20","guid":{"rendered":"https:\/\/moverdb.com\/?page_id=5240"},"modified":"2026-01-08T15:23:38","modified_gmt":"2026-01-08T15:23:38","slug":"bosnia-og-hercegovina-flyttingsselskaper","status":"publish","type":"page","link":"https:\/\/moverdb.com\/nb\/moving-companies\/bosnia-and-herzegovina-moving-companies\/","title":{"rendered":"2 beste internasjonale flyttefirmaer i Bosnia-Hercegovina"},"content":{"rendered":"<p>\u00c5 flytte kan v\u00e6re en stressende tid, spesielt hvis du ogs\u00e5 flytter land, det er her et flytte- eller relokaliseringsfirma kan bidra til \u00e5 avlaste noe av presset. For \u00e5 hjelpe deg har vi samlet en liste over Bosnia-Hercegovina. <a href=\"https:\/\/moverdb.com\/nb\/international-removals\/\" data-internallinksmanager029f6b8e52c=\"27\" title=\"De 36 beste internasjonale flyttebyr\u00e5ene i Storbritannia\">flyttebyr\u00e5er<\/a> som er medlemmer av <a href=\"https:\/\/moverdb.com\/nb\/iam\/\" data-internallinksmanager029f6b8e52c=\"23\" title=\"International Association of Movers (IAM) Forklaret\">International Association of Movers<\/a> (IAM) som kan hjelpe deg.<\/p>\n<h2><strong>1. AGS Worldwide Movers<\/strong><\/h2>\n<p><em><img loading=\"lazy\" decoding=\"async\" class=\"alignnone size-full wp-image-5137\" src=\"https:\/\/moverdb.com\/wp-content\/uploads\/AGS-Wroldwide-Movers-international-moving-company.png\" alt=\"AGS Wroldwide Movers internasjonalt flyttebyr\u00e5\" width=\"1440\" height=\"680\" data-wp-pid=\"5137\" srcset=\"https:\/\/moverdb.com\/wp-content\/uploads\/AGS-Wroldwide-Movers-international-moving-company.png 1440w, https:\/\/moverdb.com\/wp-content\/uploads\/AGS-Wroldwide-Movers-international-moving-company-300x142.png 300w, https:\/\/moverdb.com\/wp-content\/uploads\/AGS-Wroldwide-Movers-international-moving-company-1024x484.png 1024w, https:\/\/moverdb.com\/wp-content\/uploads\/AGS-Wroldwide-Movers-international-moving-company-18x9.png 18w, https:\/\/moverdb.com\/wp-content\/uploads\/AGS-Wroldwide-Movers-international-moving-company-600x283.png 600w\" sizes=\"auto, (max-width: 1440px) 100vw, 1440px\" \/><\/em><\/p>\n<ul>\n<li>Nasjonale tiltak<\/li>\n<li>Internasjonale flyttinger<\/li>\n<li>Flytting av boliger<\/li>\n<li>Flytting av kontorer<\/li>\n<li>D\u00f8r-til-d\u00f8r-flytting<\/li>\n<li>Oppl\u00e6rt personale til \u00e5 pakke og transportere eiendelene dine.<\/li>\n<li>Innovative emballasjematerialer og -metoder<\/li>\n<li>Milj\u00f8vennlig emballasje<\/li>\n<li>Overf\u00f8ring av kj\u00f8ret\u00f8y<\/li>\n<li>Sikker lagring<\/li>\n<\/ul>\n<p>AGS Worldwide Movers ble opprettet i 1974 og har utvidet seg til \u00e5 bli et internasjonalt flyttebyr\u00e5 som spenner over Europa, Asia og Afrika med partnere i Amerika og Oseania. De har 146 lokasjoner i 97 land. De er medlemmer av IAM med 25 \u00e5rs fartstid.<\/p>\n<p>AGS Worldwide Movers bruker banebrytende og smarte l\u00f8sninger for \u00e5 gi tilbud, sporing og levering mer effektivt. De tilbyr oppl\u00e6rt personale som vil pakke eiendelene dine trygt for \u00e5 forhindre at de blir skadet ved hjelp av innovative pakkematerialer og teknikker. De tilbyr ogs\u00e5 transportl\u00f8sninger for kj\u00f8ret\u00f8y og sikker lagring ved behov.<\/p>\n<p>Nettsted: <a href=\"http:\/\/www.agsmovers.com\" target=\"_blank\" rel=\"noopener\">http:\/\/www.agsmovers.com<\/a><\/p>\n<h2><strong>2. Intermove<\/strong><\/h2>\n<p><em><img loading=\"lazy\" decoding=\"async\" class=\"alignnone size-full wp-image-5176\" src=\"https:\/\/moverdb.com\/wp-content\/uploads\/Intermove-international-moving-company.png\" alt=\"Intermove internasjonalt flyttebyr\u00e5\" width=\"1440\" height=\"680\" data-wp-pid=\"5176\" srcset=\"https:\/\/moverdb.com\/wp-content\/uploads\/Intermove-international-moving-company.png 1440w, https:\/\/moverdb.com\/wp-content\/uploads\/Intermove-international-moving-company-300x142.png 300w, https:\/\/moverdb.com\/wp-content\/uploads\/Intermove-international-moving-company-1024x484.png 1024w, https:\/\/moverdb.com\/wp-content\/uploads\/Intermove-international-moving-company-18x9.png 18w, https:\/\/moverdb.com\/wp-content\/uploads\/Intermove-international-moving-company-600x283.png 600w\" sizes=\"auto, (max-width: 1440px) 100vw, 1440px\" \/><\/em><\/p>\n<ul>\n<li>Lokale og nasjonale tiltak<\/li>\n<li>Internasjonale flyttinger<\/li>\n<li>Flytting av husholdninger<\/li>\n<li>Flytting av virksomheter<\/li>\n<li>H\u00f8yt kvalifiserte pakkere<\/li>\n<li>Pakke- og utpakkingstjenester<\/li>\n<li>Fraktlogistikk<\/li>\n<li>Tollklarering<\/li>\n<li>Forsikring<\/li>\n<li>Lagringsanlegg<\/li>\n<\/ul>\n<p>Intermove er et flyttebyr\u00e5 som ble etablert i 1996 for \u00e5 hjelpe familier og bedrifter med \u00e5 flytte. De tilbyr sine tjenester b\u00e5de i Bosnia-Hercegovina og for dem som \u00f8nsker \u00e5 flytte til eller fra landet. De er medlemmer av IAM med 26 \u00e5rs fartstid.<\/p>\n<p>Intermove tilbyr h\u00f8yt kvalifiserte pakkere som er oppl\u00e6rt i internasjonale pakkemetoder og vil bruke materialer av h\u00f8y kvalitet for \u00e5 beskytte eiendelene dine. De vil pakke eiendelene dine og s\u00f8rge for frakt av dem, inkludert eventuell fortolling og utpakking. De vil s\u00f8rge for forsikring, boligs\u00f8k, omr\u00e5deorientering og muligheten for fleksible lagringsl\u00f8sninger.<\/p>\n<p>Nettsted: <a href=\"http:\/\/www.intermovebosnia.com\" target=\"_blank\" rel=\"noopener\">http:\/\/www.intermovebosnia.com<\/a><\/p>","protected":false},"excerpt":{"rendered":"<p>Moving can be a stressful time especially if you are moving countries as well, that is where a moving or relocation company can help relieve some of the pressure. To help you we have compiled a list of Bosnia and Herzegovina removal companies that are members of the International Association of Movers (IAM) who could [&hellip;]<\/p>\n","protected":false},"author":4,"featured_media":0,"parent":190,"menu_order":0,"comment_status":"closed","ping_status":"closed","template":"","meta":{"_genesis_hide_title":false,"_genesis_hide_breadcrumbs":false,"_genesis_hide_singular_image":false,"_genesis_hide_footer_widgets":false,"_genesis_custom_body_class":"","_genesis_custom_post_class":"","_genesis_layout":"","footnotes":""},"class_list":{"0":"post-5240","1":"page","2":"type-page","3":"status-publish","5":"entry","6":"has-post-thumbnail"},"_links":{"self":[{"href":"https:\/\/moverdb.com\/nb\/wp-json\/wp\/v2\/pages\/5240","targetHints":{"allow":["GET"]}}],"collection":[{"href":"https:\/\/moverdb.com\/nb\/wp-json\/wp\/v2\/pages"}],"about":[{"href":"https:\/\/moverdb.com\/nb\/wp-json\/wp\/v2\/types\/page"}],"author":[{"embeddable":true,"href":"https:\/\/moverdb.com\/nb\/wp-json\/wp\/v2\/users\/4"}],"replies":[{"embeddable":true,"href":"https:\/\/moverdb.com\/nb\/wp-json\/wp\/v2\/comments?post=5240"}],"version-history":[{"count":1,"href":"https:\/\/moverdb.com\/nb\/wp-json\/wp\/v2\/pages\/5240\/revisions"}],"predecessor-version":[{"id":5241,"href":"https:\/\/moverdb.com\/nb\/wp-json\/wp\/v2\/pages\/5240\/revisions\/5241"}],"up":[{"embeddable":true,"href":"https:\/\/moverdb.com\/nb\/wp-json\/wp\/v2\/pages\/190"}],"wp:attachment":[{"href":"https:\/\/moverdb.com\/nb\/wp-json\/wp\/v2\/media?parent=5240"}],"curies":[{"name":"wp","href":"https:\/\/api.w.org\/{rel}","templated":true}]}}