{"id":5237,"date":"2022-10-24T11:50:03","date_gmt":"2022-10-24T11:50:03","guid":{"rendered":"https:\/\/moverdb.com\/?page_id=5237"},"modified":"2026-01-08T15:24:38","modified_gmt":"2026-01-08T15:24:38","slug":"bolivia-flyttefirmaer","status":"publish","type":"page","link":"https:\/\/moverdb.com\/nb\/moving-companies\/bolivia-moving-companies\/","title":{"rendered":"4 beste internasjonale flyttefirmaer i Bolivia"},"content":{"rendered":"<p>Hvis du \u00f8nsker \u00e5 flytte hjem eller forretninger i Bolivia, eller til eller fra Bolivia, vil du kanskje ha litt st\u00f8tte for \u00e5 redusere stresset og arbeidet som trengs for flyttingen. Nedenfor har vi satt sammen en liste over bolivianske <a href=\"https:\/\/moverdb.com\/nb\/international-removals\/\" data-internallinksmanager029f6b8e52c=\"27\" title=\"De 36 beste internasjonale flyttebyr\u00e5ene i Storbritannia\">flyttebyr\u00e5er<\/a> som er medlemmer av <a href=\"https:\/\/moverdb.com\/nb\/iam\/\" data-internallinksmanager029f6b8e52c=\"23\" title=\"International Association of Movers (IAM) Forklaret\">International Association of Movers<\/a> (IAM) og\/eller <a href=\"https:\/\/moverdb.com\/nb\/fidi-faim\/\" data-internallinksmanager029f6b8e52c=\"16\" title=\"FIDI &amp; FAIM (FIDI-akkreditert internasjonal spedit\u00f8r) forklart\">FIDI<\/a> Accredited International Mover (FAIM) som kan hjelpe deg.<\/p>\n<div id=\"ez-toc-container\" class=\"ez-toc-v2_0_82_2 ez-toc-wrap-left counter-hierarchy ez-toc-counter ez-toc-transparent ez-toc-container-direction\">\n<div class=\"ez-toc-title-container\">\n<p class=\"ez-toc-title\" style=\"cursor:inherit\">Seksjoner<\/p>\n<span class=\"ez-toc-title-toggle\"><a href=\"#\" class=\"ez-toc-pull-right ez-toc-btn ez-toc-btn-xs ez-toc-btn-default ez-toc-toggle\" aria-label=\"Bytt innholdsfortegnelse\"><span class=\"ez-toc-js-icon-con\"><span class=\"\"><span class=\"eztoc-hide\" style=\"display:none;\">Toggle<\/span><span class=\"ez-toc-icon-toggle-span\"><svg style=\"fill: #999;color:#999\" xmlns=\"http:\/\/www.w3.org\/2000\/svg\" class=\"list-377408\" width=\"20px\" height=\"20px\" viewbox=\"0 0 24 24\" fill=\"none\"><path d=\"M6 6H4v2h2V6zm14 0H8v2h12V6zM4 11h2v2H4v-2zm16 0H8v2h12v-2zM4 16h2v2H4v-2zm16 0H8v2h12v-2z\" fill=\"currentColor\"><\/path><\/svg><svg style=\"fill: #999;color:#999\" class=\"arrow-unsorted-368013\" xmlns=\"http:\/\/www.w3.org\/2000\/svg\" width=\"10px\" height=\"10px\" viewbox=\"0 0 24 24\" version=\"1.2\" baseprofile=\"tiny\"><path d=\"M18.2 9.3l-6.2-6.3-6.2 6.3c-.2.2-.3.4-.3.7s.1.5.3.7c.2.2.4.3.7.3h11c.3 0 .5-.1.7-.3.2-.2.3-.5.3-.7s-.1-.5-.3-.7zM5.8 14.7l6.2 6.3 6.2-6.3c.2-.2.3-.5.3-.7s-.1-.5-.3-.7c-.2-.2-.4-.3-.7-.3h-11c-.3 0-.5.1-.7.3-.2.2-.3.5-.3.7s.1.5.3.7z\"\/><\/svg><\/span><\/span><\/span><\/a><\/span><\/div>\n<nav><ul class='ez-toc-list ez-toc-list-level-1 eztoc-toggle-hide-by-default' ><li class='ez-toc-page-1 ez-toc-heading-level-2'><a class=\"ez-toc-link ez-toc-heading-1\" href=\"https:\/\/moverdb.com\/nb\/moving-companies\/bolivia-moving-companies\/#1_Bolivian_Movers\" >1. Bolivianske flyttemenn<\/a><\/li><li class='ez-toc-page-1 ez-toc-heading-level-2'><a class=\"ez-toc-link ez-toc-heading-2\" href=\"https:\/\/moverdb.com\/nb\/moving-companies\/bolivia-moving-companies\/#2_Express_Cargo_Services\" >2. Ekspressfrakttjenester<\/a><\/li><li class='ez-toc-page-1 ez-toc-heading-level-2'><a class=\"ez-toc-link ez-toc-heading-3\" href=\"https:\/\/moverdb.com\/nb\/moving-companies\/bolivia-moving-companies\/#3_Total_Bolivian_Moving\" >3. Total boliviansk flytting<\/a><\/li><li class='ez-toc-page-1 ez-toc-heading-level-2'><a class=\"ez-toc-link ez-toc-heading-4\" href=\"https:\/\/moverdb.com\/nb\/moving-companies\/bolivia-moving-companies\/#4_Inbolpack\" >4. Inbolpack<\/a><\/li><\/ul><\/nav><\/div>\n<h2><span class=\"ez-toc-section\" id=\"1_Bolivian_Movers\"><\/span><strong>1. Bolivianske flyttemenn<\/strong><span class=\"ez-toc-section-end\"><\/span><\/h2>\n<p><em><img loading=\"lazy\" decoding=\"async\" class=\"alignnone size-full wp-image-5150\" src=\"https:\/\/moverdb.com\/wp-content\/uploads\/Bolivian-Movers-international-moving-company.png\" alt=\"Bolivian Movers internasjonalt flyttebyr\u00e5\" width=\"1440\" height=\"671\" data-wp-pid=\"5150\" srcset=\"https:\/\/moverdb.com\/wp-content\/uploads\/Bolivian-Movers-international-moving-company.png 1440w, https:\/\/moverdb.com\/wp-content\/uploads\/Bolivian-Movers-international-moving-company-300x140.png 300w, https:\/\/moverdb.com\/wp-content\/uploads\/Bolivian-Movers-international-moving-company-1024x477.png 1024w, https:\/\/moverdb.com\/wp-content\/uploads\/Bolivian-Movers-international-moving-company-18x8.png 18w, https:\/\/moverdb.com\/wp-content\/uploads\/Bolivian-Movers-international-moving-company-600x280.png 600w\" sizes=\"auto, (max-width: 1440px) 100vw, 1440px\" \/><\/em><\/p>\n<ul>\n<li>Nasjonale tiltak<\/li>\n<li>Internasjonale flyttinger<\/li>\n<li>Hjemflyttinger<\/li>\n<li>Flytting av kontorer<\/li>\n<li>Ett enkelt kontaktpunkt n\u00e5r du flytter<\/li>\n<li>Moderne fl\u00e5te og utstyr<\/li>\n<li>Profesjonell pakking med materialer av h\u00f8y kvalitet<\/li>\n<li>Transport av kunst<\/li>\n<li>Flytting av kj\u00e6ledyr<\/li>\n<li>Sikre lagringsfasiliteter<\/li>\n<\/ul>\n<p>Bolivian Movers ble grunnlagt i 1974 for \u00e5 tilby flyttetjenester i Bolivia og andre land. De er medlemmer av IAM med 48 \u00e5rs fartstid. De er en del av et internasjonalt nettverk av flyttebyr\u00e5er, slik at de kan hjelpe deg med flyttingen din hvor som helst i verden. De har en moderne bilpark og utstyr og gir deg en kontaktperson som overv\u00e5ker flyttingen din.<\/p>\n<p>Bolivian Movers tilbyr en profesjonell pakketjeneste som bruker materialer av h\u00f8y kvalitet og ekspertpakkere med akkrediterte pakketeknikker. De tilbyr ogs\u00e5 flytting av kj\u00e6ledyr og gir r\u00e5d om gjeldende regelverk. De tilbyr ogs\u00e5 sikre oppbevaringsfasiliteter.<\/p>\n<p>Nettsted: <a href=\"http:\/\/www.bolivianmovers.com\" target=\"_blank\" rel=\"noopener\">http:\/\/www.bolivianmovers.com<\/a><\/p>\n<h2><span class=\"ez-toc-section\" id=\"2_Express_Cargo_Services\"><\/span><strong>2. Ekspressfrakttjenester<\/strong><span class=\"ez-toc-section-end\"><\/span><\/h2>\n<p><em><img loading=\"lazy\" decoding=\"async\" class=\"alignnone size-full wp-image-5166\" src=\"https:\/\/moverdb.com\/wp-content\/uploads\/Express-Cargo-Services-international-moving-company.png\" alt=\"Express Cargo Services internasjonalt flyttebyr\u00e5\" width=\"1440\" height=\"680\" data-wp-pid=\"5166\" srcset=\"https:\/\/moverdb.com\/wp-content\/uploads\/Express-Cargo-Services-international-moving-company.png 1440w, https:\/\/moverdb.com\/wp-content\/uploads\/Express-Cargo-Services-international-moving-company-300x142.png 300w, https:\/\/moverdb.com\/wp-content\/uploads\/Express-Cargo-Services-international-moving-company-1024x484.png 1024w, https:\/\/moverdb.com\/wp-content\/uploads\/Express-Cargo-Services-international-moving-company-18x9.png 18w, https:\/\/moverdb.com\/wp-content\/uploads\/Express-Cargo-Services-international-moving-company-600x283.png 600w\" sizes=\"auto, (max-width: 1440px) 100vw, 1440px\" \/><\/em><\/p>\n<ul>\n<li>Nasjonale tiltak<\/li>\n<li>Internasjonale flyttinger<\/li>\n<li>Flytting av boliger<\/li>\n<li>En fl\u00e5te av varebiler og lastebiler<\/li>\n<li>Vei-, sj\u00f8- og lufttransport<\/li>\n<li>Pakketjenester<\/li>\n<li>Tollprosedyrer for eksport og import<\/li>\n<li>Transport av kunstverk<\/li>\n<li>Flytting av kj\u00e6ledyr<\/li>\n<li>Sikker lagring<\/li>\n<\/ul>\n<p>Express Cargo Services ble etablert i 1989 som et flyttebyr\u00e5 i Bolivia. De tilbyr en rekke flyttetjenester for privatkunder som \u00f8nsker \u00e5 flytte i eller til Bolivia eller andre steder i verden. De er medlemmer av IAM med 33 \u00e5rs fartstid.<\/p>\n<p>Express Cargo Services tilbyr d\u00f8r-til-d\u00f8r-tjenester til og fra alle land i verden. De driver sin egen fl\u00e5te av varebiler og lastebiler for \u00e5 lette flytting i Bolivia og samarbeider med partnere og spedit\u00f8rer internasjonalt ved hjelp av vei-, sj\u00f8- og lufttransport. De tilbyr pakketjenester, tollst\u00f8tte, transport av kunst, flytting av kj\u00e6ledyr og sikre lagringsfasiliteter.<\/p>\n<p>Nettsted: <a href=\"http:\/\/www.expresscargobolivia.com\" target=\"_blank\" rel=\"noopener\">http:\/\/www.expresscargobolivia.com<\/a><\/p>\n<h2><span class=\"ez-toc-section\" id=\"3_Total_Bolivian_Moving\"><\/span><strong>3. Total boliviansk flytting<\/strong><span class=\"ez-toc-section-end\"><\/span><\/h2>\n<p><em><img loading=\"lazy\" decoding=\"async\" class=\"alignnone size-full wp-image-5210\" src=\"https:\/\/moverdb.com\/wp-content\/uploads\/Total-Bolivian-Moving-international-moving-company.png\" alt=\"Total Bolivian Moving internasjonalt flyttebyr\u00e5\" width=\"1440\" height=\"636\" data-wp-pid=\"5210\" srcset=\"https:\/\/moverdb.com\/wp-content\/uploads\/Total-Bolivian-Moving-international-moving-company.png 1440w, https:\/\/moverdb.com\/wp-content\/uploads\/Total-Bolivian-Moving-international-moving-company-300x133.png 300w, https:\/\/moverdb.com\/wp-content\/uploads\/Total-Bolivian-Moving-international-moving-company-1024x452.png 1024w, https:\/\/moverdb.com\/wp-content\/uploads\/Total-Bolivian-Moving-international-moving-company-18x8.png 18w, https:\/\/moverdb.com\/wp-content\/uploads\/Total-Bolivian-Moving-international-moving-company-600x265.png 600w\" sizes=\"auto, (max-width: 1440px) 100vw, 1440px\" \/><\/em><\/p>\n<ul>\n<li>Nasjonale tiltak<\/li>\n<li>Internasjonale flyttinger<\/li>\n<li>Flytting av boliger og n\u00e6ringsbygg<\/li>\n<li>Organisering og planlegging av flyttingen<\/li>\n<li>Oppl\u00e6rt og erfarent personale<\/li>\n<li>Pakketjeneste ved bruk av materialer av h\u00f8y kvalitet<\/li>\n<li>Forsikring<\/li>\n<li>Transport av kunstverk<\/li>\n<li>Transport av kj\u00f8ret\u00f8y<\/li>\n<li>Sikker lagring<\/li>\n<\/ul>\n<p>Total Bolivian Moving er et flyttebyr\u00e5 med base i La Paz som tilbyr flyttetjenester i Bolivia og til og fra Bolivia. De tilbyr sine tjenester til b\u00e5de privatkunder og kommersielle kunder, inkludert organisasjoner og bedrifter. De spesialiserer seg p\u00e5 transport av kunstverk. De er medlem av IAM og har 7 \u00e5rs erfaring.<\/p>\n<p>Total Bolivian Moving vil hjelpe deg med \u00e5 organisere flyttingen din og hjelpe deg med planleggingen. De tilbyr oppl\u00e6rt og erfarent personale som pakker eiendelene dine trygt og sikkert for \u00e5 forhindre skader ved hjelp av pakkemateriell av h\u00f8y kvalitet. De tilbyr forsikring og lagringsfasiliteter for eiendelene dine om n\u00f8dvendig.<\/p>\n<p>Nettsted: <a href=\"http:\/\/www.tobolmoving.com\" target=\"_blank\" rel=\"noopener\">http:\/\/www.tobolmoving.com<\/a><\/p>\n<h2><span class=\"ez-toc-section\" id=\"4_Inbolpack\"><\/span><strong>4. Inbolpack<\/strong><span class=\"ez-toc-section-end\"><\/span><\/h2>\n<p>&nbsp;<img loading=\"lazy\" decoding=\"async\" class=\"alignnone size-full wp-image-5238\" src=\"https:\/\/moverdb.com\/wp-content\/uploads\/Inbolpack-international-moving-company.png\" alt=\"\" width=\"1440\" height=\"682\" data-wp-pid=\"5238\" srcset=\"https:\/\/moverdb.com\/wp-content\/uploads\/Inbolpack-international-moving-company.png 1440w, https:\/\/moverdb.com\/wp-content\/uploads\/Inbolpack-international-moving-company-300x142.png 300w, https:\/\/moverdb.com\/wp-content\/uploads\/Inbolpack-international-moving-company-1024x485.png 1024w, https:\/\/moverdb.com\/wp-content\/uploads\/Inbolpack-international-moving-company-18x9.png 18w, https:\/\/moverdb.com\/wp-content\/uploads\/Inbolpack-international-moving-company-600x284.png 600w\" sizes=\"auto, (max-width: 1440px) 100vw, 1440px\" \/><\/p>\n<ul>\n<li>Lokale og nasjonale tiltak<\/li>\n<li>Internasjonale flyttinger<\/li>\n<li>Flytting av husholdninger<\/li>\n<li>Kommersielle flyttinger<\/li>\n<li>Spesielle prosjekter transport<\/li>\n<li>D\u00f8r-til-d\u00f8r-tjeneste<\/li>\n<li>Profesjonelle pakkere<\/li>\n<li>Emballasjematerialer av h\u00f8y kvalitet<\/li>\n<li>Egen fl\u00e5te av varierte kj\u00f8ret\u00f8y<\/li>\n<li>Lagringsl\u00f8sninger<\/li>\n<\/ul>\n<p>Inbolpack ble grunnlagt i 1978 som et flytteselskap som betjener Bolivia og internasjonalt p\u00e5 grunn av tilstedev\u00e6relsen av utenlandsk personell i landet. De hjelper folk og bedrifter med \u00e5 flytte i, til og fra Bolivia. De er medlemmer av IAM med 44 \u00e5rs erfaring og er akkreditert av FIDI.<\/p>\n<p>Inbolpack tilbyr en d\u00f8r-til-d\u00f8r-tjeneste for flytting som gir en profesjonell pakketjeneste med oppl\u00e6rt personale som oppfyller internasjonale standarder og bruker pakkematerialer av h\u00f8y kvalitet. De har ogs\u00e5 en egen bilpark med lastebiler og kraner. De tilbyr ogs\u00e5 lagringsfasiliteter for last lokalt og internasjonalt.<\/p>\n<p>Nettsted: <a href=\"http:\/\/www.inbolpack.net\" target=\"_blank\" rel=\"noopener\">http:\/\/www.inbolpack.net<\/a><\/p>","protected":false},"excerpt":{"rendered":"<p>If you are wanting to move home or business in Bolivia, or to or from Bolivia then you might want some support to reduce the stress and work needed for the move. Below we have compiled a list of Bolivian removal companies that are members of the International Association of Movers (IAM) and\/or FIDI Accredited [&hellip;]<\/p>\n","protected":false},"author":4,"featured_media":0,"parent":190,"menu_order":0,"comment_status":"closed","ping_status":"closed","template":"","meta":{"_genesis_hide_title":false,"_genesis_hide_breadcrumbs":false,"_genesis_hide_singular_image":false,"_genesis_hide_footer_widgets":false,"_genesis_custom_body_class":"","_genesis_custom_post_class":"","_genesis_layout":"","footnotes":""},"class_list":{"0":"post-5237","1":"page","2":"type-page","3":"status-publish","5":"entry","6":"has-post-thumbnail"},"_links":{"self":[{"href":"https:\/\/moverdb.com\/nb\/wp-json\/wp\/v2\/pages\/5237","targetHints":{"allow":["GET"]}}],"collection":[{"href":"https:\/\/moverdb.com\/nb\/wp-json\/wp\/v2\/pages"}],"about":[{"href":"https:\/\/moverdb.com\/nb\/wp-json\/wp\/v2\/types\/page"}],"author":[{"embeddable":true,"href":"https:\/\/moverdb.com\/nb\/wp-json\/wp\/v2\/users\/4"}],"replies":[{"embeddable":true,"href":"https:\/\/moverdb.com\/nb\/wp-json\/wp\/v2\/comments?post=5237"}],"version-history":[{"count":1,"href":"https:\/\/moverdb.com\/nb\/wp-json\/wp\/v2\/pages\/5237\/revisions"}],"predecessor-version":[{"id":5239,"href":"https:\/\/moverdb.com\/nb\/wp-json\/wp\/v2\/pages\/5237\/revisions\/5239"}],"up":[{"embeddable":true,"href":"https:\/\/moverdb.com\/nb\/wp-json\/wp\/v2\/pages\/190"}],"wp:attachment":[{"href":"https:\/\/moverdb.com\/nb\/wp-json\/wp\/v2\/media?parent=5237"}],"curies":[{"name":"wp","href":"https:\/\/api.w.org\/{rel}","templated":true}]}}