{"id":5231,"date":"2022-10-24T11:51:35","date_gmt":"2022-10-24T11:51:35","guid":{"rendered":"https:\/\/moverdb.com\/?page_id=5231"},"modified":"2026-01-08T15:29:47","modified_gmt":"2026-01-08T15:29:47","slug":"barbados-flytteselskaper","status":"publish","type":"page","link":"https:\/\/moverdb.com\/nb\/moving-companies\/barbados-moving-companies\/","title":{"rendered":"Beste internasjonale flyttefirmaer i Barbados"},"content":{"rendered":"<p>Vurderer du \u00e5 flytte til eller fra <a href=\"https:\/\/moverdb.com\/nb\/moving-to-barbados\/\" data-internallinksmanager029f6b8e52c=\"344\" title=\"Flytter du til Barbados? 2023 Levekostnader og flyttetips\">Barbados<\/a>eller p\u00e5 Barbados? Da kan tanken p\u00e5 \u00e5 pakke ned hjemmet eller bedriften og organisere frakten v\u00e6re stressende, men et flyttebyr\u00e5 kan hjelpe deg. Nedenfor finner du <a href=\"https:\/\/moverdb.com\/nb\/international-removals\/\" data-internallinksmanager029f6b8e52c=\"27\" title=\"De 36 beste internasjonale flyttebyr\u00e5ene i Storbritannia\">flyttebyr\u00e5er<\/a> som er medlemmer av <a href=\"https:\/\/moverdb.com\/nb\/iam\/\" data-internallinksmanager029f6b8e52c=\"23\" title=\"International Association of Movers (IAM) Forklaret\">International Association of Movers<\/a> (IAM) og\/eller <a href=\"https:\/\/moverdb.com\/nb\/fidi-faim\/\" data-internallinksmanager029f6b8e52c=\"16\" title=\"FIDI &amp; FAIM (FIDI-akkreditert internasjonal spedit\u00f8r) forklart\">FIDI<\/a> Akkreditert internasjonal spedit\u00f8r (FAIM) i Barbados.<\/p>\n<h2><strong>1. Michael Greaves Associates<\/strong><\/h2>\n<p><em><img loading=\"lazy\" decoding=\"async\" class=\"alignnone size-full wp-image-5186\" src=\"https:\/\/moverdb.com\/wp-content\/uploads\/Michael-Greaves-Associates-international-moving-company.png\" alt=\"Michael Greaves Associates internasjonalt flyttebyr\u00e5\" width=\"1440\" height=\"681\" data-wp-pid=\"5186\" srcset=\"https:\/\/moverdb.com\/wp-content\/uploads\/Michael-Greaves-Associates-international-moving-company.png 1440w, https:\/\/moverdb.com\/wp-content\/uploads\/Michael-Greaves-Associates-international-moving-company-300x142.png 300w, https:\/\/moverdb.com\/wp-content\/uploads\/Michael-Greaves-Associates-international-moving-company-1024x484.png 1024w, https:\/\/moverdb.com\/wp-content\/uploads\/Michael-Greaves-Associates-international-moving-company-18x9.png 18w, https:\/\/moverdb.com\/wp-content\/uploads\/Michael-Greaves-Associates-international-moving-company-600x284.png 600w\" sizes=\"auto, (max-width: 1440px) 100vw, 1440px\" \/><\/em><\/p>\n<ul>\n<li>Nasjonale omplasseringer<\/li>\n<li>Internasjonale flyttinger<\/li>\n<li>Kommersielle og private flyttinger<\/li>\n<li>Skreddersydd tjeneste<\/li>\n<li>Erfarne fagfolk<\/li>\n<li>Tollmegling og fortolling<\/li>\n<li>Fraktforsikring<\/li>\n<li>H\u00e5ndtering av kj\u00e6ledyr<\/li>\n<li>Bil- og b\u00e5ttransport<\/li>\n<li>Lagringsanlegg<\/li>\n<\/ul>\n<p>Michael Greaves Associates er en flytting, flytting, frakt og meglingstjeneste basert i Barbados grunnlagt i 1981. De er medlemmer av IAM med 41 \u00e5rs tjeneste. De tilbyr flyttingstjenester i Barbados og internasjonalt.<\/p>\n<p>Michael Greaves Associates tilbyr en skreddersydd flyttetjeneste som hjelper deg med alle faser av flyttingen, fra planlegging til innflytting i ditt nye hjem. De vil unders\u00f8ke hjemmet eller kontoret ditt, gi et estimat og notere eventuelle spesielle krav. De pakker eiendelene dine ved hjelp av godkjente teknikker og materialer. De tilbyr ogs\u00e5 fraktforsikring, tollmegling og fortolling samt spesialtjenester for transport av kj\u00e6ledyr, kj\u00f8ret\u00f8y og b\u00e5ter.<\/p>\n<p>Nettsted: <a href=\"http:\/\/www.mgassociates.net\" target=\"_blank\" rel=\"noopener\">http:\/\/www.mgassociates.net<\/a><\/p>\n<h2>Andre nyttige guider til Barbados<\/h2>\n<ul>\n<li> <a href=\"https:\/\/moverdb.com\/nb\/containertransport\/barbados\/\">2024 Fraktpriser for containerfrakt til og fra Barbados<\/a><\/li>\n<li> <a href=\"https:\/\/moverdb.com\/nb\/moving-to-barbados\/\">Flytter du til Barbados? 2023 Levekostnader og flyttetips<\/a><\/li>\n<li> <a href=\"https:\/\/moverdb.com\/nb\/moving-to-barbados\/living-in-barbados\/\">21 hemmeligheter om \u00e5 bo i Barbados \u00e5 vite f\u00f8r du flytter<\/a><\/li>\n<\/ul>","protected":false},"excerpt":{"rendered":"<p>Are you thinking of moving to or from Barbados, or within Barbados? Then the thought of packing up your home or business and organising the shipping might be causing some stress, but a removal company could help. Below are the removal companies that are members of the International Association of Movers (IAM) and\/or FIDI Accredited [&hellip;]<\/p>\n","protected":false},"author":4,"featured_media":0,"parent":190,"menu_order":0,"comment_status":"closed","ping_status":"closed","template":"","meta":{"_genesis_hide_title":false,"_genesis_hide_breadcrumbs":false,"_genesis_hide_singular_image":false,"_genesis_hide_footer_widgets":false,"_genesis_custom_body_class":"","_genesis_custom_post_class":"","_genesis_layout":"","footnotes":""},"class_list":{"0":"post-5231","1":"page","2":"type-page","3":"status-publish","5":"entry","6":"has-post-thumbnail"},"_links":{"self":[{"href":"https:\/\/moverdb.com\/nb\/wp-json\/wp\/v2\/pages\/5231","targetHints":{"allow":["GET"]}}],"collection":[{"href":"https:\/\/moverdb.com\/nb\/wp-json\/wp\/v2\/pages"}],"about":[{"href":"https:\/\/moverdb.com\/nb\/wp-json\/wp\/v2\/types\/page"}],"author":[{"embeddable":true,"href":"https:\/\/moverdb.com\/nb\/wp-json\/wp\/v2\/users\/4"}],"replies":[{"embeddable":true,"href":"https:\/\/moverdb.com\/nb\/wp-json\/wp\/v2\/comments?post=5231"}],"version-history":[{"count":2,"href":"https:\/\/moverdb.com\/nb\/wp-json\/wp\/v2\/pages\/5231\/revisions"}],"predecessor-version":[{"id":18281,"href":"https:\/\/moverdb.com\/nb\/wp-json\/wp\/v2\/pages\/5231\/revisions\/18281"}],"up":[{"embeddable":true,"href":"https:\/\/moverdb.com\/nb\/wp-json\/wp\/v2\/pages\/190"}],"wp:attachment":[{"href":"https:\/\/moverdb.com\/nb\/wp-json\/wp\/v2\/media?parent=5231"}],"curies":[{"name":"wp","href":"https:\/\/api.w.org\/{rel}","templated":true}]}}