{"id":5228,"date":"2022-10-24T11:52:12","date_gmt":"2022-10-24T11:52:12","guid":{"rendered":"https:\/\/moverdb.com\/?page_id=5228"},"modified":"2026-01-08T15:25:04","modified_gmt":"2026-01-08T15:25:04","slug":"bangladesh-moving-companies","status":"publish","type":"page","link":"https:\/\/moverdb.com\/nb\/moving-companies\/bangladesh-moving-companies\/","title":{"rendered":"5 beste internasjonale flyttefirmaer i Bangladesh"},"content":{"rendered":"<p>Hvis du skal flytte hjem i <a href=\"https:\/\/moverdb.com\/nb\/moving-to-bangladesh\/\" data-internallinksmanager029f6b8e52c=\"419\" title=\"Flytter du til Bangladesh? 2023 Levekostnader og flyttetips\">Bangladesh<\/a> eller er i ferd med \u00e5 flytte til eller fra Bangladesh, kan det v\u00e6re lurt \u00e5 bruke en <a href=\"https:\/\/moverdb.com\/nb\/international-removals\/\" data-internallinksmanager029f6b8e52c=\"27\" title=\"De 36 beste internasjonale flyttebyr\u00e5ene i Storbritannia\">flyttefirma<\/a> for \u00e5 lette flytteprosessen. Flytting er en stressende tid, s\u00e5 nedenfor har vi samlet en liste over selskaper som er medlemmer av <a href=\"https:\/\/moverdb.com\/nb\/iam\/\" data-internallinksmanager029f6b8e52c=\"23\" title=\"International Association of Movers (IAM) Forklaret\">International Association of Movers<\/a> (IAM) og\/eller <a href=\"https:\/\/moverdb.com\/nb\/fidi-faim\/\" data-internallinksmanager029f6b8e52c=\"16\" title=\"FIDI &amp; FAIM (FIDI-akkreditert internasjonal spedit\u00f8r) forklart\">FIDI<\/a> Accredited International Mover (FAIM) som kan hjelpe deg.<\/p>\n<div id=\"ez-toc-container\" class=\"ez-toc-v2_0_82_2 ez-toc-wrap-left counter-hierarchy ez-toc-counter ez-toc-transparent ez-toc-container-direction\">\n<div class=\"ez-toc-title-container\">\n<p class=\"ez-toc-title\" style=\"cursor:inherit\">Seksjoner<\/p>\n<span class=\"ez-toc-title-toggle\"><a href=\"#\" class=\"ez-toc-pull-right ez-toc-btn ez-toc-btn-xs ez-toc-btn-default ez-toc-toggle\" aria-label=\"Bytt innholdsfortegnelse\"><span class=\"ez-toc-js-icon-con\"><span class=\"\"><span class=\"eztoc-hide\" style=\"display:none;\">Toggle<\/span><span class=\"ez-toc-icon-toggle-span\"><svg style=\"fill: #999;color:#999\" xmlns=\"http:\/\/www.w3.org\/2000\/svg\" class=\"list-377408\" width=\"20px\" height=\"20px\" viewbox=\"0 0 24 24\" fill=\"none\"><path d=\"M6 6H4v2h2V6zm14 0H8v2h12V6zM4 11h2v2H4v-2zm16 0H8v2h12v-2zM4 16h2v2H4v-2zm16 0H8v2h12v-2z\" fill=\"currentColor\"><\/path><\/svg><svg style=\"fill: #999;color:#999\" class=\"arrow-unsorted-368013\" xmlns=\"http:\/\/www.w3.org\/2000\/svg\" width=\"10px\" height=\"10px\" viewbox=\"0 0 24 24\" version=\"1.2\" baseprofile=\"tiny\"><path d=\"M18.2 9.3l-6.2-6.3-6.2 6.3c-.2.2-.3.4-.3.7s.1.5.3.7c.2.2.4.3.7.3h11c.3 0 .5-.1.7-.3.2-.2.3-.5.3-.7s-.1-.5-.3-.7zM5.8 14.7l6.2 6.3 6.2-6.3c.2-.2.3-.5.3-.7s-.1-.5-.3-.7c-.2-.2-.4-.3-.7-.3h-11c-.3 0-.5.1-.7.3-.2.2-.3.5-.3.7s.1.5.3.7z\"\/><\/svg><\/span><\/span><\/span><\/a><\/span><\/div>\n<nav><ul class='ez-toc-list ez-toc-list-level-1 eztoc-toggle-hide-by-default' ><li class='ez-toc-page-1 ez-toc-heading-level-2'><a class=\"ez-toc-link ez-toc-heading-1\" href=\"https:\/\/moverdb.com\/nb\/moving-companies\/bangladesh-moving-companies\/#1_A_I_Freight_Services\" >1. A I Frakttjenester<\/a><\/li><li class='ez-toc-page-1 ez-toc-heading-level-2'><a class=\"ez-toc-link ez-toc-heading-2\" href=\"https:\/\/moverdb.com\/nb\/moving-companies\/bangladesh-moving-companies\/#2_Alpha_Logistics\" >2. Alfa logistikk<\/a><\/li><li class='ez-toc-page-1 ez-toc-heading-level-2'><a class=\"ez-toc-link ez-toc-heading-3\" href=\"https:\/\/moverdb.com\/nb\/moving-companies\/bangladesh-moving-companies\/#3_Apolloline_Shipping_Service\" >3. Apolloline frakttjeneste<\/a><\/li><li class='ez-toc-page-1 ez-toc-heading-level-2'><a class=\"ez-toc-link ez-toc-heading-4\" href=\"https:\/\/moverdb.com\/nb\/moving-companies\/bangladesh-moving-companies\/#4_Carry_Link_Packers_Shippers\" >4. Carry Link Packers &amp; Shippers<\/a><\/li><li class='ez-toc-page-1 ez-toc-heading-level-2'><a class=\"ez-toc-link ez-toc-heading-5\" href=\"https:\/\/moverdb.com\/nb\/moving-companies\/bangladesh-moving-companies\/#5_Homebound\" >5. Hjemreise<\/a><\/li><\/ul><\/nav><\/div>\n<h2><span class=\"ez-toc-section\" id=\"1_A_I_Freight_Services\"><\/span><strong>1. A I Frakttjenester<\/strong><span class=\"ez-toc-section-end\"><\/span><\/h2>\n<p><em><img loading=\"lazy\" decoding=\"async\" class=\"alignnone size-full wp-image-5135\" src=\"https:\/\/moverdb.com\/wp-content\/uploads\/A-I-Freight-Services-international-moving-company.png\" alt=\"A I Freight Services internasjonalt flyttebyr\u00e5\" width=\"1440\" height=\"685\" data-wp-pid=\"5135\" srcset=\"https:\/\/moverdb.com\/wp-content\/uploads\/A-I-Freight-Services-international-moving-company.png 1440w, https:\/\/moverdb.com\/wp-content\/uploads\/A-I-Freight-Services-international-moving-company-300x143.png 300w, https:\/\/moverdb.com\/wp-content\/uploads\/A-I-Freight-Services-international-moving-company-1024x487.png 1024w, https:\/\/moverdb.com\/wp-content\/uploads\/A-I-Freight-Services-international-moving-company-18x9.png 18w, https:\/\/moverdb.com\/wp-content\/uploads\/A-I-Freight-Services-international-moving-company-600x285.png 600w\" sizes=\"auto, (max-width: 1440px) 100vw, 1440px\" \/><\/em><\/p>\n<ul>\n<li>Nasjonal logistikk<\/li>\n<li>Internasjonal logistikk<\/li>\n<li>D\u00f8r-til-d\u00f8r-tjenester og flytting av husholdninger<\/li>\n<li>H\u00e5ndtering av personlige eiendeler<\/li>\n<li>Virksomhetsflytting og logistikk<\/li>\n<li>Vei-, sj\u00f8- og luftfrakt<\/li>\n<li>Tollmegling<\/li>\n<li>H\u00e5ndtering av \u00f8mfintlig og farlig gods<\/li>\n<li>Transport av kj\u00e6ledyr<\/li>\n<li>Lagringsl\u00f8sninger<\/li>\n<\/ul>\n<p>A I Freight Services hevder \u00e5 v\u00e6re et av de ledende logistikkselskapene i Bangladesh som tilbyr spedisjon, innlandstransport og tollmegling. De er medlem av IAM med 23 \u00e5rs fartstid. De hjelper bedrifter med logistikk og distribusjon samt flytting, og tilbyr ogs\u00e5 flyttetjenester.<\/p>\n<p>A I Freight Services tilbyr en d\u00f8r-til-d\u00f8r-flyttetjeneste som kan flytte deg nasjonalt og internasjonalt ved hjelp av vei-, sj\u00f8- og lufttransport. De kan ogs\u00e5 hjelpe deg med fortolling og megling. De kan tilby spesialiserte logistikktjenester, inkludert flytting av kj\u00e6ledyr og \u00f8mt\u00e5lig og farlig gods. De tilbyr ogs\u00e5 lagerl\u00f8sninger.<\/p>\n<p>Nettsted: <a href=\"http:\/\/www.aifs-bd.com\" target=\"_blank\" rel=\"noopener\">http:\/\/www.aifs-bd.com<\/a><\/p>\n<h2><span class=\"ez-toc-section\" id=\"2_Alpha_Logistics\"><\/span><strong>2. Alfa logistikk<\/strong><span class=\"ez-toc-section-end\"><\/span><\/h2>\n<p><em><img loading=\"lazy\" decoding=\"async\" class=\"alignnone size-full wp-image-5143\" src=\"https:\/\/moverdb.com\/wp-content\/uploads\/Alpha-Logistics-international-moving-company.png\" alt=\"Alpha Logistics internasjonalt flyttebyr\u00e5\" width=\"1440\" height=\"677\" data-wp-pid=\"5143\" srcset=\"https:\/\/moverdb.com\/wp-content\/uploads\/Alpha-Logistics-international-moving-company.png 1440w, https:\/\/moverdb.com\/wp-content\/uploads\/Alpha-Logistics-international-moving-company-300x141.png 300w, https:\/\/moverdb.com\/wp-content\/uploads\/Alpha-Logistics-international-moving-company-1024x481.png 1024w, https:\/\/moverdb.com\/wp-content\/uploads\/Alpha-Logistics-international-moving-company-18x8.png 18w, https:\/\/moverdb.com\/wp-content\/uploads\/Alpha-Logistics-international-moving-company-600x282.png 600w\" sizes=\"auto, (max-width: 1440px) 100vw, 1440px\" \/><\/em><\/p>\n<ul>\n<li>Nasjonale forsendelser<\/li>\n<li>Internasjonale forsendelser<\/li>\n<li>Fleksibel tjeneste<\/li>\n<li>Henvender seg til et bredt spekter av varer<\/li>\n<li>D\u00f8r-til-d\u00f8r-tjeneste<\/li>\n<li>D\u00f8r-til-d\u00f8r-tjeneste til flyplass eller kai<\/li>\n<li>Vei-, sj\u00f8- og lufttransport<\/li>\n<li>Tollklarering<\/li>\n<li>Meldinger og bevis p\u00e5 ankomster<\/li>\n<li>Anlegg for kort- og langtidslagring<\/li>\n<\/ul>\n<p>Alpha Logistics ble grunnlagt i 1999 og hevder \u00e5 v\u00e6re en av de beste spedisjons- og logistikkleverand\u00f8rene i Bangladesh. De er medlemmer av IAM som flytte- og spedisjonsselskap. <a href=\"https:\/\/moverdb.com\/nb\/relocation-agents\/\" data-internallinksmanager029f6b8e52c=\"1\" title=\"7 grunner til at du b\u00f8r bruke en relokaliseringsagent?\">omplasseringsagent<\/a>. De har et nettverk av globale agenter som gj\u00f8r dem i stand til \u00e5 levere sine tjenester internasjonalt.<\/p>\n<p>Alpha Logistics tilbyr kun en frakttjeneste der de tilbyr d\u00f8r-til-d\u00f8r-tjeneste, d\u00f8r-til-flyplass\/havn-tjeneste eller flyplass\/havn-til-d\u00f8r-tjeneste som inkluderer fortolling av forsendelsen din. De tilbyr ogs\u00e5 en rekke lastebiler og varebiler for \u00e5 flytte varene dine i Bangladesh. De tilbyr kort- og langtidslagring i sine lagerlokaler.<\/p>\n<p>Nettsted: <a href=\"http:\/\/www.alphagroupbd.com\" target=\"_blank\" rel=\"noopener\">http:\/\/www.alphagroupbd.com<\/a><\/p>\n<h2><span class=\"ez-toc-section\" id=\"3_Apolloline_Shipping_Service\"><\/span><strong>3. Apolloline frakttjeneste<\/strong><span class=\"ez-toc-section-end\"><\/span><\/h2>\n<p><img loading=\"lazy\" decoding=\"async\" class=\"alignnone size-full wp-image-5229\" src=\"https:\/\/moverdb.com\/wp-content\/uploads\/Apolloline-international-moving-company.png\" alt=\"Apolloline internasjonalt flyttebyr\u00e5\" width=\"1440\" height=\"682\" data-wp-pid=\"5229\" srcset=\"https:\/\/moverdb.com\/wp-content\/uploads\/Apolloline-international-moving-company.png 1440w, https:\/\/moverdb.com\/wp-content\/uploads\/Apolloline-international-moving-company-300x142.png 300w, https:\/\/moverdb.com\/wp-content\/uploads\/Apolloline-international-moving-company-1024x485.png 1024w, https:\/\/moverdb.com\/wp-content\/uploads\/Apolloline-international-moving-company-18x9.png 18w, https:\/\/moverdb.com\/wp-content\/uploads\/Apolloline-international-moving-company-600x284.png 600w\" sizes=\"auto, (max-width: 1440px) 100vw, 1440px\" \/><\/p>\n<ul>\n<li>Nasjonale flyttinger<\/li>\n<li>Internasjonale flyttinger<\/li>\n<li>Flytting av kontorer og husholdninger<\/li>\n<li>Vei-, sj\u00f8- og lufttransport<\/li>\n<li>Profesjonelt team av pakkere<\/li>\n<li>Emballasjematerialer av h\u00f8y kvalitet<\/li>\n<li>Antikviteter og kunst<\/li>\n<li>Tollklarering<\/li>\n<li><a href=\"https:\/\/moverdb.com\/nb\/car-transport-shipping\/\" data-internallinksmanager029f6b8e52c=\"2\" title=\"2026 Internasjonal biltransport og tilbud p\u00e5 frakt av kj\u00f8ret\u00f8y\">Frakt av kj\u00f8ret\u00f8y<\/a><\/li>\n<li>Lagringsl\u00f8sninger<\/li>\n<\/ul>\n<p>Apolloline Shipping Service er et internasjonalt spedisjons- og fraktselskap. <a href=\"https:\/\/moverdb.com\/nb\/moving-companies\/\" data-internallinksmanager029f6b8e52c=\"79\" title=\"Topp 25 internasjonale flyttebyr\u00e5er p\u00e5 nettet\">flyttefirma<\/a> basert i Dhaka med en filial i Chottogram. De hevder \u00e5 v\u00e6re en ledende leverand\u00f8r i Bangladesh og er medlem av IAM med 10 \u00e5rs erfaring. De tar seg av flytting av kontorer og husholdninger i Bangladesh og internasjonalt.<\/p>\n<p>Apolloline Shipping Service tilbyr flyttetjenester som inkluderer et profesjonelt team av pakkere som bruker de beste pakke- og flytteteknikkene og pakkematerialer av h\u00f8y kvalitet for \u00e5 beskytte eiendelene dine. De tilbyr transportalternativer, inkludert vei-, sj\u00f8- og luftfrakt, og de tar seg av fortolling. De tilbyr ogs\u00e5 mellomlagringsfasiliteter.<\/p>\n<p>Nettsted: <a href=\"http:\/\/www.apolloline.com\" target=\"_blank\" rel=\"noopener\">http:\/\/www.apolloline. com<\/a><\/p>\n<h2><span class=\"ez-toc-section\" id=\"4_Carry_Link_Packers_Shippers\"><\/span><strong>4. Carry Link Packers &amp; Shippers<\/strong><span class=\"ez-toc-section-end\"><\/span><\/h2>\n<p><em><img loading=\"lazy\" decoding=\"async\" class=\"alignnone size-full wp-image-5153\" src=\"https:\/\/moverdb.com\/wp-content\/uploads\/Carry-Link-Packers-and-Shippers-international-moving-company.png\" alt=\"Carry Link Packers and Shippers internasjonalt flyttefirma\" width=\"1440\" height=\"677\" data-wp-pid=\"5153\" srcset=\"https:\/\/moverdb.com\/wp-content\/uploads\/Carry-Link-Packers-and-Shippers-international-moving-company.png 1440w, https:\/\/moverdb.com\/wp-content\/uploads\/Carry-Link-Packers-and-Shippers-international-moving-company-300x141.png 300w, https:\/\/moverdb.com\/wp-content\/uploads\/Carry-Link-Packers-and-Shippers-international-moving-company-1024x481.png 1024w, https:\/\/moverdb.com\/wp-content\/uploads\/Carry-Link-Packers-and-Shippers-international-moving-company-18x8.png 18w, https:\/\/moverdb.com\/wp-content\/uploads\/Carry-Link-Packers-and-Shippers-international-moving-company-600x282.png 600w\" sizes=\"auto, (max-width: 1440px) 100vw, 1440px\" \/><\/em><\/p>\n<ul>\n<li>Nasjonal skipsfart<\/li>\n<li><a href=\"https:\/\/moverdb.com\/nb\/container-shipping\/\" data-internallinksmanager029f6b8e52c=\"3\" title=\"Diagram over internasjonale fraktrater for containere: April 2026\">Internasjonal skipsfart<\/a><\/li>\n<li>Flytting av husholdninger<\/li>\n<li>Frakttjenester for bedrifter<\/li>\n<li>D\u00f8r-til-d\u00f8r-tjenester<\/li>\n<li>Land-, luft- og sj\u00f8transport<\/li>\n<li>Tollklarering<\/li>\n<li>Forsikring<\/li>\n<li>Lagringsanlegg<\/li>\n<li>Nettverk av tilknyttede agenter over hele verden<\/li>\n<\/ul>\n<p>Carry Link Packers &amp; Shippers er en flytte- og spedisjonsagent som ble dannet i 1999, de har base i Dhaka, Bangladesh og er medlemmer av IAM med 20 \u00e5rs erfaring. De tilbyr spedisjonstjenester, fortollingstjenester og pakkest\u00f8tte. De henvender seg til bedrifter med fraktbehov og husholdninger med flyttebehov.<\/p>\n<p>Carry Link Packers &amp; Shippers tilbyr d\u00f8r-til-d\u00f8r-tjenester og pakketjenester til husholdninger for \u00e5 hjelpe dem med \u00e5 flytte nasjonalt og internasjonalt. De tilbyr flyttetjenester til lands, til vanns og i luften, inkludert forsikring og fortolling. De tilbyr sine internasjonale tjenester gjennom et nettverk av tilknyttede agenter over hele verden.<\/p>\n<p>Nettsted: <a href=\"http:\/\/www.carrylink.org\" target=\"_blank\" rel=\"noopener\">http:\/\/www.carrylink.org<\/a><\/p>\n<h2><span class=\"ez-toc-section\" id=\"5_Homebound\"><\/span><strong>5. Hjemreise<\/strong><span class=\"ez-toc-section-end\"><\/span><\/h2>\n<p><em><img loading=\"lazy\" decoding=\"async\" class=\"alignnone size-full wp-image-5174\" src=\"https:\/\/moverdb.com\/wp-content\/uploads\/Homebound-international-moving-company.png\" alt=\"Internasjonalt flyttebyr\u00e5 p\u00e5 vei hjem\" width=\"1440\" height=\"678\" data-wp-pid=\"5174\" srcset=\"https:\/\/moverdb.com\/wp-content\/uploads\/Homebound-international-moving-company.png 1440w, https:\/\/moverdb.com\/wp-content\/uploads\/Homebound-international-moving-company-300x141.png 300w, https:\/\/moverdb.com\/wp-content\/uploads\/Homebound-international-moving-company-1024x482.png 1024w, https:\/\/moverdb.com\/wp-content\/uploads\/Homebound-international-moving-company-18x8.png 18w, https:\/\/moverdb.com\/wp-content\/uploads\/Homebound-international-moving-company-600x283.png 600w\" sizes=\"auto, (max-width: 1440px) 100vw, 1440px\" \/><\/em><\/p>\n<ul>\n<li>Nasjonale omplasseringer<\/li>\n<li>Internasjonale flyttinger<\/li>\n<li>Flytting av kontorer<\/li>\n<li>Flytting av boliger<\/li>\n<li>Vei-, sj\u00f8- og lufttransport<\/li>\n<li>Tollmegling og fortolling<\/li>\n<li>Pakketjeneste med materialer i verdensklasse<\/li>\n<li>Transittforsikring<\/li>\n<li>Flytting av kj\u00e6ledyr<\/li>\n<li>Anlegg for kort- og langtidslagring<\/li>\n<\/ul>\n<p>Homebound er et flyttefirma som ble dannet i 1972, de er medlemmer av IAM og er akkreditert av FIDI. De hevder \u00e5 v\u00e6re en av de ledende leverand\u00f8rene av internasjonale transportlogistikktjenester i Bangladesh.  De tar seg av flytting av kontorer og boliger, og de kan tilby flytting av kj\u00e6ledyr og lagringsfasiliteter.<\/p>\n<p>Homebound tilbyr en flyttetjeneste med en konsulent som fyller ut en unders\u00f8kelse, gir et estimat, koordinerer flyttingen din, og de vil st\u00f8tte deg hele veien. Pakketjenestene deres nummererer og lister opp gjenstandene dine mens de pakker dem sikkert i pakkematerialer i verdensklasse. De tilbyr ogs\u00e5 hjelp til \u00e5 finne en bolig.<\/p>\n<p>Nettsted: <a href=\"http:\/\/www.homeboundbd.com\" target=\"_blank\" rel=\"noopener\">http:\/\/www.homeboundbd.com<\/a> &nbsp;<\/p>","protected":false},"excerpt":{"rendered":"<p>If you are moving home in Bangladesh or about to move to or from Bangladesh, you may want to use a removal company to help ease the moving process. Moving is a stressful time so below we have gathered a list of companies who are members of the International Association of Movers (IAM) and\/or FIDI [&hellip;]<\/p>\n","protected":false},"author":4,"featured_media":0,"parent":190,"menu_order":0,"comment_status":"closed","ping_status":"closed","template":"","meta":{"_genesis_hide_title":false,"_genesis_hide_breadcrumbs":false,"_genesis_hide_singular_image":false,"_genesis_hide_footer_widgets":false,"_genesis_custom_body_class":"","_genesis_custom_post_class":"","_genesis_layout":"","footnotes":""},"class_list":{"0":"post-5228","1":"page","2":"type-page","3":"status-publish","5":"entry","6":"has-post-thumbnail"},"_links":{"self":[{"href":"https:\/\/moverdb.com\/nb\/wp-json\/wp\/v2\/pages\/5228","targetHints":{"allow":["GET"]}}],"collection":[{"href":"https:\/\/moverdb.com\/nb\/wp-json\/wp\/v2\/pages"}],"about":[{"href":"https:\/\/moverdb.com\/nb\/wp-json\/wp\/v2\/types\/page"}],"author":[{"embeddable":true,"href":"https:\/\/moverdb.com\/nb\/wp-json\/wp\/v2\/users\/4"}],"replies":[{"embeddable":true,"href":"https:\/\/moverdb.com\/nb\/wp-json\/wp\/v2\/comments?post=5228"}],"version-history":[{"count":1,"href":"https:\/\/moverdb.com\/nb\/wp-json\/wp\/v2\/pages\/5228\/revisions"}],"predecessor-version":[{"id":5230,"href":"https:\/\/moverdb.com\/nb\/wp-json\/wp\/v2\/pages\/5228\/revisions\/5230"}],"up":[{"embeddable":true,"href":"https:\/\/moverdb.com\/nb\/wp-json\/wp\/v2\/pages\/190"}],"wp:attachment":[{"href":"https:\/\/moverdb.com\/nb\/wp-json\/wp\/v2\/media?parent=5228"}],"curies":[{"name":"wp","href":"https:\/\/api.w.org\/{rel}","templated":true}]}}