{"id":5224,"date":"2022-10-24T11:53:37","date_gmt":"2022-10-24T11:53:37","guid":{"rendered":"https:\/\/moverdb.com\/?page_id=5224"},"modified":"2026-01-08T15:25:03","modified_gmt":"2026-01-08T15:25:03","slug":"aserbajdsjan-flyttefirmaer","status":"publish","type":"page","link":"https:\/\/moverdb.com\/nb\/moving-companies\/azerbaijan-moving-companies\/","title":{"rendered":"5 beste internasjonale flyttefirmaer i Aserbajdsjan"},"content":{"rendered":"<p>Det kan v\u00e6re stressende \u00e5 flytte, s\u00e5 det kan hjelpe \u00e5 f\u00e5 noen til \u00e5 hjelpe deg med flyttingen. Enten du flytter innen Aserbajdsjan, eller flytter til eller fra Aserbajdsjan, finnes det selskaper som kan hjelpe deg. Vi har satt sammen en liste over <a href=\"https:\/\/moverdb.com\/nb\/international-removals\/\" data-internallinksmanager029f6b8e52c=\"27\" title=\"De 36 beste internasjonale flyttebyr\u00e5ene i Storbritannia\">flyttebyr\u00e5er<\/a> nedenfor som er medlemmer av <a href=\"https:\/\/moverdb.com\/nb\/iam\/\" data-internallinksmanager029f6b8e52c=\"23\" title=\"International Association of Movers (IAM) Forklaret\">International Association of Movers<\/a> (IAM) og\/eller <a href=\"https:\/\/moverdb.com\/nb\/fidi-faim\/\" data-internallinksmanager029f6b8e52c=\"16\" title=\"FIDI &amp; FAIM (FIDI-akkreditert internasjonal spedit\u00f8r) forklart\">FIDI<\/a> Accredited International Mover (FAIM) som kan hjelpe deg.<\/p>\n<div id=\"ez-toc-container\" class=\"ez-toc-v2_0_82_2 ez-toc-wrap-left counter-hierarchy ez-toc-counter ez-toc-transparent ez-toc-container-direction\">\n<div class=\"ez-toc-title-container\">\n<p class=\"ez-toc-title\" style=\"cursor:inherit\">Seksjoner<\/p>\n<span class=\"ez-toc-title-toggle\"><a href=\"#\" class=\"ez-toc-pull-right ez-toc-btn ez-toc-btn-xs ez-toc-btn-default ez-toc-toggle\" aria-label=\"Bytt innholdsfortegnelse\"><span class=\"ez-toc-js-icon-con\"><span class=\"\"><span class=\"eztoc-hide\" style=\"display:none;\">Toggle<\/span><span class=\"ez-toc-icon-toggle-span\"><svg style=\"fill: #999;color:#999\" xmlns=\"http:\/\/www.w3.org\/2000\/svg\" class=\"list-377408\" width=\"20px\" height=\"20px\" viewbox=\"0 0 24 24\" fill=\"none\"><path d=\"M6 6H4v2h2V6zm14 0H8v2h12V6zM4 11h2v2H4v-2zm16 0H8v2h12v-2zM4 16h2v2H4v-2zm16 0H8v2h12v-2z\" fill=\"currentColor\"><\/path><\/svg><svg style=\"fill: #999;color:#999\" class=\"arrow-unsorted-368013\" xmlns=\"http:\/\/www.w3.org\/2000\/svg\" width=\"10px\" height=\"10px\" viewbox=\"0 0 24 24\" version=\"1.2\" baseprofile=\"tiny\"><path d=\"M18.2 9.3l-6.2-6.3-6.2 6.3c-.2.2-.3.4-.3.7s.1.5.3.7c.2.2.4.3.7.3h11c.3 0 .5-.1.7-.3.2-.2.3-.5.3-.7s-.1-.5-.3-.7zM5.8 14.7l6.2 6.3 6.2-6.3c.2-.2.3-.5.3-.7s-.1-.5-.3-.7c-.2-.2-.4-.3-.7-.3h-11c-.3 0-.5.1-.7.3-.2.2-.3.5-.3.7s.1.5.3.7z\"\/><\/svg><\/span><\/span><\/span><\/a><\/span><\/div>\n<nav><ul class='ez-toc-list ez-toc-list-level-1 eztoc-toggle-hide-by-default' ><li class='ez-toc-page-1 ez-toc-heading-level-2'><a class=\"ez-toc-link ez-toc-heading-1\" href=\"https:\/\/moverdb.com\/nb\/moving-companies\/azerbaijan-moving-companies\/#1_ACE_Forwarding\" >1. ACE videresending<\/a><\/li><li class='ez-toc-page-1 ez-toc-heading-level-2'><a class=\"ez-toc-link ez-toc-heading-2\" href=\"https:\/\/moverdb.com\/nb\/moving-companies\/azerbaijan-moving-companies\/#2_Allright_Moving_Storage\" >2. Allright flytting og lagring<\/a><\/li><li class='ez-toc-page-1 ez-toc-heading-level-2'><a class=\"ez-toc-link ez-toc-heading-3\" href=\"https:\/\/moverdb.com\/nb\/moving-companies\/azerbaijan-moving-companies\/#3_Buddy-Mover\" >3. Buddy-Mover<\/a><\/li><li class='ez-toc-page-1 ez-toc-heading-level-2'><a class=\"ez-toc-link ez-toc-heading-4\" href=\"https:\/\/moverdb.com\/nb\/moving-companies\/azerbaijan-moving-companies\/#4_Gosselin\" >4. Gosselin<\/a><\/li><li class='ez-toc-page-1 ez-toc-heading-level-2'><a class=\"ez-toc-link ez-toc-heading-5\" href=\"https:\/\/moverdb.com\/nb\/moving-companies\/azerbaijan-moving-companies\/#5_Interdean_International_Relocations\" >5. Interdekanale internasjonale flyttinger<\/a><\/li><\/ul><\/nav><\/div>\n<h2><span class=\"ez-toc-section\" id=\"1_ACE_Forwarding\"><\/span><strong>1. ACE videresending<\/strong><span class=\"ez-toc-section-end\"><\/span><\/h2>\n<p><em><img loading=\"lazy\" decoding=\"async\" class=\"alignnone size-full wp-image-5136\" src=\"https:\/\/moverdb.com\/wp-content\/uploads\/ACE-Forwarding-international-moving-company.png\" alt=\"ACE Forwarding internasjonalt flyttebyr\u00e5\" width=\"1440\" height=\"685\" data-wp-pid=\"5136\" srcset=\"https:\/\/moverdb.com\/wp-content\/uploads\/ACE-Forwarding-international-moving-company.png 1440w, https:\/\/moverdb.com\/wp-content\/uploads\/ACE-Forwarding-international-moving-company-300x143.png 300w, https:\/\/moverdb.com\/wp-content\/uploads\/ACE-Forwarding-international-moving-company-1024x487.png 1024w, https:\/\/moverdb.com\/wp-content\/uploads\/ACE-Forwarding-international-moving-company-18x9.png 18w, https:\/\/moverdb.com\/wp-content\/uploads\/ACE-Forwarding-international-moving-company-600x285.png 600w\" sizes=\"auto, (max-width: 1440px) 100vw, 1440px\" \/><\/em><\/p>\n<ul>\n<li>Internasjonale flyttinger<\/li>\n<li>Flyttetjenester<\/li>\n<li>Flytting av husholdninger og bedrifter<\/li>\n<li>Luft-, sj\u00f8-, jernbane- og veitransport<\/li>\n<li>Stykkgods, samlast og containertransport<\/li>\n<li>Transport av kunst<\/li>\n<li>Tollmegling<\/li>\n<li>Bil- og b\u00e5ttransport<\/li>\n<li>Transport av kj\u00e6ledyr<\/li>\n<li>Langsiktige og kortsiktige lagringsl\u00f8sninger<\/li>\n<\/ul>\n<p>ACE Forwarding er et multimodalt logistikk- og spedisjonsselskap som ble grunnlagt i 1996 i Aserbajdsjan, og de har ogs\u00e5 kontorer i <a href=\"https:\/\/moverdb.com\/nb\/flyttefirmaer\/moving-companies-georgia\/\">Georgia<\/a>. De er medlem av IAM med 25 \u00e5rs erfaring. De tilbyr flyttetjenester til Aserbajdsjan, internasjonale flyttinger og relokaliseringstjenester for husholdninger og bedrifter.<\/p>\n<p>ACE Forwarding tilbyr en unders\u00f8kelse f\u00f8r flytting og tilbud skreddersydd til dine behov. De tilbyr pakketjenester ved hjelp av materialer som er spesialdesignet for innholdet og profesjonelle pakketeknikker, samt demontering og montering av m\u00f8bler. De kan ogs\u00e5 hjelpe deg med tollmegling, transport av kj\u00e6ledyr og kj\u00f8ret\u00f8y, forsikring og lagring p\u00e5 kort eller lang sikt.<\/p>\n<p>Nettsted: <a href=\"http:\/\/www.acecaspian.com\" target=\"_blank\" rel=\"noopener\">http:\/\/www.acecaspian.com<\/a><\/p>\n<h2><span class=\"ez-toc-section\" id=\"2_Allright_Moving_Storage\"><\/span><strong>2. Allright flytting og lagring<\/strong><span class=\"ez-toc-section-end\"><\/span><\/h2>\n<p><em><img loading=\"lazy\" decoding=\"async\" class=\"alignnone size-full wp-image-5141\" src=\"https:\/\/moverdb.com\/wp-content\/uploads\/Allright-Moving-and-Storage-international-moving-company.png\" alt=\"Allright Moving and Storage internasjonalt flyttebyr\u00e5\" width=\"1440\" height=\"677\" data-wp-pid=\"5141\" srcset=\"https:\/\/moverdb.com\/wp-content\/uploads\/Allright-Moving-and-Storage-international-moving-company.png 1440w, https:\/\/moverdb.com\/wp-content\/uploads\/Allright-Moving-and-Storage-international-moving-company-300x141.png 300w, https:\/\/moverdb.com\/wp-content\/uploads\/Allright-Moving-and-Storage-international-moving-company-1024x481.png 1024w, https:\/\/moverdb.com\/wp-content\/uploads\/Allright-Moving-and-Storage-international-moving-company-18x8.png 18w, https:\/\/moverdb.com\/wp-content\/uploads\/Allright-Moving-and-Storage-international-moving-company-600x282.png 600w\" sizes=\"auto, (max-width: 1440px) 100vw, 1440px\" \/><\/em><\/p>\n<ul>\n<li>Lokale og nasjonale tiltak<\/li>\n<li>Internasjonale flyttinger<\/li>\n<li>Flytting av boliger<\/li>\n<li>Kontor- og bedriftsflyttinger<\/li>\n<li>Profesjonelt og h\u00f8flig personale<\/li>\n<li>Demontering og montering av m\u00f8bler<\/li>\n<li>Transittforsikring<\/li>\n<li>Tollklarering<\/li>\n<li><a href=\"https:\/\/moverdb.com\/nb\/car-transport-shipping\/\" data-internallinksmanager029f6b8e52c=\"2\" title=\"2026 Internasjonal biltransport og tilbud p\u00e5 frakt av kj\u00f8ret\u00f8y\">Frakt av biler<\/a><\/li>\n<li>Lagringsl\u00f8sninger<\/li>\n<\/ul>\n<p>Allright Moving &amp; Storage hevder \u00e5 v\u00e6re et av Aserbajdsjans ledende spedisjons- og flytteselskaper. De tilbyr husholdnings- og bedriftsflyttetjenester i, fra eller til Aserbajdsjan. De er medlem av IAM med 7 \u00e5rs tjeneste. De har et nettverk av internasjonale underleverand\u00f8rer og partnere som hjelper dem med internasjonale flyttinger.<\/p>\n<p>Allright Moving &amp; Storage tilbyr erfarne inspekt\u00f8rer for \u00e5 vurdere dine behov og gi r\u00e5d. De pakker eiendelene dine, demonterer og monterer m\u00f8bler, i tillegg til transportforsikring og fortolling. De kan ogs\u00e5 tilby bilfrakttjenester. De tilbyr korte til langsiktige, fullt sikre og klimakontrollerte lagringsfasiliteter.<\/p>\n<p>Nettsted: <a href=\"http:\/\/www.allrightmoving.com\" target=\"_blank\" rel=\"noopener\">http:\/\/www.allrightmoving.com<\/a><\/p>\n<h2><span class=\"ez-toc-section\" id=\"3_Buddy-Mover\"><\/span><strong>3. Buddy-Mover<\/strong><span class=\"ez-toc-section-end\"><\/span><\/h2>\n<p><em><img loading=\"lazy\" decoding=\"async\" class=\"alignnone size-full wp-image-5151\" src=\"https:\/\/moverdb.com\/wp-content\/uploads\/Buddy-Mover-international-moving-company.png\" alt=\"Buddy Mover internasjonalt flyttebyr\u00e5\" width=\"1440\" height=\"680\" data-wp-pid=\"5151\" srcset=\"https:\/\/moverdb.com\/wp-content\/uploads\/Buddy-Mover-international-moving-company.png 1440w, https:\/\/moverdb.com\/wp-content\/uploads\/Buddy-Mover-international-moving-company-300x142.png 300w, https:\/\/moverdb.com\/wp-content\/uploads\/Buddy-Mover-international-moving-company-1024x484.png 1024w, https:\/\/moverdb.com\/wp-content\/uploads\/Buddy-Mover-international-moving-company-18x9.png 18w, https:\/\/moverdb.com\/wp-content\/uploads\/Buddy-Mover-international-moving-company-600x283.png 600w\" sizes=\"auto, (max-width: 1440px) 100vw, 1440px\" \/><\/em><\/p>\n<ul>\n<li>Lokale og nasjonale tiltak<\/li>\n<li>Internasjonale flyttinger<\/li>\n<li>Flytting av boliger<\/li>\n<li>Virksomheten flytter<\/li>\n<li>Profesjonelt og kvalifisert personale<\/li>\n<li>H\u00f8y emballasjestandard<\/li>\n<li>Fortegnelser for \u00e5 spore eiendelene dine<\/li>\n<li>Vei-, luft- og sj\u00f8frakt<\/li>\n<li>Transittforsikring<\/li>\n<li>Kort til langvarig lagring<\/li>\n<\/ul>\n<p>Buddy-Mover er et flyttebyr\u00e5 med base i Baku, Aserbajdsjan, som har v\u00e6rt medlem av IAM i 4 \u00e5r. De tilbyr lokale, nasjonale og internasjonale flyttetjenester som im\u00f8tekommer b\u00e5de privat- og forretningskunder. De sysselsetter profesjonelt personale som er h\u00f8yt oppl\u00e6rt i flytteteknikker og pakking.<\/p>\n<p>Buddy-Mover tilbyr en unders\u00f8kelse ansikt til ansikt f\u00f8r flyttingen for \u00e5 vurdere dine behov og tollkrav og fraktalternativer. Flyttepersonalet deres pakker eiendelene dine p\u00e5 en sikker m\u00e5te, lager en inventarliste og ordner transport med bil, fly eller b\u00e5t. De tilbyr ogs\u00e5 muligheter for sikker lagring p\u00e5 kort og lang sikt i sine hvelvede lagerhaller.<\/p>\n<p>Nettsted: <a href=\"http:\/\/www.buddy-mover.com\" target=\"_blank\" rel=\"noopener\">http:\/\/www.buddy-mover.com<\/a><\/p>\n<h2><span class=\"ez-toc-section\" id=\"4_Gosselin\"><\/span><strong>4. Gosselin<\/strong><span class=\"ez-toc-section-end\"><\/span><\/h2>\n<p><em><img loading=\"lazy\" decoding=\"async\" class=\"alignnone size-full wp-image-5170\" src=\"https:\/\/moverdb.com\/wp-content\/uploads\/Gosselin-Azerbaijan-international-moving-company.png\" alt=\"Gosselin Aserbajdsjan internasjonalt flyttebyr\u00e5\" width=\"1440\" height=\"681\" data-wp-pid=\"5170\" srcset=\"https:\/\/moverdb.com\/wp-content\/uploads\/Gosselin-Azerbaijan-international-moving-company.png 1440w, https:\/\/moverdb.com\/wp-content\/uploads\/Gosselin-Azerbaijan-international-moving-company-300x142.png 300w, https:\/\/moverdb.com\/wp-content\/uploads\/Gosselin-Azerbaijan-international-moving-company-1024x484.png 1024w, https:\/\/moverdb.com\/wp-content\/uploads\/Gosselin-Azerbaijan-international-moving-company-18x9.png 18w, https:\/\/moverdb.com\/wp-content\/uploads\/Gosselin-Azerbaijan-international-moving-company-600x284.png 600w\" sizes=\"auto, (max-width: 1440px) 100vw, 1440px\" \/><\/em><\/p>\n<ul>\n<li>Internasjonale flyttinger<\/li>\n<li>Flytting av husholdninger<\/li>\n<li>Flytting av kontor<\/li>\n<li>Pakking, transport og utpakking<\/li>\n<li>Kunst i bevegelse<\/li>\n<li>Flytting av kj\u00e6ledyr<\/li>\n<li>Frakt av biler<\/li>\n<li>Lagringsl\u00f8sninger<\/li>\n<li>Overskytende bagasje<\/li>\n<li>Tjenester for vandreutstillinger<\/li>\n<\/ul>\n<p>Gosselin er et flyttefirma som er en del av Gosselin Group, som ble grunnlagt i 1930 i <a href=\"https:\/\/moverdb.com\/nb\/moving-to-belgium\/\" data-internallinksmanager029f6b8e52c=\"323\" title=\"Flytte til Belgia? 2023 Levekostnader og flyttetips\">Belgia<\/a> og har drevet virksomhet i Aserbajdsjan i over 20 \u00e5r. De betjener diplomater, bedriftsansatte og private husholdninger som transporterer internasjonalt. De er medlemmer av IAM med 23 \u00e5rs fartstid.<\/p>\n<p>Gosselin tilbyr en skreddersydd tjeneste for \u00e5 im\u00f8tekomme familiens eller bedriftens behov med en profesjonell pakketjeneste, f\u00f8rsteklasses pakkemateriell og utpakkingstjeneste. De tilbyr forsikring, flytting av kunst, bilfrakt og flytting av kj\u00e6ledyr som er Ipata-sertifisert. De kan ogs\u00e5 tilby oppbevaringsl\u00f8sninger og spedisjonstjenester, inkludert overfl\u00f8dig bagasje og omreisende utstillinger.<\/p>\n<p>Nettsted: <a href=\"https:\/\/gosselin-moving.com\/azerbaijan\" target=\"_blank\" rel=\"noopener\">https:\/\/gosselin-moving.com\/azerbaijan<\/a><\/p>\n<h2><span class=\"ez-toc-section\" id=\"5_Interdean_International_Relocations\"><\/span><strong>5. Interdekanale internasjonale flyttinger<\/strong><span class=\"ez-toc-section-end\"><\/span><\/h2>\n<p><em><img loading=\"lazy\" decoding=\"async\" class=\"alignnone size-full wp-image-5175\" src=\"https:\/\/moverdb.com\/wp-content\/uploads\/Interdean-International-Relocations-international-moving-company.png\" alt=\"Interdean International Relocations internasjonalt flyttefirma\" width=\"1440\" height=\"683\" data-wp-pid=\"5175\" srcset=\"https:\/\/moverdb.com\/wp-content\/uploads\/Interdean-International-Relocations-international-moving-company.png 1440w, https:\/\/moverdb.com\/wp-content\/uploads\/Interdean-International-Relocations-international-moving-company-300x142.png 300w, https:\/\/moverdb.com\/wp-content\/uploads\/Interdean-International-Relocations-international-moving-company-1024x486.png 1024w, https:\/\/moverdb.com\/wp-content\/uploads\/Interdean-International-Relocations-international-moving-company-18x9.png 18w, https:\/\/moverdb.com\/wp-content\/uploads\/Interdean-International-Relocations-international-moving-company-600x285.png 600w\" sizes=\"auto, (max-width: 1440px) 100vw, 1440px\" \/><\/em><\/p>\n<ul>\n<li>Internasjonale flyttinger<\/li>\n<li>Hjemflyttinger<\/li>\n<li>Bedriftsbevegelser<\/li>\n<li>Flyttetjeneste<\/li>\n<li>Klargj\u00f8ring, pakking og utpakking av eiendelene dine<\/li>\n<li>Alternativer for vei-, sj\u00f8- og luftfrakt<\/li>\n<li>Transittforsikring<\/li>\n<li>St\u00f8tte med fortolling<\/li>\n<li>Kort til langvarig lagring<\/li>\n<li>Hjelp til \u00e5 finne en bolig eller korttidsleie<\/li>\n<\/ul>\n<p>Interdean International Relocations er et internasjonalt flyttebyr\u00e5 med base i Baku, Aserbajdsjan. De er medlemmer av IAM og har 24 \u00e5rs erfaring i tillegg til \u00e5 v\u00e6re akkreditert av FIDI.<\/p>\n<p>Interdean International Relocations tilbyr spesialiserte esker designet for \u00e5 beskytte innholdet p\u00e5 best mulig m\u00e5te og skreddersydde kasser for verdifulle eller skj\u00f8re gjenstander. De lager en fullstendig oversikt over eiendelene dine, pakker dem ut og fjerner alt emballasjemateriale. De tilbyr transport med bil, fly og sj\u00f8frakt, og de hjelper deg med fortolling. De tilbyr ogs\u00e5 en rekke lagringsl\u00f8sninger for sm\u00e5 og store mengder p\u00e5 kort og lang sikt.<\/p>\n<p>Nettsted: <a href=\"http:\/\/www.interdean.com.az\" target=\"_blank\" rel=\"noopener\">http:\/\/www.interdean.com.az<\/a><\/p>","protected":false},"excerpt":{"rendered":"<p>Moving home can be stressful so getting someone to assist you in your move can help release the pressure. Whether you are moving within Azerbaijan, or moving to or from Azerbaijan, there are companies that can assist. We have compiled a list of removal companies below that are members of the International Association of Movers [&hellip;]<\/p>\n","protected":false},"author":4,"featured_media":0,"parent":190,"menu_order":0,"comment_status":"closed","ping_status":"closed","template":"","meta":{"_genesis_hide_title":false,"_genesis_hide_breadcrumbs":false,"_genesis_hide_singular_image":false,"_genesis_hide_footer_widgets":false,"_genesis_custom_body_class":"","_genesis_custom_post_class":"","_genesis_layout":"","footnotes":""},"class_list":{"0":"post-5224","1":"page","2":"type-page","3":"status-publish","5":"entry","6":"has-post-thumbnail"},"_links":{"self":[{"href":"https:\/\/moverdb.com\/nb\/wp-json\/wp\/v2\/pages\/5224","targetHints":{"allow":["GET"]}}],"collection":[{"href":"https:\/\/moverdb.com\/nb\/wp-json\/wp\/v2\/pages"}],"about":[{"href":"https:\/\/moverdb.com\/nb\/wp-json\/wp\/v2\/types\/page"}],"author":[{"embeddable":true,"href":"https:\/\/moverdb.com\/nb\/wp-json\/wp\/v2\/users\/4"}],"replies":[{"embeddable":true,"href":"https:\/\/moverdb.com\/nb\/wp-json\/wp\/v2\/comments?post=5224"}],"version-history":[{"count":2,"href":"https:\/\/moverdb.com\/nb\/wp-json\/wp\/v2\/pages\/5224\/revisions"}],"predecessor-version":[{"id":7595,"href":"https:\/\/moverdb.com\/nb\/wp-json\/wp\/v2\/pages\/5224\/revisions\/7595"}],"up":[{"embeddable":true,"href":"https:\/\/moverdb.com\/nb\/wp-json\/wp\/v2\/pages\/190"}],"wp:attachment":[{"href":"https:\/\/moverdb.com\/nb\/wp-json\/wp\/v2\/media?parent=5224"}],"curies":[{"name":"wp","href":"https:\/\/api.w.org\/{rel}","templated":true}]}}