{"id":4641,"date":"2022-09-20T19:45:42","date_gmt":"2022-09-20T19:45:42","guid":{"rendered":"https:\/\/moverdb.com\/?page_id=4641"},"modified":"2026-01-08T15:24:10","modified_gmt":"2026-01-08T15:24:10","slug":"algeria","status":"publish","type":"page","link":"https:\/\/moverdb.com\/nb\/moving-companies\/algeria\/","title":{"rendered":"3 beste internasjonale flyttefirmaer i Algerie"},"content":{"rendered":"<p>Hvis du skal flytte i Algerie, eller \u00f8nsker \u00e5 flytte til eller fra Algerie, kan det hende du trenger en <a href=\"https:\/\/moverdb.com\/nb\/moving-companies\/\" data-internallinksmanager029f6b8e52c=\"79\" title=\"Topp 25 internasjonale flyttebyr\u00e5er p\u00e5 nettet\">flyttefirma<\/a> for \u00e5 hjelpe deg. Nedenfor finner du en liste over dem som er medlemmer av <a href=\"https:\/\/moverdb.com\/nb\/iam\/\" data-internallinksmanager029f6b8e52c=\"23\" title=\"International Association of Movers (IAM) Forklaret\">International Association of Movers<\/a> (IAM) og\/eller <a href=\"https:\/\/moverdb.com\/nb\/fidi-faim\/\" data-internallinksmanager029f6b8e52c=\"16\" title=\"FIDI &amp; FAIM (FIDI-akkreditert internasjonal spedit\u00f8r) forklart\">FIDI<\/a> Accredited International Mover (FAIM) som forh\u00e5pentligvis vil hjelpe deg.<\/p>\n<h2><strong>1. Aim Intermovers<\/strong><\/h2>\n<p><em><img loading=\"lazy\" decoding=\"async\" class=\"alignnone wp-image-4642 size-full\" src=\"https:\/\/moverdb.com\/wp-content\/uploads\/Aim-Intermovers-international-moving-company.png\" alt=\"Aim Intermovers internasjonale flyttebyr\u00e5\" width=\"1440\" height=\"677\" data-wp-pid=\"4642\" srcset=\"https:\/\/moverdb.com\/wp-content\/uploads\/Aim-Intermovers-international-moving-company.png 1440w, https:\/\/moverdb.com\/wp-content\/uploads\/Aim-Intermovers-international-moving-company-300x141.png 300w, https:\/\/moverdb.com\/wp-content\/uploads\/Aim-Intermovers-international-moving-company-1024x481.png 1024w, https:\/\/moverdb.com\/wp-content\/uploads\/Aim-Intermovers-international-moving-company-18x8.png 18w, https:\/\/moverdb.com\/wp-content\/uploads\/Aim-Intermovers-international-moving-company-600x282.png 600w\" sizes=\"auto, (max-width: 1440px) 100vw, 1440px\" \/><\/em><\/p>\n<ul>\n<li>Tilbyr nasjonale flyttinger i de 48 wilayaene i Algerie og internasjonale flyttinger.<\/li>\n<li>Flytting av kontorer<\/li>\n<li>Arkiveringstjeneste<\/li>\n<li>Tilbyr landeveis-, sj\u00f8- og lufttransport av eiendeler.<\/li>\n<li>Profesjonelt team av flyttemenn<\/li>\n<li>Leverer pakkemateriell og kartonger<\/li>\n<li>Tilbyr demontering og pakking av m\u00f8bler og deretter remontering<\/li>\n<li>Vil h\u00e5ndtere varer som kunstverk p\u00e5 en sensitiv m\u00e5te.<\/li>\n<li>De produserer ogs\u00e5 trekasser og <a href=\"https:\/\/moverdb.com\/nb\/iata\/\" data-internallinksmanager029f6b8e52c=\"22\" title=\"Den internasjonale lufttransportorganisasjonen (IATA) Forklart\">IATA<\/a> kartonger<\/li>\n<li>Et teknisk bes\u00f8k tilbys uten forpliktelser<\/li>\n<\/ul>\n<p>Aim Intermovers er et algerisk flyttefirma som tilbyr tjenester over hele landet i de 48 wilayaene i Algerie og internasjonale flyttinger. De tilbyr en transittavdeling som vil administrere alle ordningene for flyttingen din, inkludert eventuelle import- og eksportkrav. De har v\u00e6rt medlem av IAM i 9 \u00e5r.<\/p>\n<p>Aim Intermovers' kunder er blant annet nasjonale og internasjonale selskaper, utenlandske selskaper, oljeselskaper og ambassader. De tilbyr et gratis tilbud med et uforpliktende teknisk bes\u00f8k. De tilbyr en omfattende tjeneste som omfatter levering av emballasjematerialer og containere samt pakking og demontering og montering.<\/p>\n<p>Nettsted: <a href=\"http:\/\/www.aimintermovers.dz\" target=\"_blank\" rel=\"noopener\">http:\/\/www.aimintermovers.dz<\/a><\/p>\n<h2><strong>2. Algerie Pakke og flytte<\/strong><\/h2>\n<p><em><img loading=\"lazy\" decoding=\"async\" class=\"alignnone size-full wp-image-4643\" src=\"https:\/\/moverdb.com\/wp-content\/uploads\/Algeria-Pack-and-Move-international-moving-company.png\" alt=\"Algeria Pack and Move internasjonalt flyttebyr\u00e5\" width=\"1440\" height=\"629\" data-wp-pid=\"4643\" srcset=\"https:\/\/moverdb.com\/wp-content\/uploads\/Algeria-Pack-and-Move-international-moving-company.png 1440w, https:\/\/moverdb.com\/wp-content\/uploads\/Algeria-Pack-and-Move-international-moving-company-300x131.png 300w, https:\/\/moverdb.com\/wp-content\/uploads\/Algeria-Pack-and-Move-international-moving-company-1024x447.png 1024w, https:\/\/moverdb.com\/wp-content\/uploads\/Algeria-Pack-and-Move-international-moving-company-18x8.png 18w, https:\/\/moverdb.com\/wp-content\/uploads\/Algeria-Pack-and-Move-international-moving-company-600x262.png 600w\" sizes=\"auto, (max-width: 1440px) 100vw, 1440px\" \/><\/em><\/p>\n<ul>\n<li>Nasjonale flyttinger i Algerie<\/li>\n<li>Internasjonale flyttinger til og fra Algerie<\/li>\n<li>Henvender seg til bedrifter og husholdninger<\/li>\n<li>Tilbyr en niv\u00e5delt flyttepakke<\/li>\n<li>Flytting, transport og levering<\/li>\n<li>Pakking og utpakking av m\u00f8bler<\/li>\n<li>Pakking og utpakking av alle effekter<\/li>\n<li>Demontering og montering av m\u00f8bler<\/li>\n<li>Administrasjon av all eksport og import<\/li>\n<li>er en del av et internasjonalt nettverk av flyttebyr\u00e5er<\/li>\n<\/ul>\n<p>Algeria Pack and Move, ogs\u00e5 kjent som APM, henvender seg til bedrifter og husholdninger som er algeriere, utlendinger eller diplomater. De ble grunnlagt i 2005 og har v\u00e6rt medlem av IAM i 15 \u00e5r. De tilbyr internasjonale flyttinger i samarbeid med et nettverk av partnere p\u00e5 tvers av de syv kontinentene og gir administrativ st\u00f8tte til \u00e5 administrere flyttingen din, inkludert spedisjon og toll, <a href=\"https:\/\/moverdb.com\/nb\/top-49-container-ports\/\" data-internallinksmanager029f6b8e52c=\"80\" title=\"De 49 st\u00f8rste og travleste containerhavnene i 2025\">port<\/a> og flyplassformaliteter.<\/p>\n<p>APM tilbyr tre niv\u00e5er av flyttetjenester - niv\u00e5 1 flytting og transport, niv\u00e5 2 inkluderer ogs\u00e5 pakking og utpakking av m\u00f8bler, og niv\u00e5 3 inkluderer i tillegg pakking og utpakking av alle effekter. De tilbyr ogs\u00e5 lagringsfasiliteter ved behov.<\/p>\n<p>Nettsted: <a href=\"http:\/\/www.algeriapm.com\" target=\"_blank\" rel=\"noopener\">http:\/\/www.algeriapm.com<\/a><\/p>\n<h2><strong>3. One Champion-flyttinger<\/strong><\/h2>\n<p><em><img loading=\"lazy\" decoding=\"async\" class=\"alignnone size-full wp-image-4644\" src=\"https:\/\/moverdb.com\/wp-content\/uploads\/One-Champion-Removals-international-moving-company.png\" alt=\"One Champion Removals internasjonale flyttebyr\u00e5\" width=\"1440\" height=\"683\" data-wp-pid=\"4644\" srcset=\"https:\/\/moverdb.com\/wp-content\/uploads\/One-Champion-Removals-international-moving-company.png 1440w, https:\/\/moverdb.com\/wp-content\/uploads\/One-Champion-Removals-international-moving-company-300x142.png 300w, https:\/\/moverdb.com\/wp-content\/uploads\/One-Champion-Removals-international-moving-company-1024x486.png 1024w, https:\/\/moverdb.com\/wp-content\/uploads\/One-Champion-Removals-international-moving-company-18x9.png 18w, https:\/\/moverdb.com\/wp-content\/uploads\/One-Champion-Removals-international-moving-company-600x285.png 600w\" sizes=\"auto, (max-width: 1440px) 100vw, 1440px\" \/><\/em><\/p>\n<ul>\n<li>Lokale og innenlandske flyttetjenester<\/li>\n<li>Internasjonale tjenester<\/li>\n<li>Vei-, sj\u00f8- og lufttransport<\/li>\n<li>Pakking og utpakking<\/li>\n<li>Demontering og montering av m\u00f8bler<\/li>\n<li>Overv\u00e5king av toll<\/li>\n<li>Fullt forsikret, trygg og sikker tjeneste<\/li>\n<li>Ingen skjulte kostnader<\/li>\n<li>Tilbyr lagringsfasiliteter<\/li>\n<li>Tilbyr ogs\u00e5 en relokaliseringstjeneste for \u00e5 hjelpe deg med \u00e5 finne en bolig.<\/li>\n<\/ul>\n<p>One Champion Removals er et Algerie-basert flyttebyr\u00e5. <a href=\"https:\/\/moverdb.com\/nb\/international-removals\/\" data-internallinksmanager029f6b8e52c=\"27\" title=\"De 36 beste internasjonale flyttebyr\u00e5ene i Storbritannia\">flyttebyr\u00e5<\/a> som har v\u00e6rt medlem av IAM i 3 \u00e5r. De tilbyr et kunnskapsrikt og erfarent team som kan hjelpe deg med \u00e5 flytte lokalt, nasjonalt og internasjonalt.<\/p>\n<p>One Champion Removals tilbyr flyttetjenester som kan utf\u00f8res med bil, b\u00e5t og fly, og teamet deres tar seg av alt papirarbeidet, for eksempel tollkrav. De tilbyr en fullt forsikret tjeneste som er trygg og sikker. De tilbyr ogs\u00e5 sikre oppbevaringsfasiliteter for eiendelene dine og en relokaliseringstjeneste for \u00e5 hjelpe deg med \u00e5 finne en passende bolig.<\/p>\n<p>Nettsted: <a href=\"http:\/\/www.championinternationalmoving.com\" target=\"_blank\" rel=\"noopener\">http:\/\/www.championinternationalmoving.com<\/a><\/p>","protected":false},"excerpt":{"rendered":"<p>If you are moving in Algeria, or are wanting to move to or from Algeria, you may need a moving company to assist you. Below is a list of those that are members of the International Association of Movers (IAM) and\/or FIDI Accredited International Mover (FAIM) which will hopefully help you. 1. Aim Intermovers Provides [&hellip;]<\/p>\n","protected":false},"author":4,"featured_media":0,"parent":190,"menu_order":0,"comment_status":"closed","ping_status":"closed","template":"","meta":{"_genesis_hide_title":false,"_genesis_hide_breadcrumbs":false,"_genesis_hide_singular_image":false,"_genesis_hide_footer_widgets":false,"_genesis_custom_body_class":"","_genesis_custom_post_class":"","_genesis_layout":"","footnotes":""},"class_list":{"0":"post-4641","1":"page","2":"type-page","3":"status-publish","5":"entry","6":"has-post-thumbnail"},"_links":{"self":[{"href":"https:\/\/moverdb.com\/nb\/wp-json\/wp\/v2\/pages\/4641","targetHints":{"allow":["GET"]}}],"collection":[{"href":"https:\/\/moverdb.com\/nb\/wp-json\/wp\/v2\/pages"}],"about":[{"href":"https:\/\/moverdb.com\/nb\/wp-json\/wp\/v2\/types\/page"}],"author":[{"embeddable":true,"href":"https:\/\/moverdb.com\/nb\/wp-json\/wp\/v2\/users\/4"}],"replies":[{"embeddable":true,"href":"https:\/\/moverdb.com\/nb\/wp-json\/wp\/v2\/comments?post=4641"}],"version-history":[{"count":3,"href":"https:\/\/moverdb.com\/nb\/wp-json\/wp\/v2\/pages\/4641\/revisions"}],"predecessor-version":[{"id":4653,"href":"https:\/\/moverdb.com\/nb\/wp-json\/wp\/v2\/pages\/4641\/revisions\/4653"}],"up":[{"embeddable":true,"href":"https:\/\/moverdb.com\/nb\/wp-json\/wp\/v2\/pages\/190"}],"wp:attachment":[{"href":"https:\/\/moverdb.com\/nb\/wp-json\/wp\/v2\/media?parent=4641"}],"curies":[{"name":"wp","href":"https:\/\/api.w.org\/{rel}","templated":true}]}}