{"id":454,"date":"2016-07-03T20:25:43","date_gmt":"2016-07-03T20:25:43","guid":{"rendered":"http:\/\/moverdb.com\/?page_id=454"},"modified":"2026-01-08T15:30:41","modified_gmt":"2026-01-08T15:30:41","slug":"verdens-tollorganisasjon","status":"publish","type":"page","link":"https:\/\/moverdb.com\/nb\/world-customs-organization\/","title":{"rendered":"Verdenstollorganisasjonen (WCO) forklart"},"content":{"rendered":"<p>Verdenstollorganisasjonen (WCO) er et uavhengig mellomstatlig organ som fungerer som tollvesenets taler\u00f8r. <\/p>\n<p>Det ble opprettet for \u00e5 gj\u00f8re tolladministrasjonene rundt om i verden mer effektive og samordnede.<\/p>\n<p><strong>N\u00f8kkelfakta om WCO:<\/strong><\/p>\n<ul>\n<li>  WCO har 180 medlemmer, og disse medlemmene er tollmyndigheter fra hele verden.<\/li>\n<li>  Tre fjerdedeler av WCO-medlemmene er utviklingsland.<\/li>\n<li>  WCO-medlemmene er ansvarlige for \u00e5 administrere mer enn 98% av verdenshandelen.<\/li>\n<li>  WCO startet i 1952 som Tollsamarbeidsr\u00e5det.<\/li>\n<li>  WCO ledes av et r\u00e5d, som er avhengig av et sekretariat med over 100 internasjonale tjenestemenn, tekniske eksperter og st\u00f8ttepersonell.<\/li>\n<li>  WCO har hovedkontor i Brussel, <a href=\"https:\/\/moverdb.com\/nb\/moving-to-belgium\/\" data-internallinksmanager029f6b8e52c=\"323\" title=\"Flytte til Belgia? 2023 Levekostnader og flyttetips\">Belgia<\/a>.<\/li>\n<li>  WCO behandler ikke klager om toll, for eksempel tollavgifter - som mellomstatlig organisasjon er den ikke ansvarlig for forvaltning av nasjonal lovgivning og sier uttrykkelig at den ikke har kompetanse p\u00e5 dette omr\u00e5det.<\/li>\n<li>  WCOs offisielle spr\u00e5k er engelsk og fransk.<\/li>\n<li>  WCO finansieres av \u00e5rlige bidrag fra medlemmene, samt frivillige bidrag og donasjoner.<\/li>\n<li>  WCO har v\u00e6rt ansvarlig for en rekke tollinstrumenter, for eksempel den internasjonale konvensjonen om det harmoniserte varebeskrivelses- og varenomenklatursystemet (The International Convention on the Harmonized Commodity Description and Coding System).<\/li>\n<\/ul>\n<p><strong>Verdens tollorganisasjons profil:<\/strong><\/p>\n<p>WCO kaller seg selv tollsamfunnets stemme og er den eneste internasjonale organisasjonen med kompetanse i tollsp\u00f8rsm\u00e5l. Dette gj\u00f8r den til en n\u00f8kkelakt\u00f8r n\u00e5r det gjelder \u00e5 bidra til \u00e5 \u00f8ke den lovlige internasjonale handelen og utvikle tiltak for \u00e5 h\u00e5ndtere svindel og tyveri. <\/p>\n<p>WCOs form\u00e5l er \u00e5 styrke b\u00e5ndene mellom tollmyndighetene og deres partnere for \u00e5 skape et sterkt og \u00e5pent tollmilj\u00f8. <\/p>\n<p>Det har ogs\u00e5 gjort det til en prioritet \u00e5 bidra til \u00e5 beskytte samfunnet og det nasjonale territoriet, og \u00e5 sikre og legge til rette for internasjonal handel, s\u00e6rlig i m\u00f8te med trusler fra global terrorisme. <\/p>\n<p>WCO mener at grenser skiller, men toll forbinder. Organisasjonen beskriver sin visjon som \"dynamisk ledelse av modernisering og konnektivitet i en verden i rask endring\", og sier at dens oppgave er \u00e5 gi lederskap, veiledning og st\u00f8tte til tollmyndighetene for \u00e5 sikre og legge til rette for lovlig handel, realisere inntekter, beskytte samfunnet og bygge kapasitet.<\/p>\n<p><strong>Kriterier for medlemskap:<\/strong><\/p>\n<p>WCO-medlemmer er tolladministrasjoner, s\u00e5 det er ingen kriterier for medlemskap oppf\u00f8rt p\u00e5 nettstedet.<\/p>\n<p><strong>Meninger om WCO:<\/strong><\/p>\n<p>Verdens tollorganisasjon er et veletablert globalt tollorgan med <a href=\"http:\/\/www.britannica.com\/topic\/World-Customs-Organization\" target=\"_blank\" rel=\"noopener\">en oppf\u00f8ring i oppslagsverket Encyclopedia Britannica<\/a>. Den <a href=\"https:\/\/www.wto.org\/english\/thewto_e\/coher_e\/wto_wco_e.htm\" target=\"_blank\" rel=\"noopener\">Verdens handelsorganisasjon beskriver<\/a> WCO som et organ som det regelmessig samarbeider med, s\u00e6rlig n\u00e5r det gjelder klassifisering av varer. <\/p>\n<p>WCO nevnes p\u00e5 myndighetenes nettsteder og beskrives som \"ledende n\u00e5r det gjelder \u00e5 utvide mulighetene for internasjonal handel og sikkerhet\", og har helt klart en anerkjent internasjonal status. N\u00e5r det gjelder medlemmer, pleier de som blir med, \u00e5 kunngj\u00f8re dette - for eksempel EU, som kunngjorde at den <a href=\"http:\/\/ec.europa.eu\/taxation_customs\/common\/international_affairs\/wco\/index_en.htm\" target=\"_blank\" rel=\"noopener\">WCO hadde akseptert<\/a> sin s\u00f8knad om medlemskap fra 1. juli 2007.<\/p>\n<blockquote><p>Alle tollsp\u00f8rsm\u00e5l, herunder utvikling av globale instrumenter, standarder og verkt\u00f8y, forenkling og harmonisering av tollprosedyrer, fremme av \u00f8konomisk konkurranseevne, sikkerhet og tilrettelegging av den globale forsyningskjeden, forbedring av tollh\u00e5ndhevelse og etterlevelse, beskyttelse av folkehelse og sikkerhet, vedlikehold av det internasjonale harmoniserte systemets varenomenklatur, inntektssikring, b\u00e6rekraftig tollkapasitetsbygging og teknisk bistand, og forvaltning av WTO-avtalene om tollverdi og opprinnelsesregler, samt De forente nasjoners (FN) konvensjon om containere av 1972.<\/p><\/blockquote>\n<p>- <a href=\"http:\/\/www.basel.int\/Default.aspx?tabid=2935\" target=\"_blank\" rel=\"noopener\">Basel-konvensjonen<\/a><\/p>\n<p><strong>Nettsted:<\/strong> <a href=\"http:\/\/www.wcoomd.org\/\" target=\"_blank\" rel=\"noopener\">http:\/\/www.wcoomd.org\/<\/a><\/p>\n<p><strong>For mer om skipsfart, se:<\/strong> <a href=\"https:\/\/moverdb.com\/nb\/containertransport\/\">Priser og kostnader for internasjonal containerfrakt i 2018<\/a> og <a href=\"https:\/\/moverdb.com\/nb\/speditor\/\">Spedit\u00f8r &amp; NVOCC Internasjonal kostnads- og selskapsguide<\/a><\/p>","protected":false},"excerpt":{"rendered":"<p>The World Customs Organisation (WCO) is an independent intergovernmental body that serves as the voice of the customs community. It was set up to make customs administrations around the world more efficient, coordinated and effective. Key facts about WCO: The WCO has 180 members and these members are customs administrations from all over the world. [&hellip;]<\/p>\n","protected":false},"author":1,"featured_media":0,"parent":0,"menu_order":0,"comment_status":"closed","ping_status":"closed","template":"","meta":{"_genesis_hide_title":false,"_genesis_hide_breadcrumbs":false,"_genesis_hide_singular_image":false,"_genesis_hide_footer_widgets":false,"_genesis_custom_body_class":"","_genesis_custom_post_class":"","_genesis_layout":"","footnotes":""},"class_list":{"0":"post-454","1":"page","2":"type-page","3":"status-publish","5":"entry"},"_links":{"self":[{"href":"https:\/\/moverdb.com\/nb\/wp-json\/wp\/v2\/pages\/454","targetHints":{"allow":["GET"]}}],"collection":[{"href":"https:\/\/moverdb.com\/nb\/wp-json\/wp\/v2\/pages"}],"about":[{"href":"https:\/\/moverdb.com\/nb\/wp-json\/wp\/v2\/types\/page"}],"author":[{"embeddable":true,"href":"https:\/\/moverdb.com\/nb\/wp-json\/wp\/v2\/users\/1"}],"replies":[{"embeddable":true,"href":"https:\/\/moverdb.com\/nb\/wp-json\/wp\/v2\/comments?post=454"}],"version-history":[{"count":7,"href":"https:\/\/moverdb.com\/nb\/wp-json\/wp\/v2\/pages\/454\/revisions"}],"predecessor-version":[{"id":6253,"href":"https:\/\/moverdb.com\/nb\/wp-json\/wp\/v2\/pages\/454\/revisions\/6253"}],"wp:attachment":[{"href":"https:\/\/moverdb.com\/nb\/wp-json\/wp\/v2\/media?parent=454"}],"curies":[{"name":"wp","href":"https:\/\/api.w.org\/{rel}","templated":true}]}}