{"id":453,"date":"2016-07-03T20:16:06","date_gmt":"2016-07-03T20:16:06","guid":{"rendered":"http:\/\/moverdb.com\/?page_id=453"},"modified":"2026-01-08T15:20:54","modified_gmt":"2026-01-08T15:20:54","slug":"internasjonal-kammer-skipsfart","status":"publish","type":"page","link":"https:\/\/moverdb.com\/nb\/international-chamber-shipping\/","title":{"rendered":"Det internasjonale skipsfartskammeret (ICS) forklart"},"content":{"rendered":"<p>International Chamber of Shipping (ICS) er en bransjeorganisasjon som representerer redere og skipsoperat\u00f8rer via nasjonale rederiforeninger. <\/p>\n<p>M\u00e5let er \u00e5 fremme medlemmenes interesser i alle sp\u00f8rsm\u00e5l om skipsdrift og skipsfartspolitikk.<\/p>\n<p><strong>N\u00f8kkelfakta om International Chamber of Shipping:<\/strong><\/p>\n<ul>\n<li>  ICS-medlem <a href=\"https:\/\/moverdb.com\/nb\/rederier\/\">rederier<\/a> driver over 80% av verdens handelstonnasje.<\/li>\n<li>  ICS best\u00e5r av nasjonale rederiforeninger i Asia, Europa og Amerika.<\/li>\n<li>  ICS ble etablert i 1921.<\/li>\n<li>  ICS har 36 medlemmer og 11 assosierte medlemmer.<\/li>\n<li>  ICS er basert i <a href=\"https:\/\/moverdb.com\/nb\/moving-to-london\/\">London<\/a>.<\/li>\n<li>  ICS er unikt fordi det i motsetning til andre <a href=\"https:\/\/moverdb.com\/nb\/container-shipping\/\" data-internallinksmanager029f6b8e52c=\"3\" title=\"Diagram over internasjonale fraktrater for containere: April 2026\">internasjonal skipsfart<\/a> Den representerer de globale interessene til alle de ulike bransjene i industrien, fra passasjerskipoperat\u00f8rer til tankskipoperat\u00f8rer.<\/li>\n<li>  ICS er et r\u00e5dgivende organ for Kommisjonen. <a href=\"https:\/\/moverdb.com\/nb\/international-maritime-organisation\/\" data-internallinksmanager029f6b8e52c=\"24\" title=\"Den internasjonale sj\u00f8fartsorganisasjonen (IMO) Forklart\">Den internasjonale sj\u00f8fartsorganisasjonen<\/a>FNs organ med ansvar for sikkerhet for liv til sj\u00f8s og beskyttelse av havmilj\u00f8et.<\/li>\n<li>  ICS arbeider med regulatoriske, operasjonelle og juridiske sp\u00f8rsm\u00e5l knyttet til skipsfartsn\u00e6ringen.<\/li>\n<\/ul>\n<p><strong>ICS-profil:<\/strong><\/p>\n<p>ICS representerer sine medlemmer i ulike mellomstatlige reguleringsorganer som p\u00e5virker skipsfarten, blant annet Den internasjonale sj\u00f8fartsorganisasjonen. <\/p>\n<p>Det er ogs\u00e5 en kilde til informasjon for medlemmene og har utviklet veiledning og beste praksis for dem som opererer i bransjen - disse ressursene tilbys gratis til redere i bransjen og til medlemmene. <\/p>\n<p>Dens oppgave er \u00e5 arbeide for en global skipsfartsn\u00e6ring som opererer etter h\u00f8ye standarder, prioriterer sikker skipsfart og beskytter milj\u00f8et. <\/p>\n<p>Selv om det i utgangspunktet ble opprettet for \u00e5 fremme skipsfartsn\u00e6ringen, har det ogs\u00e5 som et av sine m\u00e5l \u00e5 samarbeide med andre organisasjoner, b\u00e5de statlige og ikke-statlige, for \u00e5 bidra til \u00e5 gj\u00f8re skipsfartsn\u00e6ringen mer effektiv og sikker.<\/p>\n<p><strong>Medlemsrederier (etter st\u00f8rrelse):<\/strong><\/p>\n<ul>\n<li> <a href=\"https:\/\/moverdb.com\/nb\/maersk\/\">Maersk Line<\/a><\/li>\n<li> <a href=\"https:\/\/moverdb.com\/nb\/mediterranean-shipping-company\/\">Mediterranean Shipping Company (MSC)<\/a><\/li>\n<\/ul>\n<p><strong>Kriterier for medlemskap:<\/strong><\/p>\n<p>ICS-medlemmene er <a href=\"https:\/\/moverdb.com\/nb\/speditor\/\">skipseiere og operat\u00f8rer<\/a> fra hele verden som er representert via nasjonale redersammenslutninger. Det er foreningene som har medlemskapet, s\u00e5 individuelle redere og operat\u00f8rer kan ikke s\u00f8ke. <\/p>\n<p>Det er ingen kriterier for medlemskap p\u00e5 nettstedet p\u00e5 grunn av dette.<\/p>\n<p><strong>Meninger om Det internasjonale skipsfartskammeret:<\/strong><\/p>\n<p>ICS siteres i flere bransjepublikasjoner og kommenterer dagsaktuelle temaer som CO2-reduksjon. Det er nevnt p\u00e5 nettsidene til medlemmene, som f.eks. <a href=\"https:\/\/www.ukchamberofshipping.com\/about-us\/our-partners\/international-chamber-shipping\/\" target=\"_blank\" rel=\"noopener\">Det britiske sj\u00f8fartskammeret<\/a>. <\/p>\n<p>Dokumenter p\u00e5 nettet viser at ICS kommenterer globale sp\u00f8rsm\u00e5l, som for eksempel skattekonvensjoner, og det finnes ogs\u00e5 <a href=\"http:\/\/www.allaboutshipping.co.uk\/category\/associations\/international-chamber-of-shipping\/\" target=\"_blank\" rel=\"noopener\">dekning av arrangementer<\/a> for eksempel <a href=\"http:\/\/www.imo.org\/en\/MediaCentre\/SecretaryGeneral\/SpeechesByTheSecretaryGeneral\/Pages\/ICS2012.aspx\" target=\"_blank\" rel=\"noopener\">Den internasjonale skipsfartskonferansen<\/a> der Koji Sekimizu, generalsekret\u00e6r i Den internasjonale sj\u00f8fartsorganisasjonen, beskrev ICS som f\u00f8lgende <em>\"en av flere ikke-statlige organisasjoner som representerer skipsfartsn\u00e6ringen i IMO og har en av de lengste stamtavlene.\"<\/em> <\/p>\n<p>Andre kilder p\u00e5 nettet omtaler ICS som \"den mest anerkjente globale redersammenslutningen\". ICS' troverdighet fremg\u00e5r tydelig av publikasjonene der organisasjonens navn nevnes, dens tilknytning til andre organer og hvilke saker den blir bedt om \u00e5 uttale seg om.<\/p>\n<blockquote><p>International Chamber of Shipping (ICS) er den viktigste internasjonale bransjeorganisasjonen for redere og operat\u00f8rer av handelsskip, og representerer alle sektorer og bransjer (blant annet tankskip, t\u00f8rrbulkskip, containerskip, stykkgodsskip og spesialskip, samt passasjerskip) overfor de ulike mellomstatlige organene som p\u00e5virker skipsfarten. Medlemskapet i ICS omfatter nasjonale rederiforeninger i 35 land som representerer over 80% av verdens handelsfl\u00e5te.<\/p><\/blockquote>\n<p><a href=\"http:\/\/www.oecd.org\/tax\/treaties\/ics-comments-discussion-draft-mtc-international-traffic.pdf\" target=\"_blank\" rel=\"noopener\">OECD<\/a><\/p>\n<p><strong>Nettsted:<\/strong> <a href=\"http:\/\/www.ics-shipping.org\/\" target=\"_blank\" rel=\"noopener\">http:\/\/www.ics-shipping.org\/<\/a><\/p>\n<p><strong>For mer om skipsfart, se:<\/strong> <a href=\"https:\/\/moverdb.com\/nb\/containertransport\/\">Priser og kostnader for internasjonal containerfrakt i 2018<\/a> og <a href=\"https:\/\/moverdb.com\/nb\/speditor\/\">Spedit\u00f8r &amp; NVOCC Internasjonal kostnads- og selskapsguide<\/a><\/p>","protected":false},"excerpt":{"rendered":"<p>The International Chamber of Shipping (ICS) is a trade association that represents ship owners and ship operators via national shipowners associations. Its aim is to promote the interests of its members throughout all issues of ship operation and also shipping policy. Key facts about the International Chamber of Shipping: ICS member shipping companies operate over [&hellip;]<\/p>\n","protected":false},"author":1,"featured_media":0,"parent":0,"menu_order":0,"comment_status":"closed","ping_status":"closed","template":"","meta":{"_genesis_hide_title":false,"_genesis_hide_breadcrumbs":false,"_genesis_hide_singular_image":false,"_genesis_hide_footer_widgets":false,"_genesis_custom_body_class":"","_genesis_custom_post_class":"","_genesis_layout":"","footnotes":""},"class_list":{"0":"post-453","1":"page","2":"type-page","3":"status-publish","5":"entry"},"_links":{"self":[{"href":"https:\/\/moverdb.com\/nb\/wp-json\/wp\/v2\/pages\/453","targetHints":{"allow":["GET"]}}],"collection":[{"href":"https:\/\/moverdb.com\/nb\/wp-json\/wp\/v2\/pages"}],"about":[{"href":"https:\/\/moverdb.com\/nb\/wp-json\/wp\/v2\/types\/page"}],"author":[{"embeddable":true,"href":"https:\/\/moverdb.com\/nb\/wp-json\/wp\/v2\/users\/1"}],"replies":[{"embeddable":true,"href":"https:\/\/moverdb.com\/nb\/wp-json\/wp\/v2\/comments?post=453"}],"version-history":[{"count":10,"href":"https:\/\/moverdb.com\/nb\/wp-json\/wp\/v2\/pages\/453\/revisions"}],"predecessor-version":[{"id":6245,"href":"https:\/\/moverdb.com\/nb\/wp-json\/wp\/v2\/pages\/453\/revisions\/6245"}],"wp:attachment":[{"href":"https:\/\/moverdb.com\/nb\/wp-json\/wp\/v2\/media?parent=453"}],"curies":[{"name":"wp","href":"https:\/\/api.w.org\/{rel}","templated":true}]}}