{"id":451,"date":"2016-07-04T14:16:48","date_gmt":"2016-07-04T14:16:48","guid":{"rendered":"http:\/\/moverdb.com\/?page_id=451"},"modified":"2026-01-08T14:39:55","modified_gmt":"2026-01-08T14:39:55","slug":"international-maritime-organisation","status":"publish","type":"page","link":"https:\/\/moverdb.com\/nb\/international-maritime-organisation\/","title":{"rendered":"Den internasjonale sj\u00f8fartsorganisasjonen (IMO) Forklart"},"content":{"rendered":"<p>Den internasjonale sj\u00f8fartsorganisasjonen (IMO) er et FN-organ med hovedsete i USA. <a href=\"https:\/\/moverdb.com\/nb\/moving-to-the-uk\/\" data-internallinksmanager029f6b8e52c=\"93\" title=\"Flytte til Storbritannia? 2023 Levekostnader og flyttetips\">STORBRITANNIA<\/a>som er ansvarlig for \u00e5 regulere skipsfarten. Den beskriver seg selv som den globale standardiseringsmyndigheten for sikkerhet, sikring og milj\u00f8prestasjoner for <a href=\"https:\/\/moverdb.com\/nb\/containertransport\/\">internasjonal skipsfart<\/a>.<\/p>\n<p><strong>N\u00f8kkelfakta om Den internasjonale sj\u00f8fartsorganisasjonen<\/strong><\/p>\n<ul>\n<li>  IMO har 171 medlemsstater og tre assosierte medlemmer.<\/li>\n<li>  IMO er et FN-organ som ble opprettet i 1948, og som kom i drift ti \u00e5r senere.<\/li>\n<li>  De fleste medlemslandene som ikke er medlem av IMO, er innlandsstater som ikke har noen interesse eller befatning med skipsfart.<\/li>\n<li>  De tre assosierte medlemmene av IMO er F\u00e6r\u00f8yene, <a href=\"https:\/\/moverdb.com\/nb\/moving-to-hong-kong\/\" data-internallinksmanager029f6b8e52c=\"350\" title=\"Flytter du til Hongkong? 2023 Levekostnader og flyttetips\">Hong Kong<\/a> og Macao.<\/li>\n<li>  Den internasjonale konvensjonen om sikkerhet for menneskeliv til sj\u00f8s er et av IMOs mest kjente juridiske instrumenter.<\/li>\n<li>  <a href=\"https:\/\/moverdb.com\/nb\/container-shipping\/\" data-internallinksmanager029f6b8e52c=\"3\" title=\"Diagram over internasjonale fraktrater for containere: April 2026\">Internasjonal skipsfart<\/a> transporterer mer enn 80% av den globale handelen til folk og samfunn over hele verden.<\/li>\n<li>  IMOs ansvarsomr\u00e5de dekker alle aspekter ved internasjonal skipsfart, inkludert design, konstruksjon, utstyr, bemanning, drift og avhending av skip.<\/li>\n<li>  Ikke-statlige internasjonale organisasjoner som er i stand til \u00e5 yte et vesentlig bidrag til IMOs arbeid, kan gis r\u00e5dgivende status av r\u00e5det med forsamlingens godkjenning.<\/li>\n<\/ul>\n<p><strong>IMO-profil<\/strong><\/p>\n<p>IMO er et globalt byr\u00e5 som sorterer under FN. Den best\u00e5r av en forsamling, et r\u00e5d og fem hovedkomiteer: <\/p>\n<ol>\n<li> Sj\u00f8sikkerhetskomiteen<\/li>\n<li> Komiteen for beskyttelse av det marine milj\u00f8<\/li>\n<li> Den juridiske komiteen<\/li>\n<li> Komiteen for teknisk samarbeid<\/li>\n<li> Tilretteleggingskomiteen<\/li>\n<\/ol>\n<p>IMO har v\u00e6rt ansvarlig for en rekke rettslige instrumenter som har som form\u00e5l \u00e5 forbedre sikkerheten til sj\u00f8s, forbedre handelen mellom sj\u00f8fartsnasjoner og beskytte det maritime milj\u00f8et. <\/p>\n<p>I tillegg til \u00e5 se p\u00e5 skipsfarten slik den er i dag, er IMO ogs\u00e5 opptatt av \u00e5 sikre dens fremtid som sikker, milj\u00f8vennlig og energieffektiv. <\/p>\n<p>Det er sv\u00e6rt lite IMO ikke dekker, inkludert det menneskelige elementet i skipsfartsn\u00e6ringen, maritim sikkerhet og teknisk samarbeid, som er utformet for \u00e5 hjelpe regjeringer som mangler den tekniske kunnskapen og ressursene som trengs for \u00e5 drive en vellykket skipsfartsn\u00e6ring.<\/p>\n<p><strong>Kriterier for medlemskap <\/strong><\/p>\n<p>Medlemskap er basert p\u00e5 stater. For \u00e5 bli medlem av IMO m\u00e5 en stat ratifisere en multilateral traktat kjent som konvensjonen om Den internasjonale sj\u00f8fartsorganisasjonen.<\/p>\n<p><strong>Meninger om IMO:<\/strong><\/p>\n<p>IMO er et globalt <a href=\"http:\/\/www.unsceb.org\/content\/imo\" target=\"_blank\" rel=\"noopener\">anerkjent organisasjon<\/a> med anerkjent status. Den er sv\u00e6rt synlig og er en mektig kraft innen skipsfartsn\u00e6ringen. Informasjon om IMO p\u00e5 nettet fokuserer p\u00e5 organisasjonens rolle n\u00e5r det gjelder \u00e5 fremme mellomstatlig samarbeid, samt \u00e5 innkalle til internasjonale konferanser om skipsfartssp\u00f8rsm\u00e5l og utarbeide internasjonale konvensjoner eller avtaler p\u00e5 dette omr\u00e5det. <\/p>\n<p>Dens rolle for sikkerheten understrekes ogs\u00e5 p\u00e5 de stedene der den nevnes. Ettersom medlemskap i IMO er statlig, nevnes det ikke p\u00e5 nettsidene til de enkelte virksomhetene, men det dukker ofte opp i <a href=\"http:\/\/www.britannica.com\/topic\/International-Maritime-Organization\" target=\"_blank\" rel=\"noopener\">nettbaserte oppslagsverk<\/a> og nettsteder som beskriver FNs struktur.<\/p>\n<p><strong>Nettsted:<\/strong> <a href=\"http:\/\/www.imo.org\/en\/Pages\/Default.aspx\" target=\"_blank\" rel=\"noopener\">http:\/\/www.imo.org\/<\/a><\/p>\n<p><strong>For mer om skipsfart, se:<\/strong> <a href=\"https:\/\/moverdb.com\/nb\/containertransport\/\">Priser og kostnader for internasjonal containerfrakt i 2018<\/a> og <a href=\"https:\/\/moverdb.com\/nb\/speditor\/\">Spedit\u00f8r &amp; NVOCC Internasjonal kostnads- og selskapsguide<\/a><\/p>","protected":false},"excerpt":{"rendered":"<p>The International Maritime Organisation (IMO) is a UN agency, based in the UK, which is responsible for regulating shipping. It describes itself as the global standard-setting authority for the safety, security and environmental performance of international shipping. Key facts about the International Maritime Organisation The IMO has 171 Member States and three Associate Members. The [&hellip;]<\/p>\n","protected":false},"author":1,"featured_media":0,"parent":0,"menu_order":0,"comment_status":"closed","ping_status":"closed","template":"","meta":{"_genesis_hide_title":false,"_genesis_hide_breadcrumbs":false,"_genesis_hide_singular_image":false,"_genesis_hide_footer_widgets":false,"_genesis_custom_body_class":"","_genesis_custom_post_class":"","_genesis_layout":"","footnotes":""},"class_list":{"0":"post-451","1":"page","2":"type-page","3":"status-publish","5":"entry"},"_links":{"self":[{"href":"https:\/\/moverdb.com\/nb\/wp-json\/wp\/v2\/pages\/451","targetHints":{"allow":["GET"]}}],"collection":[{"href":"https:\/\/moverdb.com\/nb\/wp-json\/wp\/v2\/pages"}],"about":[{"href":"https:\/\/moverdb.com\/nb\/wp-json\/wp\/v2\/types\/page"}],"author":[{"embeddable":true,"href":"https:\/\/moverdb.com\/nb\/wp-json\/wp\/v2\/users\/1"}],"replies":[{"embeddable":true,"href":"https:\/\/moverdb.com\/nb\/wp-json\/wp\/v2\/comments?post=451"}],"version-history":[{"count":6,"href":"https:\/\/moverdb.com\/nb\/wp-json\/wp\/v2\/pages\/451\/revisions"}],"predecessor-version":[{"id":13163,"href":"https:\/\/moverdb.com\/nb\/wp-json\/wp\/v2\/pages\/451\/revisions\/13163"}],"wp:attachment":[{"href":"https:\/\/moverdb.com\/nb\/wp-json\/wp\/v2\/media?parent=451"}],"curies":[{"name":"wp","href":"https:\/\/api.w.org\/{rel}","templated":true}]}}