{"id":450,"date":"2016-06-21T21:08:23","date_gmt":"2016-06-21T21:08:23","guid":{"rendered":"http:\/\/moverdb.com\/?page_id=450"},"modified":"2026-01-08T15:20:26","modified_gmt":"2026-01-08T15:20:26","slug":"ngrs","status":"publish","type":"page","link":"https:\/\/moverdb.com\/nb\/ngrs\/","title":{"rendered":"National Guild of Removers and Storers (NGRS) Forklaret"},"content":{"rendered":"<p>National Guild of Removers and Storers (NGRS) er etablert for \u00e5 gi en viss regulering av flytte- og lagringsbransjen i Storbritannia. <a href=\"https:\/\/moverdb.com\/nb\/moving-to-the-uk\/\" data-internallinksmanager029f6b8e52c=\"93\" title=\"Flytte til Storbritannia? 2023 Levekostnader og flyttetips\">STORBRITANNIA<\/a>. <\/p>\n<p>Det har en kodeks for god praksis og er en del av <a href=\"https:\/\/moverdb.com\/nb\/rios\/\">Ombudsmannsordningen for flyttebransjen<\/a>, som gj\u00f8r det mulig for forbrukere \u00e5 klage p\u00e5 d\u00e5rlige opplevelser.<\/p>\n<p><strong>N\u00f8kkelfakta om NGRS:<\/strong><\/p>\n<ul>\n<li>  Guild's <em>\"\u00c5rlig sertifikat for fremragende kvalitet<\/em> tildeles de medlemmene som oppn\u00e5r gjennomg\u00e5ende gode vurderinger i sine sp\u00f8rreskjemaer.<\/li>\n<li>  NGRS har lansert en ordning som gj\u00f8r det mulig for medlemmene \u00e5 tilby kundene rentefri kreditt som en m\u00e5te \u00e5 betale for en flytting p\u00e5.<\/li>\n<li>  I sine to siste unders\u00f8kelser om bransjeorganisasjoner (1996 og 2003) k\u00e5ret Which? Magazine The National Guild Of Removers &amp; Storers som en av de beste bransjeforeningene i Storbritannia n\u00e5r det gjelder forbrukerbeskyttelse.<\/li>\n<li>  NGRS betjener kun medlemmer i Storbritannia.<\/li>\n<li>  Overv\u00e5king av medlemmenes ytelse skjer ved hjelp av sp\u00f8rreskjemaer som gis til kunden p\u00e5 flyttedagen. Disse g\u00e5r direkte til NGRS, ikke til flyttebyr\u00e5et, og er utformet for \u00e5 kontinuerlig og uavhengig overv\u00e5ke medlemmenes serviceniv\u00e5. If\u00f8lge de sist offentliggjorte tallene (frem til slutten av april 2016) var over 981 av de mottatte skjemaene fra forn\u00f8yde kunder.<\/li>\n<li>  Medlemmene m\u00e5 abonnere p\u00e5 <a href=\"https:\/\/moverdb.com\/nb\/rios\/\" data-internallinksmanager029f6b8e52c=\"75\" title=\"Flyttebransjens ombudsmannsordning (RIOS) forklart\">Ombudsmannsordningen for flyttebransjen<\/a> - enhver avgj\u00f8relse som m\u00e5tte f\u00f8lge av dette, er bindende for dem.<\/li>\n<\/ul>\n<p><strong>National Guild of Removers and Storers profil:<\/strong><\/p>\n<p>Forbrukerbeskyttelse er hovedform\u00e5let med NGRS - lauget s\u00f8ker \u00e5 forbedre kvalitetsstandardene i bransjen, beskytte eiendeler under transport og bidra til \u00e5 forbedre kundeopplevelsene. Medlemmer m\u00e5 fylle ut f\u00f8lgende:<\/p>\n<ul>\n<li> Obligatorisk medlemskap i ombudsmannsordningen for flyttebransjen<\/li>\n<li> Obligatorisk ombudsmannsordning Godkjent inspeksjonsprogram<\/li>\n<li> Ombudsmannsordningen Godkjente retningslinjer for god praksis<\/li>\n<li> Godkjent kvalitetsoverv\u00e5kingsprogram for ombudsmannsordningen<\/li>\n<li> Godkjent klageprosedyre for ombudsmannsordningen<\/li>\n<\/ul>\n<p>Sammen skal disse sette standarder, overv\u00e5ke dem som arbeider i bransjen og gi kundene tilgang til en uavhengig klageprosess hvis de trenger det. <\/p>\n<p>Retningslinjene inneholder en rekke bestemmelser, blant annet at det skal gis adgang til inspeksjon en gang i \u00e5ret, at det skal gis skriftlige overslag, at klager skal behandles raskt og at det skal fremlegges bevis p\u00e5 relevant forsikring.<\/p>\n<p><strong>Kriterier for medlemskap:<\/strong><\/p>\n<p>Ingen kriterier for medlemskap er oppgitt p\u00e5 nettstedet. I stedet finnes det kontaktopplysninger: Tlf: 01494 350 143 E-post: info@ngrs.co.uk.<\/p>\n<p><strong>Eksempel p\u00e5 medlemsbedrifter<\/strong><\/p>\n<ul>\n<li> <a href=\"https:\/\/moverdb.com\/nb\/movecorp\/\">Movecorp<\/a><\/li>\n<\/ul>\n<p><strong>Meninger om NGRS:<\/strong><\/p>\n<p>NGRS vises p\u00e5 flere <a href=\"https:\/\/moverdb.com\/nb\/internasjonale-flyttinger\/\">Flyttebyr\u00e5er i Storbritannia<\/a>nettsteder der det nevnes i forbindelse med \u00e5 fremme kvalitet og service og gi kundene trygghet. <\/p>\n<p>Det p\u00e5pekes at NGRS regelmessig inspiserer sine medlemmer, og at den obligatoriske deltakelsen i flytteombudsordningen er noe som gir et ekstra lag av kundebeskyttelse.<\/p>\n<p>Det ser ut til \u00e5 v\u00e6re noen problemer mellom Jane Finch (administrerende direkt\u00f8r i Professional Movers Association) og NGRS knyttet til p\u00e5stander Finch fremsatte om at NGRS er i tvist med et stort antall av sine medlemmer. NGRS har <a href=\"http:\/\/www.tradestorage.co.uk\/setrecord.htm\" target=\"_blank\" rel=\"noopener\">beskrev dette som<\/a> <em>\"anti-gilde-propaganda.\" <\/em><\/p>\n<p>Det finnes imidlertid noen <a href=\"http:\/\/www.swindonadvertiser.co.uk\/news\/11601604.Luckes_Removals_firm_must__cough_up___50_000_for_website_error\/\" target=\"_blank\" rel=\"noopener\">Presserapporter<\/a> som ser ut til \u00e5 vise flyttemenn i konflikt med lauget, for eksempel for \u00e5 ha NGRS-logoen p\u00e5 nettstedet sitt etter \u00e5 ha forlatt bransjeforeningen.<\/p>\n<p>En klage til <a href=\"https:\/\/www.ipso.co.uk\/rulings-and-resolution-statements\/\" target=\"_blank\" rel=\"noopener\">Uavhengig organisasjon for pressestandarder<\/a> av NGRS mot Daily Mirror er dokumentert, men dette ble ikke opprettholdt. <\/p>\n<blockquote><p>National Guild of Removers and Storers har forpliktet seg til \u00e5 fremme kvalitet og service i en helt uregulert industrisektor, noe som omfatter uavhengig inspeksjon av medlemmene, medlemskap i The Removings Industry Ombudsman Scheme, en Code of Practice som gjelder hvordan medlemmene h\u00e5ndterer kunder og kontinuerlig overv\u00e5king av medlemmenes resultater.<\/p><\/blockquote>\n<p>- <a href=\"http:\/\/www.minimoves.co.uk\/\" target=\"_blank\" rel=\"noopener\">MiniMoves<\/a><\/p>\n<p><strong>Nettsted:<\/strong> <a href=\"http:\/\/www.ngrs.co.uk\/\" target=\"_blank\" rel=\"noopener\">http:\/\/www.ngrs.co.uk\/<\/a><\/p>","protected":false},"excerpt":{"rendered":"<p>The National Guild of Removers and Storers (NGRS) has been established to provide some regulation for the moving and storage industry in the UK. It has a Code of Practice and is part of the Removals Industry Ombudsman Scheme, which allows consumers to make complaints about poor experiences. Key facts about NGRS: The Guild&#8217;s &#8216;Annual [&hellip;]<\/p>\n","protected":false},"author":1,"featured_media":0,"parent":0,"menu_order":0,"comment_status":"closed","ping_status":"closed","template":"","meta":{"_genesis_hide_title":false,"_genesis_hide_breadcrumbs":false,"_genesis_hide_singular_image":false,"_genesis_hide_footer_widgets":false,"_genesis_custom_body_class":"","_genesis_custom_post_class":"","_genesis_layout":"","footnotes":""},"class_list":{"0":"post-450","1":"page","2":"type-page","3":"status-publish","5":"entry"},"_links":{"self":[{"href":"https:\/\/moverdb.com\/nb\/wp-json\/wp\/v2\/pages\/450","targetHints":{"allow":["GET"]}}],"collection":[{"href":"https:\/\/moverdb.com\/nb\/wp-json\/wp\/v2\/pages"}],"about":[{"href":"https:\/\/moverdb.com\/nb\/wp-json\/wp\/v2\/types\/page"}],"author":[{"embeddable":true,"href":"https:\/\/moverdb.com\/nb\/wp-json\/wp\/v2\/users\/1"}],"replies":[{"embeddable":true,"href":"https:\/\/moverdb.com\/nb\/wp-json\/wp\/v2\/comments?post=450"}],"version-history":[{"count":9,"href":"https:\/\/moverdb.com\/nb\/wp-json\/wp\/v2\/pages\/450\/revisions"}],"predecessor-version":[{"id":6224,"href":"https:\/\/moverdb.com\/nb\/wp-json\/wp\/v2\/pages\/450\/revisions\/6224"}],"wp:attachment":[{"href":"https:\/\/moverdb.com\/nb\/wp-json\/wp\/v2\/media?parent=450"}],"curies":[{"name":"wp","href":"https:\/\/api.w.org\/{rel}","templated":true}]}}