{"id":449,"date":"2016-07-04T14:35:22","date_gmt":"2016-07-04T14:35:22","guid":{"rendered":"http:\/\/moverdb.com\/?page_id=449"},"modified":"2026-01-08T14:48:17","modified_gmt":"2026-01-08T14:48:17","slug":"eurovan-movers","status":"publish","type":"page","link":"https:\/\/moverdb.com\/nb\/eurovan-movers\/","title":{"rendered":"Eurovan International Movers Network (EM) Forklaret"},"content":{"rendered":"<p>Eurovan International Movers Network (EM) er et nettverk av uavhengige lokale flyttebyr\u00e5er med base i <a href=\"https:\/\/moverdb.com\/nb\/moving-to-germany\/\" data-internallinksmanager029f6b8e52c=\"321\" title=\"Flytte til Tyskland? 2023 Levekostnader og flyttetips\">Tyskland<\/a>. Nettverket er utformet for \u00e5 im\u00f8tekomme behovet for \u00e5 kunne tilby enhetlige serviceniv\u00e5er for internasjonale flyttinger som kan g\u00e5 gjennom flere land.<\/p>\n<p><strong>N\u00f8kkelfakta om Eurovan International Movers Network:<\/strong><\/p>\n<ul>\n<li>  N\u00e5r en flytting foreg\u00e5r helt og holdent innenfor Europa, overv\u00e5ker, koordinerer og kontrollerer EM-hovedkvarteret alle flyttinger mellom ett land og et annet.<\/li>\n<li>  EM tilbyr en rekke tjenester via sitt nettverk, inkludert koordinering og drift, lagring og lagring, pakking og utpakking og opprinnelses- og destinasjonstjenester.<\/li>\n<li>  EM har syv verdensomspennende partnere som dekker Afrika, Asia, Nord-Amerika og S\u00f8r-Amerika.<\/li>\n<li>  EM har rundt 35 europeiske partnere, hvorav \u00e5tte i EU. <a href=\"https:\/\/moverdb.com\/nb\/internasjonale-flyttinger\/\">STORBRITANNIA<\/a>.<\/li>\n<li>  N\u00e5r EM-hovedkvarteret overv\u00e5ker en flytting, gj\u00f8r dette EM i stand til \u00e5 redusere tomkj\u00f8ring og finne m\u00e5ter \u00e5 oppn\u00e5 \u00f8konomiske besparelser p\u00e5.<\/li>\n<li>  EMs rekkevidde er global.<\/li>\n<\/ul>\n<p><strong>Eurovan Movers profil:<\/strong><\/p>\n<p>EM er en organisasjon som opererer p\u00e5 grunnlag av \"partnere\" snarere enn medlemmer. Selv om det ikke er oppf\u00f8rt noen kriterier for medlemskap, er det klart at prosessen for \u00e5 bli partner er ganske omfattende og krever at EM og den potensielle partneren passer godt sammen, samt at de kan bringe nye ideer til bordet. <\/p>\n<p>De fleste destinasjoner i b\u00e5de kategoriene europeiske og verdenspartnere har bare \u00e9n virksomhet oppf\u00f8rt - bortsett fra Tyskland, Storbritannia og USA. <a href=\"https:\/\/moverdb.com\/nb\/moving-to-the-uk\/\" data-internallinksmanager029f6b8e52c=\"93\" title=\"Flytte til Storbritannia? 2023 Levekostnader og flyttetips\">STORBRITANNIA<\/a>, <a href=\"https:\/\/moverdb.com\/nb\/moving-to-switzerland\/\" data-internallinksmanager029f6b8e52c=\"327\" title=\"Flytte til Sveits? 2023 Levekostnader og flyttetips\">Sveits<\/a> og <a href=\"https:\/\/moverdb.com\/nb\/moving-to-italy\/\" data-internallinksmanager029f6b8e52c=\"346\" title=\"Flytter du til Italia? 2023 Levekostnader og flyttetips\">Italia<\/a>, som har 4+. <\/p>\n<p>Tanken med EM er \u00e5 tilby kundene en mer helhetlig tiln\u00e6rming til en internasjonal flytting ved \u00e5 koble sammen uavhengige lokale flyttebyr\u00e5er. EM koordinerer selv prosessen n\u00e5r flyttingen skjer innenfor EU. <\/p>\n<p>Det som kjennetegner EM, er at den har en sentralisert ledelse, men samarbeider med lokale akt\u00f8rer, slik at den beholder lokal kunnskap og lokale forbindelser, samtidig som den kan tilby sentral kontroll.<\/p>\n<p><strong>Kriterier for medlemskap:<\/strong><\/p>\n<p>Ingen kriterier for medlemskap er oppf\u00f8rt p\u00e5 nettstedet - i stedet st\u00e5r det dette p\u00e5 nettstedet:<\/p>\n<blockquote><p>Det kreves absolutt mer enn \u00e5 ha gjennomf\u00f8rt en innenlands flytting eller to for \u00e5 bli partner.<\/p>\n<p>Hvis du tror at du kan dra nytte av synergiene et nettverk kan gi, og hvis du mener at noen av dine friske og ukonvensjonelle ideer b\u00f8r sl\u00e5s sammen med erfaringen fra over 30 \u00e5r med flytting, har du n\u00e5 funnet den rette kilden. <\/p>\n<p>Hvis du vil vite mer om n\u00f8kkelteknologiene og andre fordeler som alle Eurovan-partnere har tilgang til, kan du kontakte Tobia Crisostomo. Han vil med glede svare p\u00e5 alle sp\u00f8rsm\u00e5l du m\u00e5tte ha om fordelene ved \u00e5 bli Eurovan-partner, og hjelpe deg p\u00e5 veien mot st\u00f8rre synlighet og fleksibilitet i flyttebransjen.<\/p><\/blockquote>\n<p>EUROVAN - Det internasjonale flyttnettverket<br \/>\nTobia Crisostomo<br \/>\nNeckarauer Stra\u00dfe 35\/41<br \/>\nD-68199 Mannheim, Tyskland<br \/>\nTlf: +49(0)621-3 97 40 93<br \/>\nFax: +49(0)621-3 97 40 94<br \/>\nE-post: crisostomo@eurovan.com<\/p>\n<p><strong>Eksempel p\u00e5 medlemsbedrifter<\/strong><\/p>\n<ul>\n<li> <a href=\"https:\/\/moverdb.com\/nb\/movecorp\/\">Movecorp<\/a><\/li>\n<\/ul>\n<p><strong>Meninger om Eurovan International Movers Network<\/strong><\/p>\n<p>Eurovan Movers dukker ikke opp s\u00e5 ofte p\u00e5 nettet - ikke overraskende med tanke p\u00e5 det begrensede antallet \"partnere\" - men det er der <a href=\"http:\/\/www.centralmoves.co.uk\/removal-solutions\/uk-removals\/\" target=\"_blank\" rel=\"noopener\">er et par<\/a> av virksomheter som <a href=\"http:\/\/pegasusmoving.fi\/cr3ativsponsor\/eurovan-the-european-movers-network\" target=\"_blank\" rel=\"noopener\">nevne det<\/a>. <\/p>\n<p>Det finnes <a href=\"http:\/\/www.complaintsboard.com\/complaints\/eurovan-movers-c292449.html\" target=\"_blank\" rel=\"noopener\">en rekke<\/a> <a href=\"http:\/\/panamainternationalmovers.blogspot.co.uk\" target=\"_blank\" rel=\"noopener\">d\u00e5rlige anmeldelser<\/a> for <a href=\"https:\/\/moverdb.com\/nb\/moving-to-panama\/\" data-internallinksmanager029f6b8e52c=\"432\" title=\"Flytter du til Panama? 2023 Levekostnader og flyttetips\">Panama<\/a> partner i gruppen - ansvarlig for en negativ opplevelse, stj\u00e5lne gjenstander og \u00f8delagte gjenstander. <\/p>\n<p>Det er n\u00e5 ingen Panama-partner oppf\u00f8rt p\u00e5 Eurovan Movers-nettstedet, s\u00e5 det kan v\u00e6re at partnerskapet ble oppl\u00f8st etter klagene. <a href=\"https:\/\/moverdb.com\/nb\/organisasjoner-foreninger\/\">Eurovan er oppf\u00f8rt som en<\/a> av \"de viktigste internasjonale flytte- og forsendelsesorganisasjonene, sammenslutningene, ordningene, laugene, r\u00e5dene osv.\" sammen med organisasjoner som <a href=\"https:\/\/moverdb.com\/nb\/british-association-of-removers\/\" data-internallinksmanager029f6b8e52c=\"9\" title=\"British Association of Removers (BAR) Forklart (p\u00e5 engelsk)\">British Association of Removers<\/a>.<\/p>\n<p><strong>Nettsted:<\/strong> <a href=\"http:\/\/www.eurovan.com\/\" target=\"_blank\" rel=\"noopener\">http:\/\/www.eurovan.com\/<\/a><\/p>","protected":false},"excerpt":{"rendered":"<p>Eurovan International Movers Network (EM) is a network of independent local movers based in Germany. The network is designed to respond to the need to be able to provide consistent levels of service for international moves that may cross several countries. Key facts about Eurovan International Movers Network: Where a move is taking place entirely [&hellip;]<\/p>\n","protected":false},"author":1,"featured_media":0,"parent":0,"menu_order":0,"comment_status":"closed","ping_status":"closed","template":"","meta":{"_genesis_hide_title":false,"_genesis_hide_breadcrumbs":false,"_genesis_hide_singular_image":false,"_genesis_hide_footer_widgets":false,"_genesis_custom_body_class":"","_genesis_custom_post_class":"","_genesis_layout":"","footnotes":""},"class_list":{"0":"post-449","1":"page","2":"type-page","3":"status-publish","5":"entry"},"_links":{"self":[{"href":"https:\/\/moverdb.com\/nb\/wp-json\/wp\/v2\/pages\/449","targetHints":{"allow":["GET"]}}],"collection":[{"href":"https:\/\/moverdb.com\/nb\/wp-json\/wp\/v2\/pages"}],"about":[{"href":"https:\/\/moverdb.com\/nb\/wp-json\/wp\/v2\/types\/page"}],"author":[{"embeddable":true,"href":"https:\/\/moverdb.com\/nb\/wp-json\/wp\/v2\/users\/1"}],"replies":[{"embeddable":true,"href":"https:\/\/moverdb.com\/nb\/wp-json\/wp\/v2\/comments?post=449"}],"version-history":[{"count":7,"href":"https:\/\/moverdb.com\/nb\/wp-json\/wp\/v2\/pages\/449\/revisions"}],"predecessor-version":[{"id":6205,"href":"https:\/\/moverdb.com\/nb\/wp-json\/wp\/v2\/pages\/449\/revisions\/6205"}],"wp:attachment":[{"href":"https:\/\/moverdb.com\/nb\/wp-json\/wp\/v2\/media?parent=449"}],"curies":[{"name":"wp","href":"https:\/\/api.w.org\/{rel}","templated":true}]}}