{"id":448,"date":"2016-07-04T14:52:09","date_gmt":"2016-07-04T14:52:09","guid":{"rendered":"http:\/\/moverdb.com\/?page_id=448"},"modified":"2026-01-08T13:18:20","modified_gmt":"2026-01-08T13:18:20","slug":"freight-transport-association","status":"publish","type":"page","link":"https:\/\/moverdb.com\/nb\/freight-transport-association\/","title":{"rendered":"Freight Transport Association (FTA) Explained (p\u00e5 engelsk)"},"content":{"rendered":"<p>The Freight Transport Association (FTA) ble opprettet for \u00e5 representere interessene til <a href=\"https:\/\/moverdb.com\/nb\/rederier\/\">logistikkbedrifter<\/a>enten de transporterer varer til sj\u00f8s, i luften, p\u00e5 vei eller med jernbane. Det har v\u00e6rt involvert i h\u00f8yt profilerte kampanjer om sp\u00f8rsm\u00e5l som drivstoffavgifter og lisenser.<\/p>\n<p><strong>N\u00f8kkelfakta om frihandelsavtalen:<\/strong><\/p>\n<ul>\n<li>  FTA kan spore sine r\u00f8tter tilbake til 1889.<\/li>\n<li>  FTA-medlemmene driver mer enn 200 000 lastebiler - nesten halvparten av de <a href=\"https:\/\/moverdb.com\/nb\/moving-to-the-uk\/\" data-internallinksmanager029f6b8e52c=\"93\" title=\"Flytte til Storbritannia? 2023 Levekostnader og flyttetips\">STORBRITANNIA<\/a> fl\u00e5te.<\/li>\n<li>  Medlemmene leverer over 90% med gods p\u00e5 jernbane.<\/li>\n<li>  FTA-medlemmer er ansvarlige for 70% av Storbritannias synlige eksport sj\u00f8- og luftveien.<\/li>\n<li>  FTA har over 15 000 medlemmer og er den st\u00f8rste bransjeorganisasjonen for godstransport i Storbritannia.<\/li>\n<li>  FTAs 360 ansatte h\u00e5ndterer mer enn 50 000 henvendelser fra medlemmer hvert \u00e5r.<\/li>\n<li>  FTAs medlemskap er begrenset til <a href=\"https:\/\/moverdb.com\/nb\/internasjonale-flyttinger\/\">Britiske selskaper<\/a>.<\/li>\n<\/ul>\n<p><strong>Godstransportforeningens profil:<\/strong><\/p>\n<p>FTA definerer sitt oppdrag som \"sikker, b\u00e6rekraftig og effektiv logistikk\". Den har en rekke ulike roller, blant annet \u00e5 representere medlemmene p\u00e5 lokalt, nasjonalt og europeisk niv\u00e5 og drive kampanjer for \u00e5 \u00f8ke bevisstheten om logistikkbransjen. <\/p>\n<p>FTA s\u00f8rger ogs\u00e5 for at medlemmene er oppdatert p\u00e5 de nyeste samsvarskravene for sine virksomheter og tilbyr et bredt utvalg av oppl\u00e6ringsprogrammer som er utformet for \u00e5 bidra til \u00e5 heve standardene og forbedre arbeidsforholdene. <\/p>\n<p>I tillegg er FTA en kilde til informasjon om sektoren den representerer, og produserer rapporter om temaer som hvordan logistikkbransjen fungerer og hvilke utfordringer den st\u00e5r overfor. <\/p>\n<p>Medlemsfordelene inkluderer informasjonsm\u00f8ter og veiledninger om samsvar, en betalingstjeneste for gjenvinning av kj\u00f8ret\u00f8y og en nettbasert leverand\u00f8rkatalog.<\/p>\n<p>Medlemskapskategoriene inkluderer:<\/p>\n<ul>\n<li> Medlemskap for kj\u00f8ret\u00f8yoperat\u00f8rer<\/li>\n<li> Medlemskap for ikke-kj\u00f8ret\u00f8yoperat\u00f8rer<\/li>\n<li> Passasjermedlemskap<\/li>\n<li> Lokale myndigheters medlemskap<\/li>\n<li> Vedtektsfestet myndighet Medlemskap<\/li>\n<li> Branchemedlemskap<\/li>\n<\/ul>\n<p><strong>Kriterier for medlemskap:<\/strong><\/p>\n<p>FTA tilbyr de ulike typene medlemskap som er oppf\u00f8rt nedenfor. Det er ingen kriterier for hvem som kan bli medlem, men selskaper m\u00e5 falle inn under definisjonen av en av virksomhetene nedenfor og godta vilk\u00e5rene i vedtektene til Freight Transport Association Ltd. <\/p>\n<p>Noen tilleggsopplysninger kreves for hver medlemskategori for \u00e5 st\u00f8tte s\u00f8knaden, som angitt nedenfor.<\/p>\n<ul>\n<li> Kj\u00f8ret\u00f8yoperat\u00f8rmedlemskap - antall kj\u00f8ret\u00f8y som opereres og virksomhetens art.<\/li>\n<li> Ikke-kj\u00f8ret\u00f8yoperat\u00f8rmedlemskap - virksomhetens art.<\/li>\n<li> Passasjermedlemskap - \u00e5rlig omsetning, type virksomhet, antall kj\u00f8ret\u00f8y i drift.<\/li>\n<li> Lokalt myndighetsmedlemskap - antall kj\u00f8ret\u00f8y i drift og befolkning i regionen som betjenes av den lokale myndigheten.<\/li>\n<li> Statutory Authority Membership - antall kj\u00f8ret\u00f8y i drift og befolkning i regionen myndigheten betjener.<\/li>\n<li> Branchemedlemskap - antall kj\u00f8ret\u00f8y som drives, virksomhetens art.<\/li>\n<\/ul>\n<p><strong>Eksempel p\u00e5 medlemsbedrifter<\/strong><\/p>\n<ul>\n<li> <a href=\"https:\/\/moverdb.com\/nb\/land-porter-samfunn\/\">Shore Porters Society<\/a><\/li>\n<li> <a href=\"https:\/\/moverdb.com\/nb\/movecorp\/\">Movecorp<\/a><\/li>\n<\/ul>\n<p><strong>Meninger om frihandelsavtalen:<\/strong><\/p>\n<p>FTA har st\u00f8tte fra store bransjenavn - som PWC, som setter sitt navn p\u00e5 det \u00e5rlige <a href=\"http:\/\/www.pwc.co.uk\/industries\/transport-logistics\/fta-logistics-report-2014.html\" target=\"_blank\" rel=\"noopener\">Godstransportforeningens logistikkrapport<\/a> og beskriver FTA som \"en av Storbritannias st\u00f8rste handelsorganisasjoner\".<\/p>\n<p>FTA er nevnt som en partner til <a href=\"http:\/\/www.csrf.ac.uk\/partner\/freight-transport-association\/\" target=\"_blank\" rel=\"noopener\">Senter for b\u00e6rekraftig godstransport p\u00e5 vei<\/a> og samarbeid vises p\u00e5 tvers av relaterte sp\u00f8rsm\u00e5l, for eksempel utvikling av en delvis <a href=\"http:\/\/www.osapartnershipgroup.co.uk\/campaign2-fta.html\" target=\"_blank\" rel=\"noopener\">Sertifikat for faglig kompetanse<\/a> med Obstruktiv s\u00f8vnapn\u00e9-gruppen. FTA er nevnt p\u00e5 <a href=\"http:\/\/www.lombard.co.uk\/our-expertise\/commercial-transportation\/industry-associations\/fta\" target=\"_blank\" rel=\"noopener\">nettsidene til en rekke<\/a> av sine medlemmer og siteres ofte n\u00e5r det er en sak som representerer logistikkbransjen.<\/p>\n<p><strong>Nettsted:<\/strong> <a href=\"http:\/\/www.fta.co.uk\/\" target=\"_blank\" rel=\"noopener\">http:\/\/www.fta.co.uk\/<\/a><\/p>\n<p><strong>For mer om skipsfart, se:<\/strong> <a href=\"https:\/\/moverdb.com\/nb\/containertransport\/\">Priser og kostnader for internasjonal containerfrakt i 2018<\/a> og <a href=\"https:\/\/moverdb.com\/nb\/speditor\/\">Spedit\u00f8r &amp; NVOCC Internasjonal kostnads- og selskapsguide<\/a><\/p>","protected":false},"excerpt":{"rendered":"<p>The Freight Transport Association (FTA) was set up to represent the interests of logistics companies, whether they are moving goods by sea, air, road or rail. It has been involved in high profile campaigns on issues such as fuel duty and licensing. Key facts about the FTA: The FTA can trace its roots back to [&hellip;]<\/p>\n","protected":false},"author":1,"featured_media":0,"parent":0,"menu_order":0,"comment_status":"closed","ping_status":"closed","template":"","meta":{"_genesis_hide_title":false,"_genesis_hide_breadcrumbs":false,"_genesis_hide_singular_image":false,"_genesis_hide_footer_widgets":false,"_genesis_custom_body_class":"","_genesis_custom_post_class":"","_genesis_layout":"","footnotes":""},"class_list":{"0":"post-448","1":"page","2":"type-page","3":"status-publish","5":"entry"},"_links":{"self":[{"href":"https:\/\/moverdb.com\/nb\/wp-json\/wp\/v2\/pages\/448","targetHints":{"allow":["GET"]}}],"collection":[{"href":"https:\/\/moverdb.com\/nb\/wp-json\/wp\/v2\/pages"}],"about":[{"href":"https:\/\/moverdb.com\/nb\/wp-json\/wp\/v2\/types\/page"}],"author":[{"embeddable":true,"href":"https:\/\/moverdb.com\/nb\/wp-json\/wp\/v2\/users\/1"}],"replies":[{"embeddable":true,"href":"https:\/\/moverdb.com\/nb\/wp-json\/wp\/v2\/comments?post=448"}],"version-history":[{"count":11,"href":"https:\/\/moverdb.com\/nb\/wp-json\/wp\/v2\/pages\/448\/revisions"}],"predecessor-version":[{"id":6213,"href":"https:\/\/moverdb.com\/nb\/wp-json\/wp\/v2\/pages\/448\/revisions\/6213"}],"wp:attachment":[{"href":"https:\/\/moverdb.com\/nb\/wp-json\/wp\/v2\/media?parent=448"}],"curies":[{"name":"wp","href":"https:\/\/api.w.org\/{rel}","templated":true}]}}