{"id":446,"date":"2016-06-21T20:49:19","date_gmt":"2016-06-21T20:49:19","guid":{"rendered":"http:\/\/moverdb.com\/?page_id=446"},"modified":"2026-01-08T15:20:34","modified_gmt":"2026-01-08T15:20:34","slug":"rios","status":"publish","type":"page","link":"https:\/\/moverdb.com\/nb\/rios\/","title":{"rendered":"Flyttebransjens ombudsmannsordning (RIOS) forklart"},"content":{"rendered":"<p>Flyttebransjens ombudsmannsordning (RIOS) behandler klager p\u00e5 flyttebyr\u00e5er. Den tilbyr en uavhengig tjeneste for \u00e5 l\u00f8se tvister mellom medlemsbedrifter og deres kunder.<\/p>\n<p><strong>N\u00f8kkelfakta om RIOS:<\/strong><\/p>\n<ul>\n<li>  Alle klager som unders\u00f8kes gjennom RIOS, er gratis.<\/li>\n<li>  RIOS er tilgjengelig for <a href=\"https:\/\/moverdb.com\/nb\/moving-to-the-uk\/\" data-internallinksmanager029f6b8e52c=\"93\" title=\"Flytte til Storbritannia? 2023 Levekostnader og flyttetips\">STORBRITANNIA<\/a> borgere.<\/li>\n<li>  Britiske borgere kan bruke den gratis tjenesten til \u00e5 klage p\u00e5 et p\u00e5g\u00e5ende problem med enten private eller kommersielle flytte- og lagringsselskaper som er medlemmer av ombudsmannsordningen.<\/li>\n<li>  Ombudsmannens konklusjoner er bindende for <a href=\"https:\/\/moverdb.com\/nb\/internasjonale-flyttinger\/\" target=\"_blank\" rel=\"noopener\">flyttefirma<\/a>, men ikke p\u00e5 forbrukeren.<\/li>\n<li>  Den n\u00e5v\u00e6rende ombudsmannen er Tony Kaye, som ble utnevnt i juni 2015. Han er uavhengig av alle <a href=\"https:\/\/moverdb.com\/nb\/international-removals\/\" data-internallinksmanager029f6b8e52c=\"27\" title=\"De 36 beste internasjonale flyttebyr\u00e5ene i Storbritannia\">flyttefirma<\/a> eller organisasjon.<\/li>\n<li> Den <a href=\"https:\/\/moverdb.com\/nb\/ngrs\/\">National Guild of Removers and Storers<\/a> er for tiden hovedmedlem.<\/li>\n<\/ul>\n<p><strong>Profil for flyttebyr\u00e5enes ombudsmannsordning:<\/strong><\/p>\n<p>RIOS gj\u00f8r det mulig \u00e5 l\u00f8se tvister i bransjen ved hjelp av et uavhengig organ. Disse tvistene kan involvere b\u00e5de innenlandske forbrukere og kommersielle organisasjoner. Ordningen fungerer som en uavhengig voldgiftsdommer som behandler tvister som ikke kan l\u00f8ses, enten mellom partene selv eller via et annet bransjeorgan.<\/p>\n<p>Det er relativt strenge regler for hvilke typer klager RIOS kan og ikke kan behandle - for eksempel vil klager som allerede er gjenstand for rettslige skritt, ikke bli behandlet. <\/p>\n<p>Problemer knyttet til for eksempel forsinkelser, manglende levering av den lovede tjenesten, for h\u00f8ye gebyrer utover det som var avtalt, eller p\u00e5stander om uprofesjonell opptreden, h\u00f8rer alle inn under RIOS' ansvarsomr\u00e5de. <\/p>\n<p>Hvis forbrukere \u00f8nsker \u00e5 klage, m\u00e5 dette f\u00f8rst gj\u00f8res til den aktuelle virksomheten - hvis det ikke kan l\u00f8ses, kan det overf\u00f8res til RIOS.<\/p>\n<p><strong>Kriterier for medlemskap:<\/strong><\/p>\n<p>Disse er ikke oppf\u00f8rt p\u00e5 nettstedet, men beskrevet som en kontrakt som medlemmene av ordningen m\u00e5 undertegne, og som fastsetter alle kriteriene. Det viktigste er imidlertid at medlemmene er underlagt kundevennlige etiske retningslinjer, uavhengige \u00e5rlige inspeksjoner, l\u00f8pende kvalitetsoverv\u00e5king og at de forplikter seg til \u00e5 rette seg etter ombudsmannens avgj\u00f8relser i tvister med kundene.<\/p>\n<p><strong>Eksempel p\u00e5 medlemsbedrifter<\/strong><\/p>\n<ul>\n<li> <a href=\"https:\/\/moverdb.com\/nb\/movecorp\/\">Movecorp<\/a><\/li>\n<\/ul>\n<p><strong>Meninger om RIOS:<\/strong><\/p>\n<p>RIOS' uavhengighet er et av de elementene som skiller seg mest ut n\u00e5r det nevnes p\u00e5 medlemmenes nettsteder. De som nevner det, gj\u00f8r det for \u00e5 forsikre kundene om at de har en m\u00e5te \u00e5 klage p\u00e5 som ikke n\u00f8dvendigvis bare involverer virksomheten eller bransjen. <\/p>\n<p>Medlemskap i RIOS-ordningen er oppf\u00f8rt som en akkreditering og en m\u00e5te \u00e5 skille virksomheter fra konkurrentene p\u00e5. Medlemskap i RIOS beskrives ogs\u00e5 som en indikator p\u00e5 at en virksomhet oppfyller h\u00f8ye standarder for forbrukerbeskyttelse.<\/p>\n<blockquote><p>Flyttebransjens ombudsmannsordning er opprettet for \u00e5 gi flyttebransjen en uavhengig tjeneste for \u00e5 l\u00f8se tvister mellom medlemsbedrifter og deres kunder, b\u00e5de innenlandske forbrukere og kommersielle organisasjoner, dersom meklingstjenesten som tilbys av National Guild of Removers &amp; Storers ikke har f\u00f8rt til en tilfredsstillende l\u00f8sning.\n<\/p><\/blockquote>\n<p>- <a href=\"http:\/\/www.ngrs.co.uk\/ombudsman-scheme\/\" target=\"_blank\" rel=\"noopener\">National Guild of Removers &amp; Storers<\/a><\/p>\n<blockquote><p>Det finnes ingen lover i Storbritannia om hvem som kan etablere seg som flyttebyr\u00e5. Du m\u00e5 imidlertid vite at du overlater hjemmet ditt og dine dyrebare eiendeler til et flyttebyr\u00e5 som oppfyller h\u00f8ye standarder for forbrukerbeskyttelse. Den beste indikatoren p\u00e5 dette er \u00e5 se etter et medlem av The Removals Industry Ombudsman Scheme (RIOS), og bare GUILD insisterer p\u00e5 at alle medlemmene overholder ombudsmannens regler.<\/p><\/blockquote>\n<p>- <a href=\"http:\/\/www.moveit-essex.co.uk\/news\/yjpleijb5i.html\" target=\"_blank\" rel=\"noopener\">Flytting av flyttelass<\/a> <\/p>\n<blockquote><p>Ombudsmannsordninger er opprettet for \u00e5 gi kundene en uavhengig og upartisk klageprosedyre. Removals Industry Ombudsman Scheme er fullverdig medlem av British and Irish Ombudsman Association, sammen med den velkjente Financial Ombudsman Service, Parliamentary and Health Service Ombudsman og 17 andre ordninger bare i Storbritannia.<\/p><\/blockquote>\n<p>- <a href=\"http:\/\/www.uptonsremovals.com\/moving-you\/local-domestic-moves\/\" target=\"_blank\" rel=\"noopener\">Glyn Upton Flytting<\/a><\/p>\n<p><strong>Nettsted:<\/strong> <a href=\"http:\/\/removalsombudsman.co.uk\/\" target=\"_blank\" rel=\"noopener\">http:\/\/removalsombudsman.co.uk\/<\/a><\/p>","protected":false},"excerpt":{"rendered":"<p>The Removal Industry Ombudsman Scheme (RIOS) deals with complaints that are made about removals industry businesses. It offers an independent service to resolve disputes between member companies and their clients. Key facts about RIOS: All complaints investigated through RIOS are done so free of charge. RIOS is available to UK citizens. UK citizens can use [&hellip;]<\/p>\n","protected":false},"author":1,"featured_media":0,"parent":0,"menu_order":0,"comment_status":"closed","ping_status":"closed","template":"","meta":{"_genesis_hide_title":false,"_genesis_hide_breadcrumbs":false,"_genesis_hide_singular_image":false,"_genesis_hide_footer_widgets":false,"_genesis_custom_body_class":"","_genesis_custom_post_class":"","_genesis_layout":"","footnotes":""},"class_list":{"0":"post-446","1":"page","2":"type-page","3":"status-publish","5":"entry"},"_links":{"self":[{"href":"https:\/\/moverdb.com\/nb\/wp-json\/wp\/v2\/pages\/446","targetHints":{"allow":["GET"]}}],"collection":[{"href":"https:\/\/moverdb.com\/nb\/wp-json\/wp\/v2\/pages"}],"about":[{"href":"https:\/\/moverdb.com\/nb\/wp-json\/wp\/v2\/types\/page"}],"author":[{"embeddable":true,"href":"https:\/\/moverdb.com\/nb\/wp-json\/wp\/v2\/users\/1"}],"replies":[{"embeddable":true,"href":"https:\/\/moverdb.com\/nb\/wp-json\/wp\/v2\/comments?post=446"}],"version-history":[{"count":9,"href":"https:\/\/moverdb.com\/nb\/wp-json\/wp\/v2\/pages\/446\/revisions"}],"predecessor-version":[{"id":6231,"href":"https:\/\/moverdb.com\/nb\/wp-json\/wp\/v2\/pages\/446\/revisions\/6231"}],"wp:attachment":[{"href":"https:\/\/moverdb.com\/nb\/wp-json\/wp\/v2\/media?parent=446"}],"curies":[{"name":"wp","href":"https:\/\/api.w.org\/{rel}","templated":true}]}}