{"id":443,"date":"2016-06-18T21:12:56","date_gmt":"2016-06-18T21:12:56","guid":{"rendered":"http:\/\/moverdb.com\/?page_id=443"},"modified":"2026-01-08T13:18:29","modified_gmt":"2026-01-08T13:18:29","slug":"harmony-relocation-network","status":"publish","type":"page","link":"https:\/\/moverdb.com\/nb\/harmony-relocation-network\/","title":{"rendered":"Forklaring av Harmony Relocation Network (HRN)"},"content":{"rendered":"<p>Harmony Relocation Network (HRN) er en gruppe partnerbedrifter som ble opprettet for \u00e5 bygge et paneuropeisk nettverk for global relokalisering. Integrering av infrastruktur, teknologi, kvalitet og b\u00e6rekraft er utformet for \u00e5 produsere en tjeneste av gjennomg\u00e5ende h\u00f8y kvalitet.<\/p>\n<p><strong>N\u00f8kkelfakta om HRH:<\/strong><\/p>\n<ol>\n<li>  Medlemskapet best\u00e5r av 140 medlemmer i 60 land.<\/li>\n<li>  HRN betjener 180 land p\u00e5 seks kontinenter.<\/li>\n<li>  HRN ble lansert i 1992, og de 140 medlemmene er alle medeiere i virksomheten.<\/li>\n<li>  HRN ble grunnlagt av tyske og nederlandske selskaper f\u00f8r de ekspanderte inn i <a href=\"https:\/\/moverdb.com\/nb\/moving-to-australia\/living-in-australia\/\" data-internallinksmanager029f6b8e52c=\"240\" title=\"21 hemmeligheter om \u00e5 bo i Australia for \u00e5 vite f\u00f8r du flytter\">Australia<\/a> og Asia og deretter Midt\u00f8sten, Latin-Amerika og Afrika.<\/li>\n<li>  Mellom 2002 og 2015 var HRN en del av UniGroup Worldwide UTS med en <a href=\"https:\/\/moverdb.com\/nb\/moving-to-the-united-states\/\" data-internallinksmanager029f6b8e52c=\"94\" title=\"Flytte til USA? 2023 Levekostnader og flyttetips\">USA<\/a> baserte Van Line.<\/li>\n<li>  HRN er det st\u00f8rste fellesmerkede globale nettverket av relokaliseringsselskaper.<\/li>\n<\/ol>\n<p><strong>Harmony Relocation Network-profil:<\/strong><\/p>\n<p>Tanken bak HRN er \u00e5 kombinere det beste fra den lokale arven med en global skala, og tilby en relokaliseringstjeneste til selskaper og enkeltpersoner som f\u00f8les lokal, men som har verdensomspennende rekkevidde. <\/p>\n<p>Tjenestene som tilbys, omfatter flytteadministrasjon, flytteoperasjoner og destinasjonstjenester. HRN har utviklet sitt eget nettbaserte IT-system som er utformet for \u00e5 holde kundene informert og sikre at prosessen er s\u00e5 omfattende og konsekvent som mulig - det inkluderer rapporterings- og sporingsmuligheter. <\/p>\n<p>Integrering av \u00f8konomisk, milj\u00f8messig og sosial b\u00e6rekraft er viktig for HRN, som oppgir dette som en av sine hovedpilarer for \u00e5 balansere mennesker, teknologi og milj\u00f8.<\/p>\n<p><strong>Kriterier for medlemskap <\/strong><\/p>\n<p>Ingen kriterier for medlemskap er oppgitt p\u00e5 nettstedet - det finnes bare en kontaktside.<\/p>\n<p><strong>Eksempel p\u00e5 medlemsbedrifter<\/strong><\/p>\n<ul>\n<li> <a href=\"https:\/\/moverdb.com\/nb\/bournes\/\">Bournes<\/a><\/li>\n<li> <a href=\"https:\/\/moverdb.com\/nb\/cadogan-tate\/\">Cadogan Tate<\/a><\/li>\n<li> <a href=\"https:\/\/moverdb.com\/nb\/gerson-flytting\/\">Flytting av Gerson<\/a><\/li>\n<li> <a href=\"https:\/\/moverdb.com\/nb\/pearson\/\">Pearson Home Moving<\/a><\/li>\n<\/ul>\n<p><strong>Meninger om HRN<\/strong><\/p>\n<p>HRN er omtalt p\u00e5 et betydelig antall flyttebyr\u00e5ers nettsteder der det refereres til som en organisasjon med <em>\"Et nytt navn, men med dokumenterte resultater.\"<\/em> De sterke familieverdiene og den globale samarbeidstiln\u00e6rmingen skinner gjennom hver gang. <\/p>\n<p>Den generelle oppfatningen ser ut til \u00e5 v\u00e6re at flytting med et flyttebyr\u00e5 som er en del av HRN, gir kunden tilgang til fordelene ved hele nettverket. Det p\u00e5pekes at medlemmene m\u00e5 holde seg til en global serviceniv\u00e5avtale, og at resultatet av dette er konsistens - <em>\"Selv om skikker og kultur kan variere fra land til land, vil ikke den h\u00f8ye kvaliteten p\u00e5 tjenesten du kan forvente, gj\u00f8re det. Over hele verden - samme prosedyrer, service og h\u00f8y kvalitet.\"<\/em> <\/p>\n<p>I tillegg fokuserer en rekke av dem som oppgir medlemskapet p\u00e5 sine nettsteder, p\u00e5 nettverkets st\u00f8rrelse og at det er et av de st\u00f8rste i sitt slag i verden.<\/p>\n<blockquote><p>Harmony er et globalt nettverk av lokalt eide relokaliseringsselskaper som opprettholder sterke familieverdier gjennom generasjoner.<\/p><\/blockquote>\n<p>- <a href=\"http:\/\/www.abels.co.uk\/harmony-relocation-network\/\" target=\"_blank\" rel=\"noopener\">Abels<\/a><\/p>\n<blockquote><p>Harmony kombinerer det beste fra lokale tradisjoner med en global skala, gj\u00f8r det lille ekstra og holder det vi lover. Vi tar virkelig betydningen av mennesker og det lokale til hjertet.<\/p><\/blockquote>\n<p>- <a href=\"https:\/\/theresforum.com\/partners\/harmony\/\" target=\"_blank\" rel=\"noopener\">RES Forum<\/a><\/p>\n<blockquote><p>Nettverket tilbyr et bredt spekter av tjenester f\u00f8r utplassering, transport og reisem\u00e5l for \u00e5 hjelpe privatpersoner eller HR-ledere og utplasserte gjennom hele reisen, fra begynnelse til slutt.<\/p><\/blockquote>\n<p>- <a href=\"http:\/\/bournesmoves.com\/relocation\/harmony-relocation-network.htm\" target=\"_blank\" rel=\"noopener\">Bournes<\/a> <\/p>\n<p><a href=\"http:\/\/www.harmonyrelo.com\/\" target=\"_blank\" rel=\"noopener\">http:\/\/www.harmonyrelo.com\/<\/a><\/p>","protected":false},"excerpt":{"rendered":"<p>The Harmony Relocation Network (HRN) is a group of partner companies that was created to build a pan-European network for global relocation. Integration of infrastructure, technology, quality and sustainability is designed to produce a consistently high quality service. Key facts about HRH: The membership is made up of 140 members in 60 countries. The HRN [&hellip;]<\/p>\n","protected":false},"author":1,"featured_media":0,"parent":0,"menu_order":0,"comment_status":"closed","ping_status":"closed","template":"","meta":{"_genesis_hide_title":false,"_genesis_hide_breadcrumbs":false,"_genesis_hide_singular_image":false,"_genesis_hide_footer_widgets":false,"_genesis_custom_body_class":"","_genesis_custom_post_class":"","_genesis_layout":"","footnotes":""},"class_list":{"0":"post-443","1":"page","2":"type-page","3":"status-publish","5":"entry"},"_links":{"self":[{"href":"https:\/\/moverdb.com\/nb\/wp-json\/wp\/v2\/pages\/443","targetHints":{"allow":["GET"]}}],"collection":[{"href":"https:\/\/moverdb.com\/nb\/wp-json\/wp\/v2\/pages"}],"about":[{"href":"https:\/\/moverdb.com\/nb\/wp-json\/wp\/v2\/types\/page"}],"author":[{"embeddable":true,"href":"https:\/\/moverdb.com\/nb\/wp-json\/wp\/v2\/users\/1"}],"replies":[{"embeddable":true,"href":"https:\/\/moverdb.com\/nb\/wp-json\/wp\/v2\/comments?post=443"}],"version-history":[{"count":6,"href":"https:\/\/moverdb.com\/nb\/wp-json\/wp\/v2\/pages\/443\/revisions"}],"predecessor-version":[{"id":6219,"href":"https:\/\/moverdb.com\/nb\/wp-json\/wp\/v2\/pages\/443\/revisions\/6219"}],"wp:attachment":[{"href":"https:\/\/moverdb.com\/nb\/wp-json\/wp\/v2\/media?parent=443"}],"curies":[{"name":"wp","href":"https:\/\/api.w.org\/{rel}","templated":true}]}}